{"id":1693,"date":"2019-10-23T19:16:17","date_gmt":"2019-10-23T17:16:17","guid":{"rendered":"https:\/\/modern.pewe-verlag.de\/?page_id=1693"},"modified":"2019-11-07T14:09:52","modified_gmt":"2019-11-07T13:09:52","slug":"agb","status":"publish","type":"page","link":"https:\/\/www.pewe-verlag.de\/?page_id=1693","title":{"rendered":"AGB"},"content":{"rendered":"<p>[et_pb_section fb_built=&#8220;1&#8243; _builder_version=&#8220;3.22&#8243;][et_pb_row _builder_version=&#8220;3.25&#8243; background_size=&#8220;initial&#8220; background_position=&#8220;top_left&#8220; background_repeat=&#8220;repeat&#8220;][et_pb_column type=&#8220;4_4&#8243; _builder_version=&#8220;3.25&#8243; custom_padding=&#8220;|||&#8220; custom_padding__hover=&#8220;|||&#8220;][et_pb_text _builder_version=&#8220;4.0.5&#8243; background_size=&#8220;initial&#8220; background_position=&#8220;top_left&#8220; background_repeat=&#8220;repeat&#8220; hover_enabled=&#8220;0&#8243;]<\/p>\n<h2>Allgemeine Gesch\u00e4ftsbedingungen<\/h2>\n<h3>\u00a71 Geltungsbereich<\/h3>\n<p>F\u00fcr unsere Lieferungen gelten ausschlie\u00dflich die nachfolgenden Allgemeinen Gesch\u00e4ftsbedingungen in ihrer zum Zeitpunkt der Bestellung g\u00fcltigen Fassung. Abweichungen davon sind nur wirksam, wenn sie von uns schriftlich gesondert best\u00e4tigt werden. Dieser Vertrag unterliegt dem Recht der Bundesrepublik Deutschland und zwar auch dann, wenn aus dem Ausland bestellt oder in das Ausland geliefert wird.<\/p>\n<h3>\u00a72 Vertragsschluss<\/h3>\n<p>Die Bestellungen des K\u00e4ufers per email, Fax oder Brief sind verbindlich. Ein Kaufvertrag kommt dann zustande, wenn wir die Bestellung der ausgew\u00e4hlten Artikel durch Lieferung der Ware annehmen.<\/p>\n<h3>\u00a73 Widerruf<\/h3>\n<p>Der K\u00e4ufer hat das Recht, seine Vertragserkl\u00e4rung innerhalb von zwei Wochen ab Erhalt der Ware schriftlich oder durch R\u00fccksendung der Ware zu widerrufen. Die Frist beginnt mit Eingang der Ware und nicht vor Erhalt dieser Belehrung. Zur Wahrung der Widerrufsfrist gen\u00fcgt die rechtzeitige Absendung des Widerrufs oder der Ware an PeWe-Verlag, Marcq-en-Baroeul-Str. 28, 45966 Gladbeck. Bitte versenden Sie die Ware mit der gleichen Versandart zur\u00fcck, die wir f\u00fcr die urspr\u00fcngliche Versendung gew\u00e4hlt haben, im Inland m\u00f6glichst als B\u00fcchersendung. Unfrei eingesandte R\u00fccksendungen werden nicht angenommen. Wir behalten uns ausdr\u00fccklich vor, dem K\u00e4ufer die daf\u00fcr anfallenden Kosten zu belasten. Bei einer R\u00fccksendung innerhalb von 14 Tagen aus einer Warenlieferung, deren Bestellwert insgesamt nicht mehr als 40 EUR betr\u00e4gt, hat der K\u00e4ufer die R\u00fccksendekosten zu tragen, es sei denn, die gelieferte Ware entspricht nicht der bestellten Ware.<br \/>Im Falle eines wirksamen Widerrufs sind die beiderseits empfangenen Leistungen zur\u00fcck zu gew\u00e4hren. Wenn die Ware bereits benutzt wurde und Gebrauchsspuren aufweist, kann der Kauf nicht mehr widerrufen werden. Gleiches gilt f\u00fcr den Fall, dass der K\u00e4ufer die gelieferte Ware ganz oder teilweise nicht zur\u00fcck gew\u00e4hren kann.<\/p>\n<h3>\u00a74 Lieferung<\/h3>\n<p>Die Lieferung erfolgt \u2013 vorbehaltlich der Verf\u00fcgbarkeit der Ware \u2013 an die vom K\u00e4ufer angegebene Lieferadresse. Der K\u00e4ufer tr\u00e4gt die Versandkosten. Bei Lieferung ins Ausland \u00fcbernimmt der K\u00e4ufer eventuell anfallende Steuern und Z\u00f6lle. Wir behalten uns das Recht von Teillieferungen vor. Bei Eintritt besonderer Ereignisse ist eine Nachlieferung in angemessenem Zeitraum m\u00f6glich.<\/p>\n<h3>\u00a75 F\u00e4lligkeit \/ Zahlung \/ Verzug<\/h3>\n<p>Der Rechnungsbetrag ist ohne Abzug nach Erhalt der Lieferung f\u00e4llig. Der Besteller kann den Kaufpreis per Rechnung oder per Bank\u00fcberweisung im voraus entrichten. Ger\u00e4t der K\u00e4ufer in Verzug, so sind wir berechtigt, von dem betreffenden Zeitpunkt an Zinsen in bank\u00fcblicher H\u00f6he, mindestens jedoch in H\u00f6he von 5 Prozent \u00fcber dem jeweiligen Diskontsatz zu berechnen. Die gelieferte Ware bleibt bis zur vollst\u00e4ndigen Bezahlung unser Eigentum.<\/p>\n<h3>\u00a76 Datenschutz<\/h3>\n<p>Wir sind zur Verarbeitung und Speicherung der elektronischen Daten des K\u00e4ufers nach den Bestimmungen des Datenschutzes berechtigt. Die Daten werden nur in der Gesch\u00e4ftsbeziehung mit dem K\u00e4ufer verwendet.<\/p>\n<h3>\u00a77 Salvatorische Klausel<\/h3>\n<p>Sollte eine Bestimmung dieses Vertrages ganz oder teilweise unwirksam sein oder werden, wird dadurch die G\u00fcltigkeit der \u00fcbrigen Bestimmungen nicht ber\u00fchrt. Statt der unwirksamen Bestimmung gilt diejenige gesetzliche Regelung, die der unwirksamen Bestimmung nach Sinn und Zweck wirtschaftlich am n\u00e4chsten kommt.<\/p>\n<h3>\u00a78 Gerichtsstand<\/h3>\n<p>Der Gerichtsstand ist Gladbeck. Wir sind allerdings berechtigt, auch an dem allgemeinen Gerichtsstand des K\u00e4ufers zu klagen.<\/p>\n<p>[\/et_pb_text][\/et_pb_column][\/et_pb_row][\/et_pb_section]<\/p>\n","protected":false},"excerpt":{"rendered":"<p>Allgemeine Gesch\u00e4ftsbedingungen \u00a71 Geltungsbereich F\u00fcr unsere Lieferungen gelten ausschlie\u00dflich die nachfolgenden Allgemeinen Gesch\u00e4ftsbedingungen in ihrer zum Zeitpunkt der Bestellung g\u00fcltigen Fassung. Abweichungen davon sind nur wirksam, wenn sie von uns schriftlich gesondert best\u00e4tigt werden. Dieser Vertrag unterliegt dem Recht der Bundesrepublik Deutschland und zwar auch dann, wenn aus dem Ausland bestellt oder in das Ausland [&hellip;]<\/p>\n","protected":false},"author":1,"featured_media":0,"parent":0,"menu_order":0,"comment_status":"closed","ping_status":"closed","template":"","meta":{"_et_pb_use_builder":"on","_et_pb_old_content":"<p>Allgemeine Gesch\u00e4ftsbedingen<br \/>\u00a71 Geltungsbereich<br \/>F\u00fcr unsere Lieferungen gelten ausschlie\u00dflich die nachfolgenden Allgemeinen Gesch\u00e4ftsbedingungen in ihrer zum Zeitpunkt der Bestellung g\u00fcltigen Fassung. Abweichungen davon sind nur wirksam, wenn sie von uns schriftlich gesondert best\u00e4tigt werden. Dieser Vertrag unterliegt dem Recht der Bundesrepublik Deutschland und zwar auch dann, wenn aus dem Ausland bestellt oder in das Ausland geliefert wird.<\/p><p>\u00a72 Vertragsschluss<br \/>Die Bestellungen des K\u00e4ufers per email, Fax oder Brief sind verbindlich. Ein Kaufvertrag kommt dann zustande, wenn wir die Bestellung der ausgew\u00e4hlten Artikel durch Lieferung der Ware annehmen.<\/p><p>\u00a73 Widerruf<br \/>Der K\u00e4ufer hat das Recht, seine Vertragserkl\u00e4rung innerhalb von zwei Wochen ab Erhalt der Ware schriftlich oder durch R\u00fccksendung der Ware zu widerrufen. Die Frist beginnt mit Eingang der Ware und nicht vor Erhalt dieser Belehrung. Zur Wahrung der Widerrufsfrist gen\u00fcgt die rechtzeitige Absendung des Widerrufs oder der Ware an PeWe-Verlag, Insterburger Str. 5, 45964 Gladbeck. Bitte versenden Sie die Ware mit der gleichen Versandart zur\u00fcck, die wir f\u00fcr die urspr\u00fcngliche Versendung gew\u00e4hlt haben, im Inland m\u00f6glichst als B\u00fcchersendung. Unfrei eingesandte R\u00fccksendungen werden nicht angenommen. Wir behalten uns ausdr\u00fccklich vor, dem K\u00e4ufer die daf\u00fcr anfallenden Kosten zu belasten. Bei einer R\u00fccksendung innerhalb von 14 Tagen aus einer Warenlieferung, deren Bestellwert insgesamt nicht mehr als 40 EUR betr\u00e4gt, hat der K\u00e4ufer die R\u00fccksendekosten zu tragen, es sei denn, die gelieferte Ware entspricht nicht der bestellten Ware.<br \/>Im Falle eines wirksamen Widerrufs sind die beiderseits empfangenen Leistungen zur\u00fcck zu gew\u00e4hren. Wenn die Ware bereits benutzt wurde und Gebrauchsspuren aufweist, kann der Kauf nicht mehr widerrufen werden. Gleiches gilt f\u00fcr den Fall, dass der K\u00e4ufer die gelieferte Ware ganz oder teilweise nicht zur\u00fcck gew\u00e4hren kann.<\/p><p>\u00a74 Lieferung<br \/>Die Lieferung erfolgt \u2013 vorbehaltlich der Verf\u00fcgbarkeit der Ware \u2013 an die vom K\u00e4ufer angegebene Lieferadresse. Der K\u00e4ufer tr\u00e4gt die Versandkosten. Bei Lieferung ins Ausland \u00fcbernimmt der K\u00e4ufer eventuell anfallende Steuern und Z\u00f6lle. Wir behalten uns das Recht von Teillieferungen vor. Bei Eintritt besonderer Ereignisse ist eine Nachlieferung in angemessenem Zeitraum m\u00f6glich.<\/p><p>\u00a75 F\u00e4lligkeit \/ Zahlung \/ Verzug<br \/>Der Rechnungsbetrag ist ohne Abzug nach Erhalt der Lieferung f\u00e4llig. Der Besteller kann den Kaufpreis per Rechnung oder per Bank\u00fcberweisung im voraus entrichten. Ger\u00e4t der K\u00e4ufer in Verzug, so sind wir berechtigt, von dem betreffenden Zeitpunkt an Zinsen in bank\u00fcblicher H\u00f6he, mindestens jedoch in H\u00f6he von 5 Prozent \u00fcber dem jeweiligen Diskontsatz zu berechnen. Die gelieferte Ware bleibt bis zur vollst\u00e4ndigen Bezahlung unser Eigentum.<\/p><p>\u00a76 Datenschutz<br \/>Wir sind zur Verarbeitung und Speicherung der elektronischen Daten des K\u00e4ufers nach den Bestimmungen des Datenschutzes berechtigt. Die Daten werden nur in der Gesch\u00e4ftsbeziehung mit dem K\u00e4ufer verwendet.<\/p><p>\u00a77 Salvatorische Klausel<br \/>Sollte eine Bestimmung dieses Vertrages ganz oder teilweise unwirksam sein oder werden, wird dadurch die G\u00fcltigkeit der \u00fcbrigen Bestimmungen nicht ber\u00fchrt. Statt der unwirksamen Bestimmung gilt diejenige gesetzliche Regelung, die der unwirksamen Bestimmung nach Sinn und Zweck wirtschaftlich am n\u00e4chsten kommt.<\/p><p>\u00a78 Gerichtsstand<br \/>Der Gerichtsstand ist Gladbeck. Wir sind allerdings berechtigt, auch an dem allgemeinen Gerichtsstand des K\u00e4ufers zu klagen.<\/p>","_et_gb_content_width":"","footnotes":""},"class_list":["post-1693","page","type-page","status-publish","hentry"],"_links":{"self":[{"href":"https:\/\/www.pewe-verlag.de\/index.php?rest_route=\/wp\/v2\/pages\/1693","targetHints":{"allow":["GET"]}}],"collection":[{"href":"https:\/\/www.pewe-verlag.de\/index.php?rest_route=\/wp\/v2\/pages"}],"about":[{"href":"https:\/\/www.pewe-verlag.de\/index.php?rest_route=\/wp\/v2\/types\/page"}],"author":[{"embeddable":true,"href":"https:\/\/www.pewe-verlag.de\/index.php?rest_route=\/wp\/v2\/users\/1"}],"replies":[{"embeddable":true,"href":"https:\/\/www.pewe-verlag.de\/index.php?rest_route=%2Fwp%2Fv2%2Fcomments&post=1693"}],"version-history":[{"count":3,"href":"https:\/\/www.pewe-verlag.de\/index.php?rest_route=\/wp\/v2\/pages\/1693\/revisions"}],"predecessor-version":[{"id":1856,"href":"https:\/\/www.pewe-verlag.de\/index.php?rest_route=\/wp\/v2\/pages\/1693\/revisions\/1856"}],"wp:attachment":[{"href":"https:\/\/www.pewe-verlag.de\/index.php?rest_route=%2Fwp%2Fv2%2Fmedia&parent=1693"}],"curies":[{"name":"wp","href":"https:\/\/api.w.org\/{rel}","templated":true}]}}