{"id":2123,"date":"2019-12-18T15:15:00","date_gmt":"2019-12-18T14:15:00","guid":{"rendered":"https:\/\/www.pewe-verlag.de\/?page_id=2123"},"modified":"2020-01-14T08:44:38","modified_gmt":"2020-01-14T07:44:38","slug":"proceedings-2","status":"publish","type":"page","link":"https:\/\/www.pewe-verlag.de\/?page_id=2123","title":{"rendered":"Proceedings-2"},"content":{"rendered":"<p>[et_pb_section fb_built=&#8220;1&#8243; make_equal=&#8220;on&#8220; use_custom_gutter=&#8220;on&#8220; specialty=&#8220;on&#8220; _builder_version=&#8220;3.27.3&#8243; width=&#8220;100%&#8220;][et_pb_column type=&#8220;1_2&#8243; specialty_columns=&#8220;2&#8243; _builder_version=&#8220;3.25&#8243; custom_padding=&#8220;|||&#8220; custom_padding__hover=&#8220;|||&#8220;][et_pb_row_inner _builder_version=&#8220;3.27.3&#8243;][et_pb_column_inner saved_specialty_column_type=&#8220;1_2&#8243; _builder_version=&#8220;3.27.3&#8243;][et_pb_image src=&#8220;https:\/\/www.pewe-verlag.de\/wp-content\/uploads\/2019\/12\/proceedings2-3.png&#8220; _builder_version=&#8220;4.0.6&#8243;][\/et_pb_image][et_pb_text _builder_version=&#8220;4.0.6&#8243; text_font=&#8220;Trebuchet||||||||&#8220; text_font_size=&#8220;15px&#8220; custom_padding=&#8220;|185px||||&#8220; hover_enabled=&#8220;0&#8243;]<\/p>\n<p><strong>Elena Devecchi \u2014 Jana Myn\u00e1\u0159ov\u00e1 \u2014 Gerfrid G.W. M\u00fcller<\/strong> (eds.)<br \/>\nCurrent Research in Cuneiform Palaeography 2.<br \/>\nProceedings of the Workshop organised at the 64\u1d57\u02b0 Rencontre Assyriologique Internationale, Innsbruck 2018<\/p>\n<p>Format:\u00a024,5 x 17,5 cm \u2014 Hardcover<br \/>\nUmfang:\u00a0XIV + 220 Seiten<\/p>\n<p><a href=\"https:\/\/www.pewe-verlag.de\/res\/liber41-argumentum.pdf\" target=\"_blank\" rel=\"noopener noreferrer\"> Inhalt \/ Content<\/a><\/p>\n<p>ISBN:\u00a0978-3-935012-41-6<br \/>\nPreis: 34,80 \u20ac<br \/>\n\u00a9 PeWe-Verlag 2019<br \/>\n[\/et_pb_text][\/et_pb_column_inner][\/et_pb_row_inner][et_pb_row_inner _builder_version=&#8220;3.27.3&#8243;][et_pb_column_inner saved_specialty_column_type=&#8220;1_2&#8243; _builder_version=&#8220;3.27.3&#8243;][et_pb_button button_url=&#8220;@ET-DC@eyJkeW5hbWljIjp0cnVlLCJjb250ZW50IjoicG9zdF9saW5rX3VybF9wYWdlIiwic2V0dGluZ3MiOnsicG9zdF9pZCI6IjI4NyJ9fQ==@&#8220; url_new_window=&#8220;on&#8220; button_text=&#8220;BUCH ANFRAGEN&#8220; button_alignment=&#8220;left&#8220; _builder_version=&#8220;4.0.6&#8243; _dynamic_attributes=&#8220;button_url&#8220; custom_button=&#8220;on&#8220; button_text_size=&#8220;19px&#8220; button_text_color=&#8220;#349fd8&#8243; button_border_radius=&#8220;12px&#8220; button_font=&#8220;Antic||||||||&#8220; button_icon=&#8220;%%49%%&#8220; button_icon_color=&#8220;#29b71f&#8220; transform_translate=&#8220;-3px|-51px&#8220; filter_saturate=&#8220;110%&#8220; filter_brightness=&#8220;109%&#8220;][\/et_pb_button][et_pb_button button_url=&#8220;@ET-DC@eyJkeW5hbWljIjp0cnVlLCJjb250ZW50IjoicG9zdF9saW5rX3VybF9wYWdlIiwic2V0dGluZ3MiOnsicG9zdF9pZCI6IjI4NyJ9fQ==@&#8220; url_new_window=&#8220;on&#8220; button_text=&#8220;REQUEST BOOK&#8220; button_alignment=&#8220;left&#8220; _builder_version=&#8220;4.0.6&#8243; _dynamic_attributes=&#8220;button_url&#8220; custom_button=&#8220;on&#8220; button_text_size=&#8220;19px&#8220; button_text_color=&#8220;#349fd8&#8243; button_border_radius=&#8220;12px&#8220; button_font=&#8220;Antic||||||||&#8220; button_icon=&#8220;%%49%%&#8220; button_icon_color=&#8220;#29b71f&#8220; transform_translate=&#8220;-3px|-51px&#8220; filter_saturate=&#8220;110%&#8220; filter_brightness=&#8220;109%&#8220;][\/et_pb_button][\/et_pb_column_inner][\/et_pb_row_inner][\/et_pb_column][et_pb_column type=&#8220;1_2&#8243; _builder_version=&#8220;3.25&#8243; custom_padding=&#8220;|||&#8220; custom_padding__hover=&#8220;|||&#8220;][et_pb_text _builder_version=&#8220;4.0.6&#8243; text_font_size=&#8220;17px&#8220; transform_scale_tablet=&#8220;&#8220; transform_scale_phone=&#8220;&#8220; transform_scale_last_edited=&#8220;on|phone&#8220; transform_translate_tablet=&#8220;107px|-29px&#8220; transform_translate_phone=&#8220;113px|-30px&#8220; transform_translate_last_edited=&#8220;on|tablet&#8220; transform_rotate_tablet=&#8220;&#8220; transform_rotate_phone=&#8220;&#8220; transform_rotate_last_edited=&#8220;on|phone&#8220; transform_skew_tablet=&#8220;&#8220; transform_skew_phone=&#8220;&#8220; transform_skew_last_edited=&#8220;on|phone&#8220; transform_origin_tablet=&#8220;&#8220; transform_origin_phone=&#8220;&#8220; transform_origin_last_edited=&#8220;on|phone&#8220; transform_styles_last_edited=&#8220;on|tablet&#8220; text_orientation=&#8220;justify&#8220; width=&#8220;120%&#8220; width_tablet=&#8220;100%&#8220; width_phone=&#8220;&#8220; width_last_edited=&#8220;on|phone&#8220; custom_margin=&#8220;|||-117px||&#8220; custom_padding=&#8220;|0px||0px||&#8220; transform_styles_tablet=&#8220;&#8220; transform_styles_phone=&#8220;&#8220; text_text_align=&#8220;justify&#8220;]<\/p>\n<p>Der vorliegende Band enth\u00e4lt die Beitr\u00e4ge des zweiten Workshops zum Thema &#8222;Current Research in Cuneiform Palaeography&#8220;. Er bietet neue Einblicke in einen Bereich von Keilschriftstudien, die im letzten Jahrzehnt eine wachsende Aufmerksamkeit unter den Wissenschaftlern erfahren hat.<br \/>\nDie Beitr\u00e4ge bieten einen breit gef\u00e4cherten \u00dcberblick zum Thema, wobei Textcorpora vom 3. bis zum 1. Jahrtausend v. Chr. untersucht werden, die den gesamten Raum des Alten Orient von S\u00fcdmesopotamien \u00fcber Syrien, die n\u00f6rdliche Levante bis nach Anatolien umfassen.<\/p>\n<p>Mit Beitr\u00e4gen von A. Bramanti, S. Fischer, G. M\u00fcller, J. Myn\u00e1\u0159ov\u00e1, R. Pirngruber, M. Touillon-Ricci, K. Wagensonner und L. Warbinek<\/p>\n<p>[\/et_pb_text][et_pb_text _builder_version=&#8220;4.0.6&#8243; text_font_size=&#8220;17px&#8220; transform_scale_tablet=&#8220;&#8220; transform_scale_phone=&#8220;&#8220; transform_scale_last_edited=&#8220;on|phone&#8220; transform_translate_tablet=&#8220;103px|20px&#8220; transform_translate_phone=&#8220;113px|32px&#8220; transform_translate_last_edited=&#8220;on|tablet&#8220; transform_rotate_tablet=&#8220;&#8220; transform_rotate_phone=&#8220;&#8220; transform_rotate_last_edited=&#8220;on|phone&#8220; transform_skew_tablet=&#8220;&#8220; transform_skew_phone=&#8220;&#8220; transform_skew_last_edited=&#8220;on|phone&#8220; transform_origin_tablet=&#8220;&#8220; transform_origin_phone=&#8220;&#8220; transform_origin_last_edited=&#8220;on|phone&#8220; transform_styles_last_edited=&#8220;on|tablet&#8220; text_orientation=&#8220;justify&#8220; width=&#8220;120%&#8220; width_tablet=&#8220;100%&#8220; width_phone=&#8220;&#8220; width_last_edited=&#8220;on|phone&#8220; custom_margin=&#8220;|||-117px||&#8220; custom_padding=&#8220;|0px||0px||&#8220; transform_styles_tablet=&#8220;&#8220; transform_styles_phone=&#8220;&#8220; border_width_top=&#8220;1px&#8220; border_color_top=&#8220;#349fd8&#8243; text_text_align=&#8220;justify&#8220;]<\/p>\n<p>&nbsp;<\/p>\n<p>The present volume collects the papers presented at the second workshop devoted to &#8222;Current Research in Cuneiform Palaeography&#8220; and brings new insights to a field of cuneiform studies that during the last decade had been witnessing ever growing attention among scholars. The contributions provide a wide perspective on the topic by investigating text corpora that date from the 3rd to the 1st millennium BCE and derive from the whole Ancient Near East (from southern Mesopotamia, to Anatolia, Syria and the northern Levant).<\/p>\n<p>With contributions by A. Bramanti, S. Fischer, G. M\u00fcller, J. Myn\u00e1\u0159ov\u00e1, R. Pirngruber, M. Touillon-Ricci, K. Wagensonner und L. Warbinek&nbsp;<\/p>\n<p>[\/et_pb_text][\/et_pb_column][\/et_pb_section][et_pb_section fb_built=&#8220;1&#8243; _builder_version=&#8220;4.0.6&#8243;][et_pb_row _builder_version=&#8220;4.0.6&#8243;][et_pb_column type=&#8220;4_4&#8243; _builder_version=&#8220;4.0.6&#8243;][\/et_pb_column][\/et_pb_row][\/et_pb_section]<\/p>\n","protected":false},"excerpt":{"rendered":"<p>Elena Devecchi \u2014 Jana Myn\u00e1\u0159ov\u00e1 \u2014 Gerfrid G.W. M\u00fcller (eds.) Current Research in Cuneiform Palaeography 2. Proceedings of the Workshop organised at the 64\u1d57\u02b0 Rencontre Assyriologique Internationale, Innsbruck 2018 Format:\u00a024,5 x 17,5 cm \u2014 Hardcover Umfang:\u00a0XIV + 220 Seiten Inhalt \/ Content ISBN:\u00a0978-3-935012-41-6 Preis: 34,80 \u20ac \u00a9 PeWe-Verlag 2019 Der vorliegende Band enth\u00e4lt die Beitr\u00e4ge [&hellip;]<\/p>\n","protected":false},"author":1,"featured_media":0,"parent":0,"menu_order":0,"comment_status":"closed","ping_status":"closed","template":"","meta":{"_et_pb_use_builder":"on","_et_pb_old_content":"","_et_gb_content_width":"","footnotes":""},"class_list":["post-2123","page","type-page","status-publish","hentry"],"_links":{"self":[{"href":"https:\/\/www.pewe-verlag.de\/index.php?rest_route=\/wp\/v2\/pages\/2123","targetHints":{"allow":["GET"]}}],"collection":[{"href":"https:\/\/www.pewe-verlag.de\/index.php?rest_route=\/wp\/v2\/pages"}],"about":[{"href":"https:\/\/www.pewe-verlag.de\/index.php?rest_route=\/wp\/v2\/types\/page"}],"author":[{"embeddable":true,"href":"https:\/\/www.pewe-verlag.de\/index.php?rest_route=\/wp\/v2\/users\/1"}],"replies":[{"embeddable":true,"href":"https:\/\/www.pewe-verlag.de\/index.php?rest_route=%2Fwp%2Fv2%2Fcomments&post=2123"}],"version-history":[{"count":16,"href":"https:\/\/www.pewe-verlag.de\/index.php?rest_route=\/wp\/v2\/pages\/2123\/revisions"}],"predecessor-version":[{"id":2179,"href":"https:\/\/www.pewe-verlag.de\/index.php?rest_route=\/wp\/v2\/pages\/2123\/revisions\/2179"}],"wp:attachment":[{"href":"https:\/\/www.pewe-verlag.de\/index.php?rest_route=%2Fwp%2Fv2%2Fmedia&parent=2123"}],"curies":[{"name":"wp","href":"https:\/\/api.w.org\/{rel}","templated":true}]}}