{"id":2138,"date":"2019-12-12T10:11:56","date_gmt":"2019-12-12T09:11:56","guid":{"rendered":"https:\/\/www.pewe-verlag.de\/?page_id=2138"},"modified":"2025-06-12T14:47:39","modified_gmt":"2025-06-12T12:47:39","slug":"bbvo-29","status":"publish","type":"page","link":"https:\/\/www.pewe-verlag.de\/?page_id=2138","title":{"rendered":"BBVO-29"},"content":{"rendered":"<p>[et_pb_section fb_built=&#8220;1&#8243; make_equal=&#8220;on&#8220; use_custom_gutter=&#8220;on&#8220; specialty=&#8220;on&#8220; _builder_version=&#8220;4.16&#8243; width=&#8220;100%&#8220; global_colors_info=&#8220;{}&#8220;][et_pb_column type=&#8220;1_2&#8243; specialty_columns=&#8220;2&#8243; _builder_version=&#8220;4.16&#8243; custom_padding=&#8220;|||&#8220; global_colors_info=&#8220;{}&#8220; custom_padding__hover=&#8220;|||&#8220;][et_pb_row_inner _builder_version=&#8220;4.16&#8243; global_colors_info=&#8220;{}&#8220;][et_pb_column_inner saved_specialty_column_type=&#8220;1_2&#8243; _builder_version=&#8220;4.16&#8243; global_colors_info=&#8220;{}&#8220;][et_pb_image src=&#8220;https:\/\/www.pewe-verlag.de\/wp-content\/uploads\/2019\/12\/bbvo-29.png&#8220; _builder_version=&#8220;4.27.4&#8243; hover_enabled=&#8220;0&#8243; global_colors_info=&#8220;{}&#8220; title_text=&#8220;bbvo-29&#8243; sticky_enabled=&#8220;0&#8243;][\/et_pb_image][et_pb_text _builder_version=&#8220;4.16&#8243; text_font=&#8220;Trebuchet||||||||&#8220; text_font_size=&#8220;15px&#8220; custom_padding=&#8220;|185px||||&#8220; global_colors_info=&#8220;{}&#8220;]<\/p>\n<p><strong>E. Cancik-Kirschbaum\/J.C. Johnson<\/strong>(eds.)<br \/><em>Encoding metalinguistic awareness:<\/em> Ancient Mesopotamia and Beyond.<br \/>Berliner Beitr\u00e4ge zum Vorderen Orient, Band 29<\/p>\n<p>Format: 24,5 x 17,5 cm\u00a0\u2014 Hardcover<br \/>Umfang: 226 Seiten<\/p>\n<p><a href=\"https:\/\/www.pewe-verlag.de\/res\/liber40-argumentum.pdf\" target=\"_blank\" rel=\"noopener noreferrer\">Inhalt \/ Content<\/a><\/p>\n<p>ISBN: 978-3-935012-40-9<br \/>Preis: 33,80 \u20ac<br \/>\u00a9 PeWe-Verlag 2019<\/p>\n<\/p>\n<p>[\/et_pb_text][\/et_pb_column_inner][\/et_pb_row_inner][et_pb_row_inner _builder_version=&#8220;4.16&#8243; global_colors_info=&#8220;{}&#8220;][et_pb_column_inner saved_specialty_column_type=&#8220;1_2&#8243; _builder_version=&#8220;4.16&#8243; global_colors_info=&#8220;{}&#8220;][et_pb_button button_url=&#8220;@ET-DC@eyJkeW5hbWljIjp0cnVlLCJjb250ZW50IjoicG9zdF9saW5rX3VybF9wYWdlIiwic2V0dGluZ3MiOnsicG9zdF9pZCI6IjI4NyJ9fQ==@&#8220; url_new_window=&#8220;on&#8220; button_text=&#8220;BUCH ANFRAGEN&#8220; button_alignment=&#8220;left&#8220; _builder_version=&#8220;4.16&#8243; _dynamic_attributes=&#8220;button_url&#8220; custom_button=&#8220;on&#8220; button_text_size=&#8220;19px&#8220; button_text_color=&#8220;#349fd8&#8243; button_border_radius=&#8220;12px&#8220; button_font=&#8220;Antic||||||||&#8220; button_icon=&#8220;&#x52;||divi||400&#8243; button_icon_color=&#8220;#29b71f&#8220; transform_translate=&#8220;-3px|-51px&#8220; filter_saturate=&#8220;110%&#8220; filter_brightness=&#8220;109%&#8220; global_colors_info=&#8220;{}&#8220;][\/et_pb_button][et_pb_button button_url=&#8220;@ET-DC@eyJkeW5hbWljIjp0cnVlLCJjb250ZW50IjoicG9zdF9saW5rX3VybF9wYWdlIiwic2V0dGluZ3MiOnsicG9zdF9pZCI6IjI4NyJ9fQ==@&#8220; url_new_window=&#8220;on&#8220; button_text=&#8220;REQUEST BOOK&#8220; button_alignment=&#8220;left&#8220; _builder_version=&#8220;4.16&#8243; _dynamic_attributes=&#8220;button_url&#8220; custom_button=&#8220;on&#8220; button_text_size=&#8220;19px&#8220; button_text_color=&#8220;#349fd8&#8243; button_border_radius=&#8220;12px&#8220; button_font=&#8220;Antic||||||||&#8220; button_icon=&#8220;&#x52;||divi||400&#8243; button_icon_color=&#8220;#29b71f&#8220; transform_translate=&#8220;-3px|-51px&#8220; filter_saturate=&#8220;110%&#8220; filter_brightness=&#8220;109%&#8220; global_colors_info=&#8220;{}&#8220;][\/et_pb_button][\/et_pb_column_inner][\/et_pb_row_inner][\/et_pb_column][et_pb_column type=&#8220;1_2&#8243; _builder_version=&#8220;4.16&#8243; custom_padding=&#8220;|||&#8220; global_colors_info=&#8220;{}&#8220; custom_padding__hover=&#8220;|||&#8220;][et_pb_text _builder_version=&#8220;4.16&#8243; text_font_size=&#8220;17px&#8220; transform_scale_tablet=&#8220;&#8220; transform_scale_phone=&#8220;&#8220; transform_scale_last_edited=&#8220;on|tablet&#8220; transform_translate_tablet=&#8220;107px|-4px&#8220; transform_translate_phone=&#8220;&#8220; transform_translate_last_edited=&#8220;on|tablet&#8220; transform_rotate_tablet=&#8220;&#8220; transform_rotate_phone=&#8220;&#8220; transform_rotate_last_edited=&#8220;on|tablet&#8220; transform_skew_tablet=&#8220;&#8220; transform_skew_phone=&#8220;&#8220; transform_skew_last_edited=&#8220;on|tablet&#8220; transform_origin_tablet=&#8220;&#8220; transform_origin_phone=&#8220;&#8220; transform_origin_last_edited=&#8220;on|tablet&#8220; transform_styles_last_edited=&#8220;on|tablet&#8220; text_orientation=&#8220;justify&#8220; width=&#8220;120%&#8220; width_tablet=&#8220;100%&#8220; width_phone=&#8220;&#8220; width_last_edited=&#8220;on|tablet&#8220; custom_margin=&#8220;|||-117px||&#8220; custom_padding=&#8220;|0px||0px||&#8220; transform_styles_tablet=&#8220;&#8220; transform_styles_phone=&#8220;&#8220; border_color_top=&#8220;#349fd8&#8243; text_text_align=&#8220;justify&#8220; global_colors_info=&#8220;{}&#8220;]<\/p>\n<p>Mit Beitr\u00e4gen von P. Delnero, J.C. Johnson, E. Cancik-Kirschbaum, I. Hajnal, A. Payne, J.S. Pettersson, F. Rochberg, L. Wilhelmi und M. Worthington.<\/p>\n<p>Die Keilschrifttexte (Mesopotamien, heutiger Irak, 3300 v. Chr. &#8211; 200 n. Chr.) gelten seit langem als eines der vielversprechendsten Gebiete f\u00fcr die Geschichte der Notation und bieten eine riesige Auswahl an Textartefakten, die sich direkt auf Fragen der metasprachlichen Funktion und des metapragmatischen Bewusstseins beziehen.<br \/><em>Encoding Metalinguistic Awareness: Ancient Mesopotamia and Beyond<\/em> enth\u00e4lt neun Beitr\u00e4ge von f\u00fchrenden Spezialisten \u00fcber die Art und Weise, wie die Keilschrift und benachbarte Schriftsysteme sowohl metalinguistische als auch metapragmatische Informationen und Funktionen kodieren. Dieser Band geht einer Reihe von dr\u00e4ngenden Fragen nach: Wie identifizieren Teile eines schriftlichen Textes die Gattung oder kontextualisieren andere Teile? Inwieweit lassen sich die Kategorien, die die Menschen des Altertums auf ihre Welt angewandt haben, in semantischen Determinativen wiedererkennen? Wie k\u00f6nnen erstarrte Silbenschriften quasi-logografische Funktionen \u00fcbernehmen? Wie k\u00f6nnen wir unterschwellige linguistische Merkmale nutzen, um schriftliche Texte in einem chronologischen Rahmen zu verorten?<\/p>\n<p>Dies sind nur einige der Fragen, die in diesem Band behandelt werden, einem Band, der die j\u00fcngsten Forschungen zusammenfasst und auch eine Reihe neuer Hypothesen zur Geschichte des notationsgesteuerten Bewusstseins im Alten Orient und im \u00f6stlichen Mittelmeerraum der Antike vorschl\u00e4gt.<\/p>\n<p>[\/et_pb_text][et_pb_text _builder_version=&#8220;4.16&#8243; text_font_size=&#8220;17px&#8220; transform_scale_tablet=&#8220;&#8220; transform_scale_phone=&#8220;&#8220; transform_scale_last_edited=&#8220;on|tablet&#8220; transform_translate_tablet=&#8220;107px|-4px&#8220; transform_translate_phone=&#8220;&#8220; transform_translate_last_edited=&#8220;on|tablet&#8220; transform_rotate_tablet=&#8220;&#8220; transform_rotate_phone=&#8220;&#8220; transform_rotate_last_edited=&#8220;on|tablet&#8220; transform_skew_tablet=&#8220;&#8220; transform_skew_phone=&#8220;&#8220; transform_skew_last_edited=&#8220;on|tablet&#8220; transform_origin_tablet=&#8220;&#8220; transform_origin_phone=&#8220;&#8220; transform_origin_last_edited=&#8220;on|tablet&#8220; transform_styles_last_edited=&#8220;on|tablet&#8220; text_orientation=&#8220;justify&#8220; width=&#8220;120%&#8220; width_tablet=&#8220;100%&#8220; width_phone=&#8220;&#8220; width_last_edited=&#8220;on|tablet&#8220; custom_margin=&#8220;|||-117px||&#8220; custom_padding=&#8220;|0px||0px||&#8220; transform_styles_tablet=&#8220;&#8220; transform_styles_phone=&#8220;&#8220; border_width_top=&#8220;1px&#8220; border_color_top=&#8220;#349fd8&#8243; text_text_align=&#8220;justify&#8220; global_colors_info=&#8220;{}&#8220;]<\/p>\n<p>&nbsp;<\/p>\n<p>With contributions by P. Delnero, J.C. Johnson, E. Cancik-Kirschbaum, I. Hajnal, A. Payne, J.S. Pettersson, F. Rochberg, L. Wilhelmi and M. Worthington.<\/p>\n<p>Long recognised as one of the most promising arenas for the history of notation, the cuneiform textual record (Mesopotamia, present-day Iraq, 3300 BCE\u2013200 CE) offers a massive array of text-artifactual materials that speak directly to questions of metalinguistic function and metapragmatic awareness.<br \/><em>Encoding Metalinguistic Awareness: Ancient Mesopotamia and Beyond<\/em> includes nine papers from leading specialists on the ways in which cuneiform and neighbouring writing systems encode both metalinguistic and metapragmatic information and function. This volume delves into a host of pressing questions: how do parts of a written text identify the genre or contextualise other parts? To what degree can be recognise the categories that the ancients applied to their world in semantic determinatives? How can frozen syllabic writings take on quasi-logographic functions? How can we use below-the-radar linguistic features to locate written texts in a chronological framework?<\/p>\n<p>These are just a few of questions dealt with in this volume, a volume that summarises recent research and also proposes a host of new hypotheses for the history of notation-driven awareness in the ancient Near East and the Eastern Mediterranean in antiquity.<\/p>\n<p>[\/et_pb_text][\/et_pb_column][\/et_pb_section][et_pb_section fb_built=&#8220;1&#8243; _builder_version=&#8220;4.16&#8243; global_colors_info=&#8220;{}&#8220;][et_pb_row _builder_version=&#8220;4.16&#8243; global_colors_info=&#8220;{}&#8220;][et_pb_column type=&#8220;4_4&#8243; _builder_version=&#8220;4.16&#8243; global_colors_info=&#8220;{}&#8220;][\/et_pb_column][\/et_pb_row][\/et_pb_section]<\/p>\n","protected":false},"excerpt":{"rendered":"<p>E. Cancik-Kirschbaum\/J.C. Johnson(eds.)Encoding metalinguistic awareness: Ancient Mesopotamia and Beyond.Berliner Beitr\u00e4ge zum Vorderen Orient, Band 29 Format: 24,5 x 17,5 cm\u00a0\u2014 HardcoverUmfang: 226 Seiten Inhalt \/ Content ISBN: 978-3-935012-40-9Preis: 33,80 \u20ac\u00a9 PeWe-Verlag 2019 Mit Beitr\u00e4gen von P. Delnero, J.C. Johnson, E. Cancik-Kirschbaum, I. Hajnal, A. Payne, J.S. Pettersson, F. Rochberg, L. Wilhelmi und M. Worthington. Die [&hellip;]<\/p>\n","protected":false},"author":1,"featured_media":0,"parent":0,"menu_order":0,"comment_status":"closed","ping_status":"closed","template":"","meta":{"_et_pb_use_builder":"on","_et_pb_old_content":"","_et_gb_content_width":"","footnotes":""},"class_list":["post-2138","page","type-page","status-publish","hentry"],"_links":{"self":[{"href":"https:\/\/www.pewe-verlag.de\/index.php?rest_route=\/wp\/v2\/pages\/2138","targetHints":{"allow":["GET"]}}],"collection":[{"href":"https:\/\/www.pewe-verlag.de\/index.php?rest_route=\/wp\/v2\/pages"}],"about":[{"href":"https:\/\/www.pewe-verlag.de\/index.php?rest_route=\/wp\/v2\/types\/page"}],"author":[{"embeddable":true,"href":"https:\/\/www.pewe-verlag.de\/index.php?rest_route=\/wp\/v2\/users\/1"}],"replies":[{"embeddable":true,"href":"https:\/\/www.pewe-verlag.de\/index.php?rest_route=%2Fwp%2Fv2%2Fcomments&post=2138"}],"version-history":[{"count":14,"href":"https:\/\/www.pewe-verlag.de\/index.php?rest_route=\/wp\/v2\/pages\/2138\/revisions"}],"predecessor-version":[{"id":3220,"href":"https:\/\/www.pewe-verlag.de\/index.php?rest_route=\/wp\/v2\/pages\/2138\/revisions\/3220"}],"wp:attachment":[{"href":"https:\/\/www.pewe-verlag.de\/index.php?rest_route=%2Fwp%2Fv2%2Fmedia&parent=2138"}],"curies":[{"name":"wp","href":"https:\/\/api.w.org\/{rel}","templated":true}]}}