{"id":2230,"date":"2020-07-06T11:48:48","date_gmt":"2020-07-06T09:48:48","guid":{"rendered":"https:\/\/www.pewe-verlag.de\/?page_id=2230"},"modified":"2022-08-04T11:00:31","modified_gmt":"2022-08-04T09:00:31","slug":"syene-iv","status":"publish","type":"page","link":"https:\/\/www.pewe-verlag.de\/?page_id=2230","title":{"rendered":"Syene IV"},"content":{"rendered":"<p>[et_pb_section fb_built=&#8220;1&#8243; make_equal=&#8220;on&#8220; use_custom_gutter=&#8220;on&#8220; specialty=&#8220;on&#8220; _builder_version=&#8220;3.27.3&#8243; width=&#8220;100%&#8220;][et_pb_column type=&#8220;1_2&#8243; specialty_columns=&#8220;2&#8243; _builder_version=&#8220;3.25&#8243; custom_padding=&#8220;|||&#8220; custom_padding__hover=&#8220;|||&#8220;][et_pb_row_inner _builder_version=&#8220;3.27.3&#8243;][et_pb_column_inner saved_specialty_column_type=&#8220;1_2&#8243; _builder_version=&#8220;3.27.3&#8243;][et_pb_image src=&#8220;https:\/\/www.pewe-verlag.de\/wp-content\/uploads\/2020\/07\/syene4.jpg&#8220; _builder_version=&#8220;4.0.6&#8243;][\/et_pb_image][et_pb_text _builder_version=&#8220;4.0.6&#8243; text_font=&#8220;Trebuchet||||||||&#8220; text_font_size=&#8220;15px&#8220; custom_padding=&#8220;|185px||||&#8220;]<strong>Laura Rembart<\/strong><br \/>\nSyene IV. Die ptolem\u00e4ische und r\u00f6mische Keramik aus den Arealen 2 und 13c. Typochronologie und weiterf\u00fchrende Studien.<\/p>\n<p>Beitr\u00e4ge zur \u00e4gyptischen Bauforschung und Altertumskunde, Band 22<\/p>\n<p>Format: 35 x 24,5 cm \u2014 Hardcover<br \/>\nUmfang:\u00a0426 Seiten, 49 Abbildungen und 82, teils farbige Tafeln<\/p>\n<p>\n<a href=\"https:\/\/www.pewe-verlag.de\/res\/liber43-argumentum.pdf\" target=\"_blank\" rel=\"noopener noreferrer\">Inhalt \/ Content<\/a><\/p>\n<p>ISBN:\u00a0978-3-935012-43-0<br \/>\nPreis: 85,00 \u20ac<br \/>\n\u00a9 PeWe-Verlag 2020<\/p>\n<p>[\/et_pb_text][\/et_pb_column_inner][\/et_pb_row_inner][et_pb_row_inner _builder_version=&#8220;3.27.3&#8243;][et_pb_column_inner saved_specialty_column_type=&#8220;1_2&#8243; _builder_version=&#8220;3.27.3&#8243;][et_pb_button button_url=&#8220;@ET-DC@eyJkeW5hbWljIjp0cnVlLCJjb250ZW50IjoicG9zdF9saW5rX3VybF9wYWdlIiwic2V0dGluZ3MiOnsicG9zdF9pZCI6IjI4NyJ9fQ==@&#8220; url_new_window=&#8220;on&#8220; button_text=&#8220;BUCH ANFRAGEN&#8220; button_alignment=&#8220;left&#8220; _builder_version=&#8220;4.0.6&#8243; _dynamic_attributes=&#8220;button_url&#8220; custom_button=&#8220;on&#8220; button_text_size=&#8220;19px&#8220; button_text_color=&#8220;#349fd8&#8243; button_border_radius=&#8220;12px&#8220; button_font=&#8220;Antic||||||||&#8220; button_icon=&#8220;%%49%%&#8220; button_icon_color=&#8220;#29b71f&#8220; transform_translate=&#8220;-3px|-51px&#8220; filter_saturate=&#8220;110%&#8220; filter_brightness=&#8220;109%&#8220;][\/et_pb_button][et_pb_button button_url=&#8220;@ET-DC@eyJkeW5hbWljIjp0cnVlLCJjb250ZW50IjoicG9zdF9saW5rX3VybF9wYWdlIiwic2V0dGluZ3MiOnsicG9zdF9pZCI6IjI4NyJ9fQ==@&#8220; url_new_window=&#8220;on&#8220; button_text=&#8220;REQUEST BOOK&#8220; button_alignment=&#8220;left&#8220; _builder_version=&#8220;4.0.6&#8243; _dynamic_attributes=&#8220;button_url&#8220; custom_button=&#8220;on&#8220; button_text_size=&#8220;19px&#8220; button_text_color=&#8220;#349fd8&#8243; button_border_radius=&#8220;12px&#8220; button_font=&#8220;Antic||||||||&#8220; button_icon=&#8220;%%49%%&#8220; button_icon_color=&#8220;#29b71f&#8220; transform_translate=&#8220;-3px|-51px&#8220; filter_saturate=&#8220;110%&#8220; filter_brightness=&#8220;109%&#8220;][\/et_pb_button][\/et_pb_column_inner][\/et_pb_row_inner][\/et_pb_column][et_pb_column type=&#8220;1_2&#8243; _builder_version=&#8220;3.25&#8243; custom_padding=&#8220;|||&#8220; custom_padding__hover=&#8220;|||&#8220;][et_pb_text _builder_version=&#8220;4.0.6&#8243; text_font_size=&#8220;17px&#8220; transform_scale_tablet=&#8220;&#8220; transform_scale_phone=&#8220;&#8220; transform_scale_last_edited=&#8220;on|tablet&#8220; transform_translate=&#8220;51px|-8px&#8220; transform_translate_tablet=&#8220;105px|-43px&#8220; transform_translate_phone=&#8220;&#8220; transform_translate_last_edited=&#8220;on|phone&#8220; transform_rotate_tablet=&#8220;&#8220; transform_rotate_phone=&#8220;&#8220; transform_rotate_last_edited=&#8220;on|tablet&#8220; transform_skew_tablet=&#8220;&#8220; transform_skew_phone=&#8220;&#8220; transform_skew_last_edited=&#8220;on|tablet&#8220; transform_origin_tablet=&#8220;&#8220; transform_origin_phone=&#8220;&#8220; transform_origin_last_edited=&#8220;on|tablet&#8220; transform_styles_last_edited=&#8220;on|phone&#8220; text_orientation=&#8220;justify&#8220; width=&#8220;100%&#8220; width_tablet=&#8220;100%&#8220; width_phone=&#8220;&#8220; width_last_edited=&#8220;on|tablet&#8220; custom_margin=&#8220;|||-117px||&#8220; custom_padding=&#8220;|0px||0px||&#8220; transform_styles_tablet=&#8220;&#8220; transform_styles_phone=&#8220;&#8220; border_width_bottom=&#8220;1px&#8220; border_color_bottom=&#8220;#349fd8&#8243; text_text_align=&#8220;justify&#8220; width__hover_enabled=&#8220;on|desktop&#8220;]<\/p>\n<p>Am ersten Katarakt gelegen, war die ober\u00e4gyptische Stadt Syene \u2013 das moderne Assuan \u2013 in der Antike ein wirtschaftliches und politisches Zentrum und bildete eine wichtige Verbindung zwischen \u00c4gypten und dem s\u00fcdlich angrenzenden Nubien. Sie fungierte, zusammen mit der gegen\u00fcberliegenden Nilinsel Elephantine, als Handelsknotenpunkt f\u00fcr den Austausch von G\u00fctern von und nach Innerafrika, darunter Luxuswaren wie Gold und Elfenbein. Durch die Erschlie\u00dfung neuer Tonlagerst\u00e4tten entwickelte sich die Region von Syene in der ptolem\u00e4ischen Zeit zu einem bedeutenden Produktionszentrum f\u00fcr Keramik, dessen Produkte innerhalb von \u00c4gypten und sp\u00e4ter \u00fcber die Landesgrenzen hinaus exportiert wurde.<br \/>In einem mehrj\u00e4hrigen Projekt des \u00d6sterreichischen Arch\u00e4ologischen Instituts, Zentrale Wien in Kooperation mit dem Schweizerischen Institut f\u00fcr \u00c4gyptische Bauforschung und Altertumskunde Kairo stand die Erforschung der Alltagskultur in Syene und Elephantine von ptolem\u00e4ischer bis sp\u00e4tantiker Zeit auf Basis der materiellen Hinterlassenschaft aus Wohnbauten im Fokus. Im Rahmen dieses Projektes wurde unter anderem das ptolem\u00e4ische und r\u00f6mische Fundmaterial aus mehreren Wohnkomplexen von Syene analysiert. Diese Ergebnisse werden nun in diesem Band pr\u00e4sentiert. Hauptaugenmerk dieser Arbeit liegt, neben einer ausf\u00fchrlichen Typochronologie, auf der kontextuellen Auswertung des Materials sowie einer umfassenden Charakterisierung der Keramik jener Zeitstellung unter Ber\u00fccksichtigung der unterschiedlichen Fabrikate. Eine Besonderheit bildet dabei das lokal produzierte Geschirr, dessen Produktionsbeginn durch diese Arbeit nun in das fr\u00fche 2. Jh. v. Chr. gesetzt werden konnte. Erstmals werden die Zusammenh\u00e4nge zwischen den lokalen Warengruppen, Gef\u00e4\u00dfformen und Fabrikaten sowie die Unterschiede von ptolem\u00e4ischer Zeit gegen\u00fcber der r\u00f6mischen Kaiserzeit detailliert aufgezeigt. Anhand des Formenspektrums von Syene wird versucht die \u00dcbernahme fremder Speise- und Trinksitten sowie Innovationen im Kochprozess aufzuzeigen. Durch die Auswertung der Importkeramik, insbesondere der Sigillata- und Amphorenfragmente, ist es ferner m\u00f6glich R\u00fcckschl\u00fcsse \u00fcber die Handelsbeziehungen zwischen dem scheinbar abgelegenen Syene und dem mediterranen Raum zu ziehen.<\/p>\n<\/p>\n<p>[\/et_pb_text][et_pb_text _builder_version=&#8220;4.0.6&#8243; text_font_size=&#8220;17px&#8220; transform_scale_tablet=&#8220;&#8220; transform_scale_phone=&#8220;&#8220; transform_scale_last_edited=&#8220;on|tablet&#8220; transform_translate=&#8220;51px|-8px&#8220; transform_translate_tablet=&#8220;105px|-43px&#8220; transform_translate_phone=&#8220;&#8220; transform_translate_last_edited=&#8220;on|phone&#8220; transform_rotate_tablet=&#8220;&#8220; transform_rotate_phone=&#8220;&#8220; transform_rotate_last_edited=&#8220;on|tablet&#8220; transform_skew_tablet=&#8220;&#8220; transform_skew_phone=&#8220;&#8220; transform_skew_last_edited=&#8220;on|tablet&#8220; transform_origin_tablet=&#8220;&#8220; transform_origin_phone=&#8220;&#8220; transform_origin_last_edited=&#8220;on|tablet&#8220; transform_styles_last_edited=&#8220;on|phone&#8220; text_orientation=&#8220;justify&#8220; width=&#8220;100%&#8220; width_tablet=&#8220;100%&#8220; width_phone=&#8220;&#8220; width_last_edited=&#8220;on|tablet&#8220; custom_margin=&#8220;|||-117px||&#8220; custom_padding=&#8220;|0px||0px||&#8220; transform_styles_tablet=&#8220;&#8220; transform_styles_phone=&#8220;&#8220; text_text_align=&#8220;justify&#8220; width__hover_enabled=&#8220;on|desktop&#8220;]<\/p>\n<p>Situated on the first cataract, the Upper Egyptian city of Syene &#8211; modern Aswan &#8211; was an economic and political centre in antiquity and formed an important link between Egypt and neighbouring Nubia to the south. It functioned, together with the Nile island of Elephantine opposite, as a trading hub for the exchange of goods to and from Inner Africa, including luxury goods such as gold and ivory. Through the exploitation of new clay deposits, the region of Syene developed in the Ptolemaic period into an important production centre for ceramics, whose products were exported within Egypt and later beyond the country&#8217;s borders.<br \/>In a multi-year project of the Austrian Archaeological Institute, Head Office Vienna, in cooperation with the Swiss Institute for Egyptian Building Research and Archaeology Cairo, the focus was on research into everyday culture in Syene and Elephantine from Ptolemaic to Late Antique times on the basis of the material legacy from residential buildings. Within the framework of this project, the Ptolemaic and Roman find material from several residential complexes of Syene was analysed, among other things. These results are now presented in this volume. The main focus of this work, apart from a detailed typochronology, is on the contextual evaluation of the material as well as a comprehensive characterisation of the pottery of that period, taking into account the different makes. A special feature is the locally produced tableware, the production of which can now be dated to the early 2nd century BC. For the first time, the interrelationships between local product groups, vessel forms and manufactures as well as the differences between the Ptolemaic period and the Roman Imperial period are shown in detail. The spectrum of Syene forms is used to illustrate the adoption of foreign food and drink customs as well as innovations in the cooking process. By analysing the imported pottery, especially the sigillata and amphora fragments, it is also possible to draw conclusions about the trade relations between the seemingly remote Syene and the Mediterranean region.<\/p>\n<p>&nbsp;<\/p>\n<p>[\/et_pb_text][\/et_pb_column][\/et_pb_section]<\/p>\n","protected":false},"excerpt":{"rendered":"<p>Laura Rembart Syene IV. Die ptolem\u00e4ische und r\u00f6mische Keramik aus den Arealen 2 und 13c. Typochronologie und weiterf\u00fchrende Studien. Beitr\u00e4ge zur \u00e4gyptischen Bauforschung und Altertumskunde, Band 22 Format: 35 x 24,5 cm \u2014 Hardcover Umfang:\u00a0426 Seiten, 49 Abbildungen und 82, teils farbige Tafeln Inhalt \/ Content ISBN:\u00a0978-3-935012-43-0 Preis: 85,00 \u20ac \u00a9 PeWe-Verlag 2020 Am ersten [&hellip;]<\/p>\n","protected":false},"author":1,"featured_media":0,"parent":0,"menu_order":0,"comment_status":"closed","ping_status":"closed","template":"","meta":{"_et_pb_use_builder":"on","_et_pb_old_content":"","_et_gb_content_width":"","footnotes":""},"class_list":["post-2230","page","type-page","status-publish","hentry"],"_links":{"self":[{"href":"https:\/\/www.pewe-verlag.de\/index.php?rest_route=\/wp\/v2\/pages\/2230","targetHints":{"allow":["GET"]}}],"collection":[{"href":"https:\/\/www.pewe-verlag.de\/index.php?rest_route=\/wp\/v2\/pages"}],"about":[{"href":"https:\/\/www.pewe-verlag.de\/index.php?rest_route=\/wp\/v2\/types\/page"}],"author":[{"embeddable":true,"href":"https:\/\/www.pewe-verlag.de\/index.php?rest_route=\/wp\/v2\/users\/1"}],"replies":[{"embeddable":true,"href":"https:\/\/www.pewe-verlag.de\/index.php?rest_route=%2Fwp%2Fv2%2Fcomments&post=2230"}],"version-history":[{"count":16,"href":"https:\/\/www.pewe-verlag.de\/index.php?rest_route=\/wp\/v2\/pages\/2230\/revisions"}],"predecessor-version":[{"id":2574,"href":"https:\/\/www.pewe-verlag.de\/index.php?rest_route=\/wp\/v2\/pages\/2230\/revisions\/2574"}],"wp:attachment":[{"href":"https:\/\/www.pewe-verlag.de\/index.php?rest_route=%2Fwp%2Fv2%2Fmedia&parent=2230"}],"curies":[{"name":"wp","href":"https:\/\/api.w.org\/{rel}","templated":true}]}}