{"id":2418,"date":"2021-08-05T11:49:05","date_gmt":"2021-08-05T09:49:05","guid":{"rendered":"https:\/\/www.pewe-verlag.de\/?page_id=2418"},"modified":"2022-05-03T13:29:11","modified_gmt":"2022-05-03T11:29:11","slug":"syene-v","status":"publish","type":"page","link":"https:\/\/www.pewe-verlag.de\/?page_id=2418","title":{"rendered":"Syene V"},"content":{"rendered":"<p>[et_pb_section fb_built=&#8220;1&#8243; make_equal=&#8220;on&#8220; use_custom_gutter=&#8220;on&#8220; specialty=&#8220;on&#8220; _builder_version=&#8220;3.27.3&#8243; width=&#8220;100%&#8220;][et_pb_column type=&#8220;1_2&#8243; specialty_columns=&#8220;2&#8243; _builder_version=&#8220;3.25&#8243; custom_padding=&#8220;|||&#8220; custom_padding__hover=&#8220;|||&#8220;][et_pb_row_inner _builder_version=&#8220;3.27.3&#8243;][et_pb_column_inner saved_specialty_column_type=&#8220;1_2&#8243; _builder_version=&#8220;3.27.3&#8243;][et_pb_image src=&#8220;https:\/\/www.pewe-verlag.de\/wp-content\/uploads\/2021\/08\/syene5.jpg&#8220; title_text=&#8220;M. Hera, Syene V&#8220; _builder_version=&#8220;4.0.6&#8243;][\/et_pb_image][et_pb_text _builder_version=&#8220;4.0.6&#8243; text_font=&#8220;Trebuchet||||||||&#8220; text_font_size=&#8220;15px&#8220; custom_padding=&#8220;|185px||||&#8220;]<strong>Mariola Hepa<\/strong><br \/>\nSyene V. Zwei Rettungsgrabungen im Norden der antiken Stadt (Areal 62 und 90). Keramik und Befunde.<\/p>\n<p>Beitr\u00e4ge zur \u00e4gyptischen Bauforschung und Altertumskunde, Band 23<\/p>\n<p>Format: 35 x 24,5 cm \u2014 Hardcover<br \/>\nUmfang:\u00a0116 Seiten, 72 farbige Abbildungen und 8 Farbtafeln<\/p>\n<p>\n<a href=\"https:\/\/www.pewe-verlag.de\/res\/liber49-argumentum.pdf\" target=\"_blank\" rel=\"noopener noreferrer\">Inhalt \/ Content<\/a><\/p>\n<p>ISBN:\u00a0978-3-935012-49-2<br \/>\nPreis: 48,00 \u20ac<br \/>\n\u00a9 PeWe-Verlag 2021<\/p>\n<\/p>\n<p>[\/et_pb_text][\/et_pb_column_inner][\/et_pb_row_inner][et_pb_row_inner _builder_version=&#8220;3.27.3&#8243;][et_pb_column_inner saved_specialty_column_type=&#8220;1_2&#8243; _builder_version=&#8220;3.27.3&#8243;][et_pb_button button_url=&#8220;@ET-DC@eyJkeW5hbWljIjp0cnVlLCJjb250ZW50IjoicG9zdF9saW5rX3VybF9wYWdlIiwic2V0dGluZ3MiOnsicG9zdF9pZCI6IjI4NyJ9fQ==@&#8220; url_new_window=&#8220;on&#8220; button_text=&#8220;BUCH ANFRAGEN&#8220; button_alignment=&#8220;left&#8220; _builder_version=&#8220;4.0.6&#8243; _dynamic_attributes=&#8220;button_url&#8220; custom_button=&#8220;on&#8220; button_text_size=&#8220;19px&#8220; button_text_color=&#8220;#349fd8&#8243; button_border_radius=&#8220;12px&#8220; button_font=&#8220;Antic||||||||&#8220; button_icon=&#8220;%%49%%&#8220; button_icon_color=&#8220;#29b71f&#8220; transform_translate=&#8220;-3px|-51px&#8220; filter_saturate=&#8220;110%&#8220; filter_brightness=&#8220;109%&#8220;][\/et_pb_button][et_pb_button button_url=&#8220;@ET-DC@eyJkeW5hbWljIjp0cnVlLCJjb250ZW50IjoicG9zdF9saW5rX3VybF9wYWdlIiwic2V0dGluZ3MiOnsicG9zdF9pZCI6IjI4NyJ9fQ==@&#8220; url_new_window=&#8220;on&#8220; button_text=&#8220;REQUEST BOOK&#8220; button_alignment=&#8220;left&#8220; _builder_version=&#8220;4.0.6&#8243; _dynamic_attributes=&#8220;button_url&#8220; custom_button=&#8220;on&#8220; button_text_size=&#8220;19px&#8220; button_text_color=&#8220;#349fd8&#8243; button_border_radius=&#8220;12px&#8220; button_font=&#8220;Antic||||||||&#8220; button_icon=&#8220;%%49%%&#8220; button_icon_color=&#8220;#29b71f&#8220; transform_translate=&#8220;-3px|-51px&#8220; filter_saturate=&#8220;110%&#8220; filter_brightness=&#8220;109%&#8220;][\/et_pb_button][\/et_pb_column_inner][\/et_pb_row_inner][\/et_pb_column][et_pb_column type=&#8220;1_2&#8243; _builder_version=&#8220;3.25&#8243; custom_padding=&#8220;|||&#8220; custom_padding__hover=&#8220;|||&#8220;][et_pb_text _builder_version=&#8220;4.0.6&#8243; text_font_size=&#8220;17px&#8220; transform_scale_tablet=&#8220;&#8220; transform_scale_phone=&#8220;&#8220; transform_scale_last_edited=&#8220;on|tablet&#8220; transform_translate=&#8220;51px|-8px&#8220; transform_translate_tablet=&#8220;105px|-43px&#8220; transform_translate_phone=&#8220;&#8220; transform_translate_last_edited=&#8220;on|phone&#8220; transform_rotate_tablet=&#8220;&#8220; transform_rotate_phone=&#8220;&#8220; transform_rotate_last_edited=&#8220;on|tablet&#8220; transform_skew_tablet=&#8220;&#8220; transform_skew_phone=&#8220;&#8220; transform_skew_last_edited=&#8220;on|tablet&#8220; transform_origin_tablet=&#8220;&#8220; transform_origin_phone=&#8220;&#8220; transform_origin_last_edited=&#8220;on|tablet&#8220; transform_styles_last_edited=&#8220;on|phone&#8220; text_orientation=&#8220;justify&#8220; width=&#8220;100%&#8220; width_tablet=&#8220;100%&#8220; width_phone=&#8220;&#8220; width_last_edited=&#8220;on|tablet&#8220; custom_margin=&#8220;|||-117px||&#8220; custom_padding=&#8220;|0px||0px||&#8220; transform_styles_tablet=&#8220;&#8220; transform_styles_phone=&#8220;&#8220; text_text_align=&#8220;justify&#8220; width__hover_enabled=&#8220;on|desktop&#8220;]<\/p>\n<p>Im Rahmen der Durchf\u00fchrung systematischer Notgrabungen durch das Schweizerische Institut f\u00fcr \u00c4gyptische Bauforschung und Altertumskunde Kairo in der antiken Stadt Syene, dem heutigen Assuan, werden hier zwei ausgew\u00e4hlte Areale \u2013 Areal 62 und 90 \u2013 ausgewertet und vorgestellt. Die vorgelegten Funde und Befunde aus beiden Arealen umfassen Reste von Wohnh\u00e4usern und allt\u00e4gliche Keramikgef\u00e4\u00dfe und vermitteln einen ersten Eindruck der vorptolem\u00e4ischen bis sp\u00e4tr\u00f6mischen Zeit im nord\u00f6stlichen Bereich der antiken Stadt Syene. Durch die Darstellung der Hausbefunde und der chronologischen Abfolge der Bebauung lassen sich zudem R\u00fcckschl\u00fcsse f\u00fcr die Belegung und Nutzung im nord\u00f6stlichen Bereich Syenes ziehen, wie z. B. sekund\u00e4re Nutzung der H\u00e4user als M\u00fclldeponie nach ihrer Aufgabe. Ebenso k\u00f6nnen Fluktuationen in der Bev\u00f6lkerungsdichte sowie das Schrumpfen und Wachsen der besiedelten Fl\u00e4che einem historischen Kontext zugeordnet und Aussagen zur Entwicklung der ptolem\u00e4isch \u2013 r\u00f6mischen Stadt Syene getroffen werden. <\/p>\n<p>&nbsp;<\/p>\n<p>[\/et_pb_text][et_pb_text _builder_version=&#8220;4.0.6&#8243; text_font_size=&#8220;17px&#8220; transform_scale_tablet=&#8220;&#8220; transform_scale_phone=&#8220;&#8220; transform_scale_last_edited=&#8220;on|tablet&#8220; transform_translate=&#8220;48px|-15px&#8220; transform_translate_tablet=&#8220;101px|-41px&#8220; transform_translate_phone=&#8220;&#8220; transform_translate_last_edited=&#8220;on|phone&#8220; transform_rotate_tablet=&#8220;&#8220; transform_rotate_phone=&#8220;&#8220; transform_rotate_last_edited=&#8220;on|tablet&#8220; transform_skew_tablet=&#8220;&#8220; transform_skew_phone=&#8220;&#8220; transform_skew_last_edited=&#8220;on|tablet&#8220; transform_origin_tablet=&#8220;&#8220; transform_origin_phone=&#8220;&#8220; transform_origin_last_edited=&#8220;on|tablet&#8220; transform_styles_last_edited=&#8220;on|phone&#8220; text_orientation=&#8220;justify&#8220; width=&#8220;100%&#8220; width_tablet=&#8220;100%&#8220; width_phone=&#8220;&#8220; width_last_edited=&#8220;on|tablet&#8220; custom_margin=&#8220;|||-117px||&#8220; custom_padding=&#8220;|0px||0px||&#8220; hover_enabled=&#8220;0&#8243; transform_styles_tablet=&#8220;&#8220; transform_styles_phone=&#8220;&#8220; border_width_top=&#8220;1px&#8220; border_color_top=&#8220;#349fd8&#8243; text_text_align=&#8220;justify&#8220; width__hover_enabled=&#8220;on|desktop&#8220;]<\/p>\n<p>&nbsp;<\/p>\n<p>Within the framework of systematic excavations carried out by the Swiss Institute for Egyptian Building Research and Archaeology Cairo in the ancient city of Syene, today&#8217;s Aswan, two selected sites &#8211; Site 62 and 90 &#8211; are evaluated and presented here. The finds and features presented from both areas include remains of houses and everyday ceramic vessels and give a first impression of the pre-Ptolemaic to late Roman period in the north-eastern area of the ancient city of Syene. The presentation of the house features and the chronological sequence of construction also allow conclusions to be drawn about occupation and use in the north-eastern area of Syene, such as secondary use of the houses as rubbish dumps after their abandonment. Likewise, fluctuations in population density as well as the shrinking and growing of the settled area can be assigned to a historical context and statements made about the development of the Ptolemaic-Roman city of Syene.<\/p>\n<p>[\/et_pb_text][\/et_pb_column][\/et_pb_section]<\/p>\n","protected":false},"excerpt":{"rendered":"<p>Mariola Hepa Syene V. Zwei Rettungsgrabungen im Norden der antiken Stadt (Areal 62 und 90). Keramik und Befunde. Beitr\u00e4ge zur \u00e4gyptischen Bauforschung und Altertumskunde, Band 23 Format: 35 x 24,5 cm \u2014 Hardcover Umfang:\u00a0116 Seiten, 72 farbige Abbildungen und 8 Farbtafeln Inhalt \/ Content ISBN:\u00a0978-3-935012-49-2 Preis: 48,00 \u20ac \u00a9 PeWe-Verlag 2021 Im Rahmen der Durchf\u00fchrung [&hellip;]<\/p>\n","protected":false},"author":1,"featured_media":0,"parent":0,"menu_order":0,"comment_status":"closed","ping_status":"closed","template":"","meta":{"_et_pb_use_builder":"on","_et_pb_old_content":"","_et_gb_content_width":"","footnotes":""},"class_list":["post-2418","page","type-page","status-publish","hentry"],"_links":{"self":[{"href":"https:\/\/www.pewe-verlag.de\/index.php?rest_route=\/wp\/v2\/pages\/2418","targetHints":{"allow":["GET"]}}],"collection":[{"href":"https:\/\/www.pewe-verlag.de\/index.php?rest_route=\/wp\/v2\/pages"}],"about":[{"href":"https:\/\/www.pewe-verlag.de\/index.php?rest_route=\/wp\/v2\/types\/page"}],"author":[{"embeddable":true,"href":"https:\/\/www.pewe-verlag.de\/index.php?rest_route=\/wp\/v2\/users\/1"}],"replies":[{"embeddable":true,"href":"https:\/\/www.pewe-verlag.de\/index.php?rest_route=%2Fwp%2Fv2%2Fcomments&post=2418"}],"version-history":[{"count":8,"href":"https:\/\/www.pewe-verlag.de\/index.php?rest_route=\/wp\/v2\/pages\/2418\/revisions"}],"predecessor-version":[{"id":2531,"href":"https:\/\/www.pewe-verlag.de\/index.php?rest_route=\/wp\/v2\/pages\/2418\/revisions\/2531"}],"wp:attachment":[{"href":"https:\/\/www.pewe-verlag.de\/index.php?rest_route=%2Fwp%2Fv2%2Fmedia&parent=2418"}],"curies":[{"name":"wp","href":"https:\/\/api.w.org\/{rel}","templated":true}]}}