{"id":2637,"date":"2023-06-26T14:15:46","date_gmt":"2023-06-26T12:15:46","guid":{"rendered":"https:\/\/www.pewe-verlag.de\/?page_id=2637"},"modified":"2023-08-01T11:28:15","modified_gmt":"2023-08-01T09:28:15","slug":"merenptah-vi","status":"publish","type":"page","link":"https:\/\/www.pewe-verlag.de\/?page_id=2637","title":{"rendered":"Merenptah-VI"},"content":{"rendered":"<p>[et_pb_section fb_built=&#8220;1&#8243; make_equal=&#8220;on&#8220; use_custom_gutter=&#8220;on&#8220; specialty=&#8220;on&#8220; _builder_version=&#8220;3.27.3&#8243; width=&#8220;100%&#8220;][et_pb_column type=&#8220;1_2&#8243; specialty_columns=&#8220;2&#8243; _builder_version=&#8220;3.25&#8243; custom_padding=&#8220;|||&#8220; custom_padding__hover=&#8220;|||&#8220;][et_pb_row_inner _builder_version=&#8220;3.27.3&#8243;][et_pb_column_inner saved_specialty_column_type=&#8220;1_2&#8243; _builder_version=&#8220;3.27.3&#8243;][et_pb_image src=&#8220;https:\/\/www.pewe-verlag.de\/wp-content\/uploads\/2023\/06\/meren6.jpg&#8220; _builder_version=&#8220;4.0.6&#8243;][\/et_pb_image][et_pb_text _builder_version=&#8220;4.0.6&#8243; text_font=&#8220;Trebuchet||||||||&#8220; text_font_size=&#8220;15px&#8220; custom_padding=&#8220;|185px||||&#8220; hover_enabled=&#8220;0&#8243;]<\/p>\n<p><strong>Brigitte Dominicus \/ Horst Jaritz<\/strong><br \/>Merenptah VI.<br \/>Kleinfunde, Ostraka und Tierknochen aus den Grabungen von 1972 &#8211; 2000.<\/p>\n<p>Beitr\u00e4ge zur \u00e4gyptischen Bauforschung und Altertumskunde, Band 25<br \/>\nFormat: 35 x 24,5 cm &#8211; Hardcover<br \/>Umfang:\u00a0216 Seiten, 59 Abbildungen im Text, 7 Farbtafeln<\/p>\n<p><a href=\"https:\/\/www.pewe-verlag.de\/res\/liber59-argumentum.pdf\" target=\"_blank\" rel=\"noopener noreferrer\">Inhalt \/ Content<\/a><\/p>\n<p>ISBN:\u00a0978-3-935012-59-1<br \/>Preis: 85,00 \u20ac<br \/>\u00a9 PeWe-Verlag 2023<\/p>\n<p>[\/et_pb_text][\/et_pb_column_inner][\/et_pb_row_inner][et_pb_row_inner _builder_version=&#8220;3.27.3&#8243; _dynamic_attributes=&#8220;link_option_url&#8220; link_option_url=&#8220;@ET-DC@eyJkeW5hbWljIjp0cnVlLCJjb250ZW50IjoicG9zdF9saW5rX3VybF9wYWdlIiwic2V0dGluZ3MiOnsicG9zdF9pZCI6IjI4NyJ9fQ==@&#8220; link_option_url_new_window=&#8220;on&#8220;][et_pb_column_inner saved_specialty_column_type=&#8220;1_2&#8243; _builder_version=&#8220;3.27.3&#8243;][et_pb_button button_url=&#8220;https:\/\/modern.pewe-verlag.de\/?page_id=287&#8243; button_text=&#8220;BUCH ANFRAGEN&#8220; button_alignment=&#8220;left&#8220; _builder_version=&#8220;4.0.6&#8243; custom_button=&#8220;on&#8220; button_text_size=&#8220;19px&#8220; button_text_color=&#8220;#349fd8&#8243; button_border_radius=&#8220;12px&#8220; button_font=&#8220;Antic||||||||&#8220; button_icon=&#8220;%%49%%&#8220; button_icon_color=&#8220;#29b71f&#8220; transform_translate=&#8220;-3px|-51px&#8220; filter_saturate=&#8220;110%&#8220; filter_brightness=&#8220;109%&#8220;][\/et_pb_button][et_pb_button button_url=&#8220;https:\/\/modern.pewe-verlag.de\/?page_id=287&#8243; button_text=&#8220;REQUEST BOOK&#8220; button_alignment=&#8220;left&#8220; _builder_version=&#8220;4.0.6&#8243; custom_button=&#8220;on&#8220; button_text_size=&#8220;19px&#8220; button_text_color=&#8220;#349fd8&#8243; button_border_radius=&#8220;12px&#8220; button_font=&#8220;Antic||||||||&#8220; button_icon=&#8220;%%49%%&#8220; button_icon_color=&#8220;#29b71f&#8220; transform_translate=&#8220;-3px|-51px&#8220; filter_saturate=&#8220;110%&#8220; filter_brightness=&#8220;109%&#8220;][\/et_pb_button][\/et_pb_column_inner][\/et_pb_row_inner][\/et_pb_column][et_pb_column type=&#8220;1_2&#8243; _builder_version=&#8220;3.25&#8243; custom_padding=&#8220;|||&#8220; custom_padding__hover=&#8220;|||&#8220;][et_pb_text _builder_version=&#8220;4.0.6&#8243; text_font_size=&#8220;17px&#8220; transform_scale_tablet=&#8220;&#8220; transform_scale_phone=&#8220;&#8220; transform_scale_last_edited=&#8220;on|tablet&#8220; transform_translate_tablet=&#8220;105px|-4px&#8220; transform_translate_phone=&#8220;&#8220; transform_translate_last_edited=&#8220;on|tablet&#8220; transform_rotate_tablet=&#8220;&#8220; transform_rotate_phone=&#8220;&#8220; transform_rotate_last_edited=&#8220;on|tablet&#8220; transform_skew_tablet=&#8220;&#8220; transform_skew_phone=&#8220;&#8220; transform_skew_last_edited=&#8220;on|tablet&#8220; transform_origin_tablet=&#8220;&#8220; transform_origin_phone=&#8220;&#8220; transform_origin_last_edited=&#8220;on|tablet&#8220; transform_styles_last_edited=&#8220;on|tablet&#8220; text_orientation=&#8220;justify&#8220; width=&#8220;120%&#8220; width_tablet=&#8220;100%&#8220; width_phone=&#8220;&#8220; width_last_edited=&#8220;on|tablet&#8220; custom_margin=&#8220;|||-117px||&#8220; custom_padding=&#8220;|0px||0px||&#8220; transform_styles_tablet=&#8220;&#8220; transform_styles_phone=&#8220;&#8220; border_width_bottom=&#8220;1px&#8220; border_color_bottom=&#8220;#349fd8&#8243; text_text_align=&#8220;justify&#8220;]<\/p>\n<p>In Erg\u00e4nzung bisheriger Ergebnisse (B\u00e4nde Merenptah II-V) der von 1971\u20132002 durchgef\u00fchrten Nachuntersuchung des bereits von W. M. Flinders Petrie (1896) freigelegten\u00a0<em>Millionenjahrhauses<\/em>\u00a0des Merenptah in Theben\/Luxor (\u00c4gypten) berichtet der vorliegende Band von den im Zerst\u00f6rungsschutt des Tempels und seinen Nebenanlagen gemachten Funden kleinerer Dimension.<br \/>Sie werden hier einer chronologischen, der Geschichte des Tempels folgenden Ordnung und zusammengefasst nach Art und Material vorgelegt.<br \/>Neben wenigen Funden aus der Zeit vor dem Bau des Tempels (Steinwerkzeuge, Siegelringe und gesiegelte Tonverschl\u00fcsse), stammt die Hauptmasse der Funde aus der Zeit, als der Kultbetrieb im Tempel andauerte (Opferst\u00e4nder, Krugverschl\u00fcsse, Gegenst\u00e4nde aus Fayence, Glas und Stein, Modeln zur Herstellung von Amuletten, Perlen, Lampen). Sie werden eingef\u00fchrt von Funden aus der Zeit der Tempelerrichtung (Werkzeuge und andere Hilfsmittel), nachgefolgt von denen seiner Nachnutzung vor allem als Steinbruch (Halbfertigprodukte, Werkst\u00fccke und Gef\u00e4\u00dfe aus Kalkstein). Einen breiten Raum nehmen die Ostraka und\u00a0<em>dockets<\/em>\u00a0ein, ebenso die Vielzahl der im Tempel verstreuten Tierknochen.<br \/>Dar\u00fcberhinaus gibt es wenig Funde einer Nachbesiedlung des Tempels, dagegen eine gr\u00f6\u00dfere Anzahl von Objekten (Grabstelen, Grabkegel, Toilettengegenst\u00e4nde, Gef\u00e4\u00dfe aus Alabaster und Fayence), die ihren Weg offenbar aus der thebanischen Nekropole in den Tempel fanden.<\/p>\n<p>Mit Beitr\u00e4gen von Monika Doll, Andreas Dorn und Matthias M\u00fcller.\u00a0<\/p>\n<p>&nbsp;<\/p>\n<p>[\/et_pb_text][et_pb_text _builder_version=&#8220;4.0.6&#8243; text_font_size=&#8220;17px&#8220; transform_scale_tablet=&#8220;&#8220; transform_scale_phone=&#8220;&#8220; transform_scale_last_edited=&#8220;on|tablet&#8220; transform_translate_tablet=&#8220;105px|-4px&#8220; transform_translate_phone=&#8220;&#8220; transform_translate_last_edited=&#8220;on|tablet&#8220; transform_rotate_tablet=&#8220;&#8220; transform_rotate_phone=&#8220;&#8220; transform_rotate_last_edited=&#8220;on|tablet&#8220; transform_skew_tablet=&#8220;&#8220; transform_skew_phone=&#8220;&#8220; transform_skew_last_edited=&#8220;on|tablet&#8220; transform_origin_tablet=&#8220;&#8220; transform_origin_phone=&#8220;&#8220; transform_origin_last_edited=&#8220;on|tablet&#8220; transform_styles_last_edited=&#8220;on|tablet&#8220; text_orientation=&#8220;justify&#8220; width=&#8220;120%&#8220; width_tablet=&#8220;100%&#8220; width_phone=&#8220;&#8220; width_last_edited=&#8220;on|tablet&#8220; custom_margin=&#8220;|||-117px||&#8220; custom_padding=&#8220;|0px||0px||&#8220; transform_styles_tablet=&#8220;&#8220; transform_styles_phone=&#8220;&#8220; text_text_align=&#8220;justify&#8220;]<\/p>\n<p>In addition to preceding results (vols. II-IV) of the re-investigated\u00a0<em>House of a Million of Years<\/em>\u00a0of Merenptah at Thebes \/Luxor (Egypt), which was already excavated by W. M. Flinders Petrie (1896), the present volume reports on the finds of smaller dimensions, found in the debris covering the area of the temple and its adjacent mudbrick-buildings.<br \/>The sequence of the presented objects follow the chronological development of the temple and are grouped according to type and material.<br \/>Apart from a few finds preceding the temple\u2019s foundation (prehistoric tools, signet rings, clay sealings), the majority of the objects dates to the time of the acting cult (offering stands, jar stoppers, objects made of faience, glass and stone, models for the production of amulets, beads, lamps). They are introduced by objects from the time of the temple&#8217;s construction (various tools), followed by those from the period when the temple was abandoned and mainly used as a quarry (semi-finished products, limestone workpieces and vessels). Ostraca and dockets cover a major part of the volume, as does the many animal bones scattered over certain areas of the temple.<br \/>In addition, there are few finds of a later settlement in the temple, but a large number of other objects (stelae, funerary cones, cosmetic items, vessels made of alabaster and faience), which apparently found their way from the Theban necropolis into the temple.<\/p>\n<p>With contributions by Monika Doll, Andreas Dorn and Matthias M\u00fcller.<\/p>\n<p>[\/et_pb_text][\/et_pb_column][\/et_pb_section]<\/p>\n","protected":false},"excerpt":{"rendered":"<p>Brigitte Dominicus \/ Horst JaritzMerenptah VI.Kleinfunde, Ostraka und Tierknochen aus den Grabungen von 1972 &#8211; 2000. Beitr\u00e4ge zur \u00e4gyptischen Bauforschung und Altertumskunde, Band 25 Format: 35 x 24,5 cm &#8211; HardcoverUmfang:\u00a0216 Seiten, 59 Abbildungen im Text, 7 Farbtafeln Inhalt \/ Content ISBN:\u00a0978-3-935012-59-1Preis: 85,00 \u20ac\u00a9 PeWe-Verlag 2023In Erg\u00e4nzung bisheriger Ergebnisse (B\u00e4nde Merenptah II-V) der von 1971\u20132002 [&hellip;]<\/p>\n","protected":false},"author":1,"featured_media":0,"parent":0,"menu_order":0,"comment_status":"closed","ping_status":"closed","template":"","meta":{"_et_pb_use_builder":"on","_et_pb_old_content":"","_et_gb_content_width":"","footnotes":""},"class_list":["post-2637","page","type-page","status-publish","hentry"],"_links":{"self":[{"href":"https:\/\/www.pewe-verlag.de\/index.php?rest_route=\/wp\/v2\/pages\/2637","targetHints":{"allow":["GET"]}}],"collection":[{"href":"https:\/\/www.pewe-verlag.de\/index.php?rest_route=\/wp\/v2\/pages"}],"about":[{"href":"https:\/\/www.pewe-verlag.de\/index.php?rest_route=\/wp\/v2\/types\/page"}],"author":[{"embeddable":true,"href":"https:\/\/www.pewe-verlag.de\/index.php?rest_route=\/wp\/v2\/users\/1"}],"replies":[{"embeddable":true,"href":"https:\/\/www.pewe-verlag.de\/index.php?rest_route=%2Fwp%2Fv2%2Fcomments&post=2637"}],"version-history":[{"count":9,"href":"https:\/\/www.pewe-verlag.de\/index.php?rest_route=\/wp\/v2\/pages\/2637\/revisions"}],"predecessor-version":[{"id":2729,"href":"https:\/\/www.pewe-verlag.de\/index.php?rest_route=\/wp\/v2\/pages\/2637\/revisions\/2729"}],"wp:attachment":[{"href":"https:\/\/www.pewe-verlag.de\/index.php?rest_route=%2Fwp%2Fv2%2Fmedia&parent=2637"}],"curies":[{"name":"wp","href":"https:\/\/api.w.org\/{rel}","templated":true}]}}