{"id":292,"date":"2019-09-13T16:26:12","date_gmt":"2019-09-13T14:26:12","guid":{"rendered":"https:\/\/modern.pewe-verlag.de\/?page_id=292"},"modified":"2026-04-07T13:26:20","modified_gmt":"2026-04-07T11:26:20","slug":"home","status":"publish","type":"page","link":"https:\/\/www.pewe-verlag.de\/","title":{"rendered":"Home"},"content":{"rendered":"<p>[et_pb_section fb_built=&#8220;1&#8243; admin_label=&#8220;Header&#8220; _builder_version=&#8220;4.16&#8243; background_color=&#8220;#efb700&#8243; width=&#8220;100%&#8220; width_tablet=&#8220;100%&#8220; width_phone=&#8220;&#8220; width_last_edited=&#8220;on|tablet&#8220; custom_padding=&#8220;|0px||||&#8220; global_colors_info=&#8220;{}&#8220;][et_pb_row _builder_version=&#8220;4.16&#8243; custom_margin=&#8220;||||false|false&#8220; locked=&#8220;off&#8220; global_colors_info=&#8220;{}&#8220;][et_pb_column type=&#8220;4_4&#8243; _builder_version=&#8220;4.16&#8243; global_colors_info=&#8220;{}&#8220;][et_pb_text _builder_version=&#8220;4.16&#8243; text_text_color=&#8220;#349fd8&#8243; text_font_size=&#8220;23px&#8220; header_font=&#8220;Abril Fatface||||||||&#8220; header_font_size=&#8220;46px&#8220; header_letter_spacing=&#8220;6px&#8220; header_line_height=&#8220;0.9em&#8220; header_2_font=&#8220;Abril Fatface||||||||&#8220; header_2_font_size=&#8220;56px&#8220; header_2_line_height=&#8220;1.1em&#8220; text_orientation=&#8220;center&#8220; background_layout=&#8220;dark&#8220; custom_padding=&#8220;|0px||||&#8220; header_font_size_tablet=&#8220;54px&#8220; header_font_size_phone=&#8220;34px&#8220; header_font_size_last_edited=&#8220;on|phone&#8220; header_2_font_size_tablet=&#8220;36px&#8220; header_2_font_size_phone=&#8220;24px&#8220; header_2_font_size_last_edited=&#8220;on|phone&#8220; text_text_align=&#8220;center&#8220; locked=&#8220;off&#8220; global_colors_info=&#8220;{}&#8220;]<\/p>\n<h1>Herzlich Willkommen<\/h1>\n<p>Ihr Verlag f\u00fcr anspruchsvolle Fachliteratur<\/p>\n<p>[\/et_pb_text][et_pb_divider _builder_version=&#8220;4.16&#8243; height_tablet=&#8220;290px&#8220; height_phone=&#8220;170px&#8220; height_last_edited=&#8220;on|phone&#8220; global_colors_info=&#8220;{}&#8220;][\/et_pb_divider][\/et_pb_column][\/et_pb_row][\/et_pb_section][et_pb_section fb_built=&#8220;1&#8243; make_equal=&#8220;on&#8220; use_custom_gutter=&#8220;on&#8220; specialty=&#8220;on&#8220; _builder_version=&#8220;4.16&#8243; background_color=&#8220;#f0b800&#8243; width=&#8220;100%&#8220; global_colors_info=&#8220;{}&#8220;][et_pb_column type=&#8220;1_2&#8243; specialty_columns=&#8220;2&#8243; _builder_version=&#8220;4.16&#8243; custom_padding=&#8220;|||&#8220; global_colors_info=&#8220;{}&#8220; custom_padding__hover=&#8220;|||&#8220;][et_pb_row_inner _builder_version=&#8220;4.16&#8243; global_colors_info=&#8220;{}&#8220;][et_pb_column_inner saved_specialty_column_type=&#8220;1_2&#8243; _builder_version=&#8220;4.16&#8243; global_colors_info=&#8220;{}&#8220;][et_pb_text _builder_version=&#8220;4.27.4&#8243; text_text_color=&#8220;#e0e0e0&#8243; text_font_size=&#8220;18px&#8220; text_line_height=&#8220;2em&#8220; header_2_text_color=&#8220;#ffffff&#8220; width=&#8220;80%&#8220; max_width=&#8220;80%&#8220; global_colors_info=&#8220;{}&#8220;]<\/p>\n<h2 style=\"text-align: left; padding-left: 40px;\"><span style=\"color: #000000;\">B\u00fccher in Vorbereitung \/ Books in preparation<\/span><\/h2>\n<p>&nbsp;<\/p>\n<p>[\/et_pb_text][et_pb_text _builder_version=&#8220;4.27.4&#8243; _module_preset=&#8220;default&#8220; hover_enabled=&#8220;0&#8243; global_colors_info=&#8220;{}&#8220; sticky_enabled=&#8220;0&#8243;]<\/p>\n<h3 style=\"text-align: left; padding-left: 40px;\"><span style=\"color: #000000;\"><span style=\"font-size: 12pt;\"><strong>AegHam 6:<\/strong>\u00a0C. Benavente Vicente, Untersuchung zum Gott Mahes und seiner Bedeutung im Alten \u00c4gypten<\/span><\/span><\/h3>\n<h3 style=\"text-align: left; padding-left: 40px;\"><span style=\"color: #000000;\"><span style=\"font-size: 12pt;\"><strong>TSH II:<\/strong>\u00a0F. Bachmann, Urukzeit. Stratigraphie und Architektur \u2014 <a style=\"color: #3366ff;\" href=\"https:\/\/www.pewe-verlag.de\/?page_id=3160\">neu<\/a><\/span><\/span><\/h3>\n<h3 style=\"text-align: left; padding-left: 40px;\"><span style=\"color: #000000;\"><span style=\"font-size: 12pt;\"><strong>ExA 2:<\/strong>\u00a0K. Radner \/ A. Squitieri (eds.), Assur 2024. Continuing the excavations in the New Town and other research across the site \u2014 <a style=\"color: #3366ff;\" href=\"https:\/\/www.pewe-verlag.de\/?page_id=3198\">neu<\/a> <\/span><\/span><\/h3>\n<h3 style=\"text-align: left; padding-left: 40px;\"><span style=\"color: #000000;\"><span style=\"font-size: 12pt;\"><strong>BBVO 31:<\/strong> Czichon\/Fischer\/Kitazumi, Sprachwissenschaftliche und kulturhistorische Reflexionen. <em>Festschrift zu Ehren von J\u00f6rg Klinger<\/em>. \u2014 <a style=\"color: #3366ff;\" href=\"https:\/\/www.pewe-verlag.de\/?page_id=3361\">neu<\/a><\/span><\/span><\/span><\/h3>\n<h3 style=\"text-align: left; padding-left: 40px;\"><span style=\"color: #000000;\"><span style=\"font-size: 12pt;\"><strong>4P-6:<\/strong> J. Richter, Iron Age microdebris from the Dinka Settlement Complex, 2015\u20132021. A critical study of methods and materials<\/span><\/span><\/h3>\n<h3 style=\"text-align: left; padding-left: 40px;\"><span style=\"color: #000000;\"><span style=\"font-size: 12pt;\"><strong>SIKS 4:<\/strong>\u00a0P. Collombert \/ F. Schuler, L\u2019\u00e9gyptologue et l\u2019architecte. Entretiens avec Helen et Jean Jacquet \u2014 <a style=\"color: #3366ff;\" href=\"https:\/\/www.pewe-verlag.de\/?page_id=2975\">neu<\/a><\/span><\/span><\/h3>\n<h3 style=\"text-align: left; padding-left: 40px;\"><span style=\"color: #000000;\"><span style=\"font-size: 12pt;\"><strong>Phellos:<\/strong> O. H\u00fclden \/ M. Zimmermann, Phellos. Geschichte und Arch\u00e4ologie einer zentrallykischen Stadtanlage und ihrer Nekropolen \u2014 <a style=\"color: #3366ff;\" href=\"https:\/\/www.pewe-verlag.de\/?page_id=3238\">neu<\/a><\/span><\/span><\/span><\/h3>\n<h3 style=\"text-align: left; padding-left: 40px;\"><span style=\"color: #000000;\"><span style=\"font-size: 12pt;\"><strong>MAAO 11:<\/strong> H. Maa\u00df, Die Entwicklung erdbebensicherer Bautechniken in der Fr\u00fchen und Mittleren Eisenzeit in Ostanatolien \u2014 <a style=\"color: #3366ff;\" href=\"https:\/\/www.pewe-verlag.de\/?page_id=3341\">neu<\/a><\/span><\/span><\/span><\/h3>\n<p>&nbsp;[\/et_pb_text][\/et_pb_column_inner][\/et_pb_row_inner][\/et_pb_column][et_pb_column type=&#8220;1_2&#8243; _builder_version=&#8220;4.16&#8243; custom_padding=&#8220;|||&#8220; global_colors_info=&#8220;{}&#8220; custom_padding__hover=&#8220;|||&#8220;][et_pb_text _builder_version=&#8220;4.27.4&#8243; text_font=&#8220;||||||||&#8220; text_text_color=&#8220;#000000&#8243; text_font_size=&#8220;18px&#8220; text_line_height=&#8220;2em&#8220; header_2_font=&#8220;Abril Fatface||||||||&#8220; header_2_font_size=&#8220;56px&#8220; header_2_line_height=&#8220;1.1em&#8220; max_width=&#8220;640px&#8220; text_font_size_tablet=&#8220;&#8220; text_font_size_phone=&#8220;14px&#8220; text_font_size_last_edited=&#8220;on|desktop&#8220; text_line_height_tablet=&#8220;&#8220; text_line_height_phone=&#8220;1.6em&#8220; text_line_height_last_edited=&#8220;on|desktop&#8220; header_2_font_size_tablet=&#8220;36px&#8220; header_2_font_size_phone=&#8220;24px&#8220; header_2_font_size_last_edited=&#8220;on|phone&#8220; locked=&#8220;off&#8220; global_colors_info=&#8220;{}&#8220;]<\/p>\n<h2><span style=\"font-family: 'book antiqua', palatino;\">PeWe-Verlag<\/span><\/h2>\n<p>Wir sind ein Verlag f\u00fcr wissenschaftliche Literatur. Unser Sortiment legt seinen Schwerpunkt auf die Arch\u00e4ologie und die Kultur des Alten Orient sowie die \u00c4gyptologie.<\/p>\n<p>&nbsp;<\/p>\n<h3>Verst\u00e4rkung f\u00fcr unser Team!<\/h3>\n<p><strong>Christina Vogt<\/strong> Mag. Phil.<br \/>\nAdditional Editor<br \/>\nund <br \/>Verlagsredaktion<\/p>\n<p>[\/et_pb_text][\/et_pb_column][\/et_pb_section][et_pb_section fb_built=&#8220;1&#8243; admin_label=&#8220;Events&#8220; _builder_version=&#8220;4.16&#8243; min_height=&#8220;690px&#8220; custom_padding=&#8220;0px|||||&#8220; global_colors_info=&#8220;{}&#8220;][et_pb_row custom_padding_last_edited=&#8220;on|phone&#8220; _builder_version=&#8220;4.16&#8243; background_color=&#8220;#f2ece1&#8243; transform_translate_linked=&#8220;off&#8220; width=&#8220;100%&#8220; width_tablet=&#8220;100%&#8220; width_phone=&#8220;&#8220; width_last_edited=&#8220;on|phone&#8220; custom_margin=&#8220;||||false|false&#8220; custom_margin_tablet=&#8220;||||false|false&#8220; custom_margin_last_edited=&#8220;off|phone&#8220; custom_padding=&#8220;60px|10%|0px|10%|false|true&#8220; custom_padding_tablet=&#8220;&#8220; custom_padding_phone=&#8220;30px|20px||20px|false|true&#8220; global_colors_info=&#8220;{}&#8220;][et_pb_column type=&#8220;4_4&#8243; _builder_version=&#8220;4.16&#8243; global_colors_info=&#8220;{}&#8220;][et_pb_text _builder_version=&#8220;4.16&#8243; text_font=&#8220;||||||||&#8220; text_text_color=&#8220;#000000&#8243; text_font_size=&#8220;18px&#8220; text_line_height=&#8220;2em&#8220; link_font=&#8220;||||on||||&#8220; link_text_color=&#8220;#000000&#8243; header_3_font=&#8220;|700|||||||&#8220; header_3_font_size=&#8220;23px&#8220; header_3_line_height=&#8220;1.5em&#8220; header_4_font=&#8220;|700||on|||||&#8220; header_4_font_size=&#8220;13px&#8220; header_4_letter_spacing=&#8220;1px&#8220; header_4_line_height=&#8220;1.5em&#8220; max_width=&#8220;800px&#8220; text_line_height_tablet=&#8220;&#8220; text_line_height_phone=&#8220;1.6em&#8220; text_line_height_last_edited=&#8220;on|phone&#8220; header_3_font_size_tablet=&#8220;16px&#8220; header_3_font_size_phone=&#8220;14px&#8220; header_3_font_size_last_edited=&#8220;on|phone&#8220; header_4_font_size_tablet=&#8220;16px&#8220; header_4_font_size_phone=&#8220;14px&#8220; header_4_font_size_last_edited=&#8220;off|desktop&#8220; locked=&#8220;off&#8220; global_colors_info=&#8220;{}&#8220;]<\/p>\n<h3>Verlagsauslieferung<\/h3>\n<p>Seit Juli 2018 arbeiten wir mit der Verlagsauslieferung Runge zusammen. Alle ab diesen Zeitpunkt erscheinenden B\u00fccher werden \u00fcber unseren Kooperationspartner ausgeliefert, die Altbest\u00e4nde nach wie vor durch den Verlag.<\/p>\n<p>[\/et_pb_text][et_pb_text _builder_version=&#8220;4.16&#8243; header_font=&#8220;||||||||&#8220; header_3_font=&#8220;Abril Fatface||||||||&#8220; header_3_font_size=&#8220;38px&#8220; header_3_line_height=&#8220;1.1em&#8220; header_4_font=&#8220;|700||on|||||&#8220; header_4_font_size=&#8220;13px&#8220; header_4_letter_spacing=&#8220;1px&#8220; header_4_line_height=&#8220;1.5em&#8220; transform_scale_last_edited=&#8220;off|desktop&#8220; transform_translate_phone=&#8220;-63px|-4px&#8220; transform_translate_last_edited=&#8220;off|desktop&#8220; transform_rotate_last_edited=&#8220;off|desktop&#8220; transform_skew_last_edited=&#8220;off|desktop&#8220; transform_origin_last_edited=&#8220;off|desktop&#8220; transform_styles_last_edited=&#8220;off|desktop&#8220; max_width=&#8220;640px&#8220; custom_margin=&#8220;||||false|false&#8220; header_3_font_size_tablet=&#8220;28px&#8220; header_3_font_size_phone=&#8220;18px&#8220; header_3_font_size_last_edited=&#8220;on|phone&#8220; header_4_font_size_tablet=&#8220;16px&#8220; header_4_font_size_phone=&#8220;14px&#8220; header_4_font_size_last_edited=&#8220;off|desktop&#8220; locked=&#8220;off&#8220; global_colors_info=&#8220;{}&#8220;]<\/p>\n<h3>An Autoren und Herausgeber<\/h3>\n<h4>Wir erweitern unsere Literaturbereiche<\/h4>\n<p>[\/et_pb_text][et_pb_text _builder_version=&#8220;4.16&#8243; text_font=&#8220;||||||||&#8220; text_text_color=&#8220;#000000&#8243; text_font_size=&#8220;18px&#8220; text_line_height=&#8220;2em&#8220; transform_scale_tablet=&#8220;110%|110%&#8220; transform_scale_last_edited=&#8220;off|desktop&#8220; transform_translate_tablet=&#8220;-50px|-8px&#8220; transform_translate_phone=&#8220;-113px|-1px&#8220; transform_translate_last_edited=&#8220;off|desktop&#8220; transform_rotate_last_edited=&#8220;off|desktop&#8220; transform_skew_last_edited=&#8220;off|desktop&#8220; transform_origin_last_edited=&#8220;off|desktop&#8220; transform_styles_last_edited=&#8220;off|desktop&#8220; max_width=&#8220;499px&#8220; custom_margin=&#8220;||||false|false&#8220; custom_padding=&#8220;||||false|false&#8220; custom_padding_last_edited=&#8220;off|desktop&#8220; text_font_size_tablet=&#8220;&#8220; text_font_size_phone=&#8220;14px&#8220; text_font_size_last_edited=&#8220;on|desktop&#8220; text_line_height_tablet=&#8220;&#8220; text_line_height_phone=&#8220;1.6em&#8220; text_line_height_last_edited=&#8220;on|phone&#8220; locked=&#8220;off&#8220; global_colors_info=&#8220;{}&#8220;]Unser Verlagsprogramm soll nicht auf diese Disziplinen begrenzt bleiben, sondern nach und nach um andere Literaturbereiche erweitert werden. Autoren und Herausgeber sind daher eingeladen, Kontakt mit uns aufzunehmen und ihre Buchprojekte gemeinsam mit uns zu realisieren.[\/et_pb_text][et_pb_button button_url=&#8220;https:\/\/www.pewe-verlag.de\/?page_id=9&#8243; button_text=&#8220;Jetzt kontakt aufnehmen!&#8220; button_alignment=&#8220;right&#8220; _builder_version=&#8220;4.16&#8243; custom_button=&#8220;on&#8220; button_text_size=&#8220;14px&#8220; button_text_color=&#8220;#000000&#8243; button_bg_color=&#8220;#ffffff&#8220; button_border_width=&#8220;0px&#8220; button_border_radius=&#8220;0px&#8220; button_letter_spacing=&#8220;1px&#8220; button_font=&#8220;|700||on|||||&#8220; custom_margin=&#8220;|-60px|||false|false&#8220; custom_padding=&#8220;16px|88px|16px|88px|true|true&#8220; locked=&#8220;off&#8220; global_colors_info=&#8220;{}&#8220;][\/et_pb_button][\/et_pb_column][\/et_pb_row][\/et_pb_section]<\/p>\n","protected":false},"excerpt":{"rendered":"<p>Herzlich Willkommen Ihr Verlag f\u00fcr anspruchsvolle FachliteraturB\u00fccher in Vorbereitung \/ Books in preparation &nbsp;AegHam 6:\u00a0C. Benavente Vicente, Untersuchung zum Gott Mahes und seiner Bedeutung im Alten \u00c4gypten TSH II:\u00a0F. Bachmann, Urukzeit. Stratigraphie und Architektur \u2014 neu ExA 2:\u00a0K. Radner \/ A. Squitieri (eds.), Assur 2024. Continuing the excavations in the New Town and other research [&hellip;]<\/p>\n","protected":false},"author":1,"featured_media":0,"parent":0,"menu_order":0,"comment_status":"closed","ping_status":"closed","template":"","meta":{"_et_pb_use_builder":"on","_et_pb_old_content":"","_et_gb_content_width":"","footnotes":""},"class_list":["post-292","page","type-page","status-publish","hentry"],"_links":{"self":[{"href":"https:\/\/www.pewe-verlag.de\/index.php?rest_route=\/wp\/v2\/pages\/292","targetHints":{"allow":["GET"]}}],"collection":[{"href":"https:\/\/www.pewe-verlag.de\/index.php?rest_route=\/wp\/v2\/pages"}],"about":[{"href":"https:\/\/www.pewe-verlag.de\/index.php?rest_route=\/wp\/v2\/types\/page"}],"author":[{"embeddable":true,"href":"https:\/\/www.pewe-verlag.de\/index.php?rest_route=\/wp\/v2\/users\/1"}],"replies":[{"embeddable":true,"href":"https:\/\/www.pewe-verlag.de\/index.php?rest_route=%2Fwp%2Fv2%2Fcomments&post=292"}],"version-history":[{"count":111,"href":"https:\/\/www.pewe-verlag.de\/index.php?rest_route=\/wp\/v2\/pages\/292\/revisions"}],"predecessor-version":[{"id":3379,"href":"https:\/\/www.pewe-verlag.de\/index.php?rest_route=\/wp\/v2\/pages\/292\/revisions\/3379"}],"wp:attachment":[{"href":"https:\/\/www.pewe-verlag.de\/index.php?rest_route=%2Fwp%2Fv2%2Fmedia&parent=292"}],"curies":[{"name":"wp","href":"https:\/\/api.w.org\/{rel}","templated":true}]}}