{"id":2975,"date":"2024-08-05T09:42:33","date_gmt":"2024-08-05T07:42:33","guid":{"rendered":"https:\/\/www.pewe-verlag.de\/?page_id=2975"},"modified":"2024-11-25T09:16:13","modified_gmt":"2024-11-25T08:16:13","slug":"siks-4","status":"publish","type":"page","link":"https:\/\/www.pewe-verlag.de\/?page_id=2975","title":{"rendered":"SIKS-4"},"content":{"rendered":"<p>[et_pb_section fb_built=&#8220;1&#8243; make_equal=&#8220;on&#8220; use_custom_gutter=&#8220;on&#8220; specialty=&#8220;on&#8220; _builder_version=&#8220;3.27.3&#8243; width=&#8220;100%&#8220;][et_pb_column type=&#8220;1_2&#8243; specialty_columns=&#8220;2&#8243; _builder_version=&#8220;3.25&#8243; custom_padding=&#8220;|||&#8220; custom_padding__hover=&#8220;|||&#8220;][et_pb_row_inner _builder_version=&#8220;3.27.3&#8243;][et_pb_column_inner saved_specialty_column_type=&#8220;1_2&#8243; _builder_version=&#8220;3.27.3&#8243;][et_pb_image src=&#8220;https:\/\/www.pewe-verlag.de\/wp-content\/uploads\/2024\/08\/siks-4.jpg&#8220; _builder_version=&#8220;4.0.6&#8243;][\/et_pb_image][et_pb_text _builder_version=&#8220;4.0.6&#8243; text_font=&#8220;Trebuchet||||||||&#8220; text_font_size=&#8220;15px&#8220; custom_padding=&#8220;|185px||||&#8220; hover_enabled=&#8220;0&#8243;]<\/p>\n<p><strong>Philippe Collombert\/Fran\u00e7ois Schuller<\/strong><br \/>\n<em>L\u2019\u00e9gyptologue et l\u2019architecte.<\/em><br \/>\nEntretiens avec Helen et Jean Jacquet<\/p>\n<p>SIK Sonderschriften \u2014 Band 4<\/p>\n<p>Format: 17 x 24 cm\u00a0\u2014 Softcover<br \/>\nUmfang:\u00a0204 Seiten, mehr als 164, teils farbige Abbildungen, sowie 2 Karten im Text<\/p>\n<p><a href=\"https:\/\/www.pewe-verlag.de\/res\/liber67-argumentum.pdf\" target=\"_blank\" rel=\"noopener noreferrer\"> Inhalt \/ Content<\/a><\/p>\n<p>ISBN: 978-3-935012-67-6<br \/>\nPreis: 29,80 \u20ac<br \/>\n\u00a9 PeWe-Verlag 2024<\/p>\n<p>&nbsp;<\/p>\n<p>[\/et_pb_text][\/et_pb_column_inner][\/et_pb_row_inner][et_pb_row_inner _builder_version=&#8220;3.27.3&#8243;][et_pb_column_inner saved_specialty_column_type=&#8220;1_2&#8243; _builder_version=&#8220;3.27.3&#8243;][et_pb_button button_url=&#8220;@ET-DC@eyJkeW5hbWljIjp0cnVlLCJjb250ZW50IjoicG9zdF9saW5rX3VybF9wYWdlIiwic2V0dGluZ3MiOnsicG9zdF9pZCI6IjI4NyJ9fQ==@&#8220; url_new_window=&#8220;on&#8220; button_text=&#8220;BUCH ANFRAGEN&#8220; button_alignment=&#8220;left&#8220; _builder_version=&#8220;4.0.6&#8243; _dynamic_attributes=&#8220;button_url&#8220; custom_button=&#8220;on&#8220; button_text_size=&#8220;19px&#8220; button_text_color=&#8220;#349fd8&#8243; button_border_radius=&#8220;12px&#8220; button_font=&#8220;Antic||||||||&#8220; button_icon=&#8220;%%49%%&#8220; button_icon_color=&#8220;#29b71f&#8220; transform_translate=&#8220;-3px|-51px&#8220; filter_saturate=&#8220;110%&#8220; filter_brightness=&#8220;109%&#8220;][\/et_pb_button][et_pb_button button_url=&#8220;@ET-DC@eyJkeW5hbWljIjp0cnVlLCJjb250ZW50IjoicG9zdF9saW5rX3VybF9wYWdlIiwic2V0dGluZ3MiOnsicG9zdF9pZCI6IjI4NyJ9fQ==@&#8220; url_new_window=&#8220;on&#8220; button_text=&#8220;REQUEST BOOK&#8220; button_alignment=&#8220;left&#8220; _builder_version=&#8220;4.0.6&#8243; _dynamic_attributes=&#8220;button_url&#8220; custom_button=&#8220;on&#8220; button_text_size=&#8220;19px&#8220; button_text_color=&#8220;#349fd8&#8243; button_border_radius=&#8220;12px&#8220; button_font=&#8220;Antic||||||||&#8220; button_icon=&#8220;%%49%%&#8220; button_icon_color=&#8220;#29b71f&#8220; transform_translate=&#8220;-3px|-51px&#8220; filter_saturate=&#8220;110%&#8220; filter_brightness=&#8220;109%&#8220;][\/et_pb_button][\/et_pb_column_inner][\/et_pb_row_inner][\/et_pb_column][et_pb_column type=&#8220;1_2&#8243; _builder_version=&#8220;3.25&#8243; custom_padding=&#8220;|||&#8220; custom_padding__hover=&#8220;|||&#8220;][et_pb_text _builder_version=&#8220;4.0.6&#8243; text_font_size=&#8220;17px&#8220; transform_scale_tablet=&#8220;&#8220; transform_scale_phone=&#8220;&#8220; transform_scale_last_edited=&#8220;on|tablet&#8220; transform_translate=&#8220;100px|-30px&#8220; transform_translate_tablet=&#8220;199px|-42px&#8220; transform_translate_phone=&#8220;&#8220; transform_translate_last_edited=&#8220;on|tablet&#8220; transform_rotate_tablet=&#8220;&#8220; transform_rotate_phone=&#8220;&#8220; transform_rotate_last_edited=&#8220;on|tablet&#8220; transform_skew_tablet=&#8220;&#8220; transform_skew_phone=&#8220;&#8220; transform_skew_last_edited=&#8220;on|tablet&#8220; transform_origin_tablet=&#8220;&#8220; transform_origin_phone=&#8220;&#8220; transform_origin_last_edited=&#8220;on|tablet&#8220; transform_styles_last_edited=&#8220;on|tablet&#8220; text_orientation=&#8220;justify&#8220; width=&#8220;120%&#8220; width_tablet=&#8220;100%&#8220; width_phone=&#8220;&#8220; width_last_edited=&#8220;on|tablet&#8220; max_width_tablet=&#8220;&#8220; max_width_phone=&#8220;&#8220; max_width_last_edited=&#8220;on|tablet&#8220; custom_margin=&#8220;|||-206px||&#8220; custom_padding=&#8220;|0px||0px||&#8220; transform_styles_tablet=&#8220;&#8220; transform_styles_phone=&#8220;&#8220; text_text_align=&#8220;justify&#8220;]<\/p>\n<p>Helen Jacquet Gordon (1918-2013) und Jean Jacquet (1921-2016) waren sowohl in der Stadt als auch bei der Arbeit ein Paar. Die \u00c4gyptologin und der Architekt erg\u00e4nzten sich hervorragend. Sie lernten sich 1956 in Mit Rahina auf \u00e4gyptischem Boden kennen und trennten sich danach nicht mehr voneinander. Diese Interviews, die am Abend ihres Lebens gef\u00fchrt wurden, erm\u00f6glichen es uns, sie n\u00e4her kennenzulernen und ihnen zu den verschiedenen Ausgrabungsst\u00e4tten zu folgen, an denen sie teilnahmen. Sie geben uns einen Einblick in ein weitgehend verschwundenes \u00c4gypten, aber auch in die epische Rettung der Tempel in Nubien, den Iran unter dem Schah, Tyrus im Libanon und vieles mehr.<br \/>\nDer Text wird durch zahlreiche Fotografien bereichert, die gr\u00f6\u00dftenteils aus ihren eigenen Archiven stammen.<\/p>\n<p>[\/et_pb_text][et_pb_text _builder_version=&#8220;4.0.6&#8243; text_font_size=&#8220;17px&#8220; transform_scale_tablet=&#8220;&#8220; transform_scale_phone=&#8220;&#8220; transform_scale_last_edited=&#8220;on|tablet&#8220; transform_translate=&#8220;95px|21px&#8220; transform_translate_tablet=&#8220;193px|-23px&#8220; transform_translate_phone=&#8220;&#8220; transform_translate_last_edited=&#8220;on|tablet&#8220; transform_rotate_tablet=&#8220;&#8220; transform_rotate_phone=&#8220;&#8220; transform_rotate_last_edited=&#8220;on|tablet&#8220; transform_skew_tablet=&#8220;&#8220; transform_skew_phone=&#8220;&#8220; transform_skew_last_edited=&#8220;on|tablet&#8220; transform_origin_tablet=&#8220;&#8220; transform_origin_phone=&#8220;&#8220; transform_origin_last_edited=&#8220;on|tablet&#8220; transform_styles_last_edited=&#8220;on|tablet&#8220; text_orientation=&#8220;justify&#8220; width=&#8220;120%&#8220; width_tablet=&#8220;100%&#8220; width_phone=&#8220;&#8220; width_last_edited=&#8220;on|tablet&#8220; custom_margin=&#8220;|||-201px||&#8220; custom_padding=&#8220;|0px||0px||&#8220; transform_styles_tablet=&#8220;&#8220; transform_styles_phone=&#8220;&#8220; border_width_top=&#8220;1px&#8220; border_color_top=&#8220;#349fd8&#8243; text_text_align=&#8220;justify&#8220;]<\/p>\n<p>&nbsp;<\/p>\n<p>Helen Jacquet Gordon (1918-2013) et Jean Jacquet (1921-2016) formaient un couple \u00e0 la ville comme dans le travail. Tr\u00e8s compl\u00e9mentaires \u2013 l\u2019\u00e9gyptologue et l\u2019architecte \u2013, ils se sont rencontr\u00e9s sur le sol \u00e9gyptien \u00e0 Mit Rahina en 1956 et ne se sont plus quitt\u00e9s ensuite. Ces entretiens, r\u00e9alis\u00e9s au soir de leur vie, permettent de faire avec eux plus ample connaissance et de les suivre sur les diff\u00e9rents chantiers de fouilles auxquels ils ont particip\u00e9. Ils nous permettent d\u2019entrevoir, par leur t\u00e9moignage fid\u00e8le autant que savoureux, une \u00c9gypte aujourd\u2019hui largement disparue, mais aussi l\u2019\u00e9pop\u00e9e du sauvetage des temples de Nubie, l\u2019Iran du Shah, Tyr au Liban, etc.<br \/>\nLe texte est enrichi de nombreuses photographies issues pour l\u2019essentiel de leurs propres archives.<\/p>\n<p>[\/et_pb_text][\/et_pb_column][\/et_pb_section]<\/p>\n","protected":false},"excerpt":{"rendered":"<p>Philippe Collombert\/Fran\u00e7ois Schuller L\u2019\u00e9gyptologue et l\u2019architecte. Entretiens avec Helen et Jean Jacquet SIK Sonderschriften \u2014 Band 4 Format: 17 x 24 cm\u00a0\u2014 Softcover Umfang:\u00a0204 Seiten, mehr als 164, teils farbige Abbildungen, sowie 2 Karten im Text Inhalt \/ Content ISBN: 978-3-935012-67-6 Preis: 29,80 \u20ac \u00a9 PeWe-Verlag 2024 &nbsp; Helen Jacquet Gordon (1918-2013) und Jean Jacquet [&hellip;]<\/p>\n","protected":false},"author":1,"featured_media":0,"parent":0,"menu_order":0,"comment_status":"closed","ping_status":"closed","template":"","meta":{"_et_pb_use_builder":"on","_et_pb_old_content":"","_et_gb_content_width":"","footnotes":""},"class_list":["post-2975","page","type-page","status-publish","hentry"],"_links":{"self":[{"href":"https:\/\/www.pewe-verlag.de\/index.php?rest_route=\/wp\/v2\/pages\/2975","targetHints":{"allow":["GET"]}}],"collection":[{"href":"https:\/\/www.pewe-verlag.de\/index.php?rest_route=\/wp\/v2\/pages"}],"about":[{"href":"https:\/\/www.pewe-verlag.de\/index.php?rest_route=\/wp\/v2\/types\/page"}],"author":[{"embeddable":true,"href":"https:\/\/www.pewe-verlag.de\/index.php?rest_route=\/wp\/v2\/users\/1"}],"replies":[{"embeddable":true,"href":"https:\/\/www.pewe-verlag.de\/index.php?rest_route=%2Fwp%2Fv2%2Fcomments&post=2975"}],"version-history":[{"count":15,"href":"https:\/\/www.pewe-verlag.de\/index.php?rest_route=\/wp\/v2\/pages\/2975\/revisions"}],"predecessor-version":[{"id":3122,"href":"https:\/\/www.pewe-verlag.de\/index.php?rest_route=\/wp\/v2\/pages\/2975\/revisions\/3122"}],"wp:attachment":[{"href":"https:\/\/www.pewe-verlag.de\/index.php?rest_route=%2Fwp%2Fv2%2Fmedia&parent=2975"}],"curies":[{"name":"wp","href":"https:\/\/api.w.org\/{rel}","templated":true}]}}