{"id":3160,"date":"2025-01-16T11:16:07","date_gmt":"2025-01-16T10:16:07","guid":{"rendered":"https:\/\/www.pewe-verlag.de\/?page_id=3160"},"modified":"2025-02-24T08:33:05","modified_gmt":"2025-02-24T07:33:05","slug":"tsh-ii","status":"publish","type":"page","link":"https:\/\/www.pewe-verlag.de\/?page_id=3160","title":{"rendered":"TSH-II"},"content":{"rendered":"<p>[et_pb_section fb_built=&#8220;1&#8243; make_equal=&#8220;on&#8220; use_custom_gutter=&#8220;on&#8220; specialty=&#8220;on&#8220; _builder_version=&#8220;4.16&#8243; width=&#8220;100%&#8220; global_colors_info=&#8220;{}&#8220;][et_pb_column type=&#8220;1_2&#8243; specialty_columns=&#8220;2&#8243; _builder_version=&#8220;4.16&#8243; custom_padding=&#8220;|||&#8220; global_colors_info=&#8220;{}&#8220; custom_padding__hover=&#8220;|||&#8220;][et_pb_row_inner _builder_version=&#8220;4.16&#8243; global_colors_info=&#8220;{}&#8220;][et_pb_column_inner saved_specialty_column_type=&#8220;1_2&#8243; _builder_version=&#8220;4.16&#8243; global_colors_info=&#8220;{}&#8220;][et_pb_image src=&#8220;https:\/\/www.pewe-verlag.de\/wp-content\/uploads\/2025\/01\/tsh-2.png&#8220; title_text=&#8220;tsh-2&#8243; _builder_version=&#8220;4.27.4&#8243; global_colors_info=&#8220;{}&#8220;][\/et_pb_image][et_pb_text _builder_version=&#8220;4.27.4&#8243; text_font=&#8220;Trebuchet||||||||&#8220; text_font_size=&#8220;15px&#8220; custom_padding=&#8220;|185px||||&#8220; hover_enabled=&#8220;0&#8243; global_colors_info=&#8220;{}&#8220; sticky_enabled=&#8220;0&#8243;]<\/p>\n<p><strong>Friederike Bachmann<\/strong><br \/>\nUrukzeit. Stratigraphie und Architektur<\/p>\n<p>Ausgrabungen in Tell Sheikh Hassan, Band II<br \/>\nHerausgegeben von Friederike Bachmann<\/p>\n<p>Format: 30,3 x 21,5 cm\u00a0\u2014 Hardcover<br \/>\nUmfang: 202 Seiten, mit 177 meist farbigen Abbildungen und 19 Pl\u00e4nen<\/p>\n<p><a href=\"https:\/\/www.pewe-verlag.de\/res\/liber68-argumentum.pdf\" target=\"_blank\" rel=\"noopener noreferrer\">Inhalt \/ Content<\/a><\/p>\n<p>ISBN:\u00a0978-3-935012-68-3<br \/>\nPreis: 65,00 \u20ac<br \/>\n\u00a9 PeWe-Verlag 2025<\/p>\n<\/p>\n<p>[\/et_pb_text][\/et_pb_column_inner][\/et_pb_row_inner][et_pb_row_inner _builder_version=&#8220;4.16&#8243; global_colors_info=&#8220;{}&#8220;][et_pb_column_inner saved_specialty_column_type=&#8220;1_2&#8243; _builder_version=&#8220;4.16&#8243; global_colors_info=&#8220;{}&#8220;][et_pb_button button_url=&#8220;@ET-DC@eyJkeW5hbWljIjp0cnVlLCJjb250ZW50IjoicG9zdF9saW5rX3VybF9wYWdlIiwic2V0dGluZ3MiOnsicG9zdF9pZCI6IjI4NyJ9fQ==@&#8220; url_new_window=&#8220;on&#8220; button_text=&#8220;BUCH BESTELLEN&#8220; button_alignment=&#8220;left&#8220; _builder_version=&#8220;4.16&#8243; _dynamic_attributes=&#8220;button_url&#8220; custom_button=&#8220;on&#8220; button_text_size=&#8220;19px&#8220; button_text_color=&#8220;#349fd8&#8243; button_border_radius=&#8220;12px&#8220; button_font=&#8220;Antic||||||||&#8220; button_icon=&#8220;&#x52;||divi||400&#8243; button_icon_color=&#8220;#29b71f&#8220; transform_translate=&#8220;-3px|-51px&#8220; filter_saturate=&#8220;110%&#8220; filter_brightness=&#8220;109%&#8220; global_colors_info=&#8220;{}&#8220;][\/et_pb_button][et_pb_button button_url=&#8220;@ET-DC@eyJkeW5hbWljIjp0cnVlLCJjb250ZW50IjoicG9zdF9saW5rX3VybF9wYWdlIiwic2V0dGluZ3MiOnsicG9zdF9pZCI6IjI4NyJ9fQ==@&#8220; url_new_window=&#8220;on&#8220; button_text=&#8220;REQUEST BOOK&#8220; button_alignment=&#8220;left&#8220; _builder_version=&#8220;4.16&#8243; _dynamic_attributes=&#8220;button_url&#8220; custom_button=&#8220;on&#8220; button_text_size=&#8220;19px&#8220; button_text_color=&#8220;#349fd8&#8243; button_border_radius=&#8220;12px&#8220; button_font=&#8220;Antic||||||||&#8220; button_icon=&#8220;&#x52;||divi||400&#8243; button_icon_color=&#8220;#29b71f&#8220; transform_translate=&#8220;-3px|-51px&#8220; filter_saturate=&#8220;110%&#8220; filter_brightness=&#8220;109%&#8220; global_colors_info=&#8220;{}&#8220;][\/et_pb_button][\/et_pb_column_inner][\/et_pb_row_inner][\/et_pb_column][et_pb_column type=&#8220;1_2&#8243; _builder_version=&#8220;4.16&#8243; custom_padding=&#8220;|||&#8220; global_colors_info=&#8220;{}&#8220; custom_padding__hover=&#8220;|||&#8220;][et_pb_text _builder_version=&#8220;4.27.4&#8243; text_font_size=&#8220;17px&#8220; transform_scale_tablet=&#8220;&#8220; transform_scale_phone=&#8220;&#8220; transform_scale_last_edited=&#8220;on|phone&#8220; transform_translate_tablet=&#8220;103px|-37px&#8220; transform_translate_phone=&#8220;&#8220; transform_translate_last_edited=&#8220;on|phone&#8220; transform_rotate_tablet=&#8220;&#8220; transform_rotate_phone=&#8220;&#8220; transform_rotate_last_edited=&#8220;on|phone&#8220; transform_skew_tablet=&#8220;&#8220; transform_skew_phone=&#8220;&#8220; transform_skew_last_edited=&#8220;on|phone&#8220; transform_origin_tablet=&#8220;&#8220; transform_origin_phone=&#8220;&#8220; transform_origin_last_edited=&#8220;on|phone&#8220; transform_styles_last_edited=&#8220;on|phone&#8220; text_orientation=&#8220;justify&#8220; width=&#8220;120%&#8220; width_tablet=&#8220;100%&#8220; width_phone=&#8220;&#8220; width_last_edited=&#8220;on|phone&#8220; custom_margin=&#8220;|||-117px||&#8220; custom_padding=&#8220;|0px||0px||&#8220; transform_styles_tablet=&#8220;&#8220; transform_styles_phone=&#8220;&#8220; text_text_align=&#8220;justify&#8220; global_colors_info=&#8220;{}&#8220;]<\/p>\n<p>Zwischen 1984 und 1997 wurde im Rahmen von Rettungsgrabungen der S\u00fcdbereich der urspr\u00fcnglich etwa einen Hektar gro\u00dfen Siedlung mit einer starken Befestigung und zahlreichen Baubefunden freigelegt. Der vorliegende Band pr\u00e4sentiert die neu \u00fcberarbeitete Stratigraphie und die architektonischen Befunde, erg\u00e4nzt durch eine Diskussion der Schnittprofile und durch zahlreiche Abbildungen.<\/ br><br \/>\nTell Sheikh Hassan z\u00e4hlt zu jenen Siedlungsh\u00fcgeln am syrischen Euphrat, deren Funde und Befunde einen wesentlichen Beitrag zur sogenannten Uruk-Zeit (ca. 3900 \u2013 3100 v. Chr.) liefern. Dies begr\u00fcndet sich im Besonderen dadurch, dass diese Siedlung in die Mittlere Urukzeit datiert und damit Habuba Kabira-S\u00fcd und Jebel Aruda auf dem gegen\u00fcber liegenden Flussufer zeitlich vorausgeht, was vor allem durch die in einem Folgeband vorgestellten Funde deutlich gemacht wird.<\/ br><br \/>\nMit den neuesten Publikationen zu den Grabungsergebnissen aus Habuba Kabira-S\u00fcd und Jebel Aruda stellt dieser Band nun einen weiteren wichtigen Beitrag zur Erforschung einer spannenden und immer noch kontrovers diskutierten Kulturepoche dar.<\/p>\n<p>[\/et_pb_text][et_pb_text _builder_version=&#8220;4.27.4&#8243; text_font_size=&#8220;17px&#8220; transform_scale_tablet=&#8220;&#8220; transform_scale_phone=&#8220;&#8220; transform_scale_last_edited=&#8220;on|phone&#8220; transform_translate_tablet=&#8220;94px|-43px&#8220; transform_translate_phone=&#8220;100px|-31px&#8220; transform_translate_last_edited=&#8220;on|phone&#8220; transform_rotate_tablet=&#8220;&#8220; transform_rotate_phone=&#8220;&#8220; transform_rotate_last_edited=&#8220;on|phone&#8220; transform_skew_tablet=&#8220;&#8220; transform_skew_phone=&#8220;&#8220; transform_skew_last_edited=&#8220;on|phone&#8220; transform_origin_tablet=&#8220;&#8220; transform_origin_phone=&#8220;&#8220; transform_origin_last_edited=&#8220;on|phone&#8220; transform_styles_last_edited=&#8220;on|phone&#8220; text_orientation=&#8220;justify&#8220; width=&#8220;120%&#8220; width_tablet=&#8220;100%&#8220; width_phone=&#8220;&#8220; width_last_edited=&#8220;on|phone&#8220; custom_margin=&#8220;|||-117px||&#8220; custom_padding=&#8220;|0px||0px||&#8220; transform_styles_tablet=&#8220;&#8220; transform_styles_phone=&#8220;&#8220; border_width_top=&#8220;1px&#8220; border_color_top=&#8220;#349fd8&#8243; text_text_align=&#8220;justify&#8220; global_colors_info=&#8220;{}&#8220;]<\/p>\n<p>&nbsp;<\/p>\n<p>Between 1984 and 1997, rescue excavations uncovered the southern part of the settlement, which originally covered around one hectare, with a strong fortification and numerous building features. This volume presents the newly revised stratigraphy and the architectural features, supplemented by a discussion of the sectional profiles and numerous illustrations.<br \/>\nTell Sheikh Hassan is one of the settlement mounds on the Syrian Euphrates whose finds and features make a significant contribution to the so-called Uruk period (ca. 3900 &#8211; 3100 BC). This is due in particular to the fact that this settlement dates to the Middle Uruk period and thus predates Habuba Kabira-South and Jebel Aruda on the opposite bank of the river, which is made clear above all by the finds presented in a subsequent volume.<br \/>\nWith the latest publications on the excavation results from Habuba Kabira South and Jebel Aruda, this volume now represents a further important contribution to research into an exciting and still controversially discussed cultural epoch.<\/p>\n<p>[\/et_pb_text][\/et_pb_column][\/et_pb_section]<\/p>\n","protected":false},"excerpt":{"rendered":"<p>Friederike Bachmann Urukzeit. Stratigraphie und Architektur Ausgrabungen in Tell Sheikh Hassan, Band II Herausgegeben von Friederike Bachmann Format: 30,3 x 21,5 cm\u00a0\u2014 Hardcover Umfang: 202 Seiten, mit 177 meist farbigen Abbildungen und 19 Pl\u00e4nen Inhalt \/ Content ISBN:\u00a0978-3-935012-68-3 Preis: 65,00 \u20ac \u00a9 PeWe-Verlag 2025 Zwischen 1984 und 1997 wurde im Rahmen von Rettungsgrabungen der S\u00fcdbereich [&hellip;]<\/p>\n","protected":false},"author":1,"featured_media":0,"parent":0,"menu_order":0,"comment_status":"closed","ping_status":"closed","template":"","meta":{"_et_pb_use_builder":"on","_et_pb_old_content":"","_et_gb_content_width":"","footnotes":""},"class_list":["post-3160","page","type-page","status-publish","hentry"],"_links":{"self":[{"href":"https:\/\/www.pewe-verlag.de\/index.php?rest_route=\/wp\/v2\/pages\/3160","targetHints":{"allow":["GET"]}}],"collection":[{"href":"https:\/\/www.pewe-verlag.de\/index.php?rest_route=\/wp\/v2\/pages"}],"about":[{"href":"https:\/\/www.pewe-verlag.de\/index.php?rest_route=\/wp\/v2\/types\/page"}],"author":[{"embeddable":true,"href":"https:\/\/www.pewe-verlag.de\/index.php?rest_route=\/wp\/v2\/users\/1"}],"replies":[{"embeddable":true,"href":"https:\/\/www.pewe-verlag.de\/index.php?rest_route=%2Fwp%2Fv2%2Fcomments&post=3160"}],"version-history":[{"count":10,"href":"https:\/\/www.pewe-verlag.de\/index.php?rest_route=\/wp\/v2\/pages\/3160\/revisions"}],"predecessor-version":[{"id":3180,"href":"https:\/\/www.pewe-verlag.de\/index.php?rest_route=\/wp\/v2\/pages\/3160\/revisions\/3180"}],"wp:attachment":[{"href":"https:\/\/www.pewe-verlag.de\/index.php?rest_route=%2Fwp%2Fv2%2Fmedia&parent=3160"}],"curies":[{"name":"wp","href":"https:\/\/api.w.org\/{rel}","templated":true}]}}