{"id":319,"date":"2019-09-13T19:41:57","date_gmt":"2019-09-13T17:41:57","guid":{"rendered":"https:\/\/modern.pewe-verlag.de\/?page_id=319"},"modified":"2024-11-20T09:19:18","modified_gmt":"2024-11-20T08:19:18","slug":"johanna-sigl","status":"publish","type":"page","link":"https:\/\/www.pewe-verlag.de\/?page_id=319","title":{"rendered":"Johanna Sigl"},"content":{"rendered":"<p>[et_pb_section fb_built=&#8220;1&#8243; make_equal=&#8220;on&#8220; use_custom_gutter=&#8220;on&#8220; specialty=&#8220;on&#8220; _builder_version=&#8220;3.27.3&#8243; width=&#8220;100%&#8220;][et_pb_column type=&#8220;1_2&#8243; specialty_columns=&#8220;2&#8243; _builder_version=&#8220;3.25&#8243; custom_padding=&#8220;|||&#8220; custom_padding__hover=&#8220;|||&#8220;][et_pb_row_inner _builder_version=&#8220;3.27.3&#8243;][et_pb_column_inner saved_specialty_column_type=&#8220;1_2&#8243; _builder_version=&#8220;3.27.3&#8243;][et_pb_image src=&#8220;https:\/\/pw.ulikes.de\/wp\/files\/wp-content\/uploads\/2024\/11\/syene2.jpg&#8220; _builder_version=&#8220;4.0.6&#8243; hover_enabled=&#8220;0&#8243;][\/et_pb_image][\/et_pb_column_inner][\/et_pb_row_inner][et_pb_row_inner _builder_version=&#8220;3.27.3&#8243;][et_pb_column_inner saved_specialty_column_type=&#8220;1_2&#8243; _builder_version=&#8220;3.27.3&#8243;][et_pb_text _builder_version=&#8220;4.0.5&#8243; text_font=&#8220;Trebuchet||||||||&#8220; text_font_size=&#8220;15px&#8220; custom_padding=&#8220;|185px||||&#8220;]<\/p>\n<p><strong>Johanna Sigl<\/strong><br \/>\nSyene II. Die Tierfunde aus den Grabungen von 2000 &#8211; 2009. Ein Beitrag zur Umwelt- und Kulturgeschichte einer ober\u00e4gyptischen Stadt von der pharaonischen Sp\u00e4t- bis in die Mameluckenzeit.<\/p>\n<p>Beitr\u00e4ge zur \u00e4gyptischen Bauforschung und Altertumskunde, Band 19<\/p>\n<p>Format: 35 x 24,5 cm &#8211; Hardcover<br \/>\nUmfang:\u00a0328 Seiten, mit 106 Abbildungen, davon 24 in Farbe, 1 CD-ROM<\/p>\n<p><a href=\"https:\/\/www.pewe-verlag.de\/res\/liber22-argumentum.pdf\" target=\"_blank\" rel=\"noopener noreferrer\">Inhalt \/ Content<\/a><\/p>\n<p>ISBN:\u00a0978-3-935012-22-5<br \/>\nPreis: 112,00 \u20ac<br \/>\n\u00a9 PeWe-Verlag 2017<\/p>\n<p>[\/et_pb_text][\/et_pb_column_inner][\/et_pb_row_inner][et_pb_row_inner _builder_version=&#8220;3.27.3&#8243; _dynamic_attributes=&#8220;link_option_url&#8220; link_option_url=&#8220;@ET-DC@eyJkeW5hbWljIjp0cnVlLCJjb250ZW50IjoicG9zdF9saW5rX3VybF9wYWdlIiwic2V0dGluZ3MiOnsicG9zdF9pZCI6IjI4NyJ9fQ==@&#8220; link_option_url_new_window=&#8220;on&#8220;][et_pb_column_inner saved_specialty_column_type=&#8220;1_2&#8243; _builder_version=&#8220;3.27.3&#8243;][et_pb_button button_url=&#8220;@ET-DC@eyJkeW5hbWljIjp0cnVlLCJjb250ZW50IjoicG9zdF9saW5rX3VybF9wYWdlIiwic2V0dGluZ3MiOnsicG9zdF9pZCI6IjI4NyJ9fQ==@&#8220; url_new_window=&#8220;on&#8220; button_text=&#8220;BUCH ANFRAGEN&#8220; button_alignment=&#8220;left&#8220; _builder_version=&#8220;4.0.6&#8243; _dynamic_attributes=&#8220;button_url&#8220; custom_button=&#8220;on&#8220; button_text_size=&#8220;19px&#8220; button_text_color=&#8220;#349fd8&#8243; button_border_radius=&#8220;12px&#8220; button_font=&#8220;Antic||||||||&#8220; button_icon=&#8220;%%49%%&#8220; button_icon_color=&#8220;#29b71f&#8220; transform_translate=&#8220;-3px|-51px&#8220; filter_saturate=&#8220;110%&#8220; filter_brightness=&#8220;109%&#8220;][\/et_pb_button][et_pb_button button_url=&#8220;@ET-DC@eyJkeW5hbWljIjp0cnVlLCJjb250ZW50IjoicG9zdF9saW5rX3VybF9wYWdlIiwic2V0dGluZ3MiOnsicG9zdF9pZCI6IjI4NyJ9fQ==@&#8220; url_new_window=&#8220;on&#8220; button_text=&#8220;REQUEST BOOK&#8220; button_alignment=&#8220;left&#8220; _builder_version=&#8220;4.0.6&#8243; _dynamic_attributes=&#8220;button_url&#8220; custom_button=&#8220;on&#8220; button_text_size=&#8220;19px&#8220; button_text_color=&#8220;#349fd8&#8243; button_border_radius=&#8220;12px&#8220; button_font=&#8220;Antic||||||||&#8220; button_icon=&#8220;%%49%%&#8220; button_icon_color=&#8220;#29b71f&#8220; transform_translate=&#8220;-3px|-51px&#8220; filter_saturate=&#8220;110%&#8220; filter_brightness=&#8220;109%&#8220;][\/et_pb_button][\/et_pb_column_inner][\/et_pb_row_inner][\/et_pb_column][et_pb_column type=&#8220;1_2&#8243; _builder_version=&#8220;3.25&#8243; custom_padding=&#8220;|||&#8220; custom_padding__hover=&#8220;|||&#8220;][et_pb_text _builder_version=&#8220;3.27.4&#8243; text_font_size=&#8220;17px&#8220; transform_scale_tablet=&#8220;&#8220; transform_scale_phone=&#8220;&#8220; transform_scale_last_edited=&#8220;on|tablet&#8220; transform_translate_tablet=&#8220;112px|-44px&#8220; transform_translate_phone=&#8220;&#8220; transform_translate_last_edited=&#8220;on|tablet&#8220; transform_rotate_tablet=&#8220;&#8220; transform_rotate_phone=&#8220;&#8220; transform_rotate_last_edited=&#8220;on|tablet&#8220; transform_skew_tablet=&#8220;&#8220; transform_skew_phone=&#8220;&#8220; transform_skew_last_edited=&#8220;on|tablet&#8220; transform_origin_tablet=&#8220;&#8220; transform_origin_phone=&#8220;&#8220; transform_origin_last_edited=&#8220;on|tablet&#8220; transform_styles_last_edited=&#8220;on|tablet&#8220; text_orientation=&#8220;justify&#8220; width=&#8220;140%&#8220; width_tablet=&#8220;100%&#8220; width_phone=&#8220;&#8220; width_last_edited=&#8220;on|tablet&#8220; custom_margin=&#8220;|||-117px||&#8220; custom_padding=&#8220;|0px||0px||&#8220; link_option_url_new_window=&#8220;on&#8220; transform_styles_tablet=&#8220;&#8220; transform_styles_phone=&#8220;&#8220; text_text_align=&#8220;justify&#8220;]<\/p>\n<p>Vor mehr als 2500 Jahren entstand auf dem Ostufer des Nils, gegen\u00fcber der auf der gleichnamigen Insel gelegenen pharaonischen Stadt Elephantine die Stadt Syene, der Vorl\u00e4ufer des heutigen Assuan. Die beiden Partnerst\u00e4dte bildeten das Tor von und nach Nubien bzw. Zentralafrika. Durch sie f\u00fchrte der Gro\u00dfteil von Handelsexpeditionen um Gold, Elfenbein und andere Waren f\u00fcr \u00c4gypten und den Mittelmeerraum zu beschaffen. Gleichzeitig sind beide St\u00e4dte aufgrund ihrer strategischen Wichtigkeit an der S\u00fcdgrenze des Landes Zeit ihres Lebens als Milit\u00e4rst\u00fctzpunkte anzusehen und als solche von stetigem Wandel in ihrem Bev\u00f6lkerungsbild gepr\u00e4gt: Soldaten und S\u00f6ldner wie auch Kaufleute vieler Nationen waren tempor\u00e4r oder dauerhaft in den St\u00e4dten anwesend und beeinflussten das Leben am ersten Katarakt durch ihre eigenen kulturellen und religi\u00f6sen Gewohnheiten. W\u00e4hrend sich dabei auf Elephantine die ersten zweieinhalb Jahrtausende \u00e4gyptischer Geschichte fast durchgehend fassen lassen, schl\u00e4gt die Erforschung Syenes die Br\u00fccke \u00fcber das islamische Mittelalter zur Neuzeit.<br \/> Die Untersuchung der Tierreste aus den Ausgrabungen des Schweizerischen Instituts f\u00fcr \u00c4gyptische Bauforschung und Altertumskunde in Kairo in Kooperation mit dem Assuaner Inspektorat des Ministeriums f\u00fcr Altert\u00fcmer in \u00c4gypten erm\u00f6glicht einen tiefen Einblick in die Tiernutzungsgewohnheiten der Bewohner der Stadt Syene von der \u00e4gyptischen Sp\u00e4tzeit bis in das 15. Jahrhundert nach Christus. Die Studie von Skelettmaterial dieser Zeitstellung und von Haus- und Wildtieren aller Tierfamilien stellt in der arch\u00e4ozoologischen Erforschung \u00c4gyptens bisher eine Forschungsl\u00fccke dar, die \u00fcber diesen Band zumindest f\u00fcr den Raum des ersten Katarakts geschlossen werden kann.<br \/> Die Pr\u00e4sentation des Fundmaterials, aufgeschl\u00fcsselt nach den identifizierten Arten, ist eingebettet in einen ausf\u00fchrlich dargestellten methodischen Untersuchungsrahmen sowie den Vergleich zu Faunenstudien ganz \u00c4gyptens von der pharaonischen bis in die Neuzeit. Die Einzeldiskussionen der Spezies werden erg\u00e4nzt durch eine Interpretation des Gesamtmaterials im Hinblick auf den Wandel der Haustiernutzung, von Speisevorlieben und Zuchtkenntnissen. Exemplarisch wird die Nutzung von Tierresten f\u00fcr den Nachweis von Handelswege von und nach Assuan im Laufe der rund 2500 Jahre j\u00fcngster Geschichte der Stadt versucht. Besondere Beleuchtung erf\u00e4hrt die Frage nach der Verortung der Unterbringung, des Aufwands der Futterversorgung sowie der Gr\u00f6\u00dfe von Haustierherden, die f\u00fcr den fleischlichen Ern\u00e4hrungsbestandteil der Bewohner Syenes n\u00f6tig waren.<\/p>\n<p>[\/et_pb_text][et_pb_text _builder_version=&#8220;4.0.5&#8243; text_font_size=&#8220;17px&#8220; transform_scale_tablet=&#8220;&#8220; transform_scale_phone=&#8220;&#8220; transform_scale_last_edited=&#8220;on|phone&#8220; transform_translate_tablet=&#8220;109px|-40px&#8220; transform_translate_phone=&#8220;112px|-56px&#8220; transform_translate_last_edited=&#8220;on|phone&#8220; transform_rotate_tablet=&#8220;&#8220; transform_rotate_phone=&#8220;&#8220; transform_rotate_last_edited=&#8220;on|phone&#8220; transform_skew_tablet=&#8220;&#8220; transform_skew_phone=&#8220;&#8220; transform_skew_last_edited=&#8220;on|phone&#8220; transform_origin_tablet=&#8220;&#8220; transform_origin_phone=&#8220;&#8220; transform_origin_last_edited=&#8220;on|phone&#8220; transform_styles_last_edited=&#8220;on|phone&#8220; text_orientation=&#8220;justify&#8220; width=&#8220;140%&#8220; width_tablet=&#8220;100%&#8220; width_phone=&#8220;100%&#8220; width_last_edited=&#8220;on|phone&#8220; custom_margin=&#8220;|||-117px||&#8220; custom_padding=&#8220;|0px||0px||&#8220; transform_styles_tablet=&#8220;&#8220; transform_styles_phone=&#8220;&#8220; border_width_top=&#8220;1px&#8220; border_color_top=&#8220;#349fd8&#8243; text_text_align=&#8220;justify&#8220;]<\/p>\n<p>&nbsp;<\/p>\n<p>More than 2500 years ago, on the east bank of the Nile, opposite the Pharaonic town of Elephantine on the island of the same name, the town of Syene, predecessor of today\u2019s Assuan, came into existence. The partner towns formed the gateway to Nubia and Central Africa. They lay on the route of most trade expeditions on their way to procure gold, ivory and other goods for Egypt and the whole Mediterranean. Due to their strategic importance at the south border of the country both towns must also be seen as permanent military strong-points undergoing continuous change in the composition of their inhabitants: soldiers and mercenaries as well as merchants of many nations lived there for shorter or longer periods and brought their respective cultural and religious traditions to the First Cataract. While Elephantine provides an almost complete insight into the first two and a half millennia of Egyptian history, the exploration of Syene builds a bridge via the Islamic Middle Ages to the Modern Era.<br \/>The examination of faunal remains from the excavations of the \u201cSchweizerisches Institut f\u00fcr \u00c4gyptische Bauforschung und Altertumskunde\u201d in Kairo in cooperation with the Assuan inspectorate of the Egyptian Ministry of Antiquities allows a deep view, from the Late Period of ancient Egypt until the 15th century A.D., into the ways that the inhabitants of Syene made use of animals. So far the archaeozoological exploration of Egypt lacks a study of skeletal material of that time span as well as of domesticated and wild animals from all families: this volume closes the gap, at least for the area around the First Cataract.<br \/>The presentation of the material according to the identified species is accompanied by a detailed description of the methodological background as well as by comparisons with faunal studies all over Egypt from Pharaonic times to the Modern Age. The ideas discussed with regard to individual species are supplemented by the interpretation of the complete material as to changes in the ways of utilizing domesticated animals, as to preferences in the diet or as to knowledge of breeding. Faunal remains are also used as a possible means of information about trade routes to and from Assuan in the course of the roughly 2500 years of the town\u2019s history. A special attempt has been made to throw light on the questions after shelter for the animals, the supply with fodder and the size of the herds of domesticated animals needed for the meat part in the diet of Syene\u2019s inhabitants.<\/p>\n<p>[\/et_pb_text][\/et_pb_column][\/et_pb_section]<\/p>\n","protected":false},"excerpt":{"rendered":"<p>Johanna Sigl Syene II. Die Tierfunde aus den Grabungen von 2000 &#8211; 2009. Ein Beitrag zur Umwelt- und Kulturgeschichte einer ober\u00e4gyptischen Stadt von der pharaonischen Sp\u00e4t- bis in die Mameluckenzeit. Beitr\u00e4ge zur \u00e4gyptischen Bauforschung und Altertumskunde, Band 19 Format: 35 x 24,5 cm &#8211; Hardcover Umfang:\u00a0328 Seiten, mit 106 Abbildungen, davon 24 in Farbe, 1 [&hellip;]<\/p>\n","protected":false},"author":1,"featured_media":0,"parent":0,"menu_order":0,"comment_status":"closed","ping_status":"closed","template":"","meta":{"_et_pb_use_builder":"on","_et_pb_old_content":"","_et_gb_content_width":"","footnotes":""},"class_list":["post-319","page","type-page","status-publish","hentry"],"_links":{"self":[{"href":"https:\/\/www.pewe-verlag.de\/index.php?rest_route=\/wp\/v2\/pages\/319","targetHints":{"allow":["GET"]}}],"collection":[{"href":"https:\/\/www.pewe-verlag.de\/index.php?rest_route=\/wp\/v2\/pages"}],"about":[{"href":"https:\/\/www.pewe-verlag.de\/index.php?rest_route=\/wp\/v2\/types\/page"}],"author":[{"embeddable":true,"href":"https:\/\/www.pewe-verlag.de\/index.php?rest_route=\/wp\/v2\/users\/1"}],"replies":[{"embeddable":true,"href":"https:\/\/www.pewe-verlag.de\/index.php?rest_route=%2Fwp%2Fv2%2Fcomments&post=319"}],"version-history":[{"count":25,"href":"https:\/\/www.pewe-verlag.de\/index.php?rest_route=\/wp\/v2\/pages\/319\/revisions"}],"predecessor-version":[{"id":3007,"href":"https:\/\/www.pewe-verlag.de\/index.php?rest_route=\/wp\/v2\/pages\/319\/revisions\/3007"}],"wp:attachment":[{"href":"https:\/\/www.pewe-verlag.de\/index.php?rest_route=%2Fwp%2Fv2%2Fmedia&parent=319"}],"curies":[{"name":"wp","href":"https:\/\/api.w.org\/{rel}","templated":true}]}}