{"id":3341,"date":"2026-03-19T10:24:57","date_gmt":"2026-03-19T09:24:57","guid":{"rendered":"https:\/\/www.pewe-verlag.de\/?page_id=3341"},"modified":"2026-03-19T10:25:00","modified_gmt":"2026-03-19T09:25:00","slug":"maao-11","status":"publish","type":"page","link":"https:\/\/www.pewe-verlag.de\/?page_id=3341","title":{"rendered":"MAAO 11"},"content":{"rendered":"<p>[et_pb_section fb_built=&#8220;1&#8243; make_equal=&#8220;on&#8220; use_custom_gutter=&#8220;on&#8220; specialty=&#8220;on&#8220; _builder_version=&#8220;4.16&#8243; width=&#8220;100%&#8220; global_colors_info=&#8220;{}&#8220; theme_builder_area=&#8220;post_content&#8220;][et_pb_column type=&#8220;1_2&#8243; specialty_columns=&#8220;2&#8243; _builder_version=&#8220;4.16&#8243; custom_padding=&#8220;|||&#8220; global_colors_info=&#8220;{}&#8220; custom_padding__hover=&#8220;|||&#8220; theme_builder_area=&#8220;post_content&#8220;][et_pb_row_inner _builder_version=&#8220;4.16&#8243; global_colors_info=&#8220;{}&#8220; theme_builder_area=&#8220;post_content&#8220;][et_pb_column_inner saved_specialty_column_type=&#8220;1_2&#8243; _builder_version=&#8220;4.16&#8243; global_colors_info=&#8220;{}&#8220; theme_builder_area=&#8220;post_content&#8220;][et_pb_image src=&#8220;https:\/\/www.pewe-verlag.de\/wp-content\/uploads\/2026\/03\/maao11.jpg&#8220; _builder_version=&#8220;4.27.4&#8243; hover_enabled=&#8220;0&#8243; global_colors_info=&#8220;{}&#8220; theme_builder_area=&#8220;post_content&#8220; title_text=&#8220;maao11&#8243; sticky_enabled=&#8220;0&#8243;][\/et_pb_image][et_pb_text _builder_version=&#8220;4.27.4&#8243; text_font=&#8220;Trebuchet||||||||&#8220; text_font_size=&#8220;15px&#8220; custom_padding=&#8220;|185px||||&#8220; hover_enabled=&#8220;0&#8243; global_colors_info=&#8220;{}&#8220; theme_builder_area=&#8220;post_content&#8220; sticky_enabled=&#8220;0&#8243;]<\/p>\n<p><strong>Hardy Maa\u00df<\/strong><br \/>\nDie Entwicklung erdbebensicherer Bautechniken in der Fr\u00fchen und Mittleren Eisenzeit in Ostanatolien.<\/p>\n<p>M\u00fcnchener Abhandlungen zum Alten Orient \u2014 Band 11<br \/>\nFormat: 30 x 21 cm\u00a0\u2014 Hardcover<\/p>\n<p>Umfang:\u00a0344 Seiten, mit 287 teils farbigen Abbildungen im Text<\/p>\n<p><a href=\"https:\/\/www.pewe-verlag.de\/res\/liber72-argumentum.pdf\" target=\"_blank\" rel=\"noopener noreferrer\">Inhalt \/ Content<\/a><\/p>\n<p>ISBN:\u00a0978-3-935012-72-0<br \/>\nPreis: 68,00 \u20ac<br \/>\n\u00a9 PeWe-Verlag 2026<\/p>\n<\/p>\n<p><strong>Erscheinungstermin:<\/strong> Anfang April 2026<br \/>\n&nbsp;[\/et_pb_text][\/et_pb_column_inner][\/et_pb_row_inner][et_pb_row_inner _builder_version=&#8220;4.16&#8243; global_colors_info=&#8220;{}&#8220; theme_builder_area=&#8220;post_content&#8220;][et_pb_column_inner saved_specialty_column_type=&#8220;1_2&#8243; _builder_version=&#8220;4.16&#8243; global_colors_info=&#8220;{}&#8220; theme_builder_area=&#8220;post_content&#8220;][et_pb_button button_url=&#8220;@ET-DC@eyJkeW5hbWljIjp0cnVlLCJjb250ZW50IjoicG9zdF9saW5rX3VybF9wYWdlIiwic2V0dGluZ3MiOnsicG9zdF9pZCI6IjI4NyJ9fQ==@&#8220; url_new_window=&#8220;on&#8220; button_text=&#8220;BUCH ANFRAGEN&#8220; button_alignment=&#8220;left&#8220; _builder_version=&#8220;4.16&#8243; _dynamic_attributes=&#8220;button_url&#8220; custom_button=&#8220;on&#8220; button_text_size=&#8220;19px&#8220; button_text_color=&#8220;#349fd8&#8243; button_border_radius=&#8220;12px&#8220; button_font=&#8220;Antic||||||||&#8220; button_icon=&#8220;&#x52;||divi||400&#8243; button_icon_color=&#8220;#29b71f&#8220; transform_translate=&#8220;-3px|-51px&#8220; filter_saturate=&#8220;110%&#8220; filter_brightness=&#8220;109%&#8220; global_colors_info=&#8220;{}&#8220; theme_builder_area=&#8220;post_content&#8220;][\/et_pb_button][et_pb_button button_url=&#8220;@ET-DC@eyJkeW5hbWljIjp0cnVlLCJjb250ZW50IjoicG9zdF9saW5rX3VybF9wYWdlIiwic2V0dGluZ3MiOnsicG9zdF9pZCI6IjI4NyJ9fQ==@&#8220; url_new_window=&#8220;on&#8220; button_text=&#8220;REQUEST BOOK&#8220; button_alignment=&#8220;left&#8220; _builder_version=&#8220;4.16&#8243; _dynamic_attributes=&#8220;button_url&#8220; custom_button=&#8220;on&#8220; button_text_size=&#8220;19px&#8220; button_text_color=&#8220;#349fd8&#8243; button_border_radius=&#8220;12px&#8220; button_font=&#8220;Antic||||||||&#8220; button_icon=&#8220;&#x52;||divi||400&#8243; button_icon_color=&#8220;#29b71f&#8220; transform_translate=&#8220;-3px|-51px&#8220; filter_saturate=&#8220;110%&#8220; filter_brightness=&#8220;109%&#8220; global_colors_info=&#8220;{}&#8220; theme_builder_area=&#8220;post_content&#8220;][\/et_pb_button][\/et_pb_column_inner][\/et_pb_row_inner][\/et_pb_column][et_pb_column type=&#8220;1_2&#8243; _builder_version=&#8220;4.16&#8243; custom_padding=&#8220;|||&#8220; global_colors_info=&#8220;{}&#8220; custom_padding__hover=&#8220;|||&#8220; theme_builder_area=&#8220;post_content&#8220;][et_pb_text _builder_version=&#8220;4.27.4&#8243; text_font_size=&#8220;17px&#8220; transform_scale_tablet=&#8220;&#8220; transform_scale_phone=&#8220;&#8220; transform_scale_last_edited=&#8220;on|tablet&#8220; transform_translate_tablet=&#8220;107px|-33px&#8220; transform_translate_phone=&#8220;&#8220; transform_translate_last_edited=&#8220;on|tablet&#8220; transform_rotate_tablet=&#8220;&#8220; transform_rotate_phone=&#8220;&#8220; transform_rotate_last_edited=&#8220;on|tablet&#8220; transform_skew_tablet=&#8220;&#8220; transform_skew_phone=&#8220;&#8220; transform_skew_last_edited=&#8220;on|tablet&#8220; transform_origin_tablet=&#8220;&#8220; transform_origin_phone=&#8220;&#8220; transform_origin_last_edited=&#8220;on|tablet&#8220; transform_styles_last_edited=&#8220;on|tablet&#8220; text_orientation=&#8220;justify&#8220; width=&#8220;120%&#8220; width_tablet=&#8220;100%&#8220; width_phone=&#8220;&#8220; width_last_edited=&#8220;on|tablet&#8220; custom_margin=&#8220;|||-117px||&#8220; custom_padding=&#8220;|0px||0px||&#8220; hover_enabled=&#8220;0&#8243; transform_styles_tablet=&#8220;&#8220; transform_styles_phone=&#8220;&#8220; border_width_bottom=&#8220;1px&#8220; border_color_bottom=&#8220;#349fd8&#8243; text_text_align=&#8220;justify&#8220; global_colors_info=&#8220;{}&#8220; theme_builder_area=&#8220;post_content&#8220; sticky_enabled=&#8220;0&#8243;]<\/p>\n<p>Vorliegender Band ist das Ergebnis einer Forschungsarbeit, die sich mit den Wechselwirkungen zwischen der Naturkatastrophe \u201eErdbeben\u201d und der Architekturentwicklung der fr\u00fch- und mitteleisenzeitlichen Kulturen Ostanatoliens, insbesondere des Reiches von Urartu\/Biainili, besch\u00e4ftigt.<br \/>\nNeben der Analyse der Bruchgeometrie und des dadurch beeinflussten Verhaltens der gro\u00dfen tektonischen Systeme des Vorderen Orients und Kleinasiens, werden deren historische Seismizit\u00e4t und die damit verbundenen kulturellen und sozialen Folgen erl\u00e4utert. Anhand von Beispielen aus verschiedenen Kulturr\u00e4umen und Zeiten wird aufgezeigt, aus welchen Motiven Menschen in geologischen Risikogebieten siedeln und welche redundanten Vorkehrungen f\u00fcr den Erhalt des Systemcharakters vorgenommen werden.<br \/>\nEin Exkurs in die Ingenieursgeologie er\u00f6rtert die Frage, inwieweit das Bewusstsein, in einem geotektonisch hochgradig aktiven Raum zu siedeln, Einfluss auf die empirische und technologische Katalyse der Architekturentwicklung hatte. Dabei wird deutlich, dass die Beobachtung von Charakteristika wie Strukturbeschaffenheit oder Farbgebung von Mineralien und Gesteinen sowie das daraus resultierende Verst\u00e4ndnis \u00fcber Gesteinsparameter, durchaus auf die technischen Fertigkeiten innerhalb der Steinbearbeitung bzw. des Steinbaus einwirkte.<br \/>\nZwei Kapitel zur Technikentwicklung setzen sich mit der strukturellen Natur und den technischen Umsetzungsm\u00f6glichkeiten von Fundamenten, Trockenmauern und deren statischen Besonderheiten auseinander. Die Kategorisierung zwischen Terrassen und freistehenden Trockenmauern wird dabei n\u00e4her bestimmt und die Vorz\u00fcge sowie Schwachstellen von regelm\u00e4\u00dfigen und unregelm\u00e4\u00dfigen Mauerwerksgef\u00fcgen erl\u00e4utert. Es wird deutlich, dass den antiseismischen L\u00f6sungskonzepten im Steinbau der Fr\u00fchen und Mittleren Eisenzeit dabei nur zwei M\u00f6glichkeiten \u2013 Kraftschluss<br \/>\nund Formschluss \u2013 zur Verf\u00fcgung standen.<br \/>\nEin Ausblick in geografisch und zeitlich weit von einander entfernte Kulturr\u00e4ume zeigt zudem, dass erdbebensichere Bauweisen identischen physikalischen Bedingungen unterliegen und in ihrer Ausgestaltung oftmals \u00e4hnlich umgesetzt wurden.<\/p>\n<\/p>\n<p>[\/et_pb_text][et_pb_text _builder_version=&#8220;4.27.4&#8243; text_font_size=&#8220;17px&#8220; transform_scale_tablet=&#8220;&#8220; transform_scale_phone=&#8220;&#8220; transform_scale_last_edited=&#8220;on|tablet&#8220; transform_translate_tablet=&#8220;107px|-33px&#8220; transform_translate_phone=&#8220;&#8220; transform_translate_last_edited=&#8220;on|tablet&#8220; transform_rotate_tablet=&#8220;&#8220; transform_rotate_phone=&#8220;&#8220; transform_rotate_last_edited=&#8220;on|tablet&#8220; transform_skew_tablet=&#8220;&#8220; transform_skew_phone=&#8220;&#8220; transform_skew_last_edited=&#8220;on|tablet&#8220; transform_origin_tablet=&#8220;&#8220; transform_origin_phone=&#8220;&#8220; transform_origin_last_edited=&#8220;on|tablet&#8220; transform_styles_last_edited=&#8220;on|tablet&#8220; text_orientation=&#8220;justify&#8220; width=&#8220;120%&#8220; width_tablet=&#8220;100%&#8220; width_phone=&#8220;&#8220; width_last_edited=&#8220;on|tablet&#8220; custom_margin=&#8220;|||-117px||&#8220; custom_padding=&#8220;|0px||0px||&#8220; hover_enabled=&#8220;0&#8243; transform_styles_tablet=&#8220;&#8220; transform_styles_phone=&#8220;&#8220; text_text_align=&#8220;justify&#8220; global_colors_info=&#8220;{}&#8220; theme_builder_area=&#8220;post_content&#8220; sticky_enabled=&#8220;0&#8243;]<\/p>\n<p>[\/et_pb_text][\/et_pb_column][\/et_pb_section]<\/p>\n","protected":false},"excerpt":{"rendered":"<p>Hardy Maa\u00df Die Entwicklung erdbebensicherer Bautechniken in der Fr\u00fchen und Mittleren Eisenzeit in Ostanatolien. M\u00fcnchener Abhandlungen zum Alten Orient \u2014 Band 11 Format: 30 x 21 cm\u00a0\u2014 Hardcover Umfang:\u00a0344 Seiten, mit 287 teils farbigen Abbildungen im Text Inhalt \/ Content ISBN:\u00a0978-3-935012-72-0 Preis: 68,00 \u20ac \u00a9 PeWe-Verlag 2026 Erscheinungstermin: Anfang April 2026 &nbsp;Vorliegender Band ist das [&hellip;]<\/p>\n","protected":false},"author":1,"featured_media":0,"parent":0,"menu_order":0,"comment_status":"closed","ping_status":"closed","template":"","meta":{"_et_pb_use_builder":"on","_et_pb_old_content":"","_et_gb_content_width":"","footnotes":""},"class_list":["post-3341","page","type-page","status-publish","hentry"],"_links":{"self":[{"href":"https:\/\/www.pewe-verlag.de\/index.php?rest_route=\/wp\/v2\/pages\/3341","targetHints":{"allow":["GET"]}}],"collection":[{"href":"https:\/\/www.pewe-verlag.de\/index.php?rest_route=\/wp\/v2\/pages"}],"about":[{"href":"https:\/\/www.pewe-verlag.de\/index.php?rest_route=\/wp\/v2\/types\/page"}],"author":[{"embeddable":true,"href":"https:\/\/www.pewe-verlag.de\/index.php?rest_route=\/wp\/v2\/users\/1"}],"replies":[{"embeddable":true,"href":"https:\/\/www.pewe-verlag.de\/index.php?rest_route=%2Fwp%2Fv2%2Fcomments&post=3341"}],"version-history":[{"count":9,"href":"https:\/\/www.pewe-verlag.de\/index.php?rest_route=\/wp\/v2\/pages\/3341\/revisions"}],"predecessor-version":[{"id":3352,"href":"https:\/\/www.pewe-verlag.de\/index.php?rest_route=\/wp\/v2\/pages\/3341\/revisions\/3352"}],"wp:attachment":[{"href":"https:\/\/www.pewe-verlag.de\/index.php?rest_route=%2Fwp%2Fv2%2Fmedia&parent=3341"}],"curies":[{"name":"wp","href":"https:\/\/api.w.org\/{rel}","templated":true}]}}