{"id":3361,"date":"2026-03-31T09:16:08","date_gmt":"2026-03-31T07:16:08","guid":{"rendered":"https:\/\/www.pewe-verlag.de\/?page_id=3361"},"modified":"2026-04-07T13:16:25","modified_gmt":"2026-04-07T11:16:25","slug":"bbvo-31","status":"publish","type":"page","link":"https:\/\/www.pewe-verlag.de\/?page_id=3361","title":{"rendered":"BBVO-31"},"content":{"rendered":"<p>[et_pb_section fb_built=&#8220;1&#8243; make_equal=&#8220;on&#8220; use_custom_gutter=&#8220;on&#8220; specialty=&#8220;on&#8220; _builder_version=&#8220;4.16&#8243; width=&#8220;100%&#8220; global_colors_info=&#8220;{}&#8220;][et_pb_column type=&#8220;1_2&#8243; specialty_columns=&#8220;2&#8243; _builder_version=&#8220;4.16&#8243; custom_padding=&#8220;|||&#8220; global_colors_info=&#8220;{}&#8220; custom_padding__hover=&#8220;|||&#8220;][et_pb_row_inner _builder_version=&#8220;4.16&#8243; global_colors_info=&#8220;{}&#8220;][et_pb_column_inner saved_specialty_column_type=&#8220;1_2&#8243; _builder_version=&#8220;4.16&#8243; global_colors_info=&#8220;{}&#8220;][et_pb_image src=&#8220;https:\/\/www.pewe-verlag.de\/wp-content\/uploads\/2026\/03\/bbvo-31.png&#8220; title_text=&#8220;bbvo-31&#8243; _builder_version=&#8220;4.27.4&#8243; global_colors_info=&#8220;{}&#8220;][\/et_pb_image][et_pb_text _builder_version=&#8220;4.27.4&#8243; text_font=&#8220;Trebuchet||||||||&#8220; text_font_size=&#8220;15px&#8220; custom_padding=&#8220;|185px||||&#8220; global_colors_info=&#8220;{}&#8220;]<\/p>\n<p><strong>R.M. Czichon\/S. Fischer\/T. Kitazumi<\/strong>(eds.)<br \/>Sprachwissenschaftliche und kulturhistorische Reflexionen.<em> Festschrift zu Ehren von J\u00f6rg Klinger.<\/em><\/p>\n<p>Berliner Beitr\u00e4ge zum Vorderen Orient, Band 31<\/p>\n<p>Format: 24,5 x 17,5 cm\u00a0\u2014 Hardcover<br \/>Umfang: 670 Seiten, mit 67, teils farbigen Abbildungen<\/p>\n<p><a href=\"https:\/\/www.pewe-verlag.de\/res\/liber73-argumentum.pdf\" target=\"_blank\" rel=\"noopener noreferrer\">Inhalt \/ Content<\/a><\/p>\n<p>ISBN: 978-3-935012-73-7<br \/>Preis: 65,00 \u20ac<br \/>\u00a9 PeWe-Verlag 2026<\/p>\n<p><\/p>\n<\/p>\n<p>[\/et_pb_text][\/et_pb_column_inner][\/et_pb_row_inner][et_pb_row_inner _builder_version=&#8220;4.16&#8243; global_colors_info=&#8220;{}&#8220;][et_pb_column_inner saved_specialty_column_type=&#8220;1_2&#8243; _builder_version=&#8220;4.16&#8243; global_colors_info=&#8220;{}&#8220;][et_pb_button button_url=&#8220;@ET-DC@eyJkeW5hbWljIjp0cnVlLCJjb250ZW50IjoicG9zdF9saW5rX3VybF9wYWdlIiwic2V0dGluZ3MiOnsicG9zdF9pZCI6IjI4NyJ9fQ==@&#8220; url_new_window=&#8220;on&#8220; button_text=&#8220;BUCH ANFRAGEN&#8220; button_alignment=&#8220;left&#8220; _builder_version=&#8220;4.16&#8243; _dynamic_attributes=&#8220;button_url&#8220; custom_button=&#8220;on&#8220; button_text_size=&#8220;19px&#8220; button_text_color=&#8220;#349fd8&#8243; button_border_radius=&#8220;12px&#8220; button_font=&#8220;Antic||||||||&#8220; button_icon=&#8220;&#x52;||divi||400&#8243; button_icon_color=&#8220;#29b71f&#8220; transform_translate=&#8220;-3px|-51px&#8220; filter_saturate=&#8220;110%&#8220; filter_brightness=&#8220;109%&#8220; global_colors_info=&#8220;{}&#8220;][\/et_pb_button][et_pb_button button_url=&#8220;@ET-DC@eyJkeW5hbWljIjp0cnVlLCJjb250ZW50IjoicG9zdF9saW5rX3VybF9wYWdlIiwic2V0dGluZ3MiOnsicG9zdF9pZCI6IjI4NyJ9fQ==@&#8220; url_new_window=&#8220;on&#8220; button_text=&#8220;REQUEST BOOK&#8220; button_alignment=&#8220;left&#8220; _builder_version=&#8220;4.16&#8243; _dynamic_attributes=&#8220;button_url&#8220; custom_button=&#8220;on&#8220; button_text_size=&#8220;19px&#8220; button_text_color=&#8220;#349fd8&#8243; button_border_radius=&#8220;12px&#8220; button_font=&#8220;Antic||||||||&#8220; button_icon=&#8220;&#x52;||divi||400&#8243; button_icon_color=&#8220;#29b71f&#8220; transform_translate=&#8220;-3px|-51px&#8220; filter_saturate=&#8220;110%&#8220; filter_brightness=&#8220;109%&#8220; global_colors_info=&#8220;{}&#8220;][\/et_pb_button][\/et_pb_column_inner][\/et_pb_row_inner][\/et_pb_column][et_pb_column type=&#8220;1_2&#8243; _builder_version=&#8220;4.16&#8243; custom_padding=&#8220;|||&#8220; global_colors_info=&#8220;{}&#8220; custom_padding__hover=&#8220;|||&#8220;][et_pb_text _builder_version=&#8220;4.27.4&#8243; text_font_size=&#8220;17px&#8220; transform_scale_tablet=&#8220;&#8220; transform_scale_phone=&#8220;&#8220; transform_scale_last_edited=&#8220;on|tablet&#8220; transform_translate_tablet=&#8220;107px|-4px&#8220; transform_translate_phone=&#8220;&#8220; transform_translate_last_edited=&#8220;on|tablet&#8220; transform_rotate_tablet=&#8220;&#8220; transform_rotate_phone=&#8220;&#8220; transform_rotate_last_edited=&#8220;on|tablet&#8220; transform_skew_tablet=&#8220;&#8220; transform_skew_phone=&#8220;&#8220; transform_skew_last_edited=&#8220;on|tablet&#8220; transform_origin_tablet=&#8220;&#8220; transform_origin_phone=&#8220;&#8220; transform_origin_last_edited=&#8220;on|tablet&#8220; transform_styles_last_edited=&#8220;on|tablet&#8220; text_orientation=&#8220;justify&#8220; width=&#8220;120%&#8220; width_tablet=&#8220;100%&#8220; width_phone=&#8220;&#8220; width_last_edited=&#8220;on|tablet&#8220; custom_margin=&#8220;|||-117px||&#8220; custom_padding=&#8220;|0px||0px||&#8220; hover_enabled=&#8220;0&#8243; transform_styles_tablet=&#8220;&#8220; transform_styles_phone=&#8220;&#8220; border_color_top=&#8220;#349fd8&#8243; text_text_align=&#8220;justify&#8220; global_colors_info=&#8220;{}&#8220; sticky_enabled=&#8220;0&#8243;]<\/p>\n<p>Mit Beitr\u00e4gen von M. Alparslan, M. Do\u011fan-Alparslan, A. Archi, A. Arroyo, J. Bach, G. Beckman, K. Boddy, J.M. Burgin, E. Cancik-Kirschbaum, B. Christiansen, Y. Cohen, R. da Riva, S. de Martino, S. D\u00e9mare-Lafont, A. Dornauer, S. Fischer, N. \u0130lgi Ger\u00e7ek, T.L.Gertzen, S. Gordin, S. Herbordt, P. Hnila, J. Kahl, T. Kitazumi, J. Lorenz, F. Manuelli, M. Marazzi, D.P. Mielke, J.L. Miller, C. M\u00f6ller, M. Pallavidini, E. Rieken, A. Schachner, J. Seeher, H. \u00dcst\u00fcnda\u011f, T. van den Hout, S. Velhartick\u00e1, S. Voss, F. Wiedemann und L. Wilhelmi.<\/p>\n<p>Die vorliegende Festschrift &#8222;Sprachwissenschaftliche und kulturgeschichtliche Reflexionen&#8220; wurde Prof. Dr. J\u00f6rg Klinger anl\u00e4sslich seiner Emeritierung im M\u00e4rz 2026 von seinen Kollegen und Sch\u00fclern \u00fcberreicht. Die 35 Aufs\u00e4tze besch\u00e4ftigen sich mit der Forschungsgeschichte und verschiedenen Aspekten der Keilschrifttexte und gemalten Hieroglyphen aus Bo\u011fazk\u00f6y, mit ungel\u00f6sten hethitischen und hurritischen \u00dcbersetzungsproblemen, mit historischen, politischen, mythologischen und kultischen Fragen, mit den Siegeln der hethitischen Royals und dem Denken hethitischer K\u00f6nige, mit Governance auf \u00c4gyptisch und den hethitisch-assyrischen Beziehungen, mit dem hethitischen Kernland ebenso wie mit den n\u00f6rdlichen und s\u00fcd\u00f6stlichen Nachbarn, mit kultischen Inventaren in Nerik und Kayal\u0131p\u0131nar und einer bronzezeitlichen Variante des Sch\u00e4delkultes. Auch das Wassermanagement in Anatolien, das nichts von seiner Aktualit\u00e4t eingeb\u00fc\u00dft hat, wird thematisiert.<\/p>\n<p>[\/et_pb_text][et_pb_text _builder_version=&#8220;4.27.4&#8243; text_font_size=&#8220;17px&#8220; transform_scale_tablet=&#8220;&#8220; transform_scale_phone=&#8220;&#8220; transform_scale_last_edited=&#8220;on|tablet&#8220; transform_translate_tablet=&#8220;107px|-4px&#8220; transform_translate_phone=&#8220;&#8220; transform_translate_last_edited=&#8220;on|tablet&#8220; transform_rotate_tablet=&#8220;&#8220; transform_rotate_phone=&#8220;&#8220; transform_rotate_last_edited=&#8220;on|tablet&#8220; transform_skew_tablet=&#8220;&#8220; transform_skew_phone=&#8220;&#8220; transform_skew_last_edited=&#8220;on|tablet&#8220; transform_origin_tablet=&#8220;&#8220; transform_origin_phone=&#8220;&#8220; transform_origin_last_edited=&#8220;on|tablet&#8220; transform_styles_last_edited=&#8220;on|tablet&#8220; text_orientation=&#8220;justify&#8220; width=&#8220;120%&#8220; width_tablet=&#8220;100%&#8220; width_phone=&#8220;&#8220; width_last_edited=&#8220;on|tablet&#8220; custom_margin=&#8220;|||-117px||&#8220; custom_padding=&#8220;|0px||0px||&#8220; hover_enabled=&#8220;0&#8243; transform_styles_tablet=&#8220;&#8220; transform_styles_phone=&#8220;&#8220; border_width_top=&#8220;1px&#8220; border_color_top=&#8220;#349fd8&#8243; text_text_align=&#8220;justify&#8220; global_colors_info=&#8220;{}&#8220; sticky_enabled=&#8220;0&#8243;]<\/p>\n<p>&nbsp;<\/p>\n<p>With contributions by Mit Beitr\u00e4gen von M. Alparslan, M. Do\u011fan-Alparslan, A. Archi, A. Arroyo, J. Bach, G. Beckman, K. Boddy, J.M. Burgin, E. Cancik-Kirschbaum, B. Christiansen, Y. Cohen, R. da Riva, S. de Martino, S. D\u00e9mare-Lafont, A. Dornauer, S. Fischer, N. \u0130lgi Ger\u00e7ek, T.L.Gertzen, S. Gordin, S. Herbordt, P. Hnila, J. Kahl, T. Kitazumi, J. Lorenz, F. Manuelli, M. Marazzi, D.P. Mielke, J.L. Miller, C. M\u00f6ller, M. Pallavidini, E. Rieken, A. Schachner, J. Seeher, H. \u00dcst\u00fcnda\u011f, T. van den Hout, S. Velhartick\u00e1, S. Voss, F. Wiedemann and L. Wilhelmi.<\/p>\n<p>This commemorative volume, &#8222;Linguistic and Cultural-Historical Reflections&#8220;, was presented to Prof. Dr. J\u00f6rg Klinger by his colleagues and students on the occasion of his retirement in March 2026. The 35 essays deal with the history of research and various aspects of the cuneiform texts and painted hieroglyphs from Bo\u011fazk\u00f6y, with unsolved Hittite and Hurrian translation problems, with historical, political, mythological, and cultic issues; the seals of the Hittite royals and the thought of Hittite kings; governance in Egypt and Hittite-Assyrian relations; the Hittite heartland as well as its northern and southeastern neighbors; cultic inventories in Nerik and Kayal\u0131p\u0131nar; and a Bronze Age variant of the skull cult. Water management in Anatolia, a topic that has lost none of its relevance, is also addressed.<\/p>\n<p>[\/et_pb_text][\/et_pb_column][\/et_pb_section][et_pb_section fb_built=&#8220;1&#8243; _builder_version=&#8220;4.16&#8243; global_colors_info=&#8220;{}&#8220;][et_pb_row _builder_version=&#8220;4.16&#8243; global_colors_info=&#8220;{}&#8220;][et_pb_column type=&#8220;4_4&#8243; _builder_version=&#8220;4.16&#8243; global_colors_info=&#8220;{}&#8220;][\/et_pb_column][\/et_pb_row][\/et_pb_section]<\/p>\n","protected":false},"excerpt":{"rendered":"<p>R.M. Czichon\/S. Fischer\/T. Kitazumi(eds.)Sprachwissenschaftliche und kulturhistorische Reflexionen. Festschrift zu Ehren von J\u00f6rg Klinger.Berliner Beitr\u00e4ge zum Vorderen Orient, Band 31 Format: 24,5 x 17,5 cm\u00a0\u2014 HardcoverUmfang: 670 Seiten, mit 67, teils farbigen Abbildungen Inhalt \/ Content ISBN: 978-3-935012-73-7Preis: 65,00 \u20ac\u00a9 PeWe-Verlag 2026 Mit Beitr\u00e4gen von M. Alparslan, M. Do\u011fan-Alparslan, A. Archi, A. Arroyo, J. Bach, G. [&hellip;]<\/p>\n","protected":false},"author":1,"featured_media":0,"parent":0,"menu_order":0,"comment_status":"closed","ping_status":"closed","template":"","meta":{"_et_pb_use_builder":"on","_et_pb_old_content":"","_et_gb_content_width":"","footnotes":""},"class_list":["post-3361","page","type-page","status-publish","hentry"],"_links":{"self":[{"href":"https:\/\/www.pewe-verlag.de\/index.php?rest_route=\/wp\/v2\/pages\/3361","targetHints":{"allow":["GET"]}}],"collection":[{"href":"https:\/\/www.pewe-verlag.de\/index.php?rest_route=\/wp\/v2\/pages"}],"about":[{"href":"https:\/\/www.pewe-verlag.de\/index.php?rest_route=\/wp\/v2\/types\/page"}],"author":[{"embeddable":true,"href":"https:\/\/www.pewe-verlag.de\/index.php?rest_route=\/wp\/v2\/users\/1"}],"replies":[{"embeddable":true,"href":"https:\/\/www.pewe-verlag.de\/index.php?rest_route=%2Fwp%2Fv2%2Fcomments&post=3361"}],"version-history":[{"count":12,"href":"https:\/\/www.pewe-verlag.de\/index.php?rest_route=\/wp\/v2\/pages\/3361\/revisions"}],"predecessor-version":[{"id":3377,"href":"https:\/\/www.pewe-verlag.de\/index.php?rest_route=\/wp\/v2\/pages\/3361\/revisions\/3377"}],"wp:attachment":[{"href":"https:\/\/www.pewe-verlag.de\/index.php?rest_route=%2Fwp%2Fv2%2Fmedia&parent=3361"}],"curies":[{"name":"wp","href":"https:\/\/api.w.org\/{rel}","templated":true}]}}