{"id":355,"date":"2019-09-14T16:57:37","date_gmt":"2019-09-14T14:57:37","guid":{"rendered":"https:\/\/modern.pewe-verlag.de\/?page_id=355"},"modified":"2024-11-20T09:18:29","modified_gmt":"2024-11-20T08:18:29","slug":"stefanie-martin-kilcher-jacqueline-wininger","status":"publish","type":"page","link":"https:\/\/www.pewe-verlag.de\/?page_id=355","title":{"rendered":"Stefanie Martin-Kilcher \/ Jacqueline Wininger"},"content":{"rendered":"<p>[et_pb_section fb_built=&#8220;1&#8243; make_equal=&#8220;on&#8220; use_custom_gutter=&#8220;on&#8220; specialty=&#8220;on&#8220; _builder_version=&#8220;3.27.3&#8243; width=&#8220;100%&#8220;][et_pb_column type=&#8220;1_2&#8243; specialty_columns=&#8220;2&#8243; _builder_version=&#8220;3.25&#8243; custom_padding=&#8220;|||&#8220; custom_padding__hover=&#8220;|||&#8220;][et_pb_row_inner _builder_version=&#8220;3.27.3&#8243;][et_pb_column_inner saved_specialty_column_type=&#8220;1_2&#8243; _builder_version=&#8220;3.27.3&#8243;][et_pb_image src=&#8220;https:\/\/pw.ulikes.de\/wp\/files\/wp-content\/uploads\/2024\/11\/syene3.jpg&#8220; _builder_version=&#8220;4.0.6&#8243; hover_enabled=&#8220;0&#8243;][\/et_pb_image][et_pb_text _builder_version=&#8220;4.0.6&#8243; text_font=&#8220;Trebuchet||||||||&#8220; text_font_size=&#8220;15px&#8220; custom_padding=&#8220;|185px||||&#8220;]<\/p>\n<p><strong>Stefanie Martin-Kilcher \/ Jacqueline Wininger<\/strong><br \/>\nSyene III. Untersuchungen zur r\u00f6mischen Keramik und weiteren Funden aus Syene \/ Assuan (1.-7. Jahrhundert AD). Grabungen 2001 \u2014 2004.<br \/>\nMit Beitr\u00e4gen von Sylvia F\u00fcnfschilling, Daniel Keller und Johanna Sigl.<\/p>\n<p>Beitr\u00e4ge zur \u00e4gyptischen Bauforschung und Altertumskunde, Band 20<\/p>\n<p>Format: 35 x 24,5 cm \u2014 Hardcover<br \/>\nUmfang:\u00a0432 Seiten, 262 teils ganzseitige Abbildungen, 39 Tafeln,15 in Farbe<\/p>\n<p><a href=\"https:\/\/www.pewe-verlag.de\/res\/liber27-argumentum.pdf\" target=\"_blank\" rel=\"noopener noreferrer\">Inhalt \/ Content<\/a><\/p>\n<p>ISBN:\u00a0978-3-935012-27-0<br \/>\nPreis: 85,00 \u20ac<br \/>\n\u00a9 PeWe-Verlag 2017<\/p>\n<p>[\/et_pb_text][\/et_pb_column_inner][\/et_pb_row_inner][et_pb_row_inner _builder_version=&#8220;3.27.3&#8243;][et_pb_column_inner saved_specialty_column_type=&#8220;1_2&#8243; _builder_version=&#8220;3.27.3&#8243;][et_pb_button button_url=&#8220;@ET-DC@eyJkeW5hbWljIjp0cnVlLCJjb250ZW50IjoicG9zdF9saW5rX3VybF9wYWdlIiwic2V0dGluZ3MiOnsicG9zdF9pZCI6IjI4NyJ9fQ==@&#8220; url_new_window=&#8220;on&#8220; button_text=&#8220;BUCH ANFRAGEN&#8220; button_alignment=&#8220;left&#8220; _builder_version=&#8220;4.0.6&#8243; _dynamic_attributes=&#8220;button_url&#8220; custom_button=&#8220;on&#8220; button_text_size=&#8220;19px&#8220; button_text_color=&#8220;#349fd8&#8243; button_border_radius=&#8220;12px&#8220; button_font=&#8220;Antic||||||||&#8220; button_icon=&#8220;%%49%%&#8220; button_icon_color=&#8220;#29b71f&#8220; transform_translate=&#8220;-3px|-51px&#8220; filter_saturate=&#8220;110%&#8220; filter_brightness=&#8220;109%&#8220;][\/et_pb_button][et_pb_button button_url=&#8220;@ET-DC@eyJkeW5hbWljIjp0cnVlLCJjb250ZW50IjoicG9zdF9saW5rX3VybF9wYWdlIiwic2V0dGluZ3MiOnsicG9zdF9pZCI6IjI4NyJ9fQ==@&#8220; url_new_window=&#8220;on&#8220; button_text=&#8220;REQUEST BOOK&#8220; button_alignment=&#8220;left&#8220; _builder_version=&#8220;4.0.6&#8243; _dynamic_attributes=&#8220;button_url&#8220; custom_button=&#8220;on&#8220; button_text_size=&#8220;19px&#8220; button_text_color=&#8220;#349fd8&#8243; button_border_radius=&#8220;12px&#8220; button_font=&#8220;Antic||||||||&#8220; button_icon=&#8220;%%49%%&#8220; button_icon_color=&#8220;#29b71f&#8220; transform_translate=&#8220;-3px|-51px&#8220; filter_saturate=&#8220;110%&#8220; filter_brightness=&#8220;109%&#8220;][\/et_pb_button][\/et_pb_column_inner][\/et_pb_row_inner][\/et_pb_column][et_pb_column type=&#8220;1_2&#8243; _builder_version=&#8220;3.25&#8243; custom_padding=&#8220;|||&#8220; custom_padding__hover=&#8220;|||&#8220;][et_pb_text _builder_version=&#8220;3.27.4&#8243; text_font_size=&#8220;17px&#8220; transform_scale_tablet=&#8220;&#8220; transform_scale_phone=&#8220;&#8220; transform_scale_last_edited=&#8220;on|tablet&#8220; transform_translate=&#8220;51px|-8px&#8220; transform_translate_tablet=&#8220;105px|-43px&#8220; transform_translate_phone=&#8220;&#8220; transform_translate_last_edited=&#8220;on|phone&#8220; transform_rotate_tablet=&#8220;&#8220; transform_rotate_phone=&#8220;&#8220; transform_rotate_last_edited=&#8220;on|tablet&#8220; transform_skew_tablet=&#8220;&#8220; transform_skew_phone=&#8220;&#8220; transform_skew_last_edited=&#8220;on|tablet&#8220; transform_origin_tablet=&#8220;&#8220; transform_origin_phone=&#8220;&#8220; transform_origin_last_edited=&#8220;on|tablet&#8220; transform_styles_last_edited=&#8220;on|phone&#8220; text_orientation=&#8220;justify&#8220; width=&#8220;100%&#8220; width_tablet=&#8220;100%&#8220; width_phone=&#8220;&#8220; width_last_edited=&#8220;on|tablet&#8220; custom_margin=&#8220;|||-117px||&#8220; custom_padding=&#8220;|0px||0px||&#8220; transform_styles_tablet=&#8220;&#8220; transform_styles_phone=&#8220;&#8220; text_text_align=&#8220;justify&#8220; width__hover_enabled=&#8220;on|desktop&#8220;]<\/p>\n<p>Syene (Assuan) war die s\u00fcdlichste Stadt im R\u00f6mischen Reich. Seit dem Jahr 2000 f\u00fchrt dort das Schweizerische Institut f\u00fcr \u00c4gyptische Bauforschung und Altertumskunde in Kairo in Zusammenarbeit mit dem Ministry of Antiquities planm\u00e4ssige Rettungsgrabungen durch.<br \/> In einem Projekt des Instituts f\u00fcr Arch\u00e4ologische Wissenschaften der Universit\u00e4t Bern, Arch\u00e4ologie der R\u00f6mischen Provinzen, wurden die Funde aus Kontexten der 1. bis 4. Kampagnen bearbeitet und ausgewertet. Zum ersten Mal kann die Entwicklung der Keramik in Ober\u00e4gypten vom 1. bis zum 7. Jahrhundert AD anhand stratifizierter Kontexte aufgezeigt werden.<br \/> Die Publikation umfasst vier Teile:<br \/> Teil A: Befunde, Kontexte, Katalog, Abbildungen der Keramikensembles.<br \/> Teil B: Die Keramik: relative und absolute Chronologie, Typen, Synthese.<br \/> Teil C: Glas, Metall, Elfenbein, Tierknochen.<br \/> Teil D: Anhang Keramik: Bibliografie, Typologische Reihen, Farbtafeln.<\/p>\n<p>Syene ist f\u00fcr die Situation am S\u00fcdrand der r\u00f6mischen und byzantinischen Welt sehr interessant. Hier b\u00fcndelten sich die Handelsstrassen von und in Richtung Nubien. Die reichhaltigen Funde aus der Stadt vor dem ersten Katarakt des Nil bieten einen L\u00e4ngsschnitt durch die Geschichte und Kultur dieser politischen und kulturellen Nahtstelle.<\/p>\n<p>&nbsp;<\/p>\n<p>[\/et_pb_text][et_pb_text _builder_version=&#8220;4.0.6&#8243; text_font_size=&#8220;17px&#8220; transform_scale_tablet=&#8220;&#8220; transform_scale_phone=&#8220;&#8220; transform_scale_last_edited=&#8220;on|tablet&#8220; transform_translate=&#8220;48px|-15px&#8220; transform_translate_tablet=&#8220;101px|-41px&#8220; transform_translate_phone=&#8220;&#8220; transform_translate_last_edited=&#8220;on|phone&#8220; transform_rotate_tablet=&#8220;&#8220; transform_rotate_phone=&#8220;&#8220; transform_rotate_last_edited=&#8220;on|tablet&#8220; transform_skew_tablet=&#8220;&#8220; transform_skew_phone=&#8220;&#8220; transform_skew_last_edited=&#8220;on|tablet&#8220; transform_origin_tablet=&#8220;&#8220; transform_origin_phone=&#8220;&#8220; transform_origin_last_edited=&#8220;on|tablet&#8220; transform_styles_last_edited=&#8220;on|phone&#8220; text_orientation=&#8220;justify&#8220; width=&#8220;100%&#8220; width_tablet=&#8220;100%&#8220; width_phone=&#8220;&#8220; width_last_edited=&#8220;on|tablet&#8220; custom_margin=&#8220;|||-117px||&#8220; custom_padding=&#8220;|0px||0px||&#8220; transform_styles_tablet=&#8220;&#8220; transform_styles_phone=&#8220;&#8220; border_width_top=&#8220;1px&#8220; border_color_top=&#8220;#349fd8&#8243; text_text_align=&#8220;justify&#8220; width__hover_enabled=&#8220;on|desktop&#8220;]<\/p>\n<p>&nbsp;<\/p>\n<p>Syene (Aswan) was the southern-most town of the Roman Empire. Since the year 2000, systematic rescue excavations have been carried out by the Swiss Institute of Architectural and Archaeological Research on Ancient Egypt in Cairo, in cooperation with the Ministry of Antiquities.<br \/>The pottery studied in this volume comes from stratigraphically well-observed archaeological structures of the excavations from the 1st to 4th campaigns and was analysed within the framework of a project of the University of Berne, Institut f\u00fcr Arch\u00e4ologische Wissenschaften, Arch\u00e4ologie der R\u00f6mischen Provinzen.<br \/>The work is divided into four parts A-D, with a substantial summary in English:<br \/>Part A: structures, contexts, catalogue of pottery and plates.<br \/>Part B: pottery, relative and absolute chronology; types; synthesis.<br \/>Part C: glass, metal and bone artefacts, animal bones.<br \/>Part D: annex (pottery): bibliography, typological series; color plates.<\/p>\n<p>For the first time for Upper Egypt, characteristic, chronologically valid contexts of pottery can now be observed. Furthermore, from the later 1st century BC up until the 7th century AD a typological development for many forms can be traced. Finally, the analysis of the pottery yields results and perspectives on trade and cultural developments.<\/p>\n<p>[\/et_pb_text][\/et_pb_column][\/et_pb_section]<\/p>\n","protected":false},"excerpt":{"rendered":"<p>Stefanie Martin-Kilcher \/ Jacqueline Wininger Syene III. Untersuchungen zur r\u00f6mischen Keramik und weiteren Funden aus Syene \/ Assuan (1.-7. Jahrhundert AD). Grabungen 2001 \u2014 2004. Mit Beitr\u00e4gen von Sylvia F\u00fcnfschilling, Daniel Keller und Johanna Sigl. Beitr\u00e4ge zur \u00e4gyptischen Bauforschung und Altertumskunde, Band 20 Format: 35 x 24,5 cm \u2014 Hardcover Umfang:\u00a0432 Seiten, 262 teils ganzseitige [&hellip;]<\/p>\n","protected":false},"author":1,"featured_media":0,"parent":0,"menu_order":0,"comment_status":"closed","ping_status":"closed","template":"","meta":{"_et_pb_use_builder":"on","_et_pb_old_content":"","_et_gb_content_width":"","footnotes":""},"class_list":["post-355","page","type-page","status-publish","hentry"],"_links":{"self":[{"href":"https:\/\/www.pewe-verlag.de\/index.php?rest_route=\/wp\/v2\/pages\/355","targetHints":{"allow":["GET"]}}],"collection":[{"href":"https:\/\/www.pewe-verlag.de\/index.php?rest_route=\/wp\/v2\/pages"}],"about":[{"href":"https:\/\/www.pewe-verlag.de\/index.php?rest_route=\/wp\/v2\/types\/page"}],"author":[{"embeddable":true,"href":"https:\/\/www.pewe-verlag.de\/index.php?rest_route=\/wp\/v2\/users\/1"}],"replies":[{"embeddable":true,"href":"https:\/\/www.pewe-verlag.de\/index.php?rest_route=%2Fwp%2Fv2%2Fcomments&post=355"}],"version-history":[{"count":14,"href":"https:\/\/www.pewe-verlag.de\/index.php?rest_route=\/wp\/v2\/pages\/355\/revisions"}],"predecessor-version":[{"id":3006,"href":"https:\/\/www.pewe-verlag.de\/index.php?rest_route=\/wp\/v2\/pages\/355\/revisions\/3006"}],"wp:attachment":[{"href":"https:\/\/www.pewe-verlag.de\/index.php?rest_route=%2Fwp%2Fv2%2Fmedia&parent=355"}],"curies":[{"name":"wp","href":"https:\/\/api.w.org\/{rel}","templated":true}]}}