{"id":363,"date":"2019-09-14T18:15:36","date_gmt":"2019-09-14T16:15:36","guid":{"rendered":"https:\/\/modern.pewe-verlag.de\/?page_id=363"},"modified":"2024-11-20T09:17:02","modified_gmt":"2024-11-20T08:17:02","slug":"merenptah-v-konservierungsarbeiten-und-herrichtung-des-grabungsplatzes-horst-jaritz-andreas-arnold-markus-bloedt-oskar-emmenegger-andreas-kueng-konrad-zehnder","status":"publish","type":"page","link":"https:\/\/www.pewe-verlag.de\/?page_id=363","title":{"rendered":"Merenptah V. Konservierungsarbeiten und Herrichtung des Grabungsplatzes. &#8211; Horst Jaritz \/ Andreas Arnold \/ Markus Bl\u00f6dt \/ Oskar Emmenegger \/ Andreas K\u00fcng \/ Konrad Zehnder"},"content":{"rendered":"<p>[et_pb_section fb_built=&#8220;1&#8243; make_equal=&#8220;on&#8220; use_custom_gutter=&#8220;on&#8220; specialty=&#8220;on&#8220; _builder_version=&#8220;3.27.3&#8243; width=&#8220;100%&#8220;][et_pb_column type=&#8220;1_2&#8243; specialty_columns=&#8220;2&#8243; _builder_version=&#8220;3.25&#8243; custom_padding=&#8220;|||&#8220; custom_padding__hover=&#8220;|||&#8220;][et_pb_row_inner _builder_version=&#8220;3.27.3&#8243;][et_pb_column_inner saved_specialty_column_type=&#8220;1_2&#8243; _builder_version=&#8220;3.27.3&#8243;][et_pb_image src=&#8220;https:\/\/pw.ulikes.de\/wp\/files\/wp-content\/uploads\/2024\/11\/meren5.png&#8220; _builder_version=&#8220;4.0.6&#8243; hover_enabled=&#8220;0&#8243;][\/et_pb_image][et_pb_text _builder_version=&#8220;4.0.6&#8243; text_font=&#8220;Trebuchet||||||||&#8220; text_font_size=&#8220;15px&#8220; custom_padding=&#8220;|185px||||&#8220;]<\/p>\n<p><strong>Horst Jaritz \/ Andreas Arnold \/ Markus Bl\u00f6dt \/ Oskar Emmenegger \/ Andreas K\u00fcng \/ Konrad Zehnder<\/strong><br \/>\nMerenptah V. <br \/>\nKonservierungsarbeiten und Herrichtung des Grabungsplatzes.<\/p>\n<p>Beitr\u00e4ge zur \u00e4gyptischen Bauforschung und Altertumskunde, Band 21<\/p>\n<p>Format: 35 x 24,5 cm &#8211; Hardcover<br \/>\nUmfang:\u00a0288 Seiten, 350 Abbildungen im Text, 30 Farbtafeln<\/p>\n<p><a href=\"https:\/\/www.pewe-verlag.de\/res\/liber34-argumentum.pdf\" target=\"_blank\" rel=\"noopener noreferrer\">Inhalt \/ Content<\/a><\/p>\n<p>ISBN:\u00a0978-3-935012-34-8<br \/>\nPreis: 85,00 \u20ac<br \/>\n\u00a9 PeWe-Verlag 2019<\/p>\n<p>[\/et_pb_text][\/et_pb_column_inner][\/et_pb_row_inner][et_pb_row_inner _builder_version=&#8220;3.27.3&#8243; _dynamic_attributes=&#8220;link_option_url&#8220; link_option_url=&#8220;@ET-DC@eyJkeW5hbWljIjp0cnVlLCJjb250ZW50IjoicG9zdF9saW5rX3VybF9wYWdlIiwic2V0dGluZ3MiOnsicG9zdF9pZCI6IjI4NyJ9fQ==@&#8220; link_option_url_new_window=&#8220;on&#8220;][et_pb_column_inner saved_specialty_column_type=&#8220;1_2&#8243; _builder_version=&#8220;3.27.3&#8243;][et_pb_button button_url=&#8220;https:\/\/modern.pewe-verlag.de\/?page_id=287&#8243; button_text=&#8220;BUCH ANFRAGEN&#8220; button_alignment=&#8220;left&#8220; _builder_version=&#8220;4.0.6&#8243; custom_button=&#8220;on&#8220; button_text_size=&#8220;19px&#8220; button_text_color=&#8220;#349fd8&#8243; button_border_radius=&#8220;12px&#8220; button_font=&#8220;Antic||||||||&#8220; button_icon=&#8220;%%49%%&#8220; button_icon_color=&#8220;#29b71f&#8220; transform_translate=&#8220;-3px|-51px&#8220; filter_saturate=&#8220;110%&#8220; filter_brightness=&#8220;109%&#8220;][\/et_pb_button][et_pb_button button_url=&#8220;https:\/\/modern.pewe-verlag.de\/?page_id=287&#8243; button_text=&#8220;REQUEST BOOK&#8220; button_alignment=&#8220;left&#8220; _builder_version=&#8220;4.0.6&#8243; custom_button=&#8220;on&#8220; button_text_size=&#8220;19px&#8220; button_text_color=&#8220;#349fd8&#8243; button_border_radius=&#8220;12px&#8220; button_font=&#8220;Antic||||||||&#8220; button_icon=&#8220;%%49%%&#8220; button_icon_color=&#8220;#29b71f&#8220; transform_translate=&#8220;-3px|-51px&#8220; filter_saturate=&#8220;110%&#8220; filter_brightness=&#8220;109%&#8220;][\/et_pb_button][\/et_pb_column_inner][\/et_pb_row_inner][\/et_pb_column][et_pb_column type=&#8220;1_2&#8243; _builder_version=&#8220;3.25&#8243; custom_padding=&#8220;|||&#8220; custom_padding__hover=&#8220;|||&#8220;][et_pb_text _builder_version=&#8220;4.0.6&#8243; text_font_size=&#8220;17px&#8220; transform_scale_tablet=&#8220;&#8220; transform_scale_phone=&#8220;&#8220; transform_scale_last_edited=&#8220;on|tablet&#8220; transform_translate_tablet=&#8220;105px|-4px&#8220; transform_translate_phone=&#8220;&#8220; transform_translate_last_edited=&#8220;on|tablet&#8220; transform_rotate_tablet=&#8220;&#8220; transform_rotate_phone=&#8220;&#8220; transform_rotate_last_edited=&#8220;on|tablet&#8220; transform_skew_tablet=&#8220;&#8220; transform_skew_phone=&#8220;&#8220; transform_skew_last_edited=&#8220;on|tablet&#8220; transform_origin_tablet=&#8220;&#8220; transform_origin_phone=&#8220;&#8220; transform_origin_last_edited=&#8220;on|tablet&#8220; transform_styles_last_edited=&#8220;on|tablet&#8220; text_orientation=&#8220;justify&#8220; width=&#8220;120%&#8220; width_tablet=&#8220;100%&#8220; width_phone=&#8220;&#8220; width_last_edited=&#8220;on|tablet&#8220; custom_margin=&#8220;|||-117px||&#8220; custom_padding=&#8220;|0px||0px||&#8220; transform_styles_tablet=&#8220;&#8220; transform_styles_phone=&#8220;&#8220; border_width_bottom=&#8220;1px&#8220; border_color_bottom=&#8220;#349fd8&#8243; text_text_align=&#8220;justify&#8220;]<\/p>\n<p>Im Rahmen der von 1971-2002 unternommenen Nachuntersuchung des von W. M. Flinders Petrie (1896) erstmals untersuchten Millionenjahrhauses des Merenptah in Theben\/Luxor (\u00c4gypten), berichtet Band V in seinem ersten Teil von der Herrichtung der erneut freigelegten Ruine, einschlie\u00dflich seiner verbliebenen Bauteile und Statuen, als \u00f6ffentlich zug\u00e4ngliches Freilichtmuseum. Unter haupts\u00e4chlicher Verwendung von Grabungsschutt unterschiedlicher Art wurde die Gesamtanlage wieder sichtbar gemacht. Zu dieser geh\u00f6ren ein \u00fcberdecktes Lapidarium, in dem Bauteile und Reste kolossaler Statuen aus sekund\u00e4rer Herkunft aufbewahrt werden, sowie die aus polychrom gefassten Kalksteinbl\u00f6cken bestehenden Fundamente des 2. Pylons eines Monumentaltors Amenophis\u2019 III., welche zu Schaur\u00e4umen umgestaltet wurden. Des weiteren geh\u00f6ren zu der Anlage der Bau eines arch\u00e4ologischen Museums, in dem Fragmente der Dekoration und Ausstattung des Tempels gezeigt werden.<br \/> Im zweiten Teil des Bandes werden, neben dem Bergen, Sanieren und Konservieren der aufgefundenen Steine und Statuen, die von verschiedenen Institutionen und Labors unternommenen Bem\u00fchungen und Voruntersuchungen vorgestellt, die schlie\u00dflich die Restaurierung und Konservierung weitgehend aller aufgefundenen Bauteile und Statuen erm\u00f6glichte.<\/p>\n<p>Mit Beitr\u00e4gen von Hans Ettl und Horst Schuh.<\/p>\n<\/p>\n<p>[\/et_pb_text][et_pb_text _builder_version=&#8220;4.0.6&#8243; text_font_size=&#8220;17px&#8220; transform_scale_tablet=&#8220;&#8220; transform_scale_phone=&#8220;&#8220; transform_scale_last_edited=&#8220;on|tablet&#8220; transform_translate_tablet=&#8220;105px|-4px&#8220; transform_translate_phone=&#8220;&#8220; transform_translate_last_edited=&#8220;on|tablet&#8220; transform_rotate_tablet=&#8220;&#8220; transform_rotate_phone=&#8220;&#8220; transform_rotate_last_edited=&#8220;on|tablet&#8220; transform_skew_tablet=&#8220;&#8220; transform_skew_phone=&#8220;&#8220; transform_skew_last_edited=&#8220;on|tablet&#8220; transform_origin_tablet=&#8220;&#8220; transform_origin_phone=&#8220;&#8220; transform_origin_last_edited=&#8220;on|tablet&#8220; transform_styles_last_edited=&#8220;on|tablet&#8220; text_orientation=&#8220;justify&#8220; width=&#8220;120%&#8220; width_tablet=&#8220;100%&#8220; width_phone=&#8220;&#8220; width_last_edited=&#8220;on|tablet&#8220; custom_margin=&#8220;|||-117px||&#8220; custom_padding=&#8220;|0px||0px||&#8220; transform_styles_tablet=&#8220;&#8220; transform_styles_phone=&#8220;&#8220; text_text_align=&#8220;justify&#8220;]<\/p>\n<p>Within the framework of the follow-up investigation of the Million Year House of Merenptah at Thebes\/Luxor (Egypt), which was first examined by W. M. Flinders Petrie (1896), Volume V reports in its first part on the preparation of the re-excavated ruin, including its remaining components and statues, as an open-air museum accessible to the public. Using mainly excavation debris of various kinds, the entire complex was made visible again. This includes a covered lapidarium, in which components and remains of colossal statues of secondary origin are kept, as well as the foundations of the 2nd pylon of a monumental gate of Amenophis III, consisting of polychrome limestone blocks, which have been converted into showrooms. The complex also includes the construction of an archaeological museum where fragments of the temple&#8217;s decoration and furnishings are on display.<br \/> In the second part of the volume, in addition to the recovery, restoration and conservation of the found stones and statues, the efforts and preliminary investigations undertaken by various institutions and laboratories are presented, which finally made the restoration and conservation of largely all the found components and statues possible.<\/p>\n<p>With contributions by Hans Ettl and Horst Schuh.[\/et_pb_text][\/et_pb_column][\/et_pb_section]<\/p>\n","protected":false},"excerpt":{"rendered":"<p>Horst Jaritz \/ Andreas Arnold \/ Markus Bl\u00f6dt \/ Oskar Emmenegger \/ Andreas K\u00fcng \/ Konrad Zehnder Merenptah V. Konservierungsarbeiten und Herrichtung des Grabungsplatzes. Beitr\u00e4ge zur \u00e4gyptischen Bauforschung und Altertumskunde, Band 21 Format: 35 x 24,5 cm &#8211; Hardcover Umfang:\u00a0288 Seiten, 350 Abbildungen im Text, 30 Farbtafeln Inhalt \/ Content ISBN:\u00a0978-3-935012-34-8 Preis: 85,00 \u20ac \u00a9 [&hellip;]<\/p>\n","protected":false},"author":1,"featured_media":0,"parent":0,"menu_order":0,"comment_status":"closed","ping_status":"closed","template":"","meta":{"_et_pb_use_builder":"on","_et_pb_old_content":"","_et_gb_content_width":"","footnotes":""},"class_list":["post-363","page","type-page","status-publish","hentry"],"_links":{"self":[{"href":"https:\/\/www.pewe-verlag.de\/index.php?rest_route=\/wp\/v2\/pages\/363","targetHints":{"allow":["GET"]}}],"collection":[{"href":"https:\/\/www.pewe-verlag.de\/index.php?rest_route=\/wp\/v2\/pages"}],"about":[{"href":"https:\/\/www.pewe-verlag.de\/index.php?rest_route=\/wp\/v2\/types\/page"}],"author":[{"embeddable":true,"href":"https:\/\/www.pewe-verlag.de\/index.php?rest_route=\/wp\/v2\/users\/1"}],"replies":[{"embeddable":true,"href":"https:\/\/www.pewe-verlag.de\/index.php?rest_route=%2Fwp%2Fv2%2Fcomments&post=363"}],"version-history":[{"count":15,"href":"https:\/\/www.pewe-verlag.de\/index.php?rest_route=\/wp\/v2\/pages\/363\/revisions"}],"predecessor-version":[{"id":3005,"href":"https:\/\/www.pewe-verlag.de\/index.php?rest_route=\/wp\/v2\/pages\/363\/revisions\/3005"}],"wp:attachment":[{"href":"https:\/\/www.pewe-verlag.de\/index.php?rest_route=%2Fwp%2Fv2%2Fmedia&parent=363"}],"curies":[{"name":"wp","href":"https:\/\/api.w.org\/{rel}","templated":true}]}}