{"id":391,"date":"2019-09-14T18:52:59","date_gmt":"2019-09-14T16:52:59","guid":{"rendered":"https:\/\/modern.pewe-verlag.de\/?page_id=391"},"modified":"2024-11-20T09:36:30","modified_gmt":"2024-11-20T08:36:30","slug":"andre-block-der-verborgene-koenigsmythos-von-edfu-wiederentdeckung-eines-konzepts-dreidimensionaler-literatur-aegyptiaca-hamburgensia-band-4","status":"publish","type":"page","link":"https:\/\/www.pewe-verlag.de\/?page_id=391","title":{"rendered":"Andr\u00e9 Block Der verborgene K\u00f6nigsmythos von Edfu. Wiederentdeckung eines Konzepts dreidimensionaler Literatur. Aegyptiaca Hamburgensia \u2014 Band 4"},"content":{"rendered":"<p>[et_pb_section fb_built=&#8220;1&#8243; make_equal=&#8220;on&#8220; use_custom_gutter=&#8220;on&#8220; specialty=&#8220;on&#8220; _builder_version=&#8220;3.27.3&#8243; width=&#8220;100%&#8220;][et_pb_column type=&#8220;1_2&#8243; specialty_columns=&#8220;2&#8243; _builder_version=&#8220;3.25&#8243; custom_padding=&#8220;|||&#8220; custom_padding__hover=&#8220;|||&#8220;][et_pb_row_inner _builder_version=&#8220;3.27.3&#8243;][et_pb_column_inner saved_specialty_column_type=&#8220;1_2&#8243; _builder_version=&#8220;3.27.3&#8243;][et_pb_image src=&#8220;https:\/\/pw.ulikes.de\/wp\/files\/wp-content\/uploads\/2024\/11\/block.png&#8220; _builder_version=&#8220;4.0.6&#8243; hover_enabled=&#8220;0&#8243;][\/et_pb_image][et_pb_text _builder_version=&#8220;3.27.4&#8243; text_font=&#8220;Trebuchet||||||||&#8220; text_font_size=&#8220;15px&#8220; custom_padding=&#8220;|185px||||&#8220;]<\/p>\n<p><strong>Andr\u00e9 Block<\/strong><br \/>Der verborgene K\u00f6nigsmythos von Edfu. Wiederentdeckung eines Konzepts dreidimensionaler Literatur.<br \/>Aegyptiaca Hamburgensia \u2014 Band 4<\/p>\n<p>Format: 29 x 21 cm &#8211; Hardcover<br \/>Umfang:\u00a0362 Seiten, 14 Beilagen mit Strichzeichnungen<\/p>\n<p><a href=\"https:\/\/www.pewe-verlag.de\/res\/liber12-argumentum.pdf\" target=\"_blank\" rel=\"noopener noreferrer\">Inhalt \/ Content<\/a><\/p>\n<p>ISBN:\u00a0978-3-935012-12-6<br \/>Preis: 59,80 \u20ac<br \/>\u00a9 PeWe-Verlag 2014<\/p>\n<p>[\/et_pb_text][\/et_pb_column_inner][\/et_pb_row_inner][et_pb_row_inner _builder_version=&#8220;3.27.3&#8243;][et_pb_column_inner saved_specialty_column_type=&#8220;1_2&#8243; _builder_version=&#8220;3.27.3&#8243;][et_pb_button button_url=&#8220;@ET-DC@eyJkeW5hbWljIjp0cnVlLCJjb250ZW50IjoicG9zdF9saW5rX3VybF9wYWdlIiwic2V0dGluZ3MiOnsicG9zdF9pZCI6IjI4NyJ9fQ==@&#8220; url_new_window=&#8220;on&#8220; button_text=&#8220;BUCH ANFRAGEN&#8220; button_alignment=&#8220;left&#8220; _builder_version=&#8220;4.0.6&#8243; _dynamic_attributes=&#8220;button_url&#8220; custom_button=&#8220;on&#8220; button_text_size=&#8220;19px&#8220; button_text_color=&#8220;#349fd8&#8243; button_border_radius=&#8220;12px&#8220; button_font=&#8220;Antic||||||||&#8220; button_icon=&#8220;%%49%%&#8220; button_icon_color=&#8220;#29b71f&#8220; transform_translate=&#8220;-3px|-51px&#8220; filter_saturate=&#8220;110%&#8220; filter_brightness=&#8220;109%&#8220;][\/et_pb_button][et_pb_button button_url=&#8220;@ET-DC@eyJkeW5hbWljIjp0cnVlLCJjb250ZW50IjoicG9zdF9saW5rX3VybF9wYWdlIiwic2V0dGluZ3MiOnsicG9zdF9pZCI6IjI4NyJ9fQ==@&#8220; url_new_window=&#8220;on&#8220; button_text=&#8220;REQUEST BOOK&#8220; button_alignment=&#8220;left&#8220; _builder_version=&#8220;4.0.6&#8243; _dynamic_attributes=&#8220;button_url&#8220; custom_button=&#8220;on&#8220; button_text_size=&#8220;19px&#8220; button_text_color=&#8220;#349fd8&#8243; button_border_radius=&#8220;12px&#8220; button_font=&#8220;Antic||||||||&#8220; button_icon=&#8220;%%49%%&#8220; button_icon_color=&#8220;#29b71f&#8220; transform_translate=&#8220;-3px|-51px&#8220; filter_saturate=&#8220;110%&#8220; filter_brightness=&#8220;109%&#8220;][\/et_pb_button][\/et_pb_column_inner][\/et_pb_row_inner][\/et_pb_column][et_pb_column type=&#8220;1_2&#8243; _builder_version=&#8220;3.25&#8243; custom_padding=&#8220;|||&#8220; custom_padding__hover=&#8220;|||&#8220;][et_pb_text _builder_version=&#8220;3.27.4&#8243; text_font_size=&#8220;17px&#8220; transform_scale_tablet=&#8220;&#8220; transform_scale_phone=&#8220;&#8220; transform_scale_last_edited=&#8220;on|phone&#8220; transform_translate_tablet=&#8220;102px|-31px&#8220; transform_translate_phone=&#8220;115px|-47px&#8220; transform_translate_last_edited=&#8220;on|phone&#8220; transform_rotate_tablet=&#8220;&#8220; transform_rotate_phone=&#8220;&#8220; transform_rotate_last_edited=&#8220;on|phone&#8220; transform_skew_tablet=&#8220;&#8220; transform_skew_phone=&#8220;&#8220; transform_skew_last_edited=&#8220;on|phone&#8220; transform_origin_tablet=&#8220;&#8220; transform_origin_phone=&#8220;&#8220; transform_origin_last_edited=&#8220;on|phone&#8220; transform_styles_last_edited=&#8220;on|phone&#8220; text_orientation=&#8220;justify&#8220; width=&#8220;120%&#8220; width_tablet=&#8220;100%&#8220; width_phone=&#8220;&#8220; width_last_edited=&#8220;on|tablet&#8220; custom_margin=&#8220;|||-117px||&#8220; custom_padding=&#8220;|0px||0px||&#8220; transform_styles_tablet=&#8220;&#8220; transform_styles_phone=&#8220;&#8220; text_text_align=&#8220;justify&#8220;]<\/p>\n<p>Auf den seitlichen Au\u00dfenw\u00e4nden des Tempelhauses von Edfu befinden sich in den drei oberen Registern 104 Ritual- und Opferszenen, die thematisch miteinander verbunden sind. Die vorliegende Untersuchung weist nach, dass die dort angedeuteten mythischen Motive in der Zusammenschau vom K\u00f6nigtum der G\u00f6tter erz\u00e4hlen \u2013 der Herrschaft des Horus und seiner g\u00f6ttlichen Vorg\u00e4nger. Sie f\u00fchrt die Verkn\u00fcpfung der mythischen Motive vor und zeigt deren Einbindung in das Gesamtkonzept. Wie in einer mythischen Erz\u00e4hlung reihen sich diese chronologisch aneinander und wurden in ihrer Abfolge von hinten (Sanktuarsbereich) nach vorne (Erscheinungssaal) auf der Au\u00dfenwand des Tempelhauses angebracht, wobei die Raumgruppen im Tempelinneren den gewaltigen Szenenkomplex der Wandfl\u00e4che unsichtbar in Kapitel gliedern.<\/p>\n<p>[\/et_pb_text][et_pb_text _builder_version=&#8220;4.0.5&#8243; text_font_size=&#8220;17px&#8220; transform_scale_tablet=&#8220;&#8220; transform_scale_phone=&#8220;&#8220; transform_scale_last_edited=&#8220;on|phone&#8220; transform_translate_tablet=&#8220;106px|-26px&#8220; transform_translate_phone=&#8220;110px|-40px&#8220; transform_translate_last_edited=&#8220;on|tablet&#8220; transform_rotate_tablet=&#8220;&#8220; transform_rotate_phone=&#8220;&#8220; transform_rotate_last_edited=&#8220;on|phone&#8220; transform_skew_tablet=&#8220;&#8220; transform_skew_phone=&#8220;&#8220; transform_skew_last_edited=&#8220;on|phone&#8220; transform_origin_tablet=&#8220;&#8220; transform_origin_phone=&#8220;&#8220; transform_origin_last_edited=&#8220;on|phone&#8220; transform_styles_last_edited=&#8220;on|tablet&#8220; text_orientation=&#8220;justify&#8220; width=&#8220;120%&#8220; width_tablet=&#8220;100%&#8220; width_phone=&#8220;&#8220; width_last_edited=&#8220;on|phone&#8220; custom_margin=&#8220;|||-117px||&#8220; custom_padding=&#8220;|0px||0px||&#8220; transform_styles_tablet=&#8220;&#8220; transform_styles_phone=&#8220;&#8220; border_width_top=&#8220;1px&#8220; border_color_top=&#8220;#349fd8&#8243; text_text_align=&#8220;justify&#8220;]<\/p>\n<p>&nbsp;<\/p>\n<p>The upper three registers on the outside of the side walls of the temple house at Edfu contain 104 scenes of rituals and sacrifices, which are thematically connected. The present study shows that \u2013 contemplated as a whole \u2013 the suggested mythical motifs tell about the kingdom of the gods, about the rule of Horus and his divine predecessors. The connection among the mythical motifs is demonstrated as well as their integration into the overall concept. Just as in a mythical narrative the motifs follow upon each other chronologically and appear on the outer wall of the temple house in their sequence from back (area of the sanctuary) to front (hypostyle hall); the groups of rooms inside the temple invisibly order the voluminous array of scenes on the walls into chapters.<\/p>\n<p>[\/et_pb_text][\/et_pb_column][\/et_pb_section]<\/p>\n","protected":false},"excerpt":{"rendered":"<p>Andr\u00e9 BlockDer verborgene K\u00f6nigsmythos von Edfu. Wiederentdeckung eines Konzepts dreidimensionaler Literatur.Aegyptiaca Hamburgensia \u2014 Band 4 Format: 29 x 21 cm &#8211; HardcoverUmfang:\u00a0362 Seiten, 14 Beilagen mit Strichzeichnungen Inhalt \/ Content ISBN:\u00a0978-3-935012-12-6Preis: 59,80 \u20ac\u00a9 PeWe-Verlag 2014Auf den seitlichen Au\u00dfenw\u00e4nden des Tempelhauses von Edfu befinden sich in den drei oberen Registern 104 Ritual- und Opferszenen, die thematisch [&hellip;]<\/p>\n","protected":false},"author":1,"featured_media":0,"parent":0,"menu_order":0,"comment_status":"closed","ping_status":"closed","template":"","meta":{"_et_pb_use_builder":"on","_et_pb_old_content":"","_et_gb_content_width":"","footnotes":""},"class_list":["post-391","page","type-page","status-publish","hentry"],"_links":{"self":[{"href":"https:\/\/www.pewe-verlag.de\/index.php?rest_route=\/wp\/v2\/pages\/391","targetHints":{"allow":["GET"]}}],"collection":[{"href":"https:\/\/www.pewe-verlag.de\/index.php?rest_route=\/wp\/v2\/pages"}],"about":[{"href":"https:\/\/www.pewe-verlag.de\/index.php?rest_route=\/wp\/v2\/types\/page"}],"author":[{"embeddable":true,"href":"https:\/\/www.pewe-verlag.de\/index.php?rest_route=\/wp\/v2\/users\/1"}],"replies":[{"embeddable":true,"href":"https:\/\/www.pewe-verlag.de\/index.php?rest_route=%2Fwp%2Fv2%2Fcomments&post=391"}],"version-history":[{"count":21,"href":"https:\/\/www.pewe-verlag.de\/index.php?rest_route=\/wp\/v2\/pages\/391\/revisions"}],"predecessor-version":[{"id":3014,"href":"https:\/\/www.pewe-verlag.de\/index.php?rest_route=\/wp\/v2\/pages\/391\/revisions\/3014"}],"wp:attachment":[{"href":"https:\/\/www.pewe-verlag.de\/index.php?rest_route=%2Fwp%2Fv2%2Fmedia&parent=391"}],"curies":[{"name":"wp","href":"https:\/\/api.w.org\/{rel}","templated":true}]}}