{"id":404,"date":"2019-09-14T19:45:20","date_gmt":"2019-09-14T17:45:20","guid":{"rendered":"https:\/\/modern.pewe-verlag.de\/?page_id=404"},"modified":"2024-11-20T16:40:18","modified_gmt":"2024-11-20T15:40:18","slug":"stefan-rueter-habt-ehrfurcht-vor-der-gottheit-nn-die-snd-n-hymnen-in-den-aegyptischen-tempeln-der-griechisch-roemischen-zeit-die-inschriften-des-tempels-von-edfu","status":"publish","type":"page","link":"https:\/\/www.pewe-verlag.de\/?page_id=404","title":{"rendered":"Stefan R\u00fcter \u201eHabt Ehrfurcht vor der Gottheit NN\u201c \u2014 Die \u015bnd-n-Hymnen in den \u00e4gyptischen Tempeln der griechisch-r\u00f6mischen Zeit Die Inschriften des Tempels von Edfu \u2014 Begleitheft 2"},"content":{"rendered":"<p>[et_pb_section fb_built=&#8220;1&#8243; make_equal=&#8220;on&#8220; use_custom_gutter=&#8220;on&#8220; specialty=&#8220;on&#8220; _builder_version=&#8220;3.27.3&#8243; width=&#8220;100%&#8220;][et_pb_column type=&#8220;1_2&#8243; specialty_columns=&#8220;2&#8243; _builder_version=&#8220;3.25&#8243; custom_padding=&#8220;|||&#8220; custom_padding__hover=&#8220;|||&#8220;][et_pb_row_inner _builder_version=&#8220;3.27.3&#8243;][et_pb_column_inner saved_specialty_column_type=&#8220;1_2&#8243; _builder_version=&#8220;3.27.3&#8243;][et_pb_image src=&#8220;https:\/\/pw.ulikes.de\/wp\/files\/wp-content\/uploads\/2024\/11\/beiheft-02.png&#8220; _builder_version=&#8220;4.0.6&#8243; hover_enabled=&#8220;0&#8243;][\/et_pb_image][et_pb_text _builder_version=&#8220;4.0.6&#8243; text_font=&#8220;Trebuchet||||||||&#8220; text_font_size=&#8220;15px&#8220; custom_padding=&#8220;|185px||||&#8220;]<\/p>\n<p><strong>Stefan R\u00fcter<\/strong><br \/>\n\u201eHabt Ehrfurcht vor der Gottheit NN\u201c.<br \/>\nDie \u015bnd-n-Hymnen in den \u00e4gyptischen Tempeln der griechisch-r\u00f6mischen Zeit.<\/p>\n<p>Die Inschriften des Tempels von Edfu \u2014 Begleitheft 2<\/p>\n<p>Format:\u00a029 x 21 cm \u2014 Hardcover<br \/>\nUmfang:\u00a0185 Seiten, 10 Tafeln mit 18 Strichzeichnungen und 2 s\/w-Fotos<\/p>\n<p><a href=\"https:\/\/www.pewe-verlag.de\/res\/liber5-argumentum.pdf\" target=\"_blank\" rel=\"noopener noreferrer\">Inhalt \/ Content<\/a><\/p>\n<p>ISBN:\u00a0978-3-935012-05-8<br \/>\nPreis: 39,80 \u20ac<br \/>\n\u00a9 PeWe-Verlag 2009<\/p>\n<p>[\/et_pb_text][\/et_pb_column_inner][\/et_pb_row_inner][et_pb_row_inner _builder_version=&#8220;3.27.3&#8243;][et_pb_column_inner saved_specialty_column_type=&#8220;1_2&#8243; _builder_version=&#8220;3.27.3&#8243;][et_pb_button button_url=&#8220;@ET-DC@eyJkeW5hbWljIjp0cnVlLCJjb250ZW50IjoicG9zdF9saW5rX3VybF9wYWdlIiwic2V0dGluZ3MiOnsicG9zdF9pZCI6IjI4NyJ9fQ==@&#8220; url_new_window=&#8220;on&#8220; button_text=&#8220;BUCH ANFRAGEN&#8220; button_alignment=&#8220;left&#8220; _builder_version=&#8220;4.0.6&#8243; _dynamic_attributes=&#8220;button_url&#8220; custom_button=&#8220;on&#8220; button_text_size=&#8220;19px&#8220; button_text_color=&#8220;#349fd8&#8243; button_border_radius=&#8220;12px&#8220; button_font=&#8220;Antic||||||||&#8220; button_icon=&#8220;%%49%%&#8220; button_icon_color=&#8220;#29b71f&#8220; transform_translate=&#8220;-3px|-51px&#8220; filter_saturate=&#8220;110%&#8220; filter_brightness=&#8220;109%&#8220;][\/et_pb_button][et_pb_button button_url=&#8220;@ET-DC@eyJkeW5hbWljIjp0cnVlLCJjb250ZW50IjoicG9zdF9saW5rX3VybF9wYWdlIiwic2V0dGluZ3MiOnsicG9zdF9pZCI6IjI4NyJ9fQ==@&#8220; url_new_window=&#8220;on&#8220; button_text=&#8220;REQUEST BOOK&#8220; button_alignment=&#8220;left&#8220; _builder_version=&#8220;4.0.6&#8243; _dynamic_attributes=&#8220;button_url&#8220; custom_button=&#8220;on&#8220; button_text_size=&#8220;19px&#8220; button_text_color=&#8220;#349fd8&#8243; button_border_radius=&#8220;12px&#8220; button_font=&#8220;Antic||||||||&#8220; button_icon=&#8220;%%49%%&#8220; button_icon_color=&#8220;#29b71f&#8220; transform_translate=&#8220;-3px|-51px&#8220; filter_saturate=&#8220;110%&#8220; filter_brightness=&#8220;109%&#8220;][\/et_pb_button][\/et_pb_column_inner][\/et_pb_row_inner][\/et_pb_column][et_pb_column type=&#8220;1_2&#8243; _builder_version=&#8220;3.25&#8243; custom_padding=&#8220;|||&#8220; custom_padding__hover=&#8220;|||&#8220;][et_pb_text _builder_version=&#8220;3.27.4&#8243; text_font_size=&#8220;17px&#8220; transform_scale_tablet=&#8220;&#8220; transform_scale_phone=&#8220;&#8220; transform_scale_last_edited=&#8220;on|phone&#8220; transform_translate_tablet=&#8220;107px|-56px&#8220; transform_translate_phone=&#8220;&#8220; transform_translate_last_edited=&#8220;on|phone&#8220; transform_rotate_tablet=&#8220;&#8220; transform_rotate_phone=&#8220;&#8220; transform_rotate_last_edited=&#8220;on|phone&#8220; transform_skew_tablet=&#8220;&#8220; transform_skew_phone=&#8220;&#8220; transform_skew_last_edited=&#8220;on|phone&#8220; transform_origin_tablet=&#8220;&#8220; transform_origin_phone=&#8220;&#8220; transform_origin_last_edited=&#8220;on|phone&#8220; transform_styles_last_edited=&#8220;on|phone&#8220; text_orientation=&#8220;justify&#8220; width=&#8220;120%&#8220; width_tablet=&#8220;100%&#8220; width_phone=&#8220;&#8220; width_last_edited=&#8220;on|phone&#8220; custom_margin=&#8220;|||-117px||&#8220; custom_padding=&#8220;|0px||0px||&#8220; transform_styles_tablet=&#8220;&#8220; transform_styles_phone=&#8220;&#8220; text_text_align=&#8220;justify&#8220;]<\/p>\n<p>Bei der Publikation handelt es sich um eine Abschlussarbeit, in der Stefan R\u00fcter die \u015bnd-n-Hymnen untersucht, deren zahlreiche Textzeugen in neun Tempeln der griechisch-r\u00f6mischen Zeit erhalten sind. Ihr Verst\u00e4ndnis wird durch die vorliegende Untersuchung nicht nur durch die zusammenh\u00e4ngende \u00dcbersetzung nahezu aller Quellen sehr gef\u00f6rdert, sondern besonders auch durch die analytische Aufbereitung der Textaussagen und die darauf basierende Interpretation. Die Textanalyse der Arbeit gibt, \u00fcber das eigentliche Anliegen der Untersuchung hinausreichend, Einblick in einen Problemkomplex der griechisch-r\u00f6mischen Tempelinschriften. Dabei handelt es sich zum einen um die Frage nach Art, Herkunft und Verbreitung der Textvorlagen, zum anderen um die Frage nach dem Verh\u00e4ltnis des allgemein\u00e4gyptischen religi\u00f6sen Gedankengutes zu seinen vielen lokalen Auspr\u00e4gungen.<\/p>\n<p>[\/et_pb_text][et_pb_text _builder_version=&#8220;4.0.6&#8243; text_font_size=&#8220;17px&#8220; transform_scale_tablet=&#8220;&#8220; transform_scale_phone=&#8220;&#8220; transform_scale_last_edited=&#8220;on|tablet&#8220; transform_translate_tablet=&#8220;105px|-32px&#8220; transform_translate_phone=&#8220;&#8220; transform_translate_last_edited=&#8220;on|phone&#8220; transform_rotate_tablet=&#8220;&#8220; transform_rotate_phone=&#8220;&#8220; transform_rotate_last_edited=&#8220;on|phone&#8220; transform_skew_tablet=&#8220;&#8220; transform_skew_phone=&#8220;&#8220; transform_skew_last_edited=&#8220;on|phone&#8220; transform_origin_tablet=&#8220;&#8220; transform_origin_phone=&#8220;&#8220; transform_origin_last_edited=&#8220;on|phone&#8220; transform_styles_last_edited=&#8220;on|phone&#8220; text_orientation=&#8220;justify&#8220; width=&#8220;120%&#8220; width_tablet=&#8220;100%&#8220; width_phone=&#8220;&#8220; width_last_edited=&#8220;on|phone&#8220; custom_margin=&#8220;|||-117px||&#8220; custom_padding=&#8220;|0px||0px||&#8220; transform_styles_tablet=&#8220;&#8220; transform_styles_phone=&#8220;&#8220; border_width_top=&#8220;1px&#8220; border_color_top=&#8220;#349fd8&#8243; text_text_align=&#8220;justify&#8220;]<\/p>\n<p>&nbsp;<\/p>\n<p>The \u015bnd-n hymns that Stefan R\u00fcter examines in this publication are preserved in a great number of texts from nine temples dating to Greco-Roman times. The understanding of the hymns is much enhanced not only by a consecutive translation of almost all sources but especially by the analytical scrutiny of the texts` statements and the subsequent interpretation. Going beyond the immediate aim of the investigation the textual analysis offers an insight into problems of Greco-Roman temple inscriptions: on the one hand there is the question after the manner, provenance and diffusion of the texts, on the other hand the question after the relationship between religious ideas accepted all over Egypt and their many local manifestations.<\/p>\n<p>[\/et_pb_text][\/et_pb_column][\/et_pb_section]<\/p>\n","protected":false},"excerpt":{"rendered":"<p>Stefan R\u00fcter \u201eHabt Ehrfurcht vor der Gottheit NN\u201c. Die \u015bnd-n-Hymnen in den \u00e4gyptischen Tempeln der griechisch-r\u00f6mischen Zeit. Die Inschriften des Tempels von Edfu \u2014 Begleitheft 2 Format:\u00a029 x 21 cm \u2014 Hardcover Umfang:\u00a0185 Seiten, 10 Tafeln mit 18 Strichzeichnungen und 2 s\/w-Fotos Inhalt \/ Content ISBN:\u00a0978-3-935012-05-8 Preis: 39,80 \u20ac \u00a9 PeWe-Verlag 2009Bei der Publikation handelt [&hellip;]<\/p>\n","protected":false},"author":1,"featured_media":0,"parent":0,"menu_order":0,"comment_status":"closed","ping_status":"closed","template":"","meta":{"_et_pb_use_builder":"on","_et_pb_old_content":"","_et_gb_content_width":"","footnotes":""},"class_list":["post-404","page","type-page","status-publish","hentry"],"_links":{"self":[{"href":"https:\/\/www.pewe-verlag.de\/index.php?rest_route=\/wp\/v2\/pages\/404","targetHints":{"allow":["GET"]}}],"collection":[{"href":"https:\/\/www.pewe-verlag.de\/index.php?rest_route=\/wp\/v2\/pages"}],"about":[{"href":"https:\/\/www.pewe-verlag.de\/index.php?rest_route=\/wp\/v2\/types\/page"}],"author":[{"embeddable":true,"href":"https:\/\/www.pewe-verlag.de\/index.php?rest_route=\/wp\/v2\/users\/1"}],"replies":[{"embeddable":true,"href":"https:\/\/www.pewe-verlag.de\/index.php?rest_route=%2Fwp%2Fv2%2Fcomments&post=404"}],"version-history":[{"count":13,"href":"https:\/\/www.pewe-verlag.de\/index.php?rest_route=\/wp\/v2\/pages\/404\/revisions"}],"predecessor-version":[{"id":3029,"href":"https:\/\/www.pewe-verlag.de\/index.php?rest_route=\/wp\/v2\/pages\/404\/revisions\/3029"}],"wp:attachment":[{"href":"https:\/\/www.pewe-verlag.de\/index.php?rest_route=%2Fwp%2Fv2%2Fmedia&parent=404"}],"curies":[{"name":"wp","href":"https:\/\/api.w.org\/{rel}","templated":true}]}}