{"id":410,"date":"2019-09-14T19:52:03","date_gmt":"2019-09-14T17:52:03","guid":{"rendered":"https:\/\/modern.pewe-verlag.de\/?page_id=410"},"modified":"2024-11-20T16:41:27","modified_gmt":"2024-11-20T15:41:27","slug":"dieter-kurth-wolfgang-waitkus-hrsg-edfu-materialien-und-studien-die-inschriften-des-tempels-von-edfu-begleitheft-6","status":"publish","type":"page","link":"https:\/\/www.pewe-verlag.de\/?page_id=410","title":{"rendered":"Dieter Kurth \u2014 Wolfgang Waitkus (Hrsg.) EDFU: Materialien und Studien. Die Inschriften des Tempels von Edfu \u2014 Begleitheft 6"},"content":{"rendered":"<p>[et_pb_section fb_built=&#8220;1&#8243; make_equal=&#8220;on&#8220; use_custom_gutter=&#8220;on&#8220; specialty=&#8220;on&#8220; _builder_version=&#8220;3.27.3&#8243; width=&#8220;100%&#8220;][et_pb_column type=&#8220;1_2&#8243; specialty_columns=&#8220;2&#8243; _builder_version=&#8220;3.25&#8243; custom_padding=&#8220;|||&#8220; custom_padding__hover=&#8220;|||&#8220;][et_pb_row_inner _builder_version=&#8220;3.27.3&#8243;][et_pb_column_inner saved_specialty_column_type=&#8220;1_2&#8243; _builder_version=&#8220;3.27.3&#8243;][et_pb_image src=&#8220;https:\/\/pw.ulikes.de\/wp\/files\/wp-content\/uploads\/2024\/11\/Dieterkurt.png&#8220; _builder_version=&#8220;4.0.6&#8243; hover_enabled=&#8220;0&#8243;][\/et_pb_image][et_pb_text _builder_version=&#8220;4.0.6&#8243; text_font=&#8220;Trebuchet||||||||&#8220; text_font_size=&#8220;15px&#8220; custom_padding=&#8220;|185px||||&#8220;]<\/p>\n<p><strong>Dieter Kurth \u2014 Wolfgang Waitkus<\/strong> (Hrsg.)<br \/>\nEDFU: Materialien und Studien.<\/p>\n<p>Die Inschriften des Tempels von Edfu \u2014 Begleitheft 6<\/p>\n<p>Format: 29 x 21 cm \u2014 Hardcover<br \/>\nUmfang:\u00a0XVI + 206 Seiten, mit 36 Strichzeichnungen und 27 s\/w-Fotos<\/p>\n<p><a href=\"https:\/\/www.pewe-verlag.de\/res\/liber7-argumentum.pdf\" target=\"_blank\" rel=\"noopener noreferrer\">Inhalt \/ Content<\/a><\/p>\n<p>ISBN:\u00a0978-3-935012-07-2<br \/>\nPreis: 44,80 \u20ac<br \/>\n\u00a9 PeWe-Verlag 2010<\/p>\n<p>[\/et_pb_text][\/et_pb_column_inner][\/et_pb_row_inner][et_pb_row_inner _builder_version=&#8220;3.27.3&#8243;][et_pb_column_inner saved_specialty_column_type=&#8220;1_2&#8243; _builder_version=&#8220;3.27.3&#8243;][et_pb_button url_new_window=&#8220;on&#8220; button_text=&#8220;Vergriffen&#8220; button_alignment=&#8220;left&#8220; _builder_version=&#8220;4.0.6&#8243; custom_button=&#8220;on&#8220; button_text_size=&#8220;19px&#8220; button_text_color=&#8220;#349fd8&#8243; button_border_radius=&#8220;12px&#8220; button_font=&#8220;Antic||||||||&#8220; button_icon=&#8220;%%49%%&#8220; button_icon_color=&#8220;#29b71f&#8220; transform_translate=&#8220;-3px|-51px&#8220; filter_saturate=&#8220;110%&#8220; filter_brightness=&#8220;109%&#8220;][\/et_pb_button][et_pb_button url_new_window=&#8220;on&#8220; button_text=&#8220;Out of print&#8220; button_alignment=&#8220;left&#8220; _builder_version=&#8220;4.0.6&#8243; custom_button=&#8220;on&#8220; button_text_size=&#8220;19px&#8220; button_text_color=&#8220;#349fd8&#8243; button_border_radius=&#8220;12px&#8220; button_font=&#8220;Antic||||||||&#8220; button_icon=&#8220;%%49%%&#8220; button_icon_color=&#8220;#29b71f&#8220; transform_translate=&#8220;-3px|-51px&#8220; filter_saturate=&#8220;110%&#8220; filter_brightness=&#8220;109%&#8220;][\/et_pb_button][\/et_pb_column_inner][\/et_pb_row_inner][\/et_pb_column][et_pb_column type=&#8220;1_2&#8243; _builder_version=&#8220;3.25&#8243; custom_padding=&#8220;|||&#8220; custom_padding__hover=&#8220;|||&#8220;][et_pb_text _builder_version=&#8220;3.27.4&#8243; text_font_size=&#8220;17px&#8220; transform_scale_tablet=&#8220;&#8220; transform_scale_phone=&#8220;&#8220; transform_scale_last_edited=&#8220;on|tablet&#8220; transform_translate_tablet=&#8220;117px|-47px&#8220; transform_translate_phone=&#8220;&#8220; transform_translate_last_edited=&#8220;on|phone&#8220; transform_rotate_tablet=&#8220;&#8220; transform_rotate_phone=&#8220;&#8220; transform_rotate_last_edited=&#8220;on|tablet&#8220; transform_skew_tablet=&#8220;&#8220; transform_skew_phone=&#8220;&#8220; transform_skew_last_edited=&#8220;on|tablet&#8220; transform_origin_tablet=&#8220;&#8220; transform_origin_phone=&#8220;&#8220; transform_origin_last_edited=&#8220;on|tablet&#8220; transform_styles_last_edited=&#8220;on|phone&#8220; text_orientation=&#8220;justify&#8220; width=&#8220;80%&#8220; custom_margin=&#8220;|||-117px||&#8220; custom_padding=&#8220;|0px||0px||&#8220; transform_styles_tablet=&#8220;&#8220; transform_styles_phone=&#8220;&#8220; text_text_align=&#8220;justify&#8220;]<\/p>\n<p>Das Buch enth\u00e4lt insgesamt zw\u00f6lf Beitr\u00e4ge von Dagmar Budde, Andreas Effland, Martin von Falck, Jan-Peter Graeff, Susanne Martinssen-von Falck und Wolfgang Waitkus.<\/p>\n<p>[\/et_pb_text][et_pb_text _builder_version=&#8220;4.0.5&#8243; text_font_size=&#8220;17px&#8220; transform_scale_tablet=&#8220;&#8220; transform_scale_phone=&#8220;&#8220; transform_scale_last_edited=&#8220;on|tablet&#8220; transform_translate_tablet=&#8220;115px|-21px&#8220; transform_translate_phone=&#8220;&#8220; transform_translate_last_edited=&#8220;on|phone&#8220; transform_rotate_tablet=&#8220;&#8220; transform_rotate_phone=&#8220;&#8220; transform_rotate_last_edited=&#8220;on|tablet&#8220; transform_skew_tablet=&#8220;&#8220; transform_skew_phone=&#8220;&#8220; transform_skew_last_edited=&#8220;on|tablet&#8220; transform_origin_tablet=&#8220;&#8220; transform_origin_phone=&#8220;&#8220; transform_origin_last_edited=&#8220;on|tablet&#8220; transform_styles_last_edited=&#8220;on|phone&#8220; text_orientation=&#8220;justify&#8220; width=&#8220;80%&#8220; custom_margin=&#8220;|||-117px||&#8220; custom_padding=&#8220;|0px||0px||&#8220; transform_styles_tablet=&#8220;&#8220; transform_styles_phone=&#8220;&#8220; border_width_top=&#8220;1px&#8220; border_color_top=&#8220;#349fd8&#8243; text_text_align=&#8220;justify&#8220;]<\/p>\n<p>&nbsp;<\/p>\n<p>Twelve contributions by Dagmar Budde, Andreas Effland, Martin von Falck, Jan-Peter Graeff, Susanne Martinssen-von Falck and Wolfgang Waitkus.<\/p>\n<p>[\/et_pb_text][\/et_pb_column][\/et_pb_section]<\/p>\n","protected":false},"excerpt":{"rendered":"<p>Dieter Kurth \u2014 Wolfgang Waitkus (Hrsg.) EDFU: Materialien und Studien. Die Inschriften des Tempels von Edfu \u2014 Begleitheft 6 Format: 29 x 21 cm \u2014 Hardcover Umfang:\u00a0XVI + 206 Seiten, mit 36 Strichzeichnungen und 27 s\/w-FotosInhalt \/ Content ISBN:\u00a0978-3-935012-07-2 Preis: 44,80 \u20ac \u00a9 PeWe-Verlag 2010Das Buch enth\u00e4lt insgesamt zw\u00f6lf Beitr\u00e4ge von Dagmar Budde, Andreas Effland, [&hellip;]<\/p>\n","protected":false},"author":1,"featured_media":0,"parent":0,"menu_order":0,"comment_status":"closed","ping_status":"closed","template":"","meta":{"_et_pb_use_builder":"on","_et_pb_old_content":"","_et_gb_content_width":"","footnotes":""},"class_list":["post-410","page","type-page","status-publish","hentry"],"_links":{"self":[{"href":"https:\/\/www.pewe-verlag.de\/index.php?rest_route=\/wp\/v2\/pages\/410","targetHints":{"allow":["GET"]}}],"collection":[{"href":"https:\/\/www.pewe-verlag.de\/index.php?rest_route=\/wp\/v2\/pages"}],"about":[{"href":"https:\/\/www.pewe-verlag.de\/index.php?rest_route=\/wp\/v2\/types\/page"}],"author":[{"embeddable":true,"href":"https:\/\/www.pewe-verlag.de\/index.php?rest_route=\/wp\/v2\/users\/1"}],"replies":[{"embeddable":true,"href":"https:\/\/www.pewe-verlag.de\/index.php?rest_route=%2Fwp%2Fv2%2Fcomments&post=410"}],"version-history":[{"count":16,"href":"https:\/\/www.pewe-verlag.de\/index.php?rest_route=\/wp\/v2\/pages\/410\/revisions"}],"predecessor-version":[{"id":3032,"href":"https:\/\/www.pewe-verlag.de\/index.php?rest_route=\/wp\/v2\/pages\/410\/revisions\/3032"}],"wp:attachment":[{"href":"https:\/\/www.pewe-verlag.de\/index.php?rest_route=%2Fwp%2Fv2%2Fmedia&parent=410"}],"curies":[{"name":"wp","href":"https:\/\/api.w.org\/{rel}","templated":true}]}}