{"id":422,"date":"2019-09-14T20:03:37","date_gmt":"2019-09-14T18:03:37","guid":{"rendered":"https:\/\/modern.pewe-verlag.de\/?page_id=422"},"modified":"2025-07-18T11:24:28","modified_gmt":"2025-07-18T09:24:28","slug":"dieter-kurth-wolfgang-waitkus-hrsg-edfu-neue-graffiti-und-ritualszenen-des-tempels-von-edfu-die-inschriften-des-tempels-von-edfu-abteilung-ii-dokumentationen-band-2","status":"publish","type":"page","link":"https:\/\/www.pewe-verlag.de\/?page_id=422","title":{"rendered":"Dieter Kurth \u2014 Wolfgang Waitkus (Hrsg.) EDFU: Neue Graffiti und Ritualszenen des Tempels von Edfu. Die Inschriften des Tempels von Edfu \u2014 Abteilung II Dokumentationen, Band 2"},"content":{"rendered":"<p>[et_pb_section fb_built=&#8220;1&#8243; make_equal=&#8220;on&#8220; use_custom_gutter=&#8220;on&#8220; specialty=&#8220;on&#8220; _builder_version=&#8220;4.16&#8243; width=&#8220;100%&#8220; global_colors_info=&#8220;{}&#8220;][et_pb_column type=&#8220;1_2&#8243; specialty_columns=&#8220;2&#8243; _builder_version=&#8220;4.16&#8243; custom_padding=&#8220;|||&#8220; global_colors_info=&#8220;{}&#8220; custom_padding__hover=&#8220;|||&#8220;][et_pb_row_inner _builder_version=&#8220;4.16&#8243; global_colors_info=&#8220;{}&#8220;][et_pb_column_inner saved_specialty_column_type=&#8220;1_2&#8243; _builder_version=&#8220;4.16&#8243; global_colors_info=&#8220;{}&#8220;][et_pb_image src=&#8220;https:\/\/pw.ulikes.de\/wp\/files\/wp-content\/uploads\/2024\/11\/doku-02.png&#8220; _builder_version=&#8220;4.16&#8243; global_colors_info=&#8220;{}&#8220;][\/et_pb_image][et_pb_text _builder_version=&#8220;4.16&#8243; text_font=&#8220;Trebuchet||||||||&#8220; text_font_size=&#8220;15px&#8220; custom_padding=&#8220;|185px||||&#8220; global_colors_info=&#8220;{}&#8220;]<strong>Dieter Kurth \u2014 Wolfgang Waitkus<\/strong> (Hrsg.)<br \/>\nEDFU: Neue Graffiti und Ritualszenen des Tempels von Edfu.<\/p>\n<p>Die Inschriften des Tempels von Edfu \u2014 Abteilung II Dokumentationen, Band 2<\/p>\n<p>Format:\u00a029 x 21 cm \u2014 Hardcover<br \/>\nUmfang:\u00a087 Seiten, mit 16 Strichzeichnungen und 26 s\/w-Fotos, sowie 1 CD-ROM mit 38 Strichzeichnungen und 277 Farbfotos<\/p>\n<p><a href=\"https:\/\/www.pewe-verlag.de\/res\/liber6-argumentum.pdf\" target=\"_blank\" rel=\"noopener noreferrer\">Inhalt \/ Content<\/a><\/p>\n<p>ISBN:\u00a0978-3-935012-06-5<br \/>\nPreis: 29,80 \u20ac<br \/>\n\u00a9 PeWe-Verlag 2010[\/et_pb_text][\/et_pb_column_inner][\/et_pb_row_inner][et_pb_row_inner _builder_version=&#8220;4.16&#8243; global_colors_info=&#8220;{}&#8220;][et_pb_column_inner saved_specialty_column_type=&#8220;1_2&#8243; _builder_version=&#8220;4.16&#8243; global_colors_info=&#8220;{}&#8220;][et_pb_button button_url=&#8220;@ET-DC@eyJkeW5hbWljIjp0cnVlLCJjb250ZW50IjoicG9zdF9saW5rX3VybF9wYWdlIiwic2V0dGluZ3MiOnsicG9zdF9pZCI6IjI4NyJ9fQ==@&#8220; url_new_window=&#8220;on&#8220; button_text=&#8220;VERGRIFFEN&#8220; button_alignment=&#8220;left&#8220; _builder_version=&#8220;4.27.4&#8243; _dynamic_attributes=&#8220;button_url&#8220; custom_button=&#8220;on&#8220; button_text_size=&#8220;19px&#8220; button_text_color=&#8220;#349fd8&#8243; button_border_radius=&#8220;12px&#8220; button_font=&#8220;Antic||||||||&#8220; button_icon=&#8220;&#x52;||divi||400&#8243; button_icon_color=&#8220;#29b71f&#8220; transform_translate=&#8220;-3px|-51px&#8220; filter_saturate=&#8220;110%&#8220; filter_brightness=&#8220;109%&#8220; hover_enabled=&#8220;0&#8243; global_colors_info=&#8220;{}&#8220; sticky_enabled=&#8220;0&#8243;][\/et_pb_button][et_pb_button button_url=&#8220;@ET-DC@eyJkeW5hbWljIjp0cnVlLCJjb250ZW50IjoicG9zdF9saW5rX3VybF9wYWdlIiwic2V0dGluZ3MiOnsicG9zdF9pZCI6IjI4NyJ9fQ==@&#8220; url_new_window=&#8220;on&#8220; button_text=&#8220;OUT OF PRINT&#8220; button_alignment=&#8220;left&#8220; _builder_version=&#8220;4.27.4&#8243; _dynamic_attributes=&#8220;button_url&#8220; custom_button=&#8220;on&#8220; button_text_size=&#8220;19px&#8220; button_text_color=&#8220;#349fd8&#8243; button_border_radius=&#8220;12px&#8220; button_font=&#8220;Antic||||||||&#8220; button_icon=&#8220;&#x52;||divi||400&#8243; button_icon_color=&#8220;#29b71f&#8220; transform_translate=&#8220;-3px|-51px&#8220; filter_saturate=&#8220;110%&#8220; filter_brightness=&#8220;109%&#8220; hover_enabled=&#8220;0&#8243; global_colors_info=&#8220;{}&#8220; sticky_enabled=&#8220;0&#8243;][\/et_pb_button][\/et_pb_column_inner][\/et_pb_row_inner][\/et_pb_column][et_pb_column type=&#8220;1_2&#8243; _builder_version=&#8220;4.16&#8243; custom_padding=&#8220;|||&#8220; global_colors_info=&#8220;{}&#8220; custom_padding__hover=&#8220;|||&#8220;][et_pb_text _builder_version=&#8220;4.16&#8243; text_font_size=&#8220;17px&#8220; transform_scale_tablet=&#8220;&#8220; transform_scale_phone=&#8220;&#8220; transform_scale_last_edited=&#8220;on|tablet&#8220; transform_translate_tablet=&#8220;108px|-38px&#8220; transform_translate_phone=&#8220;&#8220; transform_translate_last_edited=&#8220;on|phone&#8220; transform_rotate_tablet=&#8220;&#8220; transform_rotate_phone=&#8220;&#8220; transform_rotate_last_edited=&#8220;on|tablet&#8220; transform_skew_tablet=&#8220;&#8220; transform_skew_phone=&#8220;&#8220; transform_skew_last_edited=&#8220;on|tablet&#8220; transform_origin_tablet=&#8220;&#8220; transform_origin_phone=&#8220;&#8220; transform_origin_last_edited=&#8220;on|tablet&#8220; transform_styles_last_edited=&#8220;on|phone&#8220; text_orientation=&#8220;justify&#8220; width=&#8220;120%&#8220; width_tablet=&#8220;100%&#8220; width_phone=&#8220;&#8220; width_last_edited=&#8220;on|phone&#8220; custom_margin=&#8220;|||-117px||&#8220; custom_padding=&#8220;|0px||0px||&#8220; transform_styles_tablet=&#8220;&#8220; transform_styles_phone=&#8220;&#8220; text_text_align=&#8220;justify&#8220; global_colors_info=&#8220;{}&#8220;]<\/p>\n<p>Der Dokumentationsband enth\u00e4lt sechs Artikel, in denen bisher unpublizierte Graffiti und hieroglyphische Texte ver\u00f6ffentlicht und bearbeitet werden. Den Anfang bilden drei Ritualszenen, die im Eingangskorridor des \u00f6stlichen Pylonturmes entdeckt wurden und einen Beitrag zur Baugeschichte des Tempels liefern. Es folgen Ritualszenen eines Soubassements, das zur Dekoration des zweiten Hofes des Mammisi geh\u00f6rt. Der anschlie\u00dfende Artikel behandelt demotische Versatzmarken des Tempels von Edfu, die sich vor allem auf der Br\u00fccke zwischen den Pylont\u00fcrmen erhalten haben. Sie er\u00f6ffnen Einblicke in die bautechnische Planung und Ausf\u00fchrung des Tempelgeb\u00e4udes. Der n\u00e4chste Artikel befasst sich mit den bisher nicht beachteten Resten eines kleinen Kultbaues, von dem sich noch sieben dekorierte Bl\u00f6cke nahe der Nordwestecke des gro\u00dfen Tempels in situ befinden. Es folgen Publikation und Bearbeitung einiger hieratischer, demotischer und koptischer Graffiti. Abschlie\u00dfend werden Graffiti vorgestellt, die aus der Zeit der \u00c4gyptenexpedition Napoleons stammen. Der Inhalt des vorliegenden Bandes zeigt, dass die Erforschung des gro\u00dfen Tempels von Edfu nicht nur im Bereich der Bearbeitung seiner Inschriften, sondern auch im Bereich der Dokumentation l\u00e4ngst noch nicht abgeschlossen ist.<\/p>\n<p>Mit einem Beitrag von Andreas Effland<\/p>\n<p>[\/et_pb_text][et_pb_text _builder_version=&#8220;4.16&#8243; text_font_size=&#8220;17px&#8220; transform_scale_tablet=&#8220;&#8220; transform_scale_phone=&#8220;&#8220; transform_scale_last_edited=&#8220;on|tablet&#8220; transform_translate_tablet=&#8220;104px|-26px&#8220; transform_translate_phone=&#8220;&#8220; transform_translate_last_edited=&#8220;on|phone&#8220; transform_rotate_tablet=&#8220;&#8220; transform_rotate_phone=&#8220;&#8220; transform_rotate_last_edited=&#8220;on|phone&#8220; transform_skew_tablet=&#8220;&#8220; transform_skew_phone=&#8220;&#8220; transform_skew_last_edited=&#8220;on|phone&#8220; transform_origin_tablet=&#8220;&#8220; transform_origin_phone=&#8220;&#8220; transform_origin_last_edited=&#8220;on|phone&#8220; transform_styles_last_edited=&#8220;on|phone&#8220; text_orientation=&#8220;justify&#8220; width=&#8220;120%&#8220; width_tablet=&#8220;100%&#8220; width_phone=&#8220;&#8220; width_last_edited=&#8220;on|phone&#8220; custom_margin=&#8220;|||-117px||&#8220; custom_padding=&#8220;|0px||0px||&#8220; transform_styles_tablet=&#8220;&#8220; transform_styles_phone=&#8220;&#8220; border_width_top=&#8220;1px&#8220; border_color_top=&#8220;#349fd8&#8243; text_text_align=&#8220;justify&#8220; global_colors_info=&#8220;{}&#8220;]<\/p>\n<p>&nbsp;<\/p>\n<p>In the six articles making up this documentary volume are edited hitherto unpublished graffiti and hieroglyphic texts. To begin with, there are three ritual scenes that were discovered in the corridor at the entrance to the eastern pylon: they contribute to the building-history of the temple. There follow ritual scenes from a foundation wall, which belong to the decoration of the second court of Mammisi. The next article is concerned with demotic assembly marks of the temple of Edfu, mainly preserved on the bridge connecting the pylons. They allow an insight into the technical planning and the construction of the temple. The following article considers the remains of a small cult building seven decorated blocks of which are preserved in situ close to the northwest corner of the big temple and had not yet been studied in detail. Next are edited several hieratic, demotic and Coptic graffiti, followed by graffiti from the times of Napoleon\u2019s Egyptian expedition. The contents of the volume makes it clear that the exploration of the big temple at Edfu is far from terminated, neither for the evaluation of the inscriptions nor for the documentation.<\/p>\n<p>With one article by Andreas Effland<\/p>\n<p>[\/et_pb_text][\/et_pb_column][\/et_pb_section]<\/p>\n","protected":false},"excerpt":{"rendered":"<p>Dieter Kurth \u2014 Wolfgang Waitkus (Hrsg.) EDFU: Neue Graffiti und Ritualszenen des Tempels von Edfu. Die Inschriften des Tempels von Edfu \u2014 Abteilung II Dokumentationen, Band 2 Format:\u00a029 x 21 cm \u2014 Hardcover Umfang:\u00a087 Seiten, mit 16 Strichzeichnungen und 26 s\/w-Fotos, sowie 1 CD-ROM mit 38 Strichzeichnungen und 277 Farbfotos Inhalt \/ Content ISBN:\u00a0978-3-935012-06-5 Preis: [&hellip;]<\/p>\n","protected":false},"author":1,"featured_media":0,"parent":0,"menu_order":0,"comment_status":"closed","ping_status":"closed","template":"","meta":{"_et_pb_use_builder":"on","_et_pb_old_content":"","_et_gb_content_width":"","footnotes":""},"class_list":["post-422","page","type-page","status-publish","hentry"],"_links":{"self":[{"href":"https:\/\/www.pewe-verlag.de\/index.php?rest_route=\/wp\/v2\/pages\/422","targetHints":{"allow":["GET"]}}],"collection":[{"href":"https:\/\/www.pewe-verlag.de\/index.php?rest_route=\/wp\/v2\/pages"}],"about":[{"href":"https:\/\/www.pewe-verlag.de\/index.php?rest_route=\/wp\/v2\/types\/page"}],"author":[{"embeddable":true,"href":"https:\/\/www.pewe-verlag.de\/index.php?rest_route=\/wp\/v2\/users\/1"}],"replies":[{"embeddable":true,"href":"https:\/\/www.pewe-verlag.de\/index.php?rest_route=%2Fwp%2Fv2%2Fcomments&post=422"}],"version-history":[{"count":15,"href":"https:\/\/www.pewe-verlag.de\/index.php?rest_route=\/wp\/v2\/pages\/422\/revisions"}],"predecessor-version":[{"id":3233,"href":"https:\/\/www.pewe-verlag.de\/index.php?rest_route=\/wp\/v2\/pages\/422\/revisions\/3233"}],"wp:attachment":[{"href":"https:\/\/www.pewe-verlag.de\/index.php?rest_route=%2Fwp%2Fv2%2Fmedia&parent=422"}],"curies":[{"name":"wp","href":"https:\/\/api.w.org\/{rel}","templated":true}]}}