{"id":443,"date":"2019-09-15T19:51:28","date_gmt":"2019-09-15T17:51:28","guid":{"rendered":"https:\/\/modern.pewe-verlag.de\/?page_id=443"},"modified":"2019-11-11T08:49:14","modified_gmt":"2019-11-11T07:49:14","slug":"downloads","status":"publish","type":"page","link":"https:\/\/www.pewe-verlag.de\/?page_id=443","title":{"rendered":"Downloads"},"content":{"rendered":"<p>[et_pb_section fb_built=&#8220;1&#8243; _builder_version=&#8220;3.27.3&#8243; background_color=&#8220;#d6d6d6&#8243;][et_pb_row _builder_version=&#8220;3.27.3&#8243;][et_pb_column type=&#8220;4_4&#8243; _builder_version=&#8220;3.27.3&#8243;][et_pb_text _builder_version=&#8220;3.27.4&#8243; text_font=&#8220;Times New Roman||||||||&#8220; text_font_size=&#8220;25px&#8220; header_letter_spacing=&#8220;6px&#8220; header_text_shadow_style=&#8220;preset1&#8243;]<\/p>\n<h2>Ausgrabungen in Tell\u00a0Sheikh Hassan<\/h2>\n<p style=\"text-align: left;\">Bernd M\u00fcller-Neuhof, Die fr\u00fchneolithischen und ururzeitlichen Silex- und Obsidianindustrien aus Tell Sheikh Hassan \u2014 TSH, Band V.1<br \/> Korrigenda p. 43:<\/p>\n<p style=\"text-align: justify;\"><a href=\"https:\/\/www.pewe-verlag.de\/res\/TSH-V1_arabisch_korrigenda.pdf\">Download<\/a> der arabischen Zusammenfassung in Buchgr\u00f6\u00dfe.<\/p>\n<p style=\"text-align: justify;\"><a href=\"https:\/\/www.pewe-verlag.de\/res\/TSH-arabisch-korrigenda-minor.pdf\">Download<\/a> der arabischen Zusammenfassung in A4-Gr\u00f6\u00dfe.<\/p>\n<p>[\/et_pb_text][\/et_pb_column][\/et_pb_row][et_pb_row _builder_version=&#8220;3.27.3&#8243;][et_pb_column type=&#8220;4_4&#8243; _builder_version=&#8220;3.27.3&#8243;][et_pb_text _builder_version=&#8220;3.27.4&#8243; text_font=&#8220;Times New Roman||||||||&#8220; text_font_size=&#8220;25px&#8220; custom_margin=&#8220;50px||||false|false&#8220; custom_padding=&#8220;||||false|false&#8220;]<\/p>\n<h2>Berliner Beitr\u00e4ge zum Vorderen Orient<\/h2>\n<p>Hier k\u00f6nnen Sie aus dem Buch:<br \/>\nE. Cancik-Kirschbaum\/N. Ziegler (Hrsg.)<br \/>\nEntre les fleuves \u2014 I. Untersuchungen zur historischen Geographie Obermesopotamiens im 2. Jahrtausend v. Chr. (BBVO 20)<br \/>\ndie Karten aus den Beitr\u00e4gen von E. Cancik-Kirschbaum und N. Ziegler herunterladen. Bitte beachten Sie, dass die Karten unter folgender Creativ Commons-Lizenz stehen:[\/et_pb_text][\/et_pb_column][\/et_pb_row][et_pb_row column_structure=&#8220;1_6,1_6,1_6,1_6,1_6,1_6&#8243; _builder_version=&#8220;3.27.3&#8243;][et_pb_column type=&#8220;1_6&#8243; _builder_version=&#8220;3.27.3&#8243;][et_pb_image src=&#8220;https:\/\/www.pewe-verlag.de\/wp-content\/uploads\/2019\/09\/88&#215;31.png&#8220; url=&#8220;https:\/\/creativecommons.org\/licenses\/by-nc-nd\/3.0\/de\/&#8220; url_new_window=&#8220;on&#8220; align=&#8220;center&#8220; _builder_version=&#8220;4.0.6&#8243; transform_scale=&#8220;111%|111%&#8220; transform_translate=&#8220;0px|3px&#8220; hover_enabled=&#8220;0&#8243; box_shadow_style=&#8220;preset2&#8243;][\/et_pb_image][\/et_pb_column][et_pb_column type=&#8220;1_6&#8243; _builder_version=&#8220;3.27.3&#8243;][\/et_pb_column][et_pb_column type=&#8220;1_6&#8243; _builder_version=&#8220;3.27.3&#8243;][\/et_pb_column][et_pb_column type=&#8220;1_6&#8243; _builder_version=&#8220;3.27.3&#8243;][\/et_pb_column][et_pb_column type=&#8220;1_6&#8243; _builder_version=&#8220;3.27.3&#8243;][\/et_pb_column][et_pb_column type=&#8220;1_6&#8243; _builder_version=&#8220;3.27.3&#8243;][\/et_pb_column][\/et_pb_row][et_pb_row _builder_version=&#8220;3.27.3&#8243;][et_pb_column type=&#8220;4_4&#8243; _builder_version=&#8220;3.27.3&#8243;][et_pb_text _builder_version=&#8220;3.27.4&#8243; text_font=&#8220;Times New Roman||||||||&#8220; text_font_size=&#8220;25px&#8220; min_height=&#8220;110px&#8220; custom_margin=&#8220;30px||||false|false&#8220;]<\/p>\n<p>Dieses Werk bzw. dieser Inhalt steht unter einer <a href=\"https:\/\/creativecommons.org\/licenses\/by-nc-nd\/3.0\/de\/\" target=\"_blank\" rel=\"noopener noreferrer\">Creative Commons Namensnennung-NichtKommerziell-KeineBearbeitung 3.0 Deutschland Lizenz .<\/a><br \/> Sollten Sie die Karten f\u00fcr eine Publikation ben\u00f6tigen, so nehmen Sie bitte Kontakt mit uns auf.<\/p>\n<p>[\/et_pb_text][\/et_pb_column][\/et_pb_row][et_pb_row column_structure=&#8220;1_4,1_4,1_4,1_4&#8243; _builder_version=&#8220;3.27.3&#8243;][et_pb_column type=&#8220;1_4&#8243; _builder_version=&#8220;3.27.3&#8243;][et_pb_image src=&#8220;https:\/\/modern.pewe-verlag.de\/wp-content\/uploads\/2019\/09\/Karte1.jpg&#8220; url=&#8220;https:\/\/www.pewe-verlag.de\/images\/site\/cancik-tabula-01.jpg&#8220; _builder_version=&#8220;3.27.3&#8243; hover_enabled=&#8220;0&#8243;][\/et_pb_image][\/et_pb_column][et_pb_column type=&#8220;1_4&#8243; _builder_version=&#8220;3.27.3&#8243;][et_pb_image src=&#8220;https:\/\/modern.pewe-verlag.de\/wp-content\/uploads\/2019\/09\/Karte2.jpg&#8220; url=&#8220;https:\/\/www.pewe-verlag.de\/images\/site\/cancik-tabula-02.jpg&#8220; _builder_version=&#8220;3.27.3&#8243;][\/et_pb_image][\/et_pb_column][et_pb_column type=&#8220;1_4&#8243; _builder_version=&#8220;3.27.3&#8243;][et_pb_image src=&#8220;https:\/\/modern.pewe-verlag.de\/wp-content\/uploads\/2019\/09\/Karte3.jpg&#8220; url=&#8220;https:\/\/www.pewe-verlag.de\/images\/site\/cancik-tabula-03.jpg&#8220; _builder_version=&#8220;3.27.3&#8243;][\/et_pb_image][\/et_pb_column][et_pb_column type=&#8220;1_4&#8243; _builder_version=&#8220;3.27.3&#8243;][et_pb_image src=&#8220;https:\/\/modern.pewe-verlag.de\/wp-content\/uploads\/2019\/09\/Kart4.jpg&#8220; url=&#8220;https:\/\/www.pewe-verlag.de\/images\/site\/Ziegler-tabula-01.jpg&#8220; _builder_version=&#8220;3.27.3&#8243;][\/et_pb_image][\/et_pb_column][\/et_pb_row][\/et_pb_section][et_pb_section fb_built=&#8220;1&#8243; _builder_version=&#8220;3.27.3&#8243; background_color=&#8220;#d6d6d6&#8243; custom_margin=&#8220;||||false|false&#8220; custom_padding=&#8220;0px||||false|false&#8220;][et_pb_row column_structure=&#8220;1_4,1_4,1_4,1_4&#8243; _builder_version=&#8220;3.27.3&#8243;][et_pb_column type=&#8220;1_4&#8243; _builder_version=&#8220;3.27.3&#8243;][et_pb_image src=&#8220;https:\/\/modern.pewe-verlag.de\/wp-content\/uploads\/2019\/09\/Karte5.jpg&#8220; title_text=&#8220;Stefan R\u00fcter &#8211; \u201eHabt Ehrfurcht vor der Gottheit NN\u201c \u2014 Die \u015bnd-n-Hymnen in den \u00e4gyptischen Tempeln der griechisch-r\u00f6mischen Zeit Die Inschriften des Tempels von Edfu \u2014 Begleitheft 2&#8243; url=&#8220;https:\/\/www.pewe-verlag.de\/images\/site\/Ziegler-tabula-02.jpg&#8220; _builder_version=&#8220;3.27.3&#8243; transform_scale=&#8220;110%|110%&#8220; transform_translate=&#8220;-5px|-5px&#8220;][\/et_pb_image][\/et_pb_column][et_pb_column type=&#8220;1_4&#8243; _builder_version=&#8220;3.27.3&#8243;][\/et_pb_column][et_pb_column type=&#8220;1_4&#8243; _builder_version=&#8220;3.27.3&#8243;][\/et_pb_column][et_pb_column type=&#8220;1_4&#8243; _builder_version=&#8220;3.27.3&#8243;][\/et_pb_column][\/et_pb_row][\/et_pb_section]<\/p>\n","protected":false},"excerpt":{"rendered":"<p>Ausgrabungen in Tell\u00a0Sheikh Hassan Bernd M\u00fcller-Neuhof, Die fr\u00fchneolithischen und ururzeitlichen Silex- und Obsidianindustrien aus Tell Sheikh Hassan \u2014 TSH, Band V.1 Korrigenda p. 43: Download der arabischen Zusammenfassung in Buchgr\u00f6\u00dfe. Download der arabischen Zusammenfassung in A4-Gr\u00f6\u00dfe.Berliner Beitr\u00e4ge zum Vorderen Orient Hier k\u00f6nnen Sie aus dem Buch: E. Cancik-Kirschbaum\/N. Ziegler (Hrsg.) Entre les fleuves \u2014 I. [&hellip;]<\/p>\n","protected":false},"author":1,"featured_media":0,"parent":0,"menu_order":0,"comment_status":"closed","ping_status":"closed","template":"","meta":{"_et_pb_use_builder":"on","_et_pb_old_content":"","_et_gb_content_width":"","footnotes":""},"class_list":["post-443","page","type-page","status-publish","hentry"],"_links":{"self":[{"href":"https:\/\/www.pewe-verlag.de\/index.php?rest_route=\/wp\/v2\/pages\/443","targetHints":{"allow":["GET"]}}],"collection":[{"href":"https:\/\/www.pewe-verlag.de\/index.php?rest_route=\/wp\/v2\/pages"}],"about":[{"href":"https:\/\/www.pewe-verlag.de\/index.php?rest_route=\/wp\/v2\/types\/page"}],"author":[{"embeddable":true,"href":"https:\/\/www.pewe-verlag.de\/index.php?rest_route=\/wp\/v2\/users\/1"}],"replies":[{"embeddable":true,"href":"https:\/\/www.pewe-verlag.de\/index.php?rest_route=%2Fwp%2Fv2%2Fcomments&post=443"}],"version-history":[{"count":6,"href":"https:\/\/www.pewe-verlag.de\/index.php?rest_route=\/wp\/v2\/pages\/443\/revisions"}],"predecessor-version":[{"id":1991,"href":"https:\/\/www.pewe-verlag.de\/index.php?rest_route=\/wp\/v2\/pages\/443\/revisions\/1991"}],"wp:attachment":[{"href":"https:\/\/www.pewe-verlag.de\/index.php?rest_route=%2Fwp%2Fv2%2Fmedia&parent=443"}],"curies":[{"name":"wp","href":"https:\/\/api.w.org\/{rel}","templated":true}]}}