{"id":745,"date":"2019-09-25T15:26:48","date_gmt":"2019-09-25T13:26:48","guid":{"rendered":"https:\/\/modern.pewe-verlag.de\/?page_id=745"},"modified":"2024-11-22T12:55:33","modified_gmt":"2024-11-22T11:55:33","slug":"simon-m-halama-eisenzeitliche-palaeste-in-der-noerdlichen-levante-repraesentation-von-herrschaft-mit-architektonischen-mitteln-muenchener-abhandlungen-zum-alten-orient-band-2","status":"publish","type":"page","link":"https:\/\/www.pewe-verlag.de\/?page_id=745","title":{"rendered":"Simon M. Halama Eisenzeitliche Pal\u00e4ste in der n\u00f6rdlichen Levante. Repr\u00e4sentation von Herrschaft mit architektonischen Mitteln. M\u00fcnchener Abhandlungen zum Alten Orient \u2014 Band 2"},"content":{"rendered":"<p>[et_pb_section fb_built=&#8220;1&#8243; make_equal=&#8220;on&#8220; use_custom_gutter=&#8220;on&#8220; specialty=&#8220;on&#8220; _builder_version=&#8220;3.27.3&#8243; width=&#8220;100%&#8220;][et_pb_column type=&#8220;1_2&#8243; specialty_columns=&#8220;2&#8243; _builder_version=&#8220;3.25&#8243; custom_padding=&#8220;|||&#8220; custom_padding__hover=&#8220;|||&#8220;][et_pb_row_inner _builder_version=&#8220;3.27.3&#8243; collapsed=&#8220;off&#8220;][et_pb_column_inner saved_specialty_column_type=&#8220;1_2&#8243; _builder_version=&#8220;3.27.3&#8243;][et_pb_image src=&#8220;https:\/\/pw.ulikes.de\/wp\/files\/wp-content\/uploads\/2024\/11\/maao2.jpg&#8220; _builder_version=&#8220;4.0.6&#8243; hover_enabled=&#8220;0&#8243;][\/et_pb_image][et_pb_text _builder_version=&#8220;4.0.6&#8243; text_font=&#8220;Trebuchet||||||||&#8220; text_font_size=&#8220;15px&#8220; custom_padding=&#8220;|185px||||&#8220;]<\/p>\n<p><strong>Simon M. Halama<\/strong><br \/>\nEisenzeitliche Pal\u00e4ste in der n\u00f6rdlichen Levante.<br \/>\nRepr\u00e4sentation von Herrschaft mit architektonischen Mitteln.<\/p>\n<p>M\u00fcnchener Abhandlungen zum Alten Orient \u2014 Band 2<\/p>\n<p>Format: 30 x 21 cm\u00a0\u2014 Hardcover<br \/>\nUmfang:\u00a0384 Seiten, 90 Abbildungen im Text, 27 Abbildungstafeln und 1 Faltplan<\/p>\n<p><a href=\"https:\/\/www.pewe-verlag.de\/res\/liber33-argumentum.pdf\" target=\"_blank\" rel=\"noopener noreferrer\"> Inhalt \/ Content<\/a><\/p>\n<p>ISBN:\u00a0978-3-935012-33-1<br \/>\nPreis: 58,00 \u20ac<br \/>\n\u00a9 PeWe-Verlag 2018<\/p>\n<p>[\/et_pb_text][\/et_pb_column_inner][\/et_pb_row_inner][et_pb_row_inner _builder_version=&#8220;3.27.3&#8243;][et_pb_column_inner saved_specialty_column_type=&#8220;1_2&#8243; _builder_version=&#8220;3.27.3&#8243;][et_pb_button button_url=&#8220;@ET-DC@eyJkeW5hbWljIjp0cnVlLCJjb250ZW50IjoicG9zdF9saW5rX3VybF9wYWdlIiwic2V0dGluZ3MiOnsicG9zdF9pZCI6IjI4NyJ9fQ==@&#8220; url_new_window=&#8220;on&#8220; button_text=&#8220;BUCH ANFRAGEN&#8220; button_alignment=&#8220;left&#8220; _builder_version=&#8220;4.0.6&#8243; _dynamic_attributes=&#8220;button_url&#8220; custom_button=&#8220;on&#8220; button_text_size=&#8220;19px&#8220; button_text_color=&#8220;#349fd8&#8243; button_border_radius=&#8220;12px&#8220; button_font=&#8220;Antic||||||||&#8220; button_icon=&#8220;%%49%%&#8220; button_icon_color=&#8220;#29b71f&#8220; transform_translate=&#8220;-3px|-51px&#8220; filter_saturate=&#8220;110%&#8220; filter_brightness=&#8220;109%&#8220;][\/et_pb_button][et_pb_button button_url=&#8220;@ET-DC@eyJkeW5hbWljIjp0cnVlLCJjb250ZW50IjoicG9zdF9saW5rX3VybF9wYWdlIiwic2V0dGluZ3MiOnsicG9zdF9pZCI6IjI4NyJ9fQ==@&#8220; url_new_window=&#8220;on&#8220; button_text=&#8220;REQUEST BOOK&#8220; button_alignment=&#8220;left&#8220; _builder_version=&#8220;4.0.6&#8243; _dynamic_attributes=&#8220;button_url&#8220; custom_button=&#8220;on&#8220; button_text_size=&#8220;19px&#8220; button_text_color=&#8220;#349fd8&#8243; button_border_radius=&#8220;12px&#8220; button_font=&#8220;Antic||||||||&#8220; button_icon=&#8220;%%49%%&#8220; button_icon_color=&#8220;#29b71f&#8220; transform_translate=&#8220;-3px|-51px&#8220; filter_saturate=&#8220;110%&#8220; filter_brightness=&#8220;109%&#8220;][\/et_pb_button][\/et_pb_column_inner][\/et_pb_row_inner][\/et_pb_column][et_pb_column type=&#8220;1_2&#8243; _builder_version=&#8220;3.25&#8243; custom_padding=&#8220;|||&#8220; custom_padding__hover=&#8220;|||&#8220;][et_pb_text _builder_version=&#8220;3.27.4&#8243; text_font_size=&#8220;17px&#8220; transform_scale_tablet=&#8220;&#8220; transform_scale_phone=&#8220;&#8220; transform_scale_last_edited=&#8220;on|tablet&#8220; transform_translate_tablet=&#8220;105px|-47px&#8220; transform_translate_phone=&#8220;&#8220; transform_translate_last_edited=&#8220;on|tablet&#8220; transform_rotate_tablet=&#8220;&#8220; transform_rotate_phone=&#8220;&#8220; transform_rotate_last_edited=&#8220;on|tablet&#8220; transform_skew_tablet=&#8220;&#8220; transform_skew_phone=&#8220;&#8220; transform_skew_last_edited=&#8220;on|tablet&#8220; transform_origin_tablet=&#8220;&#8220; transform_origin_phone=&#8220;&#8220; transform_origin_last_edited=&#8220;on|tablet&#8220; transform_styles_last_edited=&#8220;on|tablet&#8220; text_orientation=&#8220;justify&#8220; width=&#8220;140%&#8220; width_tablet=&#8220;100%&#8220; width_phone=&#8220;&#8220; width_last_edited=&#8220;on|tablet&#8220; custom_margin=&#8220;|||-117px||&#8220; custom_padding=&#8220;|0px||0px||&#8220; transform_styles_tablet=&#8220;&#8220; transform_styles_phone=&#8220;&#8220; text_text_align=&#8220;justify&#8220;]<\/p>\n<p>Die Eisenzeit in der Levante wurde gepr\u00e4gt von den lokalen syro-hethitischen Staaten und den Imperien der Assyrer, Babylonier und Perser. In den syro-hethitischen Staaten wurde eine Architektur geschaffen, die mit ihrer Monumentalit\u00e4t und vor allem der Ausschm\u00fcckung der Geb\u00e4ude mit Orthostatenreliefs in Fundorten wie Zincirli H\u00f6y\u00fck, Sak\u00e7ag\u00f6z\u00fc, Karkami\u0161, \u1e24am\u0101h und Tall Ta\u02bfy\u012bn\u0101t beeindruckt. Die fremden Gro\u00dfm\u00e4chte, die sich die Region unterwarfen, vor allem die Assyrer, installierten ihre Statthalter in Pal\u00e4sten, die sichtbares Symbol ihrer Herrschaft waren, etwa in Til Barsip, Zincirli H\u00f6y\u00fck und Tall Ta\u02bfy\u012bn\u0101t.<br \/> Neben vielen Studien, die sich den Bildwerken, der Stadtplanung und anderen Aspekten der Eisenzeit in der n\u00f6rdlichen Levante widmen, liegt nun die erste umfassende und vergleichende Monographie zu den Pal\u00e4sten der gesamten Periode vor. Darin untersucht der Autor sowohl die Architektur als auch die Ausstattung mit Reliefs und Wandmalereien der syro-hethitischen, assyrischen und persischen Palastbauten. Vor dem Hintergrund soziologischer Theorien zu Macht und Herrschaft analysiert er, wie Architektur und Bildwerke genutzt wurden, um zur Repr\u00e4sentation und Legitimation der jeweiligen Herrscher beizutragen und rekonstruiert die zugrunde liegenden Repr\u00e4sentationsstrategien. Es zeigt sich, dass sowohl lokal verwurzelte als auch fremde Herrscher sich mit ihren Pal\u00e4sten gegen\u00fcber der Bev\u00f6lkerung und gegen\u00fcber den Eliten in unterschiedlicher Weise darstellten. W\u00e4hrend aber die syro-hethitischen Herrscher trotz der Vielzahl an politischen Gemeinwesen \u00e4hnliche architektonische und ikonographische Konzepte teilten, \u00fcberrascht die assyrische Palastarchitektur in den Provinzen mit ihrer Heterogenit\u00e4t, die mitunter stark von den in Assyrien etablierten Konzepten abweicht.<br \/> Durch die Kombination von Architektur- und Bildanalyse gelingen neue Einblicke sowohl in die Kulturen der syro-hethitischen Staaten als auch in die assyrische Herrschaft \u00fcber die Levante.<\/p>\n<p>[\/et_pb_text][et_pb_text _builder_version=&#8220;4.0.6&#8243; text_font_size=&#8220;17px&#8220; transform_scale_tablet=&#8220;&#8220; transform_scale_phone=&#8220;&#8220; transform_scale_last_edited=&#8220;on|tablet&#8220; transform_translate=&#8220;101px|-13px&#8220; transform_translate_tablet=&#8220;203px|-66px&#8220; transform_translate_phone=&#8220;&#8220; transform_translate_last_edited=&#8220;on|tablet&#8220; transform_rotate_tablet=&#8220;&#8220; transform_rotate_phone=&#8220;&#8220; transform_rotate_last_edited=&#8220;on|tablet&#8220; transform_skew_tablet=&#8220;&#8220; transform_skew_phone=&#8220;&#8220; transform_skew_last_edited=&#8220;on|tablet&#8220; transform_origin_tablet=&#8220;&#8220; transform_origin_phone=&#8220;&#8220; transform_origin_last_edited=&#8220;on|tablet&#8220; transform_styles_last_edited=&#8220;on|tablet&#8220; text_orientation=&#8220;justify&#8220; width=&#8220;140%&#8220; width_tablet=&#8220;100%&#8220; width_phone=&#8220;&#8220; width_last_edited=&#8220;on|tablet&#8220; custom_margin=&#8220;|||-219px||&#8220; custom_padding=&#8220;17px|0px||0px||&#8220; transform_styles_tablet=&#8220;&#8220; transform_styles_phone=&#8220;&#8220; border_width_top=&#8220;1px&#8220; border_color_top=&#8220;#349fd8&#8243; text_text_align=&#8220;justify&#8220;]<\/p>\n<p>&nbsp;<\/p>\n<p>The Iron Age in the Levant was marked, on the one hand, by the local Syro-Hittite states and, on the other hand, by the empires of the Assyrians, Babylonians and Persians. The architecture created in the Syro-Hittite states impresses strongly by its monumentality and, above all, by the sculptured orthostats decorating buildings at sites such as Zincirli H\u00f6y\u00fck, Sak\u00e7ag\u00f6z\u00fc, Karkami\u0161, \u1e24am\u0101h and Tall Ta\u02bfy\u012bn\u0101t. The foreign powers to whom the region became subject \u2013 especially the Assyrians \u2013 installed their governors in palaces that were visible symbols of their sovereignty, for example in Til Barsip, Zincirli H\u00f6y\u00fck and Tall Ta\u02bfy\u012bn\u0101t.<br \/>Besides many studies concerned with sculpture, urban planning and other aspects of the Iron Age in the northern Levant, here is now the first comprehensive and comparative monograph addressing the palaces of the period. The author examines the architecture as well as the decoration with bas-reliefs and murals of Syro-Hittite, Assyrian and Persian palaces. Against the background of sociological theories of power and sovereignty he analyses the way in which architecture and sculpture were employed in the cause of representing and legitimatising the respective ruler, and he reconstructs the underlying strategies of representation. It becomes clear that locally entrenched as well as foreign rulers differ in the manner in which they present themselves, through their palaces, towards, on the one hand, the common people and, on the other hand, the members of the elite. But while, in spite of the large number of political entities, the Syro-Hittite rulers share similar ideas about architecture and iconography, the architecture of the Assyrian palaces in the provinces surprises by its heterogeneousness, sometimes widely deviating from the concepts established in the homeland.<br \/>The combination of architectural and pictorial analysis arrives at new insights into the cultures of the Syro-Hittite states as well as into the Assyrian rule in the Levant.<\/p>\n<p>[\/et_pb_text][\/et_pb_column][\/et_pb_section]<\/p>\n","protected":false},"excerpt":{"rendered":"<p>Simon M. Halama Eisenzeitliche Pal\u00e4ste in der n\u00f6rdlichen Levante. Repr\u00e4sentation von Herrschaft mit architektonischen Mitteln. M\u00fcnchener Abhandlungen zum Alten Orient \u2014 Band 2 Format: 30 x 21 cm\u00a0\u2014 Hardcover Umfang:\u00a0384 Seiten, 90 Abbildungen im Text, 27 Abbildungstafeln und 1 Faltplan Inhalt \/ Content ISBN:\u00a0978-3-935012-33-1 Preis: 58,00 \u20ac \u00a9 PeWe-Verlag 2018Die Eisenzeit in der Levante wurde [&hellip;]<\/p>\n","protected":false},"author":1,"featured_media":0,"parent":0,"menu_order":0,"comment_status":"closed","ping_status":"closed","template":"","meta":{"_et_pb_use_builder":"on","_et_pb_old_content":"","_et_gb_content_width":"","footnotes":""},"class_list":["post-745","page","type-page","status-publish","hentry"],"_links":{"self":[{"href":"https:\/\/www.pewe-verlag.de\/index.php?rest_route=\/wp\/v2\/pages\/745","targetHints":{"allow":["GET"]}}],"collection":[{"href":"https:\/\/www.pewe-verlag.de\/index.php?rest_route=\/wp\/v2\/pages"}],"about":[{"href":"https:\/\/www.pewe-verlag.de\/index.php?rest_route=\/wp\/v2\/types\/page"}],"author":[{"embeddable":true,"href":"https:\/\/www.pewe-verlag.de\/index.php?rest_route=\/wp\/v2\/users\/1"}],"replies":[{"embeddable":true,"href":"https:\/\/www.pewe-verlag.de\/index.php?rest_route=%2Fwp%2Fv2%2Fcomments&post=745"}],"version-history":[{"count":14,"href":"https:\/\/www.pewe-verlag.de\/index.php?rest_route=\/wp\/v2\/pages\/745\/revisions"}],"predecessor-version":[{"id":3090,"href":"https:\/\/www.pewe-verlag.de\/index.php?rest_route=\/wp\/v2\/pages\/745\/revisions\/3090"}],"wp:attachment":[{"href":"https:\/\/www.pewe-verlag.de\/index.php?rest_route=%2Fwp%2Fv2%2Fmedia&parent=745"}],"curies":[{"name":"wp","href":"https:\/\/api.w.org\/{rel}","templated":true}]}}