{"id":752,"date":"2019-09-25T15:37:19","date_gmt":"2019-09-25T13:37:19","guid":{"rendered":"https:\/\/modern.pewe-verlag.de\/?page_id=752"},"modified":"2024-11-22T12:54:51","modified_gmt":"2024-11-22T11:54:51","slug":"martin-gruber-der-baudekor-des-zweiten-jahrtausends-v-chr-in-mesopotamien-formen-motive-perzeption-muenchener-abhandlungen-zum-alten-orient-band-3-maao-3","status":"publish","type":"page","link":"https:\/\/www.pewe-verlag.de\/?page_id=752","title":{"rendered":"Martin Gruber Der Baudekor des zweiten Jahrtausends v. Chr. in Mesopotamien. Formen \u2013 Motive \u2013 Perzeption. M\u00fcnchener Abhandlungen zum Alten Orient, Band 3 (MAAO-3)"},"content":{"rendered":"<p>[et_pb_section fb_built=&#8220;1&#8243; make_equal=&#8220;on&#8220; use_custom_gutter=&#8220;on&#8220; specialty=&#8220;on&#8220; _builder_version=&#8220;3.27.3&#8243; width=&#8220;100%&#8220;][et_pb_column type=&#8220;1_2&#8243; specialty_columns=&#8220;2&#8243; _builder_version=&#8220;3.25&#8243; custom_padding=&#8220;|||&#8220; custom_padding__hover=&#8220;|||&#8220;][et_pb_row_inner _builder_version=&#8220;3.27.3&#8243;][et_pb_column_inner saved_specialty_column_type=&#8220;1_2&#8243; _builder_version=&#8220;3.27.3&#8243;][et_pb_image src=&#8220;https:\/\/pw.ulikes.de\/wp\/files\/wp-content\/uploads\/2024\/11\/maao3.jpg&#8220; _builder_version=&#8220;4.0.6&#8243; hover_enabled=&#8220;0&#8243;][\/et_pb_image][et_pb_text _builder_version=&#8220;4.0.6&#8243; text_font=&#8220;Trebuchet||||||||&#8220; text_font_size=&#8220;15px&#8220; custom_padding=&#8220;|185px||||&#8220;]<\/p>\n<p><strong>Martin Gruber<\/strong><br \/>\nDer Baudekor des zweiten Jahrtausends v. Chr. in Mesopotamien. Formen \u2013 Motive \u2013 Perzeption.<\/p>\n<p>M\u00fcnchener Abhandlungen zum Alten Orient\u00a0\u2014 Band 3<\/p>\n<p>Format: 30 x 21 cm\u00a0\u2014 Hardcover<br \/>\nUmfang:\u00a0384 Seiten, mit 339 Abbildungen im Text<\/p>\n<p><a href=\"https:\/\/www.pewe-verlag.de\/res\/liber35-argumentum.pdf\" target=\"_blank\" rel=\"noopener noreferrer\">Inhalt \/ Content<\/a><\/p>\n<p>ISBN:\u00a0978-3-935012-35-5<br \/>\nPreis: 65,00 \u20ac<br \/>\n\u00a9 PeWe-Verlag 2019<\/p>\n<p>[\/et_pb_text][\/et_pb_column_inner][\/et_pb_row_inner][et_pb_row_inner _builder_version=&#8220;3.27.3&#8243;][et_pb_column_inner saved_specialty_column_type=&#8220;1_2&#8243; _builder_version=&#8220;3.27.3&#8243;][et_pb_button button_url=&#8220;@ET-DC@eyJkeW5hbWljIjp0cnVlLCJjb250ZW50IjoicG9zdF9saW5rX3VybF9wYWdlIiwic2V0dGluZ3MiOnsicG9zdF9pZCI6IjI4NyJ9fQ==@&#8220; url_new_window=&#8220;on&#8220; button_text=&#8220;BUCH ANFRAGEN&#8220; button_alignment=&#8220;left&#8220; _builder_version=&#8220;4.0.6&#8243; _dynamic_attributes=&#8220;button_url&#8220; custom_button=&#8220;on&#8220; button_text_size=&#8220;19px&#8220; button_text_color=&#8220;#349fd8&#8243; button_border_radius=&#8220;12px&#8220; button_font=&#8220;Antic||||||||&#8220; button_icon=&#8220;%%49%%&#8220; button_icon_color=&#8220;#29b71f&#8220; transform_translate=&#8220;-3px|-51px&#8220; filter_saturate=&#8220;110%&#8220; filter_brightness=&#8220;109%&#8220;][\/et_pb_button][et_pb_button button_url=&#8220;@ET-DC@eyJkeW5hbWljIjp0cnVlLCJjb250ZW50IjoicG9zdF9saW5rX3VybF9wYWdlIiwic2V0dGluZ3MiOnsicG9zdF9pZCI6IjI4NyJ9fQ==@&#8220; url_new_window=&#8220;on&#8220; button_text=&#8220;REQUEST BOOK&#8220; button_alignment=&#8220;left&#8220; _builder_version=&#8220;4.0.6&#8243; _dynamic_attributes=&#8220;button_url&#8220; custom_button=&#8220;on&#8220; button_text_size=&#8220;19px&#8220; button_text_color=&#8220;#349fd8&#8243; button_border_radius=&#8220;12px&#8220; button_font=&#8220;Antic||||||||&#8220; button_icon=&#8220;%%49%%&#8220; button_icon_color=&#8220;#29b71f&#8220; transform_translate=&#8220;-3px|-51px&#8220; filter_saturate=&#8220;110%&#8220; filter_brightness=&#8220;109%&#8220;][\/et_pb_button][\/et_pb_column_inner][\/et_pb_row_inner][\/et_pb_column][et_pb_column type=&#8220;1_2&#8243; _builder_version=&#8220;3.25&#8243; custom_padding=&#8220;|||&#8220; custom_padding__hover=&#8220;|||&#8220;][et_pb_text _builder_version=&#8220;3.27.4&#8243; text_font_size=&#8220;17px&#8220; transform_scale_tablet=&#8220;&#8220; transform_scale_phone=&#8220;&#8220; transform_scale_last_edited=&#8220;on|tablet&#8220; transform_translate_tablet=&#8220;103px|-18px&#8220; transform_translate_phone=&#8220;&#8220; transform_translate_last_edited=&#8220;on|tablet&#8220; transform_rotate_tablet=&#8220;&#8220; transform_rotate_phone=&#8220;&#8220; transform_rotate_last_edited=&#8220;on|tablet&#8220; transform_skew_tablet=&#8220;&#8220; transform_skew_phone=&#8220;&#8220; transform_skew_last_edited=&#8220;on|tablet&#8220; transform_origin_tablet=&#8220;&#8220; transform_origin_phone=&#8220;&#8220; transform_origin_last_edited=&#8220;on|tablet&#8220; transform_styles_last_edited=&#8220;on|tablet&#8220; text_orientation=&#8220;justify&#8220; width=&#8220;130%&#8220; width_tablet=&#8220;100%&#8220; width_phone=&#8220;&#8220; width_last_edited=&#8220;on|tablet&#8220; custom_margin=&#8220;|||-117px||&#8220; custom_padding=&#8220;|0px||0px||&#8220; transform_styles_tablet=&#8220;&#8220; transform_styles_phone=&#8220;&#8220; text_text_align=&#8220;justify&#8220;]<\/p>\n<p>Die vorliegende Abhandlung widmet sich den arch\u00e4ologischen Belegen f\u00fcr Baudekor im Mesopotamien des zweiten Jahrtausends v. Chr. und versucht unter Ber\u00fccksichtigung verschiedener zeitgen\u00f6ssischer Quellen die unterschiedlichen Aspekte dieser architektonischen Ausdrucksform zu beleuchten.<br \/> Im Vordergrund stehen Sakralbauten, da die F\u00fclle an Belegen sie als den bevorzugten und nicht selten einzigen Tr\u00e4ger der hier behandelten Formen des Baudekors ausweist. Der plastische Baudekor an den Au\u00dfen- und Hoffassaden altorientalischer Tempel ist neben ihrer monumentalen Bauweise einer der unmittelbarsten architektonischen Formalismen, mit deren Hilfe der sakrale Raum bildkr\u00e4ftig von der \u00fcbrigen Stadtbebauung abgegrenzt wird. Die ostentative Morphologie sakraler Bauk\u00f6rper unterstreicht die architektonische Distinktion zwischen \u201eTempeln\u201c, \u201eWohnh\u00e4usern\u201c oder \u201ePal\u00e4sten\u201c, die im altorientalischen Sprachverst\u00e4ndnis deutlich unsch\u00e4rfer zu Tage tritt. Dar\u00fcber hinaus bilden die oft \u00fcber Jahrhunderte gepflegten Sakralbauten innerhalb des wechselhaften urbanen Umfelds eine wichtige architektonische Konstante und stehen in dieser Hinsicht den zumeist kurzlebigeren Palast- und Profanbauten entgegen.<br \/> Die sakrale Architektur wird dadurch zu einem bedeutenden und vor allem dauerhaften Bezugspunkt f\u00fcr die r\u00e4umliche Orientierung der Stadtbewohner und ist daher nicht nur als leblose, r\u00e4umliche Kulisse der Gesellschaft zu verstehen, sondern als eigenst\u00e4ndiges, aktives und lenkendes System, dessen Kommunikationspotential selbst nach Jahrtausenden nicht erloschen ist.<\/p>\n<p>[\/et_pb_text][et_pb_text _builder_version=&#8220;4.0.6&#8243; text_font_size=&#8220;17px&#8220; transform_scale_tablet=&#8220;&#8220; transform_scale_phone=&#8220;&#8220; transform_scale_last_edited=&#8220;on|tablet&#8220; transform_translate_tablet=&#8220;99px|4px&#8220; transform_translate_phone=&#8220;&#8220; transform_translate_last_edited=&#8220;on|tablet&#8220; transform_rotate_tablet=&#8220;&#8220; transform_rotate_phone=&#8220;&#8220; transform_rotate_last_edited=&#8220;on|tablet&#8220; transform_skew_tablet=&#8220;&#8220; transform_skew_phone=&#8220;&#8220; transform_skew_last_edited=&#8220;on|tablet&#8220; transform_origin_tablet=&#8220;&#8220; transform_origin_phone=&#8220;&#8220; transform_origin_last_edited=&#8220;on|tablet&#8220; transform_styles_last_edited=&#8220;on|tablet&#8220; text_orientation=&#8220;justify&#8220; width=&#8220;130%&#8220; width_tablet=&#8220;100%&#8220; width_phone=&#8220;&#8220; width_last_edited=&#8220;on|tablet&#8220; custom_margin=&#8220;|||-117px||&#8220; custom_padding=&#8220;|0px||0px||&#8220; transform_styles_tablet=&#8220;&#8220; transform_styles_phone=&#8220;&#8220; border_width_top=&#8220;1px&#8220; border_color_top=&#8220;#349fd8&#8243; text_text_align=&#8220;justify&#8220;]<\/p>\n<p>&nbsp;<\/p>\n<p>This study deals with the archaeological examples of architectural ornamentation in 2nd-millennium Mesopotamia. Diverse contemporary sources have been consulted in the attempt to elucidate the differing aspects of this form of expression by architecture. The emphasis is on sacred buildings as, by abundant examples, they are shown to be the preferred \u2013 and often only \u2013 carriers of those forms of architectural ornamentation that are here treated. Besides the monumentality of construction the ornaments at the outer as well as at the courtyard fa\u00e7ades of temples in the Ancient Near East are among the most obvious architectural formalisms that mark the sacred space off from other buildings in town. The ostentatious morphology of sacred buildings underlines the architectural differentiation between \u203atemples\u2039, \u203adwelling-houses\u2039 and \u203apalaces\u2039, a differentiation which is far from emerging as clear-cut in the usage of the respective ancient languages. The sacred buildings tend to be carefully looked after throughout centuries, thus forming an important architectural landmark within a changeful urban environment \u2013 in contrast to more short-lived palaces and other profane buildings. In this way, sacred architecture becomes a meaningful and long-lasting reference point for the inhabitants\u2019 orientation; sacred architecture is more than the lifeless background of a society, it is rather an active guiding system whose communicative potential has not ceased to exist, not even after millennia.<\/p>\n<p>&nbsp;<\/p>\n<p>[\/et_pb_text][\/et_pb_column][\/et_pb_section]<\/p>\n","protected":false},"excerpt":{"rendered":"<p>Martin Gruber Der Baudekor des zweiten Jahrtausends v. Chr. in Mesopotamien. Formen \u2013 Motive \u2013 Perzeption. M\u00fcnchener Abhandlungen zum Alten Orient\u00a0\u2014 Band 3 Format: 30 x 21 cm\u00a0\u2014 Hardcover Umfang:\u00a0384 Seiten, mit 339 Abbildungen im Text Inhalt \/ Content ISBN:\u00a0978-3-935012-35-5 Preis: 65,00 \u20ac \u00a9 PeWe-Verlag 2019Die vorliegende Abhandlung widmet sich den arch\u00e4ologischen Belegen f\u00fcr Baudekor [&hellip;]<\/p>\n","protected":false},"author":1,"featured_media":0,"parent":0,"menu_order":0,"comment_status":"closed","ping_status":"closed","template":"","meta":{"_et_pb_use_builder":"on","_et_pb_old_content":"","_et_gb_content_width":"","footnotes":""},"class_list":["post-752","page","type-page","status-publish","hentry"],"_links":{"self":[{"href":"https:\/\/www.pewe-verlag.de\/index.php?rest_route=\/wp\/v2\/pages\/752","targetHints":{"allow":["GET"]}}],"collection":[{"href":"https:\/\/www.pewe-verlag.de\/index.php?rest_route=\/wp\/v2\/pages"}],"about":[{"href":"https:\/\/www.pewe-verlag.de\/index.php?rest_route=\/wp\/v2\/types\/page"}],"author":[{"embeddable":true,"href":"https:\/\/www.pewe-verlag.de\/index.php?rest_route=\/wp\/v2\/users\/1"}],"replies":[{"embeddable":true,"href":"https:\/\/www.pewe-verlag.de\/index.php?rest_route=%2Fwp%2Fv2%2Fcomments&post=752"}],"version-history":[{"count":12,"href":"https:\/\/www.pewe-verlag.de\/index.php?rest_route=\/wp\/v2\/pages\/752\/revisions"}],"predecessor-version":[{"id":3089,"href":"https:\/\/www.pewe-verlag.de\/index.php?rest_route=\/wp\/v2\/pages\/752\/revisions\/3089"}],"wp:attachment":[{"href":"https:\/\/www.pewe-verlag.de\/index.php?rest_route=%2Fwp%2Fv2%2Fmedia&parent=752"}],"curies":[{"name":"wp","href":"https:\/\/api.w.org\/{rel}","templated":true}]}}