{"id":765,"date":"2019-09-25T15:58:24","date_gmt":"2019-09-25T13:58:24","guid":{"rendered":"https:\/\/modern.pewe-verlag.de\/?page_id=765"},"modified":"2024-11-22T12:54:00","modified_gmt":"2024-11-22T11:54:00","slug":"katharina-schloder-tall-bazi-i-die-roemerzeitliche-bebauung-von-tall-bazi-im-syrischen-euphrattal-ein-befestigtes-einheimisches-heiligtum-im-vorfeld-der-roemischen-provinz-syria-muenche","status":"publish","type":"page","link":"https:\/\/www.pewe-verlag.de\/?page_id=765","title":{"rendered":"Katharina Schloder Tall Bazi \u2013 I. Die r\u00f6merzeitliche Bebauung von Tall Bazi im syrischen Euphrattal. Ein befestigtes einheimisches Heiligtum im Vorfeld der r\u00f6mischen Provinz Syria. M\u00fcnchener Abhandlungen zum Alten Orient \u2014 Band 5"},"content":{"rendered":"<p>[et_pb_section fb_built=&#8220;1&#8243; make_equal=&#8220;on&#8220; use_custom_gutter=&#8220;on&#8220; specialty=&#8220;on&#8220; _builder_version=&#8220;3.27.3&#8243; width=&#8220;100%&#8220;][et_pb_column type=&#8220;1_2&#8243; specialty_columns=&#8220;2&#8243; _builder_version=&#8220;3.25&#8243; custom_padding=&#8220;|||&#8220; custom_padding__hover=&#8220;|||&#8220;][et_pb_row_inner _builder_version=&#8220;3.27.3&#8243;][et_pb_column_inner saved_specialty_column_type=&#8220;1_2&#8243; _builder_version=&#8220;3.27.3&#8243;][et_pb_image src=&#8220;https:\/\/pw.ulikes.de\/wp\/files\/wp-content\/uploads\/2024\/11\/maao5-1.jpg&#8220; _builder_version=&#8220;4.0.6&#8243; hover_enabled=&#8220;0&#8243;][\/et_pb_image][et_pb_text _builder_version=&#8220;4.0.6&#8243; text_font=&#8220;Trebuchet||||||||&#8220; text_font_size=&#8220;15px&#8220; custom_padding=&#8220;|185px||||&#8220;]<\/p>\n<p><strong>Katharina Schloder<\/strong><br \/>\nTall Bazi \u2013 I. <br \/>Die r\u00f6merzeitliche Bebauung von Tall Bazi im syrischen Euphrattal.<br \/>\nEin befestigtes einheimisches Heiligtum im Vorfeld der r\u00f6mischen Provinz Syria.<\/p>\n<p>M\u00fcnchener Abhandlungen zum Alten Orient \u2014 Band 5<\/p>\n<p>Format: 30 x 21 cm\u00a0\u2014 Hardcover<br \/>\nUmfang:\u00a0352 Seiten, mit 71, teils farbigen Abbildungen im Text sowie 100 Abbildungstafeln und 5 Faltpl\u00e4nen<\/p>\n<p><a href=\"https:\/\/www.pewe-verlag.de\/res\/liber37-argumentum.pdf\" target=\"_blank\" rel=\"noopener noreferrer\">Inhalt \/ Content<\/a><\/p>\n<p>ISBN:\u00a0978-3-935012-37-9<br \/>\nPreis: 65,00 \u20ac<br \/>\n\u00a9 PeWe-Verlag 2019<\/p>\n<p>[\/et_pb_text][\/et_pb_column_inner][\/et_pb_row_inner][et_pb_row_inner _builder_version=&#8220;3.27.3&#8243;][et_pb_column_inner saved_specialty_column_type=&#8220;1_2&#8243; _builder_version=&#8220;3.27.3&#8243;][et_pb_button button_url=&#8220;@ET-DC@eyJkeW5hbWljIjp0cnVlLCJjb250ZW50IjoicG9zdF9saW5rX3VybF9wYWdlIiwic2V0dGluZ3MiOnsicG9zdF9pZCI6IjI4NyJ9fQ==@&#8220; url_new_window=&#8220;on&#8220; button_text=&#8220;BUCH ANFRAGEN&#8220; button_alignment=&#8220;left&#8220; _builder_version=&#8220;4.0.6&#8243; _dynamic_attributes=&#8220;button_url&#8220; custom_button=&#8220;on&#8220; button_text_size=&#8220;19px&#8220; button_text_color=&#8220;#349fd8&#8243; button_border_radius=&#8220;12px&#8220; button_font=&#8220;Antic||||||||&#8220; button_icon=&#8220;%%49%%&#8220; button_icon_color=&#8220;#29b71f&#8220; transform_translate=&#8220;-3px|-51px&#8220; filter_saturate=&#8220;110%&#8220; filter_brightness=&#8220;109%&#8220;][\/et_pb_button][et_pb_button button_url=&#8220;@ET-DC@eyJkeW5hbWljIjp0cnVlLCJjb250ZW50IjoicG9zdF9saW5rX3VybF9wYWdlIiwic2V0dGluZ3MiOnsicG9zdF9pZCI6IjI4NyJ9fQ==@&#8220; url_new_window=&#8220;on&#8220; button_text=&#8220;REQUEST BOOK&#8220; button_alignment=&#8220;left&#8220; _builder_version=&#8220;4.0.6&#8243; _dynamic_attributes=&#8220;button_url&#8220; custom_button=&#8220;on&#8220; button_text_size=&#8220;19px&#8220; button_text_color=&#8220;#349fd8&#8243; button_border_radius=&#8220;12px&#8220; button_font=&#8220;Antic||||||||&#8220; button_icon=&#8220;%%49%%&#8220; button_icon_color=&#8220;#29b71f&#8220; transform_translate=&#8220;-3px|-51px&#8220; filter_saturate=&#8220;110%&#8220; filter_brightness=&#8220;109%&#8220;][\/et_pb_button][\/et_pb_column_inner][\/et_pb_row_inner][\/et_pb_column][et_pb_column type=&#8220;1_2&#8243; _builder_version=&#8220;3.25&#8243; custom_padding=&#8220;|||&#8220; custom_padding__hover=&#8220;|||&#8220;][et_pb_text _builder_version=&#8220;3.27.4&#8243; text_font_size=&#8220;17px&#8220; transform_scale_tablet=&#8220;&#8220; transform_scale_phone=&#8220;&#8220; transform_scale_last_edited=&#8220;on|tablet&#8220; transform_translate_tablet=&#8220;107px|-33px&#8220; transform_translate_phone=&#8220;&#8220; transform_translate_last_edited=&#8220;on|tablet&#8220; transform_rotate_tablet=&#8220;&#8220; transform_rotate_phone=&#8220;&#8220; transform_rotate_last_edited=&#8220;on|tablet&#8220; transform_skew_tablet=&#8220;&#8220; transform_skew_phone=&#8220;&#8220; transform_skew_last_edited=&#8220;on|tablet&#8220; transform_origin_tablet=&#8220;&#8220; transform_origin_phone=&#8220;&#8220; transform_origin_last_edited=&#8220;on|tablet&#8220; transform_styles_last_edited=&#8220;on|tablet&#8220; text_orientation=&#8220;justify&#8220; width=&#8220;120%&#8220; width_tablet=&#8220;100%&#8220; width_phone=&#8220;&#8220; width_last_edited=&#8220;on|tablet&#8220; custom_margin=&#8220;|||-117px||&#8220; custom_padding=&#8220;|0px||0px||&#8220; transform_styles_tablet=&#8220;&#8220; transform_styles_phone=&#8220;&#8220; text_text_align=&#8220;justify&#8220;]<\/p>\n<p>Mit einem Beitrag von Stefan Heidemann<\/p>\n<p>Der Fundplatz Tall Bazi, am linken Ufer des Euphrat im heutigen Syrien gelegen, ist bislang v. a. f\u00fcr seine bronzezeitlichen Siedlungsstrukturen bekannt. Doch fanden sich auf dem Tall auch Reste einer j\u00fcngeren Bebauung des 2. Jhs. n. Chr. Im vorliegenden Band werden zun\u00e4chst die hierzu geh\u00f6renden Befunde und Funde pr\u00e4sentiert und analysiert. In der arch\u00e4ologisch-historischen Auswertung wird anschlie\u00dfend die Funktion Tall Bazis vor dem Hintergrund der politisch-kulturellen Situation diskutiert. Hierbei kommt der geographischen Grenzlage des Fundplatzes als Teil des K\u00f6nigreichs Osrhoene zwischen den beiden Gro\u00dfm\u00e4chten Rom und Parthien eine entscheidende Rolle zu.<br \/> Bei der Anlage von Tall Bazi handelt es sich um ein befestigtes Heiligtum mit unregelm\u00e4\u00dfigem Grundriss. Der von zwei Tort\u00fcrmen flankierte Hauptzugang befand sich auf der dem Euphrat zugewandten Seite. Im Inneren konnten mehrere Geb\u00e4ude festgestellt werden, von denen eines als zentraler Kultbau anzusprechen ist. Aufgrund des teilweise stratifizierten Fundmaterials ist von einer Errichtung des monumentalen Heiligtums im sp\u00e4ten 1. bzw. fr\u00fchen 2. Jh. n. Chr. auszugehen. Es bestand bis in die zweite H\u00e4lfte des 2. Jhs. n. Chr.<br \/> Durch die sorgf\u00e4ltige und umfassende Analyse der Befunde und Funde ist es m\u00f6glich, verschiedene, mit dem Heiligtum von Tall Bazi verbundene Fragestellungen zu untersuchen. So lassen sich kultische Handlungen, die im Inneren des heiligen Bezirks stattgefunden haben, durch zahlreiche Gruben in einem offenen Hofareal nachweisen. Bauweise und -form des Tempels stehen eindeutig in mesopotamischer Tradition; trotz der Lage direkt am Euphrat und somit an der Grenze zum R\u00f6mischen Reich lassen sich keine hellenistisch-r\u00f6mischen Einfl\u00fcsse in der Architektur erkennen. Dies wie auch das analysierte Fundmaterial erm\u00f6glichen R\u00fcckschl\u00fcsse auf die Identit\u00e4t des Erbauers und der Besucher des Heiligtums.<br \/> Mit dem Heiligtum von Tall Bazi vergleichbare Kultst\u00e4tten sind im Nahen und Mittleren Osten bislang weitgehend unbekannt. Der Bearbeitung und Publikation dieses singul\u00e4ren Fundplatzes an der Grenze zwischen dem Imperium Romanum und dem parthischen Machtbereich kommt daher eine sehr wichtige Rolle zu.<\/p>\n<p>[\/et_pb_text][et_pb_text _builder_version=&#8220;4.0.6&#8243; text_font_size=&#8220;17px&#8220; transform_scale_tablet=&#8220;&#8220; transform_scale_phone=&#8220;&#8220; transform_scale_last_edited=&#8220;on|tablet&#8220; transform_translate_tablet=&#8220;101px|15px&#8220; transform_translate_phone=&#8220;&#8220; transform_translate_last_edited=&#8220;on|tablet&#8220; transform_rotate_tablet=&#8220;&#8220; transform_rotate_phone=&#8220;&#8220; transform_rotate_last_edited=&#8220;on|tablet&#8220; transform_skew_tablet=&#8220;&#8220; transform_skew_phone=&#8220;&#8220; transform_skew_last_edited=&#8220;on|tablet&#8220; transform_origin_tablet=&#8220;&#8220; transform_origin_phone=&#8220;&#8220; transform_origin_last_edited=&#8220;on|tablet&#8220; transform_styles_last_edited=&#8220;on|tablet&#8220; text_orientation=&#8220;justify&#8220; width=&#8220;120%&#8220; width_tablet=&#8220;100%&#8220; width_phone=&#8220;&#8220; width_last_edited=&#8220;on|tablet&#8220; custom_margin=&#8220;|||-117px||&#8220; custom_padding=&#8220;|0px||0px||&#8220; transform_styles_tablet=&#8220;&#8220; transform_styles_phone=&#8220;&#8220; border_width_top=&#8220;1px&#8220; border_color_top=&#8220;#349fd8&#8243; text_text_align=&#8220;justify&#8220;]<\/p>\n<p>&nbsp;<\/p>\n<p>With a contribution of Stefan Heidemann<\/p>\n<p>The site Tall Bazi on the left bank of the Syrian Euphrates has so far been known mainly for its Bronze Age occupation. But the Tall yielded also remains of later architecture, namely from the 2nd century AD. This volume will first present and analyse the respective finds and findings. The ensuing archaeological and historical evaluation will consider the function of Tall Bazi against the background of the political and cultural situation. In this context, the border location of the site &#8211; a part of the kingdom of Osrhoene situated between the superpowers Rome and Parthia &#8211; is of the utmost importance.<br \/>Tall Bazi is a fortified sanctuary with an irregular ground plan. Framed by two gate towers the main access lay on the side fronting the Euphrates. Inside, several buildings could be ascertained one of which may be regarded as a central ritual building. Based on the dating of the partly stratified finds the monumental sanctuary was presumably erected in the late 1st \/ early 2nd century AD. It existed until the second half of the 2nd century AD.<br \/>The careful and comprehensive analysis of finds and findings allows us to address various questions connected with the sanctuary of Tall Bazi. For example, a great number of pits in an open courtyard point to ritual activities inside the sacred area. The shape and construction of the temple stand fast within the Mesopotamian tradition; despite its location right on the Euphrates river and thus at the frontier of the Roman Empire the architecture does not show any Hellenistic \/ Roman influence. This fact as well as the analysed material enable us to draw conclusions with regard to the identity of the builder of the sanctuary and its visitors.<br \/>Ritual places that might be comparable to the sanctuary of Tall Bazi are so far hardly known in the Middle East. It is therefore highly important that the information to be gained from this unique site on the borderline between the Roman Empire and the sphere of Parthian power is evaluated and published.<\/p>\n<p>[\/et_pb_text][\/et_pb_column][\/et_pb_section]<\/p>\n","protected":false},"excerpt":{"rendered":"<p>Katharina Schloder Tall Bazi \u2013 I. Die r\u00f6merzeitliche Bebauung von Tall Bazi im syrischen Euphrattal. Ein befestigtes einheimisches Heiligtum im Vorfeld der r\u00f6mischen Provinz Syria. M\u00fcnchener Abhandlungen zum Alten Orient \u2014 Band 5 Format: 30 x 21 cm\u00a0\u2014 Hardcover Umfang:\u00a0352 Seiten, mit 71, teils farbigen Abbildungen im Text sowie 100 Abbildungstafeln und 5 Faltpl\u00e4nen Inhalt [&hellip;]<\/p>\n","protected":false},"author":1,"featured_media":0,"parent":0,"menu_order":0,"comment_status":"closed","ping_status":"closed","template":"","meta":{"_et_pb_use_builder":"on","_et_pb_old_content":"","_et_gb_content_width":"","footnotes":""},"class_list":["post-765","page","type-page","status-publish","hentry"],"_links":{"self":[{"href":"https:\/\/www.pewe-verlag.de\/index.php?rest_route=\/wp\/v2\/pages\/765","targetHints":{"allow":["GET"]}}],"collection":[{"href":"https:\/\/www.pewe-verlag.de\/index.php?rest_route=\/wp\/v2\/pages"}],"about":[{"href":"https:\/\/www.pewe-verlag.de\/index.php?rest_route=\/wp\/v2\/types\/page"}],"author":[{"embeddable":true,"href":"https:\/\/www.pewe-verlag.de\/index.php?rest_route=\/wp\/v2\/users\/1"}],"replies":[{"embeddable":true,"href":"https:\/\/www.pewe-verlag.de\/index.php?rest_route=%2Fwp%2Fv2%2Fcomments&post=765"}],"version-history":[{"count":15,"href":"https:\/\/www.pewe-verlag.de\/index.php?rest_route=\/wp\/v2\/pages\/765\/revisions"}],"predecessor-version":[{"id":3088,"href":"https:\/\/www.pewe-verlag.de\/index.php?rest_route=\/wp\/v2\/pages\/765\/revisions\/3088"}],"wp:attachment":[{"href":"https:\/\/www.pewe-verlag.de\/index.php?rest_route=%2Fwp%2Fv2%2Fmedia&parent=765"}],"curies":[{"name":"wp","href":"https:\/\/api.w.org\/{rel}","templated":true}]}}