{"id":773,"date":"2019-09-25T16:06:54","date_gmt":"2019-09-25T14:06:54","guid":{"rendered":"https:\/\/modern.pewe-verlag.de\/?page_id=773"},"modified":"2024-11-20T16:52:13","modified_gmt":"2024-11-20T15:52:13","slug":"ralph-luebbe-knochen-und-zahnfunde-im-indusgebiet-betrachtungen-zur-abgrenzung-des-frueh-und-reif-harappa-komplexes-und-seines-suedasiatischen-umfeldes","status":"publish","type":"page","link":"https:\/\/www.pewe-verlag.de\/?page_id=773","title":{"rendered":"Ralph L\u00fcbbe Knochen- und Zahnfunde im Indusgebiet. Betrachtungen zur Abgrenzung des Fr\u00fch- und Reif-Harappa-Komplexes und seines s\u00fcdasiatischen Umfeldes."},"content":{"rendered":"<p>[et_pb_section fb_built=&#8220;1&#8243; make_equal=&#8220;on&#8220; use_custom_gutter=&#8220;on&#8220; specialty=&#8220;on&#8220; _builder_version=&#8220;3.27.3&#8243; width=&#8220;100%&#8220;][et_pb_column type=&#8220;1_2&#8243; specialty_columns=&#8220;2&#8243; _builder_version=&#8220;3.25&#8243; custom_padding=&#8220;|||&#8220; custom_padding__hover=&#8220;|||&#8220;][et_pb_row_inner _builder_version=&#8220;3.27.3&#8243;][et_pb_column_inner saved_specialty_column_type=&#8220;1_2&#8243; _builder_version=&#8220;3.27.3&#8243;][et_pb_image src=&#8220;https:\/\/pw.ulikes.de\/wp\/files\/wp-content\/uploads\/2024\/11\/harappa.png&#8220; _builder_version=&#8220;4.0.6&#8243; hover_enabled=&#8220;0&#8243;][\/et_pb_image][et_pb_text _builder_version=&#8220;3.27.4&#8243; text_font=&#8220;Trebuchet||||||||&#8220; text_font_size=&#8220;15px&#8220; custom_padding=&#8220;|185px||||&#8220;]<\/p>\n<p><strong>Ralph L\u00fcbbe<\/strong><br \/>\nKnochen- und Zahnfunde im Indusgebiet.<br \/>\nBetrachtungen zur Abgrenzung des Fr\u00fch- und Reif-Harappa-Komplexes und seines s\u00fcdasiatischen Umfeldes.<\/p>\n<p>Format: 29 x 21 cm\u00a0\u2014 Softcover<br \/>\nUmfang:\u00a0122 Seiten, mit 70 Abbildungen<\/p>\n<p><a href=\"https:\/\/www.pewe-verlag.de\/res\/liber23-argumentum.pdf\" target=\"_blank\" rel=\"noopener noreferrer\">Inhalt \/ Content<\/a><\/p>\n<p>ISBN: 978-3-935012-23-2<br \/>\nPreis: 19,80 \u20ac<br \/>\n\u00a9 PeWe-Verlag 2017<\/p>\n<p>[\/et_pb_text][\/et_pb_column_inner][\/et_pb_row_inner][et_pb_row_inner _builder_version=&#8220;3.27.3&#8243;][et_pb_column_inner saved_specialty_column_type=&#8220;1_2&#8243; _builder_version=&#8220;3.27.3&#8243;][et_pb_button button_url=&#8220;@ET-DC@eyJkeW5hbWljIjp0cnVlLCJjb250ZW50IjoicG9zdF9saW5rX3VybF9wYWdlIiwic2V0dGluZ3MiOnsicG9zdF9pZCI6IjI4NyJ9fQ==@&#8220; url_new_window=&#8220;on&#8220; button_text=&#8220;BUCH ANFRAGEN&#8220; button_alignment=&#8220;left&#8220; _builder_version=&#8220;4.0.6&#8243; _dynamic_attributes=&#8220;button_url&#8220; custom_button=&#8220;on&#8220; button_text_size=&#8220;19px&#8220; button_text_color=&#8220;#349fd8&#8243; button_border_radius=&#8220;12px&#8220; button_font=&#8220;Antic||||||||&#8220; button_icon=&#8220;%%49%%&#8220; button_icon_color=&#8220;#29b71f&#8220; transform_translate=&#8220;-3px|-51px&#8220; filter_saturate=&#8220;110%&#8220; filter_brightness=&#8220;109%&#8220;][\/et_pb_button][et_pb_button button_url=&#8220;@ET-DC@eyJkeW5hbWljIjp0cnVlLCJjb250ZW50IjoicG9zdF9saW5rX3VybF9wYWdlIiwic2V0dGluZ3MiOnsicG9zdF9pZCI6IjI4NyJ9fQ==@&#8220; url_new_window=&#8220;on&#8220; button_text=&#8220;REQUEST BOOK&#8220; button_alignment=&#8220;left&#8220; _builder_version=&#8220;4.0.6&#8243; _dynamic_attributes=&#8220;button_url&#8220; custom_button=&#8220;on&#8220; button_text_size=&#8220;19px&#8220; button_text_color=&#8220;#349fd8&#8243; button_border_radius=&#8220;12px&#8220; button_font=&#8220;Antic||||||||&#8220; button_icon=&#8220;%%49%%&#8220; button_icon_color=&#8220;#29b71f&#8220; transform_translate=&#8220;-3px|-51px&#8220; filter_saturate=&#8220;110%&#8220; filter_brightness=&#8220;109%&#8220;][\/et_pb_button][\/et_pb_column_inner][\/et_pb_row_inner][\/et_pb_column][et_pb_column type=&#8220;1_2&#8243; _builder_version=&#8220;3.25&#8243; custom_padding=&#8220;|||&#8220; custom_padding__hover=&#8220;|||&#8220;][et_pb_text _builder_version=&#8220;3.27.4&#8243; text_font_size=&#8220;17px&#8220; transform_scale_tablet=&#8220;&#8220; transform_scale_phone=&#8220;&#8220; transform_scale_last_edited=&#8220;on|tablet&#8220; transform_translate_tablet=&#8220;114px|-55px&#8220; transform_translate_phone=&#8220;&#8220; transform_translate_last_edited=&#8220;on|phone&#8220; transform_rotate_tablet=&#8220;&#8220; transform_rotate_phone=&#8220;&#8220; transform_rotate_last_edited=&#8220;on|tablet&#8220; transform_skew_tablet=&#8220;&#8220; transform_skew_phone=&#8220;&#8220; transform_skew_last_edited=&#8220;on|tablet&#8220; transform_origin_tablet=&#8220;&#8220; transform_origin_phone=&#8220;&#8220; transform_origin_last_edited=&#8220;on|tablet&#8220; transform_styles_last_edited=&#8220;on|phone&#8220; text_orientation=&#8220;justify&#8220; width=&#8220;120%&#8220; width_tablet=&#8220;100%&#8220; width_phone=&#8220;&#8220; width_last_edited=&#8220;on|tablet&#8220; custom_margin=&#8220;|||-117px||&#8220; custom_padding=&#8220;|0px||0px||&#8220; transform_styles_tablet=&#8220;&#8220; transform_styles_phone=&#8220;&#8220; text_text_align=&#8220;justify&#8220;]<\/p>\n<p>Die neolithisch-chalkolithische und bronzezeitliche Industalkultur geh\u00f6rt zu den fr\u00fchesten st\u00e4dtischen Hochkulturen. Ihre fl\u00e4chenm\u00e4\u00dfige Ausdehnung \u00fcbertraf die des alten \u00c4gypten und Mesopotamiens zusammen. Die gr\u00f6\u00dften St\u00e4dte hatten Abst\u00e4nde von bis zu 200 km voneinander, w\u00e4hrend es in Mesopotamien oft nur 20 km waren.<br \/> Die fr\u00fchen Phasen werden meist mit den sumerischen und akkadischen Kulturen verglichen, so dass die Erforschung fachlich nicht der Indologie, sondern der Vorderasiatischen Arch\u00e4ologie zugeordnet wird.<br \/> Wurden Schrift und Materielle Kultur bisher vorrangig bewertet, so erlaubt eine humanbiologisch-anthropologische Betrachtung neue Erkenntnisse. Eine Vielfalt ausgegrabener Knochen und Z\u00e4hne sind ein weiteres, weniger bekanntes Markenzeichen der dritten Hochkultur der &#8222;Alten Zeit&#8220;, am Indus. Die Untersuchungen erlauben Einblicke in Konstanz und Br\u00fcche zivilisatorischer Entwicklung.<br \/> Die Osteologie als Untersuchung von Knochen und Z\u00e4hnen erlaubt Lebensweise, Essgewohnheiten, Nahrungszubereitung, Hygiene, Identit\u00e4t und Lebensstandard darzustellen. F\u00fcr die Epidemiologie interessante St\u00f6rungsbilder werden geschildert. Die Verwendung genetisch-molekularbiologischer Hilfsmittel ist erst am Anfang. Beispielhafte Krankheitsbilder und erkennbare Kausalit\u00e4ten lassen Geschehens-Abl\u00e4ufe und soziobiologische Zusammenh\u00e4nge erkl\u00e4ren.<br \/> Linguistische Beobachtungen k\u00f6nnen Populationsspr\u00fcnge nicht erkl\u00e4ren. Erkl\u00e4rungen tradierter Ereignisse (Ariersturm, Rigveda) mit Hilfe von Anthropometrie und Genpools zu erfassen, ist dagegen oft zielf\u00fchrender.<br \/> Die Entwicklung des homo sapiens in S\u00fcdasien weist in \u00dcberg\u00e4ngen negative Stress- Adaptionen auf, Einbu\u00dfen in der Ern\u00e4hrung und reduzierte Robustheit folgen der Kohlenhydrat Abh\u00e4ngigkeit des Bauern gegen\u00fcber dem J\u00e4ger \/Sammler. Mobilit\u00e4t und geringere Keimgef\u00e4hrdung begr\u00fcnden bis heute einen hohen \u201eTribal-Anteil\u201c.<br \/> Beginn und Untergang der Hochkultur werfen Fragen auf, Vorg\u00e4ngerkulturen sind abzugrenzen, aber auch Faktoren des Niedergangs wie tektonische Ereignisse, fehlender Regen und Monsun oder die Versalzung des Ackerbodens.<br \/> N\u00fctzlich f\u00fcr die Analyse sind jetzige Stammesstrukturen, und strenge Endogamie- Kasten-Regeln, die Hypothesen aufgrund nur begrenzten Austausches des Genpools der Bev\u00f6lkerungsgruppen erm\u00f6glichen.<br \/> In neolithischen Gesellschaften, in \u00c4gypten und Babylonien war der Krieg allt\u00e4glich. Die Bl\u00fctezeit von Harappa dagegen wirkt auff\u00e4llig friedlich, ohne Mauern, Waffenfunde und kn\u00f6cherne L\u00e4sionen. Die hohe zivilisatorische Stufe (&#8222;Wasserluxus&#8220;) wird im Rahmen der historischen Entwicklung, von Aufstieg und Abstieg, beleuchtet.<br \/> Es lohnt, sehr viel umfassender an das gegen\u00fcber Europa &#8222;d\u00fcnnere&#8220; osteologische Material heranzugehen und \u00fcberraschende Thesen zu entwickeln. Die Studie soll einen geb\u00fcndelten, aber umfassenden \u00dcberblick \u00fcber die Befundlage geben, aus der Sicht eines Mediziners und Vorderasiatischen Altertumskundlers, zumal die Pal\u00e4opathologie S\u00fcdasiens deutschsprachig noch ein Desiderat ist.<\/p>\n<p>[\/et_pb_text][et_pb_text _builder_version=&#8220;4.0.6&#8243; text_font_size=&#8220;17px&#8220; transform_scale_tablet=&#8220;&#8220; transform_scale_phone=&#8220;&#8220; transform_scale_last_edited=&#8220;on|phone&#8220; transform_translate_tablet=&#8220;114px|2px&#8220; transform_translate_phone=&#8220;109px|12px&#8220; transform_translate_last_edited=&#8220;on|phone&#8220; transform_rotate_tablet=&#8220;&#8220; transform_rotate_phone=&#8220;&#8220; transform_rotate_last_edited=&#8220;on|phone&#8220; transform_skew_tablet=&#8220;&#8220; transform_skew_phone=&#8220;&#8220; transform_skew_last_edited=&#8220;on|phone&#8220; transform_origin_tablet=&#8220;&#8220; transform_origin_phone=&#8220;&#8220; transform_origin_last_edited=&#8220;on|phone&#8220; transform_styles_last_edited=&#8220;on|phone&#8220; text_orientation=&#8220;justify&#8220; width=&#8220;120%&#8220; width_tablet=&#8220;100%&#8220; width_phone=&#8220;&#8220; width_last_edited=&#8220;on|phone&#8220; custom_margin=&#8220;|||-117px||&#8220; custom_padding=&#8220;|0px||0px||&#8220; transform_styles_tablet=&#8220;&#8220; transform_styles_phone=&#8220;&#8220; border_width_top=&#8220;1px&#8220; border_color_top=&#8220;#349fd8&#8243; text_text_align=&#8220;justify&#8220;]<\/p>\n<p>&nbsp;<\/p>\n<p>In the Neolithic and Chalcolithic periods as well as in the Bronze Age the culture of the Indus valley is among the first urban high cultures. Its surface area exceeds that of Egypt and Mesopotamia taken together. The largest cities were at a distance of up to 200 km from each other, while Mesopotamian towns were often just 20 km apart.<br \/>As the early phases are usually compared to the Sumerian and Akkadian cultures, the respective research is pursued not within the discipline of Indology but is subsumed under Near Eastern Archaeology.<br \/>So far the focus has been on writing and the material culture; an approach from the view-point of human biology and anthropology would provide a new understanding. It is too little known that excavations of this third high culture of Antiquity have brought to light a great variety of bones and teeth. Analyses of these finds allow an insight into continuity and breaks in the development of civilization.<br \/>The osteological analysis of bones and teeth allows to draw a picture of the way of living, the customary diet, the preparation of food, hygiene, identity and the standard of living. One has just begun to call in the assistance of genetics and molecular biology. Disease pictures have been described that will be of interest to epidemiologists. Exemplary disease symptoms and recognizable causalities offer explanations for sequential processes and socio-biological connections.<br \/>Linguistic observation cannot offer explanations for population leaps. It may, on the contrary, be more to the point to try and explain transmitted events (Aryan invasion, Rigveda) with the help of anthropometrics and gene pools.<br \/>In periods of transition the development of homo sapiens in South Asia is marked by negative adaptation of stress; a reduced diet and diminished robustness are consequences of the farmer\u2019s increased dependence on carbo-hydrates compared to that of the hunter\/gatherer. Mobility and a lower exposure to germs lie, to this day, at the bottom of a high \u201ctribal share\u201d.<br \/>Questions need to be answered concerning the beginning and the end of the high culture, preceding cultures have to be defined but also factors hastening the decline, such as tectonic events, lack of rain and monsoon or the salinization of arable soil.<br \/>Modern tribal structures and strict caste rules prescribing endogamy are helpful for the analysis: they allow for hypotheses based on the limited exchange of gene pools among the population groups.<br \/>In Neolithic societies, in Egypt and Babylonia war was omnipresent. Harappa in its heyday appears remarkably peaceful: no walls, no finds of weapons, no lesions on the bones. The high level of civilization (&#8222;water luxury&#8220;) will be described as part of the historical development of rise and decline.<br \/>It is worthwhile to give the osteological material \u2013 \u201cthinner\u201d in comparison with European material \u2013 a much closer look and develop surprising hypotheses. The study is meant as a concentrated but comprehensive overview about the state of the findings, from the standpoint of a medical man and a historian of the Ancient Near East. By the way, a German study of the palaeo-pathology of South Asia is still lacking.<\/p>\n<p>[\/et_pb_text][\/et_pb_column][\/et_pb_section]<\/p>\n","protected":false},"excerpt":{"rendered":"<p>Ralph L\u00fcbbe Knochen- und Zahnfunde im Indusgebiet. Betrachtungen zur Abgrenzung des Fr\u00fch- und Reif-Harappa-Komplexes und seines s\u00fcdasiatischen Umfeldes. Format: 29 x 21 cm\u00a0\u2014 Softcover Umfang:\u00a0122 Seiten, mit 70 AbbildungenInhalt \/ Content ISBN: 978-3-935012-23-2 Preis: 19,80 \u20ac \u00a9 PeWe-Verlag 2017Die neolithisch-chalkolithische und bronzezeitliche Industalkultur geh\u00f6rt zu den fr\u00fchesten st\u00e4dtischen Hochkulturen. Ihre fl\u00e4chenm\u00e4\u00dfige Ausdehnung \u00fcbertraf die des [&hellip;]<\/p>\n","protected":false},"author":1,"featured_media":0,"parent":0,"menu_order":0,"comment_status":"closed","ping_status":"closed","template":"","meta":{"_et_pb_use_builder":"on","_et_pb_old_content":"","_et_gb_content_width":"","footnotes":""},"class_list":["post-773","page","type-page","status-publish","hentry"],"_links":{"self":[{"href":"https:\/\/www.pewe-verlag.de\/index.php?rest_route=\/wp\/v2\/pages\/773","targetHints":{"allow":["GET"]}}],"collection":[{"href":"https:\/\/www.pewe-verlag.de\/index.php?rest_route=\/wp\/v2\/pages"}],"about":[{"href":"https:\/\/www.pewe-verlag.de\/index.php?rest_route=\/wp\/v2\/types\/page"}],"author":[{"embeddable":true,"href":"https:\/\/www.pewe-verlag.de\/index.php?rest_route=\/wp\/v2\/users\/1"}],"replies":[{"embeddable":true,"href":"https:\/\/www.pewe-verlag.de\/index.php?rest_route=%2Fwp%2Fv2%2Fcomments&post=773"}],"version-history":[{"count":11,"href":"https:\/\/www.pewe-verlag.de\/index.php?rest_route=\/wp\/v2\/pages\/773\/revisions"}],"predecessor-version":[{"id":3045,"href":"https:\/\/www.pewe-verlag.de\/index.php?rest_route=\/wp\/v2\/pages\/773\/revisions\/3045"}],"wp:attachment":[{"href":"https:\/\/www.pewe-verlag.de\/index.php?rest_route=%2Fwp%2Fv2%2Fmedia&parent=773"}],"curies":[{"name":"wp","href":"https:\/\/api.w.org\/{rel}","templated":true}]}}