{"id":792,"date":"2019-09-25T16:28:04","date_gmt":"2019-09-25T14:28:04","guid":{"rendered":"https:\/\/modern.pewe-verlag.de\/?page_id=792"},"modified":"2024-11-22T13:11:02","modified_gmt":"2024-11-22T12:11:02","slug":"karen-radner-f-janoscha-kreppner-andrea-squitieri-ed-the-dinka-settlement-complex-2017-the-final-season-at-gird-i-bazar-and-first-work-in-the-lower-town-peshdar-plain-project","status":"publish","type":"page","link":"https:\/\/www.pewe-verlag.de\/?page_id=792","title":{"rendered":"Karen Radner \u2014 F. Janoscha Kreppner \u2014 Andrea Squitieri (ed.) The Dinka Settlement Complex 2017. The Final Season at Gird-i Bazar and First Work in the Lower Town Peshdar Plain Project Publications \u2014 Volume 3"},"content":{"rendered":"<p>[et_pb_section fb_built=&#8220;1&#8243; make_equal=&#8220;on&#8220; use_custom_gutter=&#8220;on&#8220; specialty=&#8220;on&#8220; _builder_version=&#8220;3.27.3&#8243; width=&#8220;100%&#8220;][et_pb_column type=&#8220;1_2&#8243; specialty_columns=&#8220;2&#8243; _builder_version=&#8220;3.25&#8243; custom_padding=&#8220;|||&#8220; custom_padding__hover=&#8220;|||&#8220;][et_pb_row_inner _builder_version=&#8220;3.27.3&#8243;][et_pb_column_inner saved_specialty_column_type=&#8220;1_2&#8243; _builder_version=&#8220;3.27.3&#8243;][et_pb_image src=&#8220;https:\/\/pw.ulikes.de\/wp\/files\/wp-content\/uploads\/2024\/11\/4P-03.png&#8220; _builder_version=&#8220;4.0.6&#8243; hover_enabled=&#8220;0&#8243;][\/et_pb_image][et_pb_text _builder_version=&#8220;4.0.6&#8243; text_font=&#8220;Trebuchet||||||||&#8220; text_font_size=&#8220;15px&#8220; custom_padding=&#8220;|185px||||&#8220;]<strong>Karen Radner \u2014 F. Janoscha Kreppner \u2014 Andrea Squitieri<\/strong> (eds.)<br \/>\nThe Dinka Settlement Complex 2017.<br \/>\nThe Final Season at Gird-i Bazar and First Work in the Lower Town<\/p>\n<p>Peshdar Plain Project Publications \u2014 Volume 3<\/p>\n<p>Format: 30 x 21 cm\u00a0\u2014 Hardcover<br \/>\nUmfang:\u00a0198 Seiten, mehr als 180 farbige Abbildungen<\/p>\n<p><a href=\"https:\/\/www.pewe-verlag.de\/res\/liber32-argumentum.pdf\" target=\"_blank\" rel=\"noopener noreferrer\">Inhalt \/ Content<\/a><\/p>\n<p>ISBN: 978-3-935012-32-4<br \/>\nPreis: 34,80 \u20ac<br \/>\n\u00a9 PeWe-Verlag 2018<\/p>\n<p>[\/et_pb_text][\/et_pb_column_inner][\/et_pb_row_inner][et_pb_row_inner _builder_version=&#8220;3.27.3&#8243;][et_pb_column_inner saved_specialty_column_type=&#8220;1_2&#8243; _builder_version=&#8220;3.27.3&#8243;][et_pb_button button_url=&#8220;@ET-DC@eyJkeW5hbWljIjp0cnVlLCJjb250ZW50IjoicG9zdF9saW5rX3VybF9wYWdlIiwic2V0dGluZ3MiOnsicG9zdF9pZCI6IjI4NyJ9fQ==@&#8220; url_new_window=&#8220;on&#8220; button_text=&#8220;BUCH ANFRAGEN&#8220; button_alignment=&#8220;left&#8220; _builder_version=&#8220;4.0.6&#8243; _dynamic_attributes=&#8220;button_url&#8220; custom_button=&#8220;on&#8220; button_text_size=&#8220;19px&#8220; button_text_color=&#8220;#349fd8&#8243; button_border_radius=&#8220;12px&#8220; button_font=&#8220;Antic||||||||&#8220; button_icon=&#8220;%%49%%&#8220; button_icon_color=&#8220;#29b71f&#8220; transform_translate=&#8220;-3px|-51px&#8220; filter_saturate=&#8220;110%&#8220; filter_brightness=&#8220;109%&#8220;][\/et_pb_button][et_pb_button button_url=&#8220;@ET-DC@eyJkeW5hbWljIjp0cnVlLCJjb250ZW50IjoicG9zdF9saW5rX3VybF9wYWdlIiwic2V0dGluZ3MiOnsicG9zdF9pZCI6IjI4NyJ9fQ==@&#8220; url_new_window=&#8220;on&#8220; button_text=&#8220;REQUEST BOOK&#8220; button_alignment=&#8220;left&#8220; _builder_version=&#8220;4.0.6&#8243; _dynamic_attributes=&#8220;button_url&#8220; custom_button=&#8220;on&#8220; button_text_size=&#8220;19px&#8220; button_text_color=&#8220;#349fd8&#8243; button_border_radius=&#8220;12px&#8220; button_font=&#8220;Antic||||||||&#8220; button_icon=&#8220;%%49%%&#8220; button_icon_color=&#8220;#29b71f&#8220; transform_translate=&#8220;-3px|-51px&#8220; filter_saturate=&#8220;110%&#8220; filter_brightness=&#8220;109%&#8220;][\/et_pb_button][\/et_pb_column_inner][\/et_pb_row_inner][\/et_pb_column][et_pb_column type=&#8220;1_2&#8243; _builder_version=&#8220;3.25&#8243; custom_padding=&#8220;|||&#8220; custom_padding__hover=&#8220;|||&#8220;][et_pb_text _builder_version=&#8220;3.27.4&#8243; text_font_size=&#8220;17px&#8220; transform_scale_tablet=&#8220;&#8220; transform_scale_phone=&#8220;&#8220; transform_scale_last_edited=&#8220;on|tablet&#8220; transform_translate_tablet=&#8220;108px|-29px&#8220; transform_translate_phone=&#8220;&#8220; transform_translate_last_edited=&#8220;on|tablet&#8220; transform_rotate_tablet=&#8220;&#8220; transform_rotate_phone=&#8220;&#8220; transform_rotate_last_edited=&#8220;on|tablet&#8220; transform_skew_tablet=&#8220;&#8220; transform_skew_phone=&#8220;&#8220; transform_skew_last_edited=&#8220;on|tablet&#8220; transform_origin_tablet=&#8220;&#8220; transform_origin_phone=&#8220;&#8220; transform_origin_last_edited=&#8220;on|tablet&#8220; transform_styles_last_edited=&#8220;on|tablet&#8220; text_orientation=&#8220;justify&#8220; width=&#8220;120%&#8220; width_tablet=&#8220;100%&#8220; width_phone=&#8220;&#8220; width_last_edited=&#8220;on|tablet&#8220; custom_margin=&#8220;|||-117px||&#8220; custom_padding=&#8220;|0px||0px||&#8220; transform_styles_tablet=&#8220;&#8220; transform_styles_phone=&#8220;&#8220; text_text_align=&#8220;justify&#8220;]<\/p>\n<p>Mit Beitr\u00e4gen von Hero Salih Ahmed, Silvia Amicone, Andrei A\u0161andulesei, Peter Bartl, Kathleen Downey, Eileen Eckmeier, J\u00f6rg Fassbinder, Jean-Jacques Herr, F. Janoscha Kreppner, Abdullah Bakr Othman, Alessio Palmisano, Elsa Perruchini, Karen Radner, Jens Rohde, Marion Scheiblecker, Andrea Squitieri, Hakan Tolbas, Maximilian Weidenhiller, Felix Wolter<\/p>\n<p>Dieser Bericht \u00fcber die Aktivit\u00e4ten des Peschdar Plain-Projekts 2017 pr\u00e4sentiert neue Daten zum Dinka-Siedlungskomplex und zur Besiedelung der Bora-Ebene am Oberlauf des Kleinen Zab nahe dem modernen Stadtteilzentrum von Qaladze in der neuassyrischen und sassanidischen Periode, einschlie\u00dflich einer Reihe von neuen 14C Daten von einj\u00e4hrigen Kulturpflanzen und menschlichen und tierischen \u00dcberresten.<br \/> Der Band beschreibt die Resultate der dritten und letzten Saison in Gird-i Bazar, mit der die Ausgrabung aller zuvor identifizierten Geb\u00e4ude und von zwei weiteren T\u00f6pfer\u00f6fen abgeschlossen werden konnten. Der Starfund ist ein Stein, der das obere Lager f\u00fcr eine T\u00f6pferscheibe darstellt und zusammen mit den drei T\u00f6pfer\u00f6fen die Bedeutung der Keramikproduktion in Gird-i Bazar hervorstreicht. Die \u00fcberraschende Entdeckung von menschlichen \u00dcberresten in der Bef\u00fcllung des Brunnens im Innenhof von Geb\u00e4ude I lieferte die ersten eisenzeitlichen Skelette, die bisher im Dinka-Siedlungskomplex ausgegraben wurden.<br \/> Weiters berichtet das Buch \u00fcber die ersten Ausgrabungen in einem neuen Gebiet in der Unterstadt, genannt &#8222;Dinka Lower Town Operation 2&#8220; (DLT2), wo ein Testschnitt Teile von drei gro\u00dfen Strukturen zu Tage f\u00f6rderte: Geb\u00e4ude K (280 m2), L (800 m2) und M (650 m2), die nachweislich w\u00e4hrend einer gemeinsamen Berufsphase genutzt wurden. Die hier erhaltene Keramik korrespondiert eng mit dem Material, das bereits aus Gird-i Bazar bekannt war. Der Band enth\u00e4lt eine erste typologische Auswertung des neuen Keramikmaterials sowie Daten von den petrographischen und R\u00fcckstandsanalysen. Die so genannte &#8222;Groovy Pottery&#8220; ist nun sowohl in Gird-i Bazar als auch DLT2 nachgewiesen und wurde definitiv lokal produziert.<br \/> Die Ausgrabungen in DLT2 best\u00e4tigten auch die Genauigkeit der Ergebnisse der Magnetometeruntersuchungen in diesem Bereich. Das Buch legt die Resultate der Fortf\u00fchrung des geophysikalischen Surveys vor und bietet auf der Grundlage des Magnetogramms eine detaillierte Interpretation der Unterstadt und ihrer Geb\u00e4ude. Dar\u00fcber hinaus bietet das Buch eine Studie der Geografin Eileen Eckmeier zu den im Dinka-Siedlungskomplex und der umgebenden Bora-Ebene anzutreffenden B\u00f6den und Sedimenten und deren Bedeutung f\u00fcr Landschafts- und Standortbildungsprozesse.<br \/> W\u00e4hrend der Gro\u00dfteil des Buches f\u00fcr alle jene interessant ist, die das Assyrische Reich und seine \u00f6stliche Grenzregion erforschen, pr\u00e4sentiert der Band auch neue Daten f\u00fcr die Besiedelung der Bora-Ebene in der Sassanidenzeit, denn die Anthropologin Kathleen Downey diskutiert die Befunde des sassanidenzeitlichen Friedhofs, der die Geb\u00e4ude der eisenzeitlichen Siedlung von Gird-i Bazar \u00fcberlagert.<\/p>\n<p>[\/et_pb_text][et_pb_text _builder_version=&#8220;4.0.6&#8243; text_font_size=&#8220;17px&#8220; transform_scale_tablet=&#8220;&#8220; transform_scale_phone=&#8220;&#8220; transform_scale_last_edited=&#8220;on|tablet&#8220; transform_translate_tablet=&#8220;101px|4px&#8220; transform_translate_phone=&#8220;&#8220; transform_translate_last_edited=&#8220;on|tablet&#8220; transform_rotate_tablet=&#8220;&#8220; transform_rotate_phone=&#8220;&#8220; transform_rotate_last_edited=&#8220;on|tablet&#8220; transform_skew_tablet=&#8220;&#8220; transform_skew_phone=&#8220;&#8220; transform_skew_last_edited=&#8220;on|tablet&#8220; transform_origin_tablet=&#8220;&#8220; transform_origin_phone=&#8220;&#8220; transform_origin_last_edited=&#8220;on|tablet&#8220; transform_styles_last_edited=&#8220;on|tablet&#8220; text_orientation=&#8220;justify&#8220; width=&#8220;120%&#8220; width_tablet=&#8220;100%&#8220; width_phone=&#8220;&#8220; width_last_edited=&#8220;on|tablet&#8220; custom_margin=&#8220;|||-117px||&#8220; custom_padding=&#8220;|0px||0px||&#8220; transform_styles_tablet=&#8220;&#8220; transform_styles_phone=&#8220;&#8220; border_width_top=&#8220;1px&#8220; border_color_top=&#8220;#349fd8&#8243; text_text_align=&#8220;justify&#8220;]<\/p>\n<p>&nbsp;<\/p>\n<p>With contributions of Hero Salih Ahmed, Silvia Amicone, Andrei A\u0161andulesei, Peter Bartl, Kathleen Downey, Eileen Eckmeier, J\u00f6rg Fassbinder, Jean-Jacques Herr, F. Janoscha Kreppner, Abdullah Bakr Othman, Alessio Palmisano, Elsa Perruchini, Karen Radner, Jens Rohde, Marion Scheiblecker, Andrea Squitieri, Hakan Tolbas, Maximilian Weidenhiller, Felix Wolter<\/p>\n<p>This report of the 2017 activities of the Peshdar Plain Project presents new data for the Dinka Settlement Complex and for the occupation of the Bora Plain on the upper reaches of the Lesser Zab near the modern district centre of Qaladze in the Neo-Assyrian and Sassanian periods, including a range of additional 14C dates derived from single year crops and human and animal remains.<br \/>Firstly, the volume details the third and final season at Gird-i Bazar, completing the excavation of all previously identified buildings and of two more pottery kilns. The star find is a pivoted stone that constitutes the upper-bearing for a potter\u2019s wheel. As the three pottery kilns, this piece highlights the importance of pottery making at Gird-i Bazar. The surprise discovery of human remains in the filling of the private well of Building I produced the first Iron Age bodies unearthed at the Dinka Settlement Complex.<br \/>Secondly, the book reports on the first season of excavations in another area in the Lower Town, dubbed \u201cDinka Lower Town operation 2\u201d (DLT2), where a test trench unearthed parts of three major structures: Buildings K (280 m2), L (800 m2) and M (650 m2), which can be demonstrated to all have been used during a common occupation phase. The pottery retrieved closely marches that known from Gird-i Bazar, and the volume includes a first typological assessment as well as data from the petrographic and residue analyses of the new pottery material. The so-called \u201cGroovy Pottery\u201d is now attested both in Gird-i Bazar and DLT2, and its local production can be demonstrated.<br \/>The DLT2 excavations also confirmed the accuracy of the results of the magnetometer survey in this area. The book presents the data of the 2017 continuation of this survey and offers a detailed interpretation of the lower town\u2019s layout, its buildings and other features on the basis of the magnetogram. In addition, the book offers geographer Eileen Eckmeier\u2019s assessment of the soils and sediments encountered in the Dinka Settlement Complex and the surrounding Bora Plain and considers their significance for landscape and site formation processes.<br \/>While the majority of the book will be of interest to anyone studying the Assyrian Empire and its eastern border region, the volume also presents new data for the occupation of the Bora Plain in the Sasanian period in the form of anthropologist Kathleen Downey\u2019s discussion of the extensive Sasanian cemetery overlying the buildings of the Iron Age occupation of Gird-i Bazar.<\/p>\n<p>[\/et_pb_text][\/et_pb_column][\/et_pb_section]<\/p>\n","protected":false},"excerpt":{"rendered":"<p>Karen Radner \u2014 F. Janoscha Kreppner \u2014 Andrea Squitieri (eds.) The Dinka Settlement Complex 2017. The Final Season at Gird-i Bazar and First Work in the Lower Town Peshdar Plain Project Publications \u2014 Volume 3 Format: 30 x 21 cm\u00a0\u2014 Hardcover Umfang:\u00a0198 Seiten, mehr als 180 farbige Abbildungen Inhalt \/ Content ISBN: 978-3-935012-32-4 Preis: 34,80 [&hellip;]<\/p>\n","protected":false},"author":1,"featured_media":0,"parent":0,"menu_order":0,"comment_status":"closed","ping_status":"closed","template":"","meta":{"_et_pb_use_builder":"on","_et_pb_old_content":"","_et_gb_content_width":"","footnotes":""},"class_list":["post-792","page","type-page","status-publish","hentry"],"_links":{"self":[{"href":"https:\/\/www.pewe-verlag.de\/index.php?rest_route=\/wp\/v2\/pages\/792","targetHints":{"allow":["GET"]}}],"collection":[{"href":"https:\/\/www.pewe-verlag.de\/index.php?rest_route=\/wp\/v2\/pages"}],"about":[{"href":"https:\/\/www.pewe-verlag.de\/index.php?rest_route=\/wp\/v2\/types\/page"}],"author":[{"embeddable":true,"href":"https:\/\/www.pewe-verlag.de\/index.php?rest_route=\/wp\/v2\/users\/1"}],"replies":[{"embeddable":true,"href":"https:\/\/www.pewe-verlag.de\/index.php?rest_route=%2Fwp%2Fv2%2Fcomments&post=792"}],"version-history":[{"count":14,"href":"https:\/\/www.pewe-verlag.de\/index.php?rest_route=\/wp\/v2\/pages\/792\/revisions"}],"predecessor-version":[{"id":3099,"href":"https:\/\/www.pewe-verlag.de\/index.php?rest_route=\/wp\/v2\/pages\/792\/revisions\/3099"}],"wp:attachment":[{"href":"https:\/\/www.pewe-verlag.de\/index.php?rest_route=%2Fwp%2Fv2%2Fmedia&parent=792"}],"curies":[{"name":"wp","href":"https:\/\/api.w.org\/{rel}","templated":true}]}}