{"id":798,"date":"2019-09-25T16:36:17","date_gmt":"2019-09-25T14:36:17","guid":{"rendered":"https:\/\/modern.pewe-verlag.de\/?page_id=798"},"modified":"2024-11-22T13:11:43","modified_gmt":"2024-11-22T12:11:43","slug":"karen-radner-f-janoscha-kreppner-andrea-squitieri-ed-the-dinka-settlement-complex-2018-continuing-the-excavations-at-qalat-i-dinka-and-the-lower-town-peshdar-plain-project-pub","status":"publish","type":"page","link":"https:\/\/www.pewe-verlag.de\/?page_id=798","title":{"rendered":"Karen Radner \u2014 F. Janoscha Kreppner \u2014 Andrea Squitieri (ed.) The Dinka Settlement Complex 2018. Continuing the excavations at Qalat-i Dinka and the Lower Town Peshdar Plain Project Publications \u2014 Volume 4"},"content":{"rendered":"<p>[et_pb_section fb_built=&#8220;1&#8243; make_equal=&#8220;on&#8220; use_custom_gutter=&#8220;on&#8220; specialty=&#8220;on&#8220; _builder_version=&#8220;3.27.3&#8243; width=&#8220;100%&#8220;][et_pb_column type=&#8220;1_2&#8243; specialty_columns=&#8220;2&#8243; _builder_version=&#8220;3.25&#8243; custom_padding=&#8220;|||&#8220; custom_padding__hover=&#8220;|||&#8220;][et_pb_row_inner _builder_version=&#8220;3.27.3&#8243;][et_pb_column_inner saved_specialty_column_type=&#8220;1_2&#8243; _builder_version=&#8220;3.27.3&#8243;][et_pb_image src=&#8220;https:\/\/pw.ulikes.de\/wp\/files\/wp-content\/uploads\/2024\/11\/4P-04.png&#8220; _builder_version=&#8220;4.0.6&#8243; hover_enabled=&#8220;0&#8243;][\/et_pb_image][et_pb_text _builder_version=&#8220;3.27.4&#8243; text_font=&#8220;Trebuchet||||||||&#8220; text_font_size=&#8220;15px&#8220; custom_padding=&#8220;|185px||||&#8220;]<strong>Karen Radner \u2014 F. Janoscha Kreppner \u2014 Andrea Squitieri<\/strong> (eds.)<br \/>\nThe Dinka Settlement Complex 2018.<br \/>\nContinuing the excavations at Qalat-i Dinka and the Lower Town<\/p>\n<p>Peshdar Plain Project Publications \u2014 Volume 4<\/p>\n<p>Format: 30 x 21 cm\u00a0\u2014 Hardcover<br \/>\nUmfang:\u00a0170 Seiten, mehr als 250 farbige Abbildungen<\/p>\n<p><a href=\"https:\/\/www.pewe-verlag.de\/res\/liber39-argumentum.pdf\" target=\"_blank\" rel=\"noopener noreferrer\"> Inhalt \/ Content<\/a><\/p>\n<p>ISBN: 978-3-935012-39-3<br \/>\nPreis: 34,80 \u20ac<br \/>\n\u00a9 PeWe-Verlag 2019[\/et_pb_text][\/et_pb_column_inner][\/et_pb_row_inner][et_pb_row_inner _builder_version=&#8220;3.27.3&#8243;][et_pb_column_inner saved_specialty_column_type=&#8220;1_2&#8243; _builder_version=&#8220;3.27.3&#8243;][et_pb_button button_url=&#8220;@ET-DC@eyJkeW5hbWljIjp0cnVlLCJjb250ZW50IjoicG9zdF9saW5rX3VybF9wYWdlIiwic2V0dGluZ3MiOnsicG9zdF9pZCI6IjI4NyJ9fQ==@&#8220; url_new_window=&#8220;on&#8220; button_text=&#8220;BUCH ANFRAGEN&#8220; button_alignment=&#8220;left&#8220; _builder_version=&#8220;4.0.6&#8243; _dynamic_attributes=&#8220;button_url&#8220; custom_button=&#8220;on&#8220; button_text_size=&#8220;19px&#8220; button_text_color=&#8220;#349fd8&#8243; button_border_radius=&#8220;12px&#8220; button_font=&#8220;Antic||||||||&#8220; button_icon=&#8220;%%49%%&#8220; button_icon_color=&#8220;#29b71f&#8220; transform_translate=&#8220;-3px|-51px&#8220; filter_saturate=&#8220;110%&#8220; filter_brightness=&#8220;109%&#8220;][\/et_pb_button][et_pb_button button_url=&#8220;@ET-DC@eyJkeW5hbWljIjp0cnVlLCJjb250ZW50IjoicG9zdF9saW5rX3VybF9wYWdlIiwic2V0dGluZ3MiOnsicG9zdF9pZCI6IjI4NyJ9fQ==@&#8220; url_new_window=&#8220;on&#8220; button_text=&#8220;REQUEST BOOK&#8220; button_alignment=&#8220;left&#8220; _builder_version=&#8220;4.0.6&#8243; _dynamic_attributes=&#8220;button_url&#8220; custom_button=&#8220;on&#8220; button_text_size=&#8220;19px&#8220; button_text_color=&#8220;#349fd8&#8243; button_border_radius=&#8220;12px&#8220; button_font=&#8220;Antic||||||||&#8220; button_icon=&#8220;%%49%%&#8220; button_icon_color=&#8220;#29b71f&#8220; transform_translate=&#8220;-3px|-51px&#8220; filter_saturate=&#8220;110%&#8220; filter_brightness=&#8220;109%&#8220;][\/et_pb_button][\/et_pb_column_inner][\/et_pb_row_inner][\/et_pb_column][et_pb_column type=&#8220;1_2&#8243; _builder_version=&#8220;3.25&#8243; custom_padding=&#8220;|||&#8220; custom_padding__hover=&#8220;|||&#8220;][et_pb_text _builder_version=&#8220;4.0.6&#8243; text_font_size=&#8220;17px&#8220; transform_scale_tablet=&#8220;&#8220; transform_scale_phone=&#8220;&#8220; transform_scale_last_edited=&#8220;on|tablet&#8220; transform_translate=&#8220;100px|-30px&#8220; transform_translate_tablet=&#8220;199px|-42px&#8220; transform_translate_phone=&#8220;&#8220; transform_translate_last_edited=&#8220;on|tablet&#8220; transform_rotate_tablet=&#8220;&#8220; transform_rotate_phone=&#8220;&#8220; transform_rotate_last_edited=&#8220;on|tablet&#8220; transform_skew_tablet=&#8220;&#8220; transform_skew_phone=&#8220;&#8220; transform_skew_last_edited=&#8220;on|tablet&#8220; transform_origin_tablet=&#8220;&#8220; transform_origin_phone=&#8220;&#8220; transform_origin_last_edited=&#8220;on|tablet&#8220; transform_styles_last_edited=&#8220;on|tablet&#8220; text_orientation=&#8220;justify&#8220; width=&#8220;120%&#8220; width_tablet=&#8220;100%&#8220; width_phone=&#8220;&#8220; width_last_edited=&#8220;on|tablet&#8220; max_width_tablet=&#8220;&#8220; max_width_phone=&#8220;&#8220; max_width_last_edited=&#8220;on|tablet&#8220; custom_margin=&#8220;|||-206px||&#8220; custom_padding=&#8220;|0px||0px||&#8220; transform_styles_tablet=&#8220;&#8220; transform_styles_phone=&#8220;&#8220; text_text_align=&#8220;justify&#8220;]<\/p>\n<p>Mit Beitr\u00e4gen von Mark Altaweel, Silvia Amicone, Patrick Arneitz, Abdullah Bakr Othman, Christoph Berthold, Kathleen Downey, Eileen Eckmeier, J\u00f6rg Fassbinder, J\u00f6rg Fischer, Cajetan Geiger, Tina Greenfield, Zahra Hashemi und Jean-Jacques Herr, F. Janoscha Kreppner, Roman Leonhardt, Alessio Palmisano, Karen Radner, Jens Rohde, Held Salih Ahmed, Marion Scheiblecker, Andrea Squitieri und Felix Wolter.<\/p>\n<p>Der gute Erhaltungszustand und die hervorragende Zug\u00e4nglichkeit der arch\u00e4ologischen Schichten direkt unter der modernen Oberfl\u00e4che machen den 60 Hektar gro\u00dfen Dinka Settlement Complex (DSC, einschlie\u00dflich von Gird-i Bazar und Qalat-i Dinka) in der Bora-Ebene zu einem wichtigen Fundort f\u00fcr die Untersuchung der Eisenzeit im Zagrosgebirge des nord\u00f6stlichen Irak und nordwestlichen Iran. Im Jahr 2018 haben die Ausgrabungen des Peshdar Plain Project und die Fortf\u00fchrung der geophysikalischen und umweltarch\u00e4ologischen Untersuchungen unser Verst\u00e4ndnis der eisenzeitlichen Siedlung weiter verbessert. Auch wurden neue Informationen zu anderen Epochen der langen Geschichte der Bora-Ebene zutage gef\u00f6rdert, die viel \u00e4lter sind (Sp\u00e4tchalkolithikum 1-2) und viel j\u00fcnger (Mittelislamische Periode) sind als die Besiedelung der Eisenzeit, auf die sich unsere Forschungen weiterhin konzentrieren. Der vorliegende Band bietet einen umfassenden Bericht \u00fcber die Feldarbeiten im Jahr 2018, die Ausgrabungen, ein umweltarch\u00e4ologisches Programm (Geologie, Geomorphologie, Bodenanalysen) und die Fortsetzung der geophysikalischen Untersuchungen umfassten.<br \/>Ausgrabungen fanden in drei Teilen der Siedlung statt: in der Oberstadt am Westhang von Qalat-i Dinka, in einem neuen Bereich der Unterstadt (&#8222;Dinka Lower Town operation 3&#8220; = DLT3) und in Gird-i Bazar, wo die Anthropologin Kathleen Downey mehr von der Ansammlung menschlicher Skelette im Brunnen von Raum 49 in Geb\u00e4ude I (Grab 71) freilegte und analysierte.<br \/>Auf Qalat-i Dinka legten wir zum einen das monumentale Geb\u00e4ude P frei, dessen wertvolle Funde (u.a. neun identischen eisernen Pfeilspitzen, elfenbeinerne M\u00f6belbeschl\u00e4ge, Perlen aus Karneol und \u00c4gyptisch Blau) den hohen Status seiner Bewohner nahelegen. Zum anderen wurden Teile einer stattlichen Befestigung ergraben, die aus einer hohen Holzpalisade (von der nur die Basis erhalten blieb) bestand sowie einem Glacis, der die empfindlicheren Abschnitte sch\u00fctzte. Radiokarbondatierungen und die Keramikfunde machen deutlich, dass dieser Teil der Siedlung gleichzeitig mit den in der Unterstadt ausgegrabenen Gebieten bewohnt wurde.<br \/>DLT3 wurde zur Ausgrabung ausgew\u00e4hlt, da die Radiokarbonanalyse einer 2015 aus dem geoarch\u00e4ologischen Suchschnitt GA42 entnommenen Holzkohleprobe eine Datierung in den Zeitraum von 830-789 calBC (95,4% Wahrscheinlichkeit) ergeben hatte. Unsere Arbeit in DLT3 zielte darauf ab, Kontinuit\u00e4ten und Diskontinuit\u00e4ten zu untersuchen, die aus der Eingliederung der Bora-Ebene und des DSC in das assyrische Reich und aus der Einrichtung der Grenzmark des Palastherolds in der zweiten H\u00e4lfte des 9. Jahrhunderts v. Chr. resultiert haben k\u00f6nnten. Neben dem Nachweis von zwei unterschiedlichen Bauphasen w\u00e4hrend der Hauptbesiedelungsphase des DSC in der Eisenzeit legten wir in diesem Grabungsabschnitt gute Kontexte aus dem sp\u00e4ten Chalkolithikum frei, einschlie\u00dflich eines T\u00f6pferofens.<br \/>Der Band pr\u00e4sentiert die Keramik und die Kleinfunde aus den Ausgrabungen von 2018. Unter den eisenzeitlichen Funden von Qalat-i Dinka wurde durch arch\u00e4ometrische Analyse ein Objekt aus \u00c4gyptischer Fayence und dem synthetischen Pigment Neapelgelb identifiziert, w\u00e4hrend ein gebrochener Ziegel aus DLT3 aufgrund eines Titels in der fragmentarischen Keilschriftinschrift der neuassyrischen Periode zugeordnet werden kann, wahrscheinlich der Regierungszeit Salmanassar III. (859-824 v. Chr.), der die Grenzmark des Palastherolds gegr\u00fcndet hat. Der Band enth\u00e4lt auch Analysen einiger Materialien, die in fr\u00fcheren Jahren in Gird-i Bazar ausgegraben wurden. Tina Greenfield pr\u00e4sentiert Ergebnisse der Identifizierung und quantitativen Analyse der in den Jahren 2015 und 2016 ausgegrabenen Tierknochen, w\u00e4hrend Patrick Arneitz und Roman Leonhardt eine arch\u00e4omagnetische Untersuchung des 2015 ergrabenen T\u00f6pferofens vorlegen.<\/p>\n<p>[\/et_pb_text][et_pb_text _builder_version=&#8220;4.0.6&#8243; text_font_size=&#8220;17px&#8220; transform_scale_tablet=&#8220;&#8220; transform_scale_phone=&#8220;&#8220; transform_scale_last_edited=&#8220;on|tablet&#8220; transform_translate=&#8220;95px|21px&#8220; transform_translate_tablet=&#8220;193px|-23px&#8220; transform_translate_phone=&#8220;&#8220; transform_translate_last_edited=&#8220;on|tablet&#8220; transform_rotate_tablet=&#8220;&#8220; transform_rotate_phone=&#8220;&#8220; transform_rotate_last_edited=&#8220;on|tablet&#8220; transform_skew_tablet=&#8220;&#8220; transform_skew_phone=&#8220;&#8220; transform_skew_last_edited=&#8220;on|tablet&#8220; transform_origin_tablet=&#8220;&#8220; transform_origin_phone=&#8220;&#8220; transform_origin_last_edited=&#8220;on|tablet&#8220; transform_styles_last_edited=&#8220;on|tablet&#8220; text_orientation=&#8220;justify&#8220; width=&#8220;120%&#8220; width_tablet=&#8220;100%&#8220; width_phone=&#8220;&#8220; width_last_edited=&#8220;on|tablet&#8220; custom_margin=&#8220;|||-201px||&#8220; custom_padding=&#8220;|0px||0px||&#8220; transform_styles_tablet=&#8220;&#8220; transform_styles_phone=&#8220;&#8220; border_width_top=&#8220;1px&#8220; border_color_top=&#8220;#349fd8&#8243; text_text_align=&#8220;justify&#8220;]<\/p>\n<p>&nbsp;<\/p>\n<p>With contributions by Mark Altaweel, Silvia Amicone, Patrick Arneitz, Abdullah Bakr Othman, Christoph Berthold, Kathleen Downey, Eileen Eckmeier, J\u00f6rg Fassbinder, J\u00f6rg Fischer, Cajetan Geiger, Tina Greenfield, Zahra Hashemi, Jean-Jacques Herr, F. Janoscha Kreppner, Roman Leonhardt, Alessio Palmisano, Karen Radner, Jens Rohde, Hero Salih Ahmed, Marion Scheiblecker, Andrea Squitieri and Felix Wolter.<\/p>\n<p>The good state of preservation and the excellent archaeological accessibility directly below the modern surface make the 60 hectare large Dinka Settlement Complex (DSC, including Gird-i Bazar and Qalat-i Dinka) in the Bora Plain a key site for the investigation of the Iron Age in the Zagros mountains of northeastern Iraq and northwestern Iran. In 2018, the Peshdar Plain Project&#8217;s excavations and its continuing geophysical survey and palaeo-environmental investigations have further improved our understanding of the extended Iron Age settlement, and also brought to light new information on other periods of the Bora Plain\u2019s long history, both much older (Late Chalcolithic 1-2) and much younger (Middle Islamic Period) than the Iron Age occupation on which our research continues to focus. The present work offers a comprehensive report of the 2018 fieldwork activities, which included excavations, a programme of environmental studies (geology, geomorphology, soil analysis) and the continuation of the geophysical survey.<br \/>Excavations took place in three parts of the settlement: in the Upper Town on the western slope of Qalat-i Dinka, in a new area of the Lower Town (&#8222;Dinka Lower Town operation 3&#8220; = DLT3), and in Gird-i Bazar where anthropologist Kathleen Downey exposed and interpreted more of the accumulation of human skeletons in the well of Room 49 in Building I (Grave 71).<br \/>The excavations on Qalat-i Dinka revealed on the one hand the monumental Building P, occupied by elite inhabitants as suggested by the high quality and value of the finds encountered there (including ivory fittings, beads of carnelian and Egyptian Blue and other jewellery as well as nine identical iron arrowheads), and on the other hand an elaborate fortification that once consisted of a high wooden palisade (of which the base survives) and a glacis that protected its more sensitive stretches. Radiocarbon dates and the pottery finds make it clear that this part of the settlement was occupied during the same broad Iron Age horizon as the areas excavated in the Lower Town of the settlement.<br \/>DLT3 was chosen for excavation because radiocarbon analysis of a charcoal sample recovered in 2015 from the section of the geoarchaeological trench GA42 had produced a probable date range of 830-789 calBC (95.4 % probability). Our work there aimed at investigating continuities and discontinuities that might have resulted from the annexation of the Bora Plain and the DSC into the Assyrian Empire and the establishment of the Border March of the Palace Herald in the second half of the 9th century BC. In addition to evidence for two distinct building phases during DSC\u2019s Iron Age main occupation period, this area yielded good contexts dating to the Late Chalcolithic period, including a pottery kiln.<br \/>The volume presents the pottery and the small finds from the 2018 excavation areas. Among the Iron Age materials from Qalat-i Dinka, Egyptian faience covered in the synthetic pigment Naples Yellow was identified by archaeometric analysis while a broken brick from DLT3 can be assigned to the Neo-Assyrian period because of a title preserved in its fragmentary cuneiform inscription, most likely to Shalmaneser III (r. 859-824 BC), the founder of the Border March of the Palace Herald. The volume also includes analyses of some materials previously excavated at Gird-i Bazar. Tina Greenfield presents results of the identification and quantitative analyses of the animal bones recovered in 2015 and 2016 while Patrick Arneitz and Roman Leonhardt offer an archaeomagnetic study of the pottery kiln first identified in 2015.<\/p>\n<p>[\/et_pb_text][\/et_pb_column][\/et_pb_section]<\/p>\n","protected":false},"excerpt":{"rendered":"<p>Karen Radner \u2014 F. Janoscha Kreppner \u2014 Andrea Squitieri (eds.) The Dinka Settlement Complex 2018. Continuing the excavations at Qalat-i Dinka and the Lower Town Peshdar Plain Project Publications \u2014 Volume 4 Format: 30 x 21 cm\u00a0\u2014 Hardcover Umfang:\u00a0170 Seiten, mehr als 250 farbige Abbildungen Inhalt \/ Content ISBN: 978-3-935012-39-3 Preis: 34,80 \u20ac \u00a9 PeWe-Verlag [&hellip;]<\/p>\n","protected":false},"author":1,"featured_media":0,"parent":0,"menu_order":0,"comment_status":"closed","ping_status":"closed","template":"","meta":{"_et_pb_use_builder":"on","_et_pb_old_content":"","_et_gb_content_width":"","footnotes":""},"class_list":["post-798","page","type-page","status-publish","hentry"],"_links":{"self":[{"href":"https:\/\/www.pewe-verlag.de\/index.php?rest_route=\/wp\/v2\/pages\/798","targetHints":{"allow":["GET"]}}],"collection":[{"href":"https:\/\/www.pewe-verlag.de\/index.php?rest_route=\/wp\/v2\/pages"}],"about":[{"href":"https:\/\/www.pewe-verlag.de\/index.php?rest_route=\/wp\/v2\/types\/page"}],"author":[{"embeddable":true,"href":"https:\/\/www.pewe-verlag.de\/index.php?rest_route=\/wp\/v2\/users\/1"}],"replies":[{"embeddable":true,"href":"https:\/\/www.pewe-verlag.de\/index.php?rest_route=%2Fwp%2Fv2%2Fcomments&post=798"}],"version-history":[{"count":14,"href":"https:\/\/www.pewe-verlag.de\/index.php?rest_route=\/wp\/v2\/pages\/798\/revisions"}],"predecessor-version":[{"id":3100,"href":"https:\/\/www.pewe-verlag.de\/index.php?rest_route=\/wp\/v2\/pages\/798\/revisions\/3100"}],"wp:attachment":[{"href":"https:\/\/www.pewe-verlag.de\/index.php?rest_route=%2Fwp%2Fv2%2Fmedia&parent=798"}],"curies":[{"name":"wp","href":"https:\/\/api.w.org\/{rel}","templated":true}]}}