{"id":804,"date":"2019-09-25T16:49:06","date_gmt":"2019-09-25T14:49:06","guid":{"rendered":"https:\/\/modern.pewe-verlag.de\/?page_id=804"},"modified":"2024-11-22T12:47:14","modified_gmt":"2024-11-22T11:47:14","slug":"elena-devecchi-gerfrid-g-w-mueller-jana-mynarova-ed-current-research-in-cuneiform-palaeography-proceedings-of-the-workshop-organised-at-the-60%e1%b5%97%ca%b0-rencontre-assyrio","status":"publish","type":"page","link":"https:\/\/www.pewe-verlag.de\/?page_id=804","title":{"rendered":"Elena Devecchi \u2014 Gerfrid G.W. M\u00fcller \u2014 Jana Myn\u00e1\u0159ov\u00e1 (ed.) Current Research in Cuneiform Palaeography. Proceedings of the Workshop organised at the 60\u1d57\u02b0 Rencontre Assyriologique Internationale, Warsaw 2014"},"content":{"rendered":"<p>[et_pb_section fb_built=&#8220;1&#8243; make_equal=&#8220;on&#8220; use_custom_gutter=&#8220;on&#8220; specialty=&#8220;on&#8220; _builder_version=&#8220;3.27.3&#8243; width=&#8220;100%&#8220;][et_pb_column type=&#8220;1_2&#8243; specialty_columns=&#8220;2&#8243; _builder_version=&#8220;3.25&#8243; custom_padding=&#8220;|||&#8220; custom_padding__hover=&#8220;|||&#8220;][et_pb_row_inner _builder_version=&#8220;3.27.3&#8243;][et_pb_column_inner saved_specialty_column_type=&#8220;1_2&#8243; _builder_version=&#8220;3.27.3&#8243;][et_pb_image src=&#8220;https:\/\/pw.ulikes.de\/wp\/files\/wp-content\/uploads\/2024\/11\/proceedings.png&#8220; _builder_version=&#8220;4.0.6&#8243; hover_enabled=&#8220;0&#8243;][\/et_pb_image][et_pb_text _builder_version=&#8220;3.27.4&#8243; text_font=&#8220;Trebuchet||||||||&#8220; text_font_size=&#8220;15px&#8220; custom_padding=&#8220;|185px||||&#8220;]<\/p>\n<p><strong>Elena Devecchi \u2014 Gerfrid G.W. M\u00fcller \u2014 Jana Myn\u00e1\u0159ov\u00e1<\/strong> (eds.)<br \/>\nCurrent Research in Cuneiform Palaeography.<br \/>\nProceedings of the Workshop organised at the 60\u1d57\u02b0 Rencontre Assyriologique Internationale, Warsaw 2014<\/p>\n<p>Format:\u00a024,5 x 17,5 cm \u2014 Hardcover<br \/>\nUmfang:\u00a0XIV + 198 Seiten<\/p>\n<p><a href=\"https:\/\/www.pewe-verlag.de\/res\/liber18-argumentum.pdf\" target=\"_blank\" rel=\"noopener noreferrer\"> Inhalt \/ Content<\/a><\/p>\n<p>ISBN:\u00a0978-3-935012-18-8<br \/>\nPreis: 29,80 \u20ac<br \/>\n\u00a9 PeWe-Verlag 2015[\/et_pb_text][\/et_pb_column_inner][\/et_pb_row_inner][et_pb_row_inner _builder_version=&#8220;3.27.3&#8243;][et_pb_column_inner saved_specialty_column_type=&#8220;1_2&#8243; _builder_version=&#8220;3.27.3&#8243;][et_pb_button button_url=&#8220;@ET-DC@eyJkeW5hbWljIjp0cnVlLCJjb250ZW50IjoicG9zdF9saW5rX3VybF9wYWdlIiwic2V0dGluZ3MiOnsicG9zdF9pZCI6IjI4NyJ9fQ==@&#8220; url_new_window=&#8220;on&#8220; button_text=&#8220;BUCH ANFRAGEN&#8220; button_alignment=&#8220;left&#8220; _builder_version=&#8220;4.0.6&#8243; _dynamic_attributes=&#8220;button_url&#8220; custom_button=&#8220;on&#8220; button_text_size=&#8220;19px&#8220; button_text_color=&#8220;#349fd8&#8243; button_border_radius=&#8220;12px&#8220; button_font=&#8220;Antic||||||||&#8220; button_icon=&#8220;%%49%%&#8220; button_icon_color=&#8220;#29b71f&#8220; transform_translate=&#8220;-3px|-51px&#8220; filter_saturate=&#8220;110%&#8220; filter_brightness=&#8220;109%&#8220;][\/et_pb_button][et_pb_button button_url=&#8220;@ET-DC@eyJkeW5hbWljIjp0cnVlLCJjb250ZW50IjoicG9zdF9saW5rX3VybF9wYWdlIiwic2V0dGluZ3MiOnsicG9zdF9pZCI6IjI4NyJ9fQ==@&#8220; url_new_window=&#8220;on&#8220; button_text=&#8220;REQUEST BOOK&#8220; button_alignment=&#8220;left&#8220; _builder_version=&#8220;4.0.6&#8243; _dynamic_attributes=&#8220;button_url&#8220; custom_button=&#8220;on&#8220; button_text_size=&#8220;19px&#8220; button_text_color=&#8220;#349fd8&#8243; button_border_radius=&#8220;12px&#8220; button_font=&#8220;Antic||||||||&#8220; button_icon=&#8220;%%49%%&#8220; button_icon_color=&#8220;#29b71f&#8220; transform_translate=&#8220;-3px|-51px&#8220; filter_saturate=&#8220;110%&#8220; filter_brightness=&#8220;109%&#8220;][\/et_pb_button][\/et_pb_column_inner][\/et_pb_row_inner][\/et_pb_column][et_pb_column type=&#8220;1_2&#8243; _builder_version=&#8220;3.25&#8243; custom_padding=&#8220;|||&#8220; custom_padding__hover=&#8220;|||&#8220;][et_pb_text _builder_version=&#8220;3.27.4&#8243; text_font_size=&#8220;17px&#8220; transform_scale_tablet=&#8220;&#8220; transform_scale_phone=&#8220;&#8220; transform_scale_last_edited=&#8220;on|phone&#8220; transform_translate_tablet=&#8220;107px|-29px&#8220; transform_translate_phone=&#8220;113px|-30px&#8220; transform_translate_last_edited=&#8220;on|tablet&#8220; transform_rotate_tablet=&#8220;&#8220; transform_rotate_phone=&#8220;&#8220; transform_rotate_last_edited=&#8220;on|phone&#8220; transform_skew_tablet=&#8220;&#8220; transform_skew_phone=&#8220;&#8220; transform_skew_last_edited=&#8220;on|phone&#8220; transform_origin_tablet=&#8220;&#8220; transform_origin_phone=&#8220;&#8220; transform_origin_last_edited=&#8220;on|phone&#8220; transform_styles_last_edited=&#8220;on|tablet&#8220; text_orientation=&#8220;justify&#8220; width=&#8220;120%&#8220; width_tablet=&#8220;100%&#8220; width_phone=&#8220;&#8220; width_last_edited=&#8220;on|phone&#8220; custom_margin=&#8220;|||-117px||&#8220; custom_padding=&#8220;|0px||0px||&#8220; transform_styles_tablet=&#8220;&#8220; transform_styles_phone=&#8220;&#8220; text_text_align=&#8220;justify&#8220;]<\/p>\n<p>In den letzten Jahren war auf dem Gebiet der Keilschriftstudien ein wachsendes Interesse an Themen zu beobachten, die auf verschiedene Weise die im weitesten Sinn verstandene Disziplin der Pal\u00e4ographie ber\u00fchren. Es entstanden neue Methoden und Techniken sowie mehrere Projekte, die sich mit der pal\u00e4ographischen Analyse keilschriftlicher Corpora aus Mesopotamien, Syrien, Anatolien und dem \u00e4gyptischen Neuen Reich vom 3. bis zum 1. Jahrtausend v. Chr. befassen. Der vorliegende Band vereinigt Arbeiten von Wissenschaftlern, die sich z. B. mit Abst\u00e4nden und Anordnung der Keile, quantitativer Analyse, Rekonstruktion von Texten, Identifizierung von Zeichen und Datierung auf Basis der Pal\u00e4ographie befasst haben, und liefert so einen aktuellen \u00dcberblick \u00fcber den Stand der Forschung.<\/p>\n<p>[\/et_pb_text][et_pb_text _builder_version=&#8220;4.0.5&#8243; text_font_size=&#8220;17px&#8220; transform_scale_tablet=&#8220;&#8220; transform_scale_phone=&#8220;&#8220; transform_scale_last_edited=&#8220;on|phone&#8220; transform_translate_tablet=&#8220;103px|20px&#8220; transform_translate_phone=&#8220;113px|32px&#8220; transform_translate_last_edited=&#8220;on|tablet&#8220; transform_rotate_tablet=&#8220;&#8220; transform_rotate_phone=&#8220;&#8220; transform_rotate_last_edited=&#8220;on|phone&#8220; transform_skew_tablet=&#8220;&#8220; transform_skew_phone=&#8220;&#8220; transform_skew_last_edited=&#8220;on|phone&#8220; transform_origin_tablet=&#8220;&#8220; transform_origin_phone=&#8220;&#8220; transform_origin_last_edited=&#8220;on|phone&#8220; transform_styles_last_edited=&#8220;on|tablet&#8220; text_orientation=&#8220;justify&#8220; width=&#8220;120%&#8220; width_tablet=&#8220;100%&#8220; width_phone=&#8220;&#8220; width_last_edited=&#8220;on|phone&#8220; custom_margin=&#8220;|||-117px||&#8220; custom_padding=&#8220;|0px||0px||&#8220; transform_styles_tablet=&#8220;&#8220; transform_styles_phone=&#8220;&#8220; border_width_top=&#8220;1px&#8220; border_color_top=&#8220;#349fd8&#8243; text_text_align=&#8220;justify&#8220;]<\/p>\n<p>&nbsp;<\/p>\n<p>In recent years cuneiform studies have witnessed a growing interest in issues variously related to the broadly defined field of palaeography. This led to the development of new methodologies and technologies as well as to the establishment of several projects devoted to the palaeographic analysis of cuneiform corpora from Mesopotamia, Syria, Anatolia and New Kingdom Egypt, spanning from the 3rd to the 1st millennium BC.This volume collects papers from scholars who had been working on topics such as writing space, wedge order, quantitative analysis, text reconstruction, sign identification and palaeographic dating, providing an updated overview on the present state of the art.<\/p>\n<p>&nbsp;<\/p>\n<p>[\/et_pb_text][\/et_pb_column][\/et_pb_section]<\/p>\n","protected":false},"excerpt":{"rendered":"<p>Elena Devecchi \u2014 Gerfrid G.W. M\u00fcller \u2014 Jana Myn\u00e1\u0159ov\u00e1 (eds.) Current Research in Cuneiform Palaeography. Proceedings of the Workshop organised at the 60\u1d57\u02b0 Rencontre Assyriologique Internationale, Warsaw 2014 Format:\u00a024,5 x 17,5 cm \u2014 Hardcover Umfang:\u00a0XIV + 198 Seiten Inhalt \/ Content ISBN:\u00a0978-3-935012-18-8 Preis: 29,80 \u20ac \u00a9 PeWe-Verlag 2015In den letzten Jahren war auf dem Gebiet [&hellip;]<\/p>\n","protected":false},"author":1,"featured_media":0,"parent":0,"menu_order":0,"comment_status":"closed","ping_status":"closed","template":"","meta":{"_et_pb_use_builder":"on","_et_pb_old_content":"","_et_gb_content_width":"","footnotes":""},"class_list":["post-804","page","type-page","status-publish","hentry"],"_links":{"self":[{"href":"https:\/\/www.pewe-verlag.de\/index.php?rest_route=\/wp\/v2\/pages\/804","targetHints":{"allow":["GET"]}}],"collection":[{"href":"https:\/\/www.pewe-verlag.de\/index.php?rest_route=\/wp\/v2\/pages"}],"about":[{"href":"https:\/\/www.pewe-verlag.de\/index.php?rest_route=\/wp\/v2\/types\/page"}],"author":[{"embeddable":true,"href":"https:\/\/www.pewe-verlag.de\/index.php?rest_route=\/wp\/v2\/users\/1"}],"replies":[{"embeddable":true,"href":"https:\/\/www.pewe-verlag.de\/index.php?rest_route=%2Fwp%2Fv2%2Fcomments&post=804"}],"version-history":[{"count":11,"href":"https:\/\/www.pewe-verlag.de\/index.php?rest_route=\/wp\/v2\/pages\/804\/revisions"}],"predecessor-version":[{"id":3078,"href":"https:\/\/www.pewe-verlag.de\/index.php?rest_route=\/wp\/v2\/pages\/804\/revisions\/3078"}],"wp:attachment":[{"href":"https:\/\/www.pewe-verlag.de\/index.php?rest_route=%2Fwp%2Fv2%2Fmedia&parent=804"}],"curies":[{"name":"wp","href":"https:\/\/api.w.org\/{rel}","templated":true}]}}