{"id":817,"date":"2019-09-25T17:01:05","date_gmt":"2019-09-25T15:01:05","guid":{"rendered":"https:\/\/modern.pewe-verlag.de\/?page_id=817"},"modified":"2024-11-22T12:38:33","modified_gmt":"2024-11-22T11:38:33","slug":"e-cancik-kirschbaum-n-ziegler-hrsg-entre-les-fleuves-i-untersuchungen-zur-historischen-geographie-obermesopotamiens-im-2-jahrtausend-v-chr-berliner-beitraege-zum-vorderen-orient-ba","status":"publish","type":"page","link":"https:\/\/www.pewe-verlag.de\/?page_id=817","title":{"rendered":"E. Cancik-Kirschbaum\/N. Ziegler (Hrsg.) Entre les fleuves \u2014 I. Untersuchungen zur historischen Geographie Obermesopotamiens im 2. Jahrtausend v. Chr. Berliner Beitr\u00e4ge zum Vorderen Orient, Band 20"},"content":{"rendered":"<p>[et_pb_section fb_built=&#8220;1&#8243; make_equal=&#8220;on&#8220; use_custom_gutter=&#8220;on&#8220; specialty=&#8220;on&#8220; _builder_version=&#8220;3.27.3&#8243; width=&#8220;100%&#8220;][et_pb_column type=&#8220;1_2&#8243; specialty_columns=&#8220;2&#8243; _builder_version=&#8220;3.25&#8243; custom_padding=&#8220;|||&#8220; custom_padding__hover=&#8220;|||&#8220;][et_pb_row_inner _builder_version=&#8220;3.27.3&#8243;][et_pb_column_inner saved_specialty_column_type=&#8220;1_2&#8243; _builder_version=&#8220;3.27.3&#8243;][et_pb_image src=&#8220;https:\/\/pw.ulikes.de\/wp\/files\/wp-content\/uploads\/2024\/11\/bbvo-20.png&#8220; _builder_version=&#8220;4.0.6&#8243; hover_enabled=&#8220;0&#8243;][\/et_pb_image][et_pb_text _builder_version=&#8220;4.0.2&#8243; text_font=&#8220;Trebuchet||||||||&#8220; text_font_size=&#8220;15px&#8220; custom_padding=&#8220;|185px||||&#8220;]<\/p>\n<p><strong>E. Cancik-Kirschbaum\/N. Ziegler<\/strong> (Hrsg.)<br \/><em>Entre les fleuves \u2014 I<\/em>. Untersuchungen zur historischen Geographie Obermesopotamiens im 2. Jahrtausend v. Chr.<\/p>\n<p>Berliner Beitr\u00e4ge zum Vorderen Orient, Band 20<\/p>\n<p>Format: 24 x 17 cm\u00a0\u2014 Hardcover<br \/>Umfang:\u00a0388 Seiten, mit 9 Strichzeichnungen, 11 s\/w-Fotos und 25 Karten<\/p>\n<p><a href=\"https:\/\/www.pewe-verlag.de\/res\/liber4-argumentum.pdf\" target=\"_blank\" rel=\"noopener noreferrer\"> Inhalt \/ Content<\/a><\/p>\n<p>ISBN: 978-3-935012-04-1<br \/>Preis: 29,80 \u20ac<br \/>\u00a9 PeWe-Verlag 2010<\/p>\n<p>[\/et_pb_text][\/et_pb_column_inner][\/et_pb_row_inner][et_pb_row_inner _builder_version=&#8220;3.27.3&#8243;][et_pb_column_inner saved_specialty_column_type=&#8220;1_2&#8243; _builder_version=&#8220;3.27.3&#8243;][et_pb_button button_url=&#8220;@ET-DC@eyJkeW5hbWljIjp0cnVlLCJjb250ZW50IjoicG9zdF9saW5rX3VybF9wYWdlIiwic2V0dGluZ3MiOnsicG9zdF9pZCI6IjI4NyJ9fQ==@&#8220; url_new_window=&#8220;on&#8220; button_text=&#8220;BUCH ANFRAGEN&#8220; button_alignment=&#8220;left&#8220; _builder_version=&#8220;4.0.6&#8243; _dynamic_attributes=&#8220;button_url&#8220; custom_button=&#8220;on&#8220; button_text_size=&#8220;19px&#8220; button_text_color=&#8220;#349fd8&#8243; button_border_radius=&#8220;12px&#8220; button_font=&#8220;Antic||||||||&#8220; button_icon=&#8220;%%49%%&#8220; button_icon_color=&#8220;#29b71f&#8220; transform_translate=&#8220;-3px|-51px&#8220; filter_saturate=&#8220;110%&#8220; filter_brightness=&#8220;109%&#8220;][\/et_pb_button][et_pb_button button_url=&#8220;@ET-DC@eyJkeW5hbWljIjp0cnVlLCJjb250ZW50IjoicG9zdF9saW5rX3VybF9wYWdlIiwic2V0dGluZ3MiOnsicG9zdF9pZCI6IjI4NyJ9fQ==@&#8220; url_new_window=&#8220;on&#8220; button_text=&#8220;REQUEST BOOK&#8220; button_alignment=&#8220;left&#8220; _builder_version=&#8220;4.0.6&#8243; _dynamic_attributes=&#8220;button_url&#8220; custom_button=&#8220;on&#8220; button_text_size=&#8220;19px&#8220; button_text_color=&#8220;#349fd8&#8243; button_border_radius=&#8220;12px&#8220; button_font=&#8220;Antic||||||||&#8220; button_icon=&#8220;%%49%%&#8220; button_icon_color=&#8220;#29b71f&#8220; transform_translate=&#8220;-3px|-51px&#8220; filter_saturate=&#8220;110%&#8220; filter_brightness=&#8220;109%&#8220;][\/et_pb_button][\/et_pb_column_inner][\/et_pb_row_inner][\/et_pb_column][et_pb_column type=&#8220;1_2&#8243; _builder_version=&#8220;3.25&#8243; custom_padding=&#8220;|||&#8220; custom_padding__hover=&#8220;|||&#8220;][et_pb_text _builder_version=&#8220;4.0.5&#8243; text_font_size=&#8220;17px&#8220; transform_scale_tablet=&#8220;&#8220; transform_scale_phone=&#8220;&#8220; transform_scale_last_edited=&#8220;on|tablet&#8220; transform_translate=&#8220;59px|-29px&#8220; transform_translate_tablet=&#8220;103px|-30px&#8220; transform_translate_phone=&#8220;113px|-45px&#8220; transform_translate_last_edited=&#8220;on|tablet&#8220; transform_rotate_tablet=&#8220;&#8220; transform_rotate_phone=&#8220;&#8220; transform_rotate_last_edited=&#8220;on|tablet&#8220; transform_skew_tablet=&#8220;&#8220; transform_skew_phone=&#8220;&#8220; transform_skew_last_edited=&#8220;on|tablet&#8220; transform_origin_tablet=&#8220;&#8220; transform_origin_phone=&#8220;&#8220; transform_origin_last_edited=&#8220;on|tablet&#8220; transform_styles_last_edited=&#8220;on|tablet&#8220; text_orientation=&#8220;justify&#8220; width=&#8220;120%&#8220; width_tablet=&#8220;100%&#8220; width_phone=&#8220;&#8220; width_last_edited=&#8220;on|tablet&#8220; custom_margin=&#8220;|||-117px||&#8220; custom_padding=&#8220;|0px||0px||&#8220; transform_styles_tablet=&#8220;&#8220; transform_styles_phone=&#8220;&#8220; text_text_align=&#8220;justify&#8220;]<\/p>\n<p>Mit Beitr\u00e4gen von Adelheid Otto, Aline Tenu, Nele Ziegler, Dominique Charpin, Gr\u00e9gory Chambon, Herv\u00e9 Reculeau, Daniela Crasso, Hartmut K\u00fchne, Eva Cancik-Kirschbaum, Sabina Kulemann-Ossen, Jean-Marie Durand, Micha\u00ebl Guichard, Adelina Millet Alb\u00e0, Lionel Marti<\/p>\n<p>Der vorliegende Band versammelt arch\u00e4ologische, philologische und historisch-systematische Beitr\u00e4ge zur Kulturgeschichte Obermesopotamiens im 2. Jahrtausend v.Chr. mit einem Fokus auf Fragestellungen der Historischen Geographie. In einzelnen Fallstudien werden dabei typische Raumstrukturen wie z.B. die Rolle des Habur-Gebietes als Siedlungs- und Verkehrsraum analysiert. Zugleich thematisieren die Beitr\u00e4ge die Probleme, die sich mit den verschiedenen Quellen, der Art ihrer Informationen und den durch den methodischen Zugriff gesetzten Rahmenbedingungen verbinden. Sie machen deutlich, dass historische Geographie \u00fcber Fragen der Lokalisierung und Identifizierung hinaus das Ziel haben muss, den Raum im Zusammenwirken von Textquellen, arch\u00e4ologischen Befunden und vermehrt unter Einbeziehung von Fragen der Umwelt- und Landschaftsrekonstruktion als prim\u00e4re Bedingung von Kultur zu beschreiben.<\/p>\n<p><a href=\"https:\/\/modern.pewe-verlag.de\/?page_id=443\">Hier<\/a> k\u00f6nnen Sie die Karten aus den Beitr\u00e4gen von E. Cancik-Kirschbaum und N. Ziegler herunterladen.<\/p>\n<p>[\/et_pb_text][et_pb_text _builder_version=&#8220;4.0.5&#8243; text_font_size=&#8220;17px&#8220; transform_scale_tablet=&#8220;&#8220; transform_scale_phone=&#8220;&#8220; transform_scale_last_edited=&#8220;on|desktop&#8220; transform_translate=&#8220;56px|0px&#8220; transform_translate_tablet=&#8220;94px|-8px&#8220; transform_translate_phone=&#8220;109px|-19px&#8220; transform_translate_last_edited=&#8220;on|tablet&#8220; transform_rotate_tablet=&#8220;&#8220; transform_rotate_phone=&#8220;&#8220; transform_rotate_last_edited=&#8220;on|tablet&#8220; transform_skew_tablet=&#8220;&#8220; transform_skew_phone=&#8220;&#8220; transform_skew_last_edited=&#8220;on|tablet&#8220; transform_origin_tablet=&#8220;&#8220; transform_origin_phone=&#8220;&#8220; transform_origin_last_edited=&#8220;on|tablet&#8220; transform_styles_last_edited=&#8220;on|desktop&#8220; text_orientation=&#8220;justify&#8220; width=&#8220;120%&#8220; width_tablet=&#8220;100%&#8220; width_phone=&#8220;&#8220; width_last_edited=&#8220;on|tablet&#8220; custom_margin=&#8220;|||-121px||&#8220; custom_padding=&#8220;|0px||12px||&#8220; transform_styles_tablet=&#8220;&#8220; transform_styles_phone=&#8220;&#8220; border_width_top=&#8220;1px&#8220; border_color_top=&#8220;#349fd8&#8243; text_text_align=&#8220;justify&#8220;]<\/p>\n<p>&nbsp;<\/p>\n<p>With articles by Adelheid Otto, Aline Tenu, Nele Ziegler, Dominique Charpin, Gr\u00e9gory Chambon, Herv\u00e9 Reculeau, Daniela Crasso, Hartmut K\u00fchne, Eva Cancik-Kirschbaum, Sabina Kulemann-Ossen, Jean-Marie Durand, Micha\u00ebl Guichard, Adelina Millet Alb\u00e0, Lionel Marti<\/p>\n<p>The archaeological, philological and historic-systematical contributions in this volume are concerned with the cultural history of Upper Mesopotamia in the 2nd millennium BC; the focus is on questions of historical geography. The case studies analyse typical spatial structures such as the Khabur region as an area for settlement and for traffic. The contributions also take up the problems connected with the various sources, their kinds of information and the conditions accompanying the methodical access. It becomes obvious that, beyond questions of localisation and identification, historical geography must aim at a description of space as the primary condition of culture \u2013 making use of textual sources, archaeological findings and, more than ever, taking into account the possibilities of the reconstruction of environment and landscape.<\/p>\n<p>[\/et_pb_text][et_pb_text _builder_version=&#8220;4.0.5&#8243; text_font_size=&#8220;17px&#8220; transform_scale_tablet=&#8220;&#8220; transform_scale_phone=&#8220;&#8220; transform_scale_last_edited=&#8220;on|desktop&#8220; transform_translate=&#8220;56px|0px&#8220; transform_translate_tablet=&#8220;94px|-8px&#8220; transform_translate_phone=&#8220;109px|-19px&#8220; transform_translate_last_edited=&#8220;on|tablet&#8220; transform_rotate_tablet=&#8220;&#8220; transform_rotate_phone=&#8220;&#8220; transform_rotate_last_edited=&#8220;on|tablet&#8220; transform_skew_tablet=&#8220;&#8220; transform_skew_phone=&#8220;&#8220; transform_skew_last_edited=&#8220;on|tablet&#8220; transform_origin_tablet=&#8220;&#8220; transform_origin_phone=&#8220;&#8220; transform_origin_last_edited=&#8220;on|tablet&#8220; transform_styles_last_edited=&#8220;on|desktop&#8220; text_orientation=&#8220;justify&#8220; width=&#8220;120%&#8220; width_tablet=&#8220;100%&#8220; width_phone=&#8220;&#8220; width_last_edited=&#8220;on|tablet&#8220; custom_margin=&#8220;|||-121px||&#8220; custom_padding=&#8220;|0px||12px||&#8220; transform_styles_tablet=&#8220;&#8220; transform_styles_phone=&#8220;&#8220; border_width_top=&#8220;1px&#8220; border_color_top=&#8220;#349fd8&#8243; text_text_align=&#8220;justify&#8220;]<\/p>\n<p>&nbsp;<\/p>\n<p>Le pr\u00e9sent volume r\u00e9unit 15 contributions d&#8217;arch\u00e9ologues, philologues et historiens concernant la g\u00e9ographie historique de la Haute-M\u00e9sopotamie du IIe mill\u00e9naire av. J.-C, qui s&#8217;organisent en trois th\u00e8mes:<br \/>\u2014 Le Habour \u2013 centre et lieu de passage r\u00e9unit des recherches concernant l&#8217;histoire du peuplement et l&#8217;environnement ancien, traite de questions topographiques gr\u00e2ce \u00e0 la documentation de Mari ou pose des questions concernant l&#8217;utilisation d&#8217;\u00abitin\u00e9raires\u00bb m\u00e9dio-assyriens.<br \/>\u2014 Euphrate et Tigre \u2013 zones frontali\u00e8res pr\u00e9sente la r\u00e9gion entre Moyen-Euphrate et Balikh du point de vue historique et arch\u00e9ologique ainsi que les forteresses frontali\u00e8res sur l&#8217;Euphrate et le Tigre. Les localisations de Yabliya et du royaume d&#8217;Apishal sont discut\u00e9es.<br \/>\u2014 La g\u00e9ographie historique \u2013 approches m\u00e9thodologiques pose des questions concernant les survivances de la m\u00e9moire de r\u00e9alit\u00e9s g\u00e9ographiques pass\u00e9es, l&#8217;application de m\u00e9thodes nouvelles \u00e0 la documentation ancienne et les probl\u00e8mes inh\u00e9rents \u00e0 la nature de celle-ci.<br \/>Les contributions individuelles, \u00e9tudes de cas ou pr\u00e9sentations de m\u00e9thode, sont le fruit de rencontres entre sp\u00e9cialistes de disciplines et \u00e9poques historiques diff\u00e9rentes. Elles plaident pour une compr\u00e9hension de la g\u00e9ographie historique au sens large, qui se fixe pour but, au-del\u00e0 des questions de localisation ou d&#8217;identification, d&#8217;examiner un m\u00eame espace gr\u00e2ce \u00e0 des sources compl\u00e9mentaires et en prenant compte notamment les \u00e9l\u00e9ments permettant une reconstitution de l&#8217;environnement ancien ou des paysages naturels.<\/p>\n<p>&nbsp;<\/p>\n<p>[\/et_pb_text][\/et_pb_column][\/et_pb_section]<\/p>\n","protected":false},"excerpt":{"rendered":"<p>E. Cancik-Kirschbaum\/N. Ziegler (Hrsg.)Entre les fleuves \u2014 I. Untersuchungen zur historischen Geographie Obermesopotamiens im 2. Jahrtausend v. Chr.Berliner Beitr\u00e4ge zum Vorderen Orient, Band 20 Format: 24 x 17 cm\u00a0\u2014 HardcoverUmfang:\u00a0388 Seiten, mit 9 Strichzeichnungen, 11 s\/w-Fotos und 25 Karten Inhalt \/ Content ISBN: 978-3-935012-04-1Preis: 29,80 \u20ac\u00a9 PeWe-Verlag 2010Mit Beitr\u00e4gen von Adelheid Otto, Aline Tenu, Nele [&hellip;]<\/p>\n","protected":false},"author":1,"featured_media":0,"parent":0,"menu_order":0,"comment_status":"closed","ping_status":"closed","template":"","meta":{"_et_pb_use_builder":"on","_et_pb_old_content":"","_et_gb_content_width":"","footnotes":""},"class_list":["post-817","page","type-page","status-publish","hentry"],"_links":{"self":[{"href":"https:\/\/www.pewe-verlag.de\/index.php?rest_route=\/wp\/v2\/pages\/817","targetHints":{"allow":["GET"]}}],"collection":[{"href":"https:\/\/www.pewe-verlag.de\/index.php?rest_route=\/wp\/v2\/pages"}],"about":[{"href":"https:\/\/www.pewe-verlag.de\/index.php?rest_route=\/wp\/v2\/types\/page"}],"author":[{"embeddable":true,"href":"https:\/\/www.pewe-verlag.de\/index.php?rest_route=\/wp\/v2\/users\/1"}],"replies":[{"embeddable":true,"href":"https:\/\/www.pewe-verlag.de\/index.php?rest_route=%2Fwp%2Fv2%2Fcomments&post=817"}],"version-history":[{"count":14,"href":"https:\/\/www.pewe-verlag.de\/index.php?rest_route=\/wp\/v2\/pages\/817\/revisions"}],"predecessor-version":[{"id":3068,"href":"https:\/\/www.pewe-verlag.de\/index.php?rest_route=\/wp\/v2\/pages\/817\/revisions\/3068"}],"wp:attachment":[{"href":"https:\/\/www.pewe-verlag.de\/index.php?rest_route=%2Fwp%2Fv2%2Fmedia&parent=817"}],"curies":[{"name":"wp","href":"https:\/\/api.w.org\/{rel}","templated":true}]}}