{"id":859,"date":"2019-09-25T17:53:40","date_gmt":"2019-09-25T15:53:40","guid":{"rendered":"https:\/\/modern.pewe-verlag.de\/?page_id=859"},"modified":"2024-11-22T12:39:50","modified_gmt":"2024-11-22T11:39:50","slug":"eva-cancik-kirschbaum-babette-schnitzlein-hrsg-keilschriftartefakte-untersuchungen-zur-materialitaet-von-keilschriftdokumenten-berliner-beitraege-zum-vorderen-orient-band-26","status":"publish","type":"page","link":"https:\/\/www.pewe-verlag.de\/?page_id=859","title":{"rendered":"Eva Cancik-Kirschbaum \/ Babette Schnitzlein (Hrsg.) Keilschriftartefakte. Untersuchungen zur Materialit\u00e4t von Keilschriftdokumenten Berliner Beitr\u00e4ge zum Vorderen Orient, Band 26"},"content":{"rendered":"<p>[et_pb_section fb_built=&#8220;1&#8243; make_equal=&#8220;on&#8220; use_custom_gutter=&#8220;on&#8220; specialty=&#8220;on&#8220; _builder_version=&#8220;3.27.3&#8243; width=&#8220;100%&#8220;][et_pb_column type=&#8220;1_2&#8243; specialty_columns=&#8220;2&#8243; _builder_version=&#8220;3.25&#8243; custom_padding=&#8220;|||&#8220; custom_padding__hover=&#8220;|||&#8220;][et_pb_row_inner _builder_version=&#8220;3.27.3&#8243;][et_pb_column_inner saved_specialty_column_type=&#8220;1_2&#8243; _builder_version=&#8220;3.27.3&#8243;][et_pb_image src=&#8220;https:\/\/pw.ulikes.de\/wp\/files\/wp-content\/uploads\/2024\/11\/bbvo-26.png&#8220; _builder_version=&#8220;4.0.6&#8243; hover_enabled=&#8220;0&#8243;][\/et_pb_image][et_pb_text _builder_version=&#8220;4.0.5&#8243; text_font=&#8220;Trebuchet||||||||&#8220; text_font_size=&#8220;15px&#8220; custom_padding=&#8220;|185px||||&#8220;]<\/p>\n<p><strong>Eva Cancik-Kirschbaum \/ Babette Schnitzlein<\/strong> (Hrsg.)<br \/>\nKeilschriftartefakte. Untersuchungen zur Materialit\u00e4t von Keilschriftdokumenten<\/p>\n<p>Berliner Beitr\u00e4ge zum Vorderen Orient, Band 26<\/p>\n<p>Format: 17 x 24 cm\u00a0\u2014 Hardcover<br \/>\nUmfang:\u00a0160 Seiten, zahlreiche, meist farbige Abbildungen<\/p>\n<p><a href=\"https:\/\/www.pewe-verlag.de\/res\/liber16-argumentum.pdf\" target=\"_blank\" rel=\"noopener noreferrer\">Inhalt \/ Content<\/a><\/p>\n<p>ISBN:\u00a0978-3-935012-16-4<br \/>\nPreis: 33,80 \u20ac<br \/>\n\u00a9 PeWe-Verlag 2018<\/p>\n<p>[\/et_pb_text][\/et_pb_column_inner][\/et_pb_row_inner][et_pb_row_inner _builder_version=&#8220;3.27.3&#8243;][et_pb_column_inner saved_specialty_column_type=&#8220;1_2&#8243; _builder_version=&#8220;3.27.3&#8243;][et_pb_button button_url=&#8220;@ET-DC@eyJkeW5hbWljIjp0cnVlLCJjb250ZW50IjoicG9zdF9saW5rX3VybF9wYWdlIiwic2V0dGluZ3MiOnsicG9zdF9pZCI6IjI4NyJ9fQ==@&#8220; url_new_window=&#8220;on&#8220; button_text=&#8220;BUCH ANFRAGEN&#8220; button_alignment=&#8220;left&#8220; _builder_version=&#8220;4.0.6&#8243; _dynamic_attributes=&#8220;button_url&#8220; custom_button=&#8220;on&#8220; button_text_size=&#8220;19px&#8220; button_text_color=&#8220;#349fd8&#8243; button_border_radius=&#8220;12px&#8220; button_font=&#8220;Antic||||||||&#8220; button_icon=&#8220;%%49%%&#8220; button_icon_color=&#8220;#29b71f&#8220; transform_translate=&#8220;-3px|-51px&#8220; filter_saturate=&#8220;110%&#8220; filter_brightness=&#8220;109%&#8220;][\/et_pb_button][et_pb_button button_url=&#8220;@ET-DC@eyJkeW5hbWljIjp0cnVlLCJjb250ZW50IjoicG9zdF9saW5rX3VybF9wYWdlIiwic2V0dGluZ3MiOnsicG9zdF9pZCI6IjI4NyJ9fQ==@&#8220; url_new_window=&#8220;on&#8220; button_text=&#8220;REQUEST BOOK&#8220; button_alignment=&#8220;left&#8220; _builder_version=&#8220;4.0.6&#8243; _dynamic_attributes=&#8220;button_url&#8220; custom_button=&#8220;on&#8220; button_text_size=&#8220;19px&#8220; button_text_color=&#8220;#349fd8&#8243; button_border_radius=&#8220;12px&#8220; button_font=&#8220;Antic||||||||&#8220; button_icon=&#8220;%%49%%&#8220; button_icon_color=&#8220;#29b71f&#8220; transform_translate=&#8220;-3px|-51px&#8220; filter_saturate=&#8220;110%&#8220; filter_brightness=&#8220;109%&#8220;][\/et_pb_button][\/et_pb_column_inner][\/et_pb_row_inner][\/et_pb_column][et_pb_column type=&#8220;1_2&#8243; _builder_version=&#8220;3.25&#8243; custom_padding=&#8220;|||&#8220; custom_padding__hover=&#8220;|||&#8220;][et_pb_text _builder_version=&#8220;3.27.4&#8243; text_font_size=&#8220;17px&#8220; transform_scale_tablet=&#8220;&#8220; transform_scale_phone=&#8220;&#8220; transform_scale_last_edited=&#8220;on|phone&#8220; transform_translate_tablet=&#8220;110px|-18px&#8220; transform_translate_phone=&#8220;106px|-27px&#8220; transform_translate_last_edited=&#8220;on|tablet&#8220; transform_rotate_tablet=&#8220;&#8220; transform_rotate_phone=&#8220;&#8220; transform_rotate_last_edited=&#8220;on|phone&#8220; transform_skew_tablet=&#8220;&#8220; transform_skew_phone=&#8220;&#8220; transform_skew_last_edited=&#8220;on|phone&#8220; transform_origin_tablet=&#8220;&#8220; transform_origin_phone=&#8220;&#8220; transform_origin_last_edited=&#8220;on|phone&#8220; transform_styles_last_edited=&#8220;on|tablet&#8220; text_orientation=&#8220;justify&#8220; width=&#8220;120%&#8220; width_tablet=&#8220;100%&#8220; width_phone=&#8220;&#8220; width_last_edited=&#8220;on|phone&#8220; custom_margin=&#8220;|||-117px||&#8220; custom_padding=&#8220;|0px||0px||&#8220; transform_styles_tablet=&#8220;&#8220; transform_styles_phone=&#8220;&#8220; text_text_align=&#8220;justify&#8220;]<\/p>\n<p>Dieser Band enth\u00e4lt die Beitr\u00e4ge des Workshops \u201eMaterialit\u00e4t des Schreibprozesses\u201c, der am 29. April 2013 am Institut f\u00fcr Altorientalistik in Berlin stattfand.<br \/> Fragen der Materialit\u00e4t von Keilschriftartefakten sind in den letzten Jahren wieder st\u00e4rker in den Blick der Forschung ger\u00fcckt. Die Beitr\u00e4ge dieses Bandes thematisieren an konkreten Beispielen prim\u00e4re Aspekte der Erstellung von Textdokumenten, die Spuren, die Gebrauch bzw. Out-of-use im Befund hinterlassen, sowie zugeh\u00f6rige methodische und analytische Ans\u00e4tze.<\/p>\n<p>Mit Beitr\u00e4gen von: A. Bartelmus; D. Charpin; A. F\u00fcgert &amp; J. Rohde; J. Marzahn; A. Richardson, U. Smilansky &amp; J. Marzahn; J. Taylor<\/p>\n<p>[\/et_pb_text][et_pb_text _builder_version=&#8220;4.0.5&#8243; text_font_size=&#8220;17px&#8220; transform_scale_tablet=&#8220;&#8220; transform_scale_phone=&#8220;&#8220; transform_scale_last_edited=&#8220;on|phone&#8220; transform_translate_tablet=&#8220;107px|-43px&#8220; transform_translate_phone=&#8220;106px|-28px&#8220; transform_translate_last_edited=&#8220;on|tablet&#8220; transform_rotate_tablet=&#8220;&#8220; transform_rotate_phone=&#8220;&#8220; transform_rotate_last_edited=&#8220;on|phone&#8220; transform_skew_tablet=&#8220;&#8220; transform_skew_phone=&#8220;&#8220; transform_skew_last_edited=&#8220;on|phone&#8220; transform_origin_tablet=&#8220;&#8220; transform_origin_phone=&#8220;&#8220; transform_origin_last_edited=&#8220;on|phone&#8220; transform_styles_last_edited=&#8220;on|tablet&#8220; text_orientation=&#8220;justify&#8220; width=&#8220;120%&#8220; width_tablet=&#8220;100%&#8220; width_phone=&#8220;&#8220; width_last_edited=&#8220;on|phone&#8220; custom_margin=&#8220;|||-117px||&#8220; custom_padding=&#8220;|0px||0px||&#8220; transform_styles_tablet=&#8220;&#8220; transform_styles_phone=&#8220;&#8220; border_width_top=&#8220;1px&#8220; border_color_top=&#8220;#349fd8&#8243; text_text_align=&#8220;justify&#8220;]<\/p>\n<p>&nbsp;<\/p>\n<p>This volume contains the contributions to the workshop \u201cMaterialit\u00e4t des Schreibprozesses\u201d [\u201cMateriality of the Writing Process\u201d], held at the Institut f\u00fcr Altorientalistik [Ancient Near Eastern Languages and History] in Berlin on April 29, 2013.<br \/>The articles treat the production, inscription and conventions of written documents as well as their utilization, storage and socio-cultural contexts. Various aspects of \u201cmateriality\u201d and possibilities of their investigation are covered in an exemplary way.<\/p>\n<p>With contributions by: A. Bartelmus; D. Charpin; A. F\u00fcgert &amp; J. Rohde; J. Marzahn; A. Richardson, U. Smilansky &amp; J. Marzahn; J. Taylo.<\/p>\n<p>[\/et_pb_text][et_pb_text _builder_version=&#8220;4.0.6&#8243; text_font_size=&#8220;17px&#8220; transform_scale_tablet=&#8220;&#8220; transform_scale_phone=&#8220;&#8220; transform_scale_last_edited=&#8220;on|phone&#8220; transform_translate_tablet=&#8220;107px|-43px&#8220; transform_translate_phone=&#8220;106px|-28px&#8220; transform_translate_last_edited=&#8220;on|tablet&#8220; transform_rotate_tablet=&#8220;&#8220; transform_rotate_phone=&#8220;&#8220; transform_rotate_last_edited=&#8220;on|phone&#8220; transform_skew_tablet=&#8220;&#8220; transform_skew_phone=&#8220;&#8220; transform_skew_last_edited=&#8220;on|phone&#8220; transform_origin_tablet=&#8220;&#8220; transform_origin_phone=&#8220;&#8220; transform_origin_last_edited=&#8220;on|phone&#8220; transform_styles_last_edited=&#8220;on|tablet&#8220; text_orientation=&#8220;justify&#8220; width=&#8220;120%&#8220; width_tablet=&#8220;100%&#8220; width_phone=&#8220;&#8220; width_last_edited=&#8220;on|phone&#8220; custom_margin=&#8220;|||-117px||&#8220; custom_padding=&#8220;|0px||0px||&#8220; link_option_url_new_window=&#8220;on&#8220; transform_styles_tablet=&#8220;&#8220; transform_styles_phone=&#8220;&#8220; border_width_top=&#8220;1px&#8220; border_color_top=&#8220;#349fd8&#8243; text_text_align=&#8220;justify&#8220;]<\/p>\n<p>&nbsp;<\/p>\n<p>Sie finden eine freie Download-Version des Bandes auf dem <a href=\"https:\/\/refubium.fu-berlin.de\/handle\/fub188\/25690\">Refubium &#8211; Repositorium der Freien Universit\u00e4t Berlin<\/a>.<\/p>\n<p>You will find a free copy on <a href=\"https:\/\/refubium.fu-berlin.de\/handle\/fub188\/25690\">Refubium &#8211; Repositorium der Freien Universit\u00e4t Berlin <\/a>.<\/p>\n<p>[\/et_pb_text][\/et_pb_column][\/et_pb_section]<\/p>\n","protected":false},"excerpt":{"rendered":"<p>Eva Cancik-Kirschbaum \/ Babette Schnitzlein (Hrsg.) Keilschriftartefakte. Untersuchungen zur Materialit\u00e4t von Keilschriftdokumenten Berliner Beitr\u00e4ge zum Vorderen Orient, Band 26 Format: 17 x 24 cm\u00a0\u2014 Hardcover Umfang:\u00a0160 Seiten, zahlreiche, meist farbige AbbildungenInhalt \/ Content ISBN:\u00a0978-3-935012-16-4 Preis: 33,80 \u20ac \u00a9 PeWe-Verlag 2018Dieser Band enth\u00e4lt die Beitr\u00e4ge des Workshops \u201eMaterialit\u00e4t des Schreibprozesses\u201c, der am 29. April 2013 am [&hellip;]<\/p>\n","protected":false},"author":1,"featured_media":0,"parent":0,"menu_order":0,"comment_status":"closed","ping_status":"closed","template":"","meta":{"_et_pb_use_builder":"on","_et_pb_old_content":"","_et_gb_content_width":"","footnotes":""},"class_list":["post-859","page","type-page","status-publish","hentry"],"_links":{"self":[{"href":"https:\/\/www.pewe-verlag.de\/index.php?rest_route=\/wp\/v2\/pages\/859","targetHints":{"allow":["GET"]}}],"collection":[{"href":"https:\/\/www.pewe-verlag.de\/index.php?rest_route=\/wp\/v2\/pages"}],"about":[{"href":"https:\/\/www.pewe-verlag.de\/index.php?rest_route=\/wp\/v2\/types\/page"}],"author":[{"embeddable":true,"href":"https:\/\/www.pewe-verlag.de\/index.php?rest_route=\/wp\/v2\/users\/1"}],"replies":[{"embeddable":true,"href":"https:\/\/www.pewe-verlag.de\/index.php?rest_route=%2Fwp%2Fv2%2Fcomments&post=859"}],"version-history":[{"count":14,"href":"https:\/\/www.pewe-verlag.de\/index.php?rest_route=\/wp\/v2\/pages\/859\/revisions"}],"predecessor-version":[{"id":3069,"href":"https:\/\/www.pewe-verlag.de\/index.php?rest_route=\/wp\/v2\/pages\/859\/revisions\/3069"}],"wp:attachment":[{"href":"https:\/\/www.pewe-verlag.de\/index.php?rest_route=%2Fwp%2Fv2%2Fmedia&parent=859"}],"curies":[{"name":"wp","href":"https:\/\/api.w.org\/{rel}","templated":true}]}}