{"id":866,"date":"2019-09-25T17:58:47","date_gmt":"2019-09-25T15:58:47","guid":{"rendered":"https:\/\/modern.pewe-verlag.de\/?page_id=866"},"modified":"2024-11-22T12:35:10","modified_gmt":"2024-11-22T11:35:10","slug":"aron-dornauer-proso-sorghum-tiger-nut-some-minor-crops-in-the-cuneiform-sources-berliner-beitraege-zum-vorderen-orient-band-27","status":"publish","type":"page","link":"https:\/\/www.pewe-verlag.de\/?page_id=866","title":{"rendered":"Aron Dornauer Proso, Sorghum, Tiger Nut. Some Minor Crops in the Cuneiform Sources. Berliner Beitr\u00e4ge zum Vorderen Orient, Band 27"},"content":{"rendered":"<p>[et_pb_section fb_built=&#8220;1&#8243; make_equal=&#8220;on&#8220; use_custom_gutter=&#8220;on&#8220; specialty=&#8220;on&#8220; _builder_version=&#8220;3.27.3&#8243; width=&#8220;100%&#8220;][et_pb_column type=&#8220;1_2&#8243; specialty_columns=&#8220;2&#8243; _builder_version=&#8220;3.25&#8243; custom_padding=&#8220;|||&#8220; custom_padding__hover=&#8220;|||&#8220;][et_pb_row_inner _builder_version=&#8220;3.27.3&#8243;][et_pb_column_inner saved_specialty_column_type=&#8220;1_2&#8243; _builder_version=&#8220;3.27.3&#8243;][et_pb_image src=&#8220;https:\/\/pw.ulikes.de\/wp\/files\/wp-content\/uploads\/2024\/11\/bbvo-27.png&#8220; _builder_version=&#8220;4.0.6&#8243; hover_enabled=&#8220;0&#8243;][\/et_pb_image][et_pb_text _builder_version=&#8220;4.0.6&#8243; text_font=&#8220;Trebuchet||||||||&#8220; text_font_size=&#8220;15px&#8220; custom_padding=&#8220;|185px||||&#8220;]<\/p>\n<p><strong>Aron Dornauer<\/strong><br \/>\n<em>Proso, Sorghum, Tiger Nut<\/em>. Some Minor Crops in the Cuneiform Sources.<\/p>\n<p>Berliner Beitr\u00e4ge zum Vorderen Orient, Band 27<\/p>\n<p>Format: 24,5 x 17,5 cm\u00a0\u2014 Hardcover<br \/>\nUmfang: 166 Seiten<\/p>\n<p><a href=\"https:\/\/www.pewe-verlag.de\/res\/liber30-argumentum.pdf\" target=\"_blank\" rel=\"noopener noreferrer\">Inhalt \/ Content<\/a><\/p>\n<p>ISBN: 978-3-935012-30-0<br \/>\nPreis: 33,80 \u20ac<br \/>\n\u00a9 PeWe-Verlag 2018<\/p>\n<p>[\/et_pb_text][\/et_pb_column_inner][\/et_pb_row_inner][et_pb_row_inner _builder_version=&#8220;3.27.3&#8243;][et_pb_column_inner saved_specialty_column_type=&#8220;1_2&#8243; _builder_version=&#8220;3.27.3&#8243;][et_pb_button button_url=&#8220;@ET-DC@eyJkeW5hbWljIjp0cnVlLCJjb250ZW50IjoicG9zdF9saW5rX3VybF9wYWdlIiwic2V0dGluZ3MiOnsicG9zdF9pZCI6IjI4NyJ9fQ==@&#8220; url_new_window=&#8220;on&#8220; button_text=&#8220;BUCH ANFRAGEN&#8220; button_alignment=&#8220;left&#8220; _builder_version=&#8220;4.0.6&#8243; _dynamic_attributes=&#8220;button_url&#8220; custom_button=&#8220;on&#8220; button_text_size=&#8220;19px&#8220; button_text_color=&#8220;#349fd8&#8243; button_border_radius=&#8220;12px&#8220; button_font=&#8220;Antic||||||||&#8220; button_icon=&#8220;%%49%%&#8220; button_icon_color=&#8220;#29b71f&#8220; transform_translate=&#8220;-3px|-51px&#8220; filter_saturate=&#8220;110%&#8220; filter_brightness=&#8220;109%&#8220;][\/et_pb_button][et_pb_button button_url=&#8220;@ET-DC@eyJkeW5hbWljIjp0cnVlLCJjb250ZW50IjoicG9zdF9saW5rX3VybF9wYWdlIiwic2V0dGluZ3MiOnsicG9zdF9pZCI6IjI4NyJ9fQ==@&#8220; url_new_window=&#8220;on&#8220; button_text=&#8220;REQUEST BOOK&#8220; button_alignment=&#8220;left&#8220; _builder_version=&#8220;4.0.6&#8243; _dynamic_attributes=&#8220;button_url&#8220; custom_button=&#8220;on&#8220; button_text_size=&#8220;19px&#8220; button_text_color=&#8220;#349fd8&#8243; button_border_radius=&#8220;12px&#8220; button_font=&#8220;Antic||||||||&#8220; button_icon=&#8220;%%49%%&#8220; button_icon_color=&#8220;#29b71f&#8220; transform_translate=&#8220;-3px|-51px&#8220; filter_saturate=&#8220;110%&#8220; filter_brightness=&#8220;109%&#8220;][\/et_pb_button][\/et_pb_column_inner][\/et_pb_row_inner][\/et_pb_column][et_pb_column type=&#8220;1_2&#8243; _builder_version=&#8220;3.25&#8243; custom_padding=&#8220;|||&#8220; custom_padding__hover=&#8220;|||&#8220;][et_pb_text _builder_version=&#8220;3.27.4&#8243; text_font_size=&#8220;17px&#8220; transform_scale_tablet=&#8220;&#8220; transform_scale_phone=&#8220;&#8220; transform_scale_last_edited=&#8220;on|tablet&#8220; transform_translate_tablet=&#8220;106px|-36px&#8220; transform_translate_phone=&#8220;&#8220; transform_translate_last_edited=&#8220;on|tablet&#8220; transform_rotate_tablet=&#8220;&#8220; transform_rotate_phone=&#8220;&#8220; transform_rotate_last_edited=&#8220;on|tablet&#8220; transform_skew_tablet=&#8220;&#8220; transform_skew_phone=&#8220;&#8220; transform_skew_last_edited=&#8220;on|tablet&#8220; transform_origin_tablet=&#8220;&#8220; transform_origin_phone=&#8220;&#8220; transform_origin_last_edited=&#8220;on|tablet&#8220; transform_styles_last_edited=&#8220;on|tablet&#8220; text_orientation=&#8220;justify&#8220; width=&#8220;120%&#8220; width_tablet=&#8220;100%&#8220; width_phone=&#8220;&#8220; width_last_edited=&#8220;on|tablet&#8220; custom_margin=&#8220;|||-117px||&#8220; custom_padding=&#8220;|0px||0px||&#8220; transform_styles_tablet=&#8220;&#8220; transform_styles_phone=&#8220;&#8220; text_text_align=&#8220;justify&#8220;]<\/p>\n<p>Der sogenannte Fruchtbare Halbmond war die Heimat von einigen der zuerst domestizierten Feldfr\u00fcchten (den founder crops), die f\u00fcr die fr\u00fche Landwirtschaft von Bedeutung waren: Einkorn, Emmer, Gerste, Flachs, Kichererbse, Erbse, Linse und Linsenwicke. Untersuchungen von Mengenverh\u00e4ltnissen und r\u00e4umlichem Vorkommen von angebauten, abgemessenen, angelieferten, verarbeiteten und konsumierten Nahrungspflanzen belegen, dass der Anbau von Gerste bei weitem vorherrschte. Man k\u00f6nnte sogar annehmen, dass es keine interspezifische Diversit\u00e4t von Bedeutung gab, sondern nur eine intraspezifische, und dass Ackerbau in Mesopotamien aus einer Art Gerstemonokultur bestand. Im Gegensatz dazu scheint die gro\u00dfe Zahl keilschriftlicher Begriffe f\u00fcr getreide- und leguminosenartige Pflanzen eine gewisse Form von Biodiversit\u00e4t nahezulegen. Einige Keilschriftwissenschaftler, die sich auf Nutz- und Gem\u00fcsepflanzen spezialisiert haben, schlagen vor, dass einige der sumerischen \u0161e-Komposita sowie ihre akkadischen Entsprechungen mit Hirsesorten identifiziert werden k\u00f6nnten oder mit einigen Sorten von H\u00fclsenfr\u00fcchten, wie zum Beispiel der Linsenwicke oder der Kuhbohne, oder auch mit gewissen Knollenpflanzen. Auf diesem Hintergrund nimmt sich die vorliegende Studie einige sumero-akkadische Taxa vor: Im ersten Teil nehme ich einige Begriffe unter die Lupe, die von mehreren Spezialisten als Hirse- oder Sorghumsorten gedeutet worden sind: \u0161e\u02bee\u0161tub (\u0161e-e\u0161tub) = arsuppu, \u0161emu\u0161 (\u0161e-mu\u0161\u208d\u2083\/\u2085\u208e) = \u0161egu\u0161\u0161u, \u0161eza\u1e2bgebar (\u0161e-ne-ge-bar), \u0161egunu (\u0161e-gu-nu, \u0161e-gunu\u2083) = \u0161egun\u00fb, \u0161e-ka, \u0161e-ka sig-ga = arsikku, \u0161e-ud-e-de\u2083 = du\u1e2bnu. In diesem Kontext erhebt sich die Frage, ob Hirsesorten in Babylonien im sp\u00e4ten dritten Jahrtausend v. Chr. \u00fcberhaupt schon angebaut werden konnten. Auf der Suche nach einer Antwort wird untersucht, inwieweit der bronzezeitliche Handel am Golf beigetragen hat, bei dem neben anderen domestizierten Feldfr\u00fcchten auch Hirsen aus Afrika und Asien eingetauscht wurden. Schlie\u00dflich folgen \u00dcberlegungen zu der Beobachtung, dass keine der Hirsesorten, obwohl sie Hitze und Trockenheit ausgezeichnet vertragen, im regenarmen Babylonien die wichtigsten, im Winter ausges\u00e4ten Feldfr\u00fcchte ersetzt hat.<br \/> Der zweite Teil geht der Frage nach, ob die k\u00fcrzlich vorgeschlagene Identifizierung der akkadischen Feldfrucht \u207d\u0161e\/\u00fa\u207eqayy\u0101tu mit Cyperus esculentus, einer Pflanze, die im alten \u00c4gypten aber nicht in Mesopotamien nachgewiesen wurde, durch Keilschriftbelege gest\u00fctzt ist. Weiterhin habe ich ins Einzelne gehende ern\u00e4hrungswissenschaftliche Forschungen betrieben, und zwar im Hinblick auf den Gebrauch von qayy\u0101tu als Zwischenprodukt bei der Herstellung von Bier und Esswaren. In diesem Zusammenhang untersuche ich auch noch einige andere vorgebackene oder fermentierte Zwischenprodukte.<\/p>\n<p>[\/et_pb_text][et_pb_text _builder_version=&#8220;4.0.5&#8243; text_font_size=&#8220;17px&#8220; transform_scale_tablet=&#8220;&#8220; transform_scale_phone=&#8220;&#8220; transform_scale_last_edited=&#8220;on|tablet&#8220; transform_translate_tablet=&#8220;107px|-4px&#8220; transform_translate_phone=&#8220;&#8220; transform_translate_last_edited=&#8220;on|tablet&#8220; transform_rotate_tablet=&#8220;&#8220; transform_rotate_phone=&#8220;&#8220; transform_rotate_last_edited=&#8220;on|tablet&#8220; transform_skew_tablet=&#8220;&#8220; transform_skew_phone=&#8220;&#8220; transform_skew_last_edited=&#8220;on|tablet&#8220; transform_origin_tablet=&#8220;&#8220; transform_origin_phone=&#8220;&#8220; transform_origin_last_edited=&#8220;on|tablet&#8220; transform_styles_last_edited=&#8220;on|tablet&#8220; text_orientation=&#8220;justify&#8220; width=&#8220;120%&#8220; width_tablet=&#8220;100%&#8220; width_phone=&#8220;&#8220; width_last_edited=&#8220;on|tablet&#8220; custom_margin=&#8220;|||-117px||&#8220; custom_padding=&#8220;|0px||0px||&#8220; transform_styles_tablet=&#8220;&#8220; transform_styles_phone=&#8220;&#8220; border_width_top=&#8220;1px&#8220; border_color_top=&#8220;#349fd8&#8243; text_text_align=&#8220;justify&#8220;]<\/p>\n<p>&nbsp;<\/p>\n<p>The so called Fertile Crescent was home of some founder crops important in early agriculture: einkorn, emmer, barley, flax, chick pea, pea, lentil, and bitter vetch. However, research on the proportions and ubiquity of cultivated, measured, delivered, processed and consumed food crops shows a dramatic dominance of the cultivation of barley. Thus, one could assume that there was no significant interspecific but only intraspecific crop diversity and that Mesopotamian agriculture was a kind of a barley monoculture.<br \/>In contrast, the plenty of cuneiform terms for cereal-like and legume-like plants might indicate some kind of biodiversity. Indeed, some cuneiform scientists specializing in crop plants and vegetables consider that some of the Sumerian \u0161e compounds, as well as their Akkadian equivalents, might be identified with millets, with some kinds of pulses such as bitter vetch and cowpea, or with some kind of tuber plants. Against this background, this study undertakes research on some Sumero-Akkadian taxa:<br \/>In the first part of this study I evaluate some terms which several specialists propose to be millet or sorghum varieties: \u0161e\u02bee\u0161tub (\u0161e-e\u0161tub) = arsuppu, \u0161emu\u0161 (\u0161e-mu\u0161\u208d\u2083\/\u2085\u208e) = \u0161egu\u0161\u0161u, \u0161eza\u1e2bgebar (\u0161e-ne-ge-bar), \u0161egunu (\u0161e-gu-nu, \u0161e-gunu\u2083) = \u0161egun\u00fb, \u0161e-ka, \u0161e-ka sig-ga = arsikku, \u0161e-ud-e-de\u2083 = du\u1e2bnu. In this context, the question that has to be asked is if it is possible that millets were cultivated in Babylonia as early as the late third millennium BC. To address this issue, the contribution of the Bronze Age Gulf trade in exchange for domesticated crops, including African and Asian millets, will be examined. Finally, the study discusses why, despite their excellent heat and drought tolerances, none of the millet species in arid Babylonia could displace the winter sown main crops.<br \/>The second part addresses the question of whether the recently proposed identification of the Akkadian crop \u207d\u0161e\/\u00fa\u207eqayy\u0101tu with Cyperus esculentus, a plant that has been demonstrated to have been present in ancient Egypt but not in Mesopotamia, is supported by the cuneiform evidence. I undertake some more detailed ecotrophological research on the use of qayy\u0101tu as an intermediate in the production of beer and foodstuff. In this context, I also study some other semi-baked and fermented intermediates.<\/p>\n<p>&nbsp;<\/p>\n<p>[\/et_pb_text][\/et_pb_column][\/et_pb_section]<\/p>\n","protected":false},"excerpt":{"rendered":"<p>Aron Dornauer Proso, Sorghum, Tiger Nut. Some Minor Crops in the Cuneiform Sources. Berliner Beitr\u00e4ge zum Vorderen Orient, Band 27 Format: 24,5 x 17,5 cm\u00a0\u2014 Hardcover Umfang: 166 Seiten Inhalt \/ Content ISBN: 978-3-935012-30-0 Preis: 33,80 \u20ac \u00a9 PeWe-Verlag 2018Der sogenannte Fruchtbare Halbmond war die Heimat von einigen der zuerst domestizierten Feldfr\u00fcchten (den founder crops), [&hellip;]<\/p>\n","protected":false},"author":1,"featured_media":0,"parent":0,"menu_order":0,"comment_status":"closed","ping_status":"closed","template":"","meta":{"_et_pb_use_builder":"on","_et_pb_old_content":"","_et_gb_content_width":"","footnotes":""},"class_list":["post-866","page","type-page","status-publish","hentry"],"_links":{"self":[{"href":"https:\/\/www.pewe-verlag.de\/index.php?rest_route=\/wp\/v2\/pages\/866","targetHints":{"allow":["GET"]}}],"collection":[{"href":"https:\/\/www.pewe-verlag.de\/index.php?rest_route=\/wp\/v2\/pages"}],"about":[{"href":"https:\/\/www.pewe-verlag.de\/index.php?rest_route=\/wp\/v2\/types\/page"}],"author":[{"embeddable":true,"href":"https:\/\/www.pewe-verlag.de\/index.php?rest_route=\/wp\/v2\/users\/1"}],"replies":[{"embeddable":true,"href":"https:\/\/www.pewe-verlag.de\/index.php?rest_route=%2Fwp%2Fv2%2Fcomments&post=866"}],"version-history":[{"count":19,"href":"https:\/\/www.pewe-verlag.de\/index.php?rest_route=\/wp\/v2\/pages\/866\/revisions"}],"predecessor-version":[{"id":3063,"href":"https:\/\/www.pewe-verlag.de\/index.php?rest_route=\/wp\/v2\/pages\/866\/revisions\/3063"}],"wp:attachment":[{"href":"https:\/\/www.pewe-verlag.de\/index.php?rest_route=%2Fwp%2Fv2%2Fmedia&parent=866"}],"curies":[{"name":"wp","href":"https:\/\/api.w.org\/{rel}","templated":true}]}}