{"id":920,"date":"2019-09-26T11:22:37","date_gmt":"2019-09-26T09:22:37","guid":{"rendered":"https:\/\/modern.pewe-verlag.de\/?page_id=920"},"modified":"2020-09-02T08:13:52","modified_gmt":"2020-09-02T06:13:52","slug":"nicole-leurpendeur-das-gilgamesch-epos","status":"publish","type":"page","link":"https:\/\/www.pewe-verlag.de\/?page_id=920","title":{"rendered":"Nicole Leurpendeur Das Gilgamesch-Epos."},"content":{"rendered":"<p>[et_pb_section fb_built=&#8220;1&#8243; make_equal=&#8220;on&#8220; use_custom_gutter=&#8220;on&#8220; specialty=&#8220;on&#8220; _builder_version=&#8220;3.27.3&#8243; width=&#8220;100%&#8220;][et_pb_column type=&#8220;1_2&#8243; specialty_columns=&#8220;2&#8243; _builder_version=&#8220;3.25&#8243; custom_padding=&#8220;|||&#8220; custom_padding__hover=&#8220;|||&#8220;][et_pb_row_inner _builder_version=&#8220;3.27.3&#8243;][et_pb_column_inner saved_specialty_column_type=&#8220;1_2&#8243; _builder_version=&#8220;3.27.3&#8243;][et_pb_image src=&#8220;https:\/\/www.pewe-verlag.de\/wp-content\/uploads\/2019\/09\/Nicole-Leurpendeur-Das-Gilgamensch-Epos-e1599026995930.png&#8220; _builder_version=&#8220;4.0.6&#8243; hover_enabled=&#8220;0&#8243;][\/et_pb_image][et_pb_text _builder_version=&#8220;4.0.6&#8243; text_font=&#8220;Trebuchet||||||||&#8220; text_font_size=&#8220;15px&#8220; custom_padding=&#8220;|185px||||&#8220;]<\/p>\n<p><strong>Nicole Leurpendeur<\/strong><br \/>\nDas Gilgamesch-Epos.<\/p>\n<p>Format:\u00a013,5 x 20 cm \u2014 Broschiert<br \/>\nUmfang: 96 Seiten<\/p>\n<p><a href=\"https:\/\/www.pewe-verlag.de\/res\/gilgamesch-argumentum.pdf\" target=\"_blank\" rel=\"noopener noreferrer\">Leseprobe<\/a><\/p>\n<p>ISBN: 978-3-935012-19-5<br \/>\nPreis: 9,80 \u20ac<br \/>\n\u00a9 PeWe-Verlag 2015[\/et_pb_text][\/et_pb_column_inner][\/et_pb_row_inner][et_pb_row_inner _builder_version=&#8220;3.27.3&#8243;][et_pb_column_inner saved_specialty_column_type=&#8220;1_2&#8243; _builder_version=&#8220;3.27.3&#8243;][et_pb_button button_url=&#8220;@ET-DC@eyJkeW5hbWljIjp0cnVlLCJjb250ZW50IjoicG9zdF9saW5rX3VybF9wYWdlIiwic2V0dGluZ3MiOnsicG9zdF9pZCI6IjI4NyJ9fQ==@&#8220; url_new_window=&#8220;on&#8220; button_text=&#8220;BUCH ANFRAGEN&#8220; button_alignment=&#8220;left&#8220; _builder_version=&#8220;4.0.6&#8243; _dynamic_attributes=&#8220;button_url&#8220; custom_button=&#8220;on&#8220; button_text_size=&#8220;19px&#8220; button_text_color=&#8220;#349fd8&#8243; button_border_radius=&#8220;12px&#8220; button_font=&#8220;Antic||||||||&#8220; button_icon=&#8220;%%49%%&#8220; button_icon_color=&#8220;#29b71f&#8220; transform_translate=&#8220;-3px|-51px&#8220; filter_saturate=&#8220;110%&#8220; filter_brightness=&#8220;109%&#8220;][\/et_pb_button][\/et_pb_column_inner][\/et_pb_row_inner][\/et_pb_column][et_pb_column type=&#8220;1_2&#8243; _builder_version=&#8220;3.25&#8243; custom_padding=&#8220;|||&#8220; custom_padding__hover=&#8220;|||&#8220;][et_pb_text _builder_version=&#8220;3.27.4&#8243; text_font_size=&#8220;17px&#8220; transform_scale_tablet=&#8220;&#8220; transform_scale_phone=&#8220;&#8220; transform_scale_last_edited=&#8220;on|tablet&#8220; transform_translate_tablet=&#8220;102px|-50px&#8220; transform_translate_phone=&#8220;&#8220; transform_translate_last_edited=&#8220;on|phone&#8220; transform_rotate_tablet=&#8220;&#8220; transform_rotate_phone=&#8220;&#8220; transform_rotate_last_edited=&#8220;on|tablet&#8220; transform_skew_tablet=&#8220;&#8220; transform_skew_phone=&#8220;&#8220; transform_skew_last_edited=&#8220;on|tablet&#8220; transform_origin_tablet=&#8220;&#8220; transform_origin_phone=&#8220;&#8220; transform_origin_last_edited=&#8220;on|tablet&#8220; transform_styles_last_edited=&#8220;on|phone&#8220; text_orientation=&#8220;justify&#8220; width=&#8220;100%&#8220; custom_margin=&#8220;|||-117px||&#8220; custom_padding=&#8220;|0px||0px||&#8220; transform_styles_tablet=&#8220;&#8220; transform_styles_phone=&#8220;&#8220; text_text_align=&#8220;justify&#8220;]<\/p>\n<p>&#8222;Das Leben, das du suchst, wirst du nicht finden.\u201c Immer wieder muss Gilgamesch w\u00e4hrend seiner langen Reise diese Worte h\u00f6ren. Denn als die G\u00f6tter Menschen erschufen, bestimmten sie f\u00fcr ihn auch den Tod. Doch niemand vermag Gilgamesch von seiner abenteuerlichen Suche nach ewigem Leben abzubringen. Sein Weg f\u00fchrt ihn schlie\u00dflich zu Utnapischtim, welcher unsterblich am Rande der Welt lebt&#8230;<br \/> Die Geschichte von Gilgamesch ber\u00fchrt all die Themen, die den Menschen seit jeher bewegen: Freundschaft, Liebe, Sinn des Lebens, Ruhm, Tod und Jenseits sowie die Sehnsucht nach Unsterblichkeit.<br \/> Der Mythos des Gilgamesch stammt aus dem 3. Jahrtausend vor Christus und erz\u00e4hlt die Geschichte von einem K\u00f6nig, der sich auf die Suche nach ewigem Leben begibt. Erst durch seine schmerzlichen Erfahrungen w\u00e4hrend seiner abenteuerlichen und einsamen Reise findet er schlie\u00dflich zu sich selbst. Doch der Weg dorthin war sehr weit, m\u00fchsam und voll von Gefahren.<br \/> Erstmals wird hier eines der \u00e4ltesten literarischen Werke der Menschheitsgeschichte f\u00fcr Kinder, Jugendliche und Erwachsene gleicherma\u00dfen spannend, verst\u00e4ndlich und vollst\u00e4ndig nacherz\u00e4hlt. Gleichzeitig er\u00f6ffnet sich ein tiefer Einblick in die alte Kultur Mesopotamiens, des heutigen Irak.<\/p>\n<p>[\/et_pb_text][\/et_pb_column][\/et_pb_section]<\/p>\n","protected":false},"excerpt":{"rendered":"<p>Nicole Leurpendeur Das Gilgamesch-Epos. Format:\u00a013,5 x 20 cm \u2014 Broschiert Umfang: 96 SeitenLeseprobe ISBN: 978-3-935012-19-5 Preis: 9,80 \u20ac \u00a9 PeWe-Verlag 2015&#8243;Das Leben, das du suchst, wirst du nicht finden.\u201c Immer wieder muss Gilgamesch w\u00e4hrend seiner langen Reise diese Worte h\u00f6ren. Denn als die G\u00f6tter Menschen erschufen, bestimmten sie f\u00fcr ihn auch den Tod. Doch niemand [&hellip;]<\/p>\n","protected":false},"author":1,"featured_media":0,"parent":0,"menu_order":0,"comment_status":"closed","ping_status":"closed","template":"","meta":{"_et_pb_use_builder":"on","_et_pb_old_content":"","_et_gb_content_width":"","footnotes":""},"class_list":["post-920","page","type-page","status-publish","hentry"],"_links":{"self":[{"href":"https:\/\/www.pewe-verlag.de\/index.php?rest_route=\/wp\/v2\/pages\/920","targetHints":{"allow":["GET"]}}],"collection":[{"href":"https:\/\/www.pewe-verlag.de\/index.php?rest_route=\/wp\/v2\/pages"}],"about":[{"href":"https:\/\/www.pewe-verlag.de\/index.php?rest_route=\/wp\/v2\/types\/page"}],"author":[{"embeddable":true,"href":"https:\/\/www.pewe-verlag.de\/index.php?rest_route=\/wp\/v2\/users\/1"}],"replies":[{"embeddable":true,"href":"https:\/\/www.pewe-verlag.de\/index.php?rest_route=%2Fwp%2Fv2%2Fcomments&post=920"}],"version-history":[{"count":11,"href":"https:\/\/www.pewe-verlag.de\/index.php?rest_route=\/wp\/v2\/pages\/920\/revisions"}],"predecessor-version":[{"id":2259,"href":"https:\/\/www.pewe-verlag.de\/index.php?rest_route=\/wp\/v2\/pages\/920\/revisions\/2259"}],"wp:attachment":[{"href":"https:\/\/www.pewe-verlag.de\/index.php?rest_route=%2Fwp%2Fv2%2Fmedia&parent=920"}],"curies":[{"name":"wp","href":"https:\/\/api.w.org\/{rel}","templated":true}]}}