{"id":926,"date":"2019-09-26T11:39:46","date_gmt":"2019-09-26T09:39:46","guid":{"rendered":"https:\/\/modern.pewe-verlag.de\/?page_id=926"},"modified":"2019-11-11T09:30:25","modified_gmt":"2019-11-11T08:30:25","slug":"nicole-leurpendeur-babylon-wird-ausgegraben-robert-koldeweys-expedition-nach-mesopotamien-1898-1917-eine-fiktive-biografie","status":"publish","type":"page","link":"https:\/\/www.pewe-verlag.de\/?page_id=926","title":{"rendered":"Nicole Leurpendeur Babylon wird ausgegraben. Robert Koldeweys Expedition nach Mesopotamien 1898 \u2014 1917 Eine fiktive Biografie"},"content":{"rendered":"<p>[et_pb_section fb_built=&#8220;1&#8243; make_equal=&#8220;on&#8220; use_custom_gutter=&#8220;on&#8220; specialty=&#8220;on&#8220; _builder_version=&#8220;3.27.3&#8243; width=&#8220;100%&#8220;][et_pb_column type=&#8220;1_2&#8243; specialty_columns=&#8220;2&#8243; _builder_version=&#8220;3.25&#8243; custom_padding=&#8220;|||&#8220; custom_padding__hover=&#8220;|||&#8220;][et_pb_row_inner _builder_version=&#8220;3.27.3&#8243;][et_pb_column_inner saved_specialty_column_type=&#8220;1_2&#8243; _builder_version=&#8220;3.27.3&#8243;][et_pb_image src=&#8220;https:\/\/www.pewe-verlag.de\/wp-content\/uploads\/2019\/09\/Nicole-Leurpendeur-Babylon-wird-ausgegraben.png&#8220; _builder_version=&#8220;4.0.6&#8243; hover_enabled=&#8220;0&#8243;][\/et_pb_image][et_pb_text _builder_version=&#8220;4.0.6&#8243; text_font=&#8220;Trebuchet||||||||&#8220; text_font_size=&#8220;15px&#8220; custom_padding=&#8220;|185px||||&#8220;]<\/p>\n<p><strong>Nicole Leurpendeur<\/strong><br \/>\nBabylon wird ausgegraben.<br \/>\nRobert Koldeweys Expedition nach Mesopotamien 1898 \u2014 1917.<br \/>\nEine fiktive Biografie<\/p>\n<p>Format: 13,5 x 20 cm\u00a0\u2014 Broschiert<br \/>\nUmfang:\u00a0144 Seiten<\/p>\n<p><a href=\"https:\/\/www.pewe-verlag.de\/res\/babylon-argumentum.pdf\" target=\"_blank\" rel=\"noopener noreferrer\">Leseprobe<\/a><\/p>\n<p>ISBN: 978-3-935012-24-9<br \/>\nPreis: 9,80 \u20ac<br \/>\n\u00a9 AJA-Verlag 2006<\/p>\n<p>[\/et_pb_text][\/et_pb_column_inner][\/et_pb_row_inner][et_pb_row_inner _builder_version=&#8220;3.27.3&#8243;][et_pb_column_inner saved_specialty_column_type=&#8220;1_2&#8243; _builder_version=&#8220;3.27.3&#8243;][et_pb_button button_url=&#8220;@ET-DC@eyJkeW5hbWljIjp0cnVlLCJjb250ZW50IjoicG9zdF9saW5rX3VybF9wYWdlIiwic2V0dGluZ3MiOnsicG9zdF9pZCI6IjI4NyJ9fQ==@&#8220; url_new_window=&#8220;on&#8220; button_text=&#8220;BUCH ANFRAGEN&#8220; button_alignment=&#8220;left&#8220; _builder_version=&#8220;4.0.6&#8243; _dynamic_attributes=&#8220;button_url&#8220; custom_button=&#8220;on&#8220; button_text_size=&#8220;19px&#8220; button_text_color=&#8220;#349fd8&#8243; button_border_radius=&#8220;12px&#8220; button_font=&#8220;Antic||||||||&#8220; button_icon=&#8220;%%49%%&#8220; button_icon_color=&#8220;#29b71f&#8220; transform_translate=&#8220;-3px|-51px&#8220; filter_saturate=&#8220;110%&#8220; filter_brightness=&#8220;109%&#8220;][\/et_pb_button][\/et_pb_column_inner][\/et_pb_row_inner][\/et_pb_column][et_pb_column type=&#8220;1_2&#8243; _builder_version=&#8220;3.25&#8243; custom_padding=&#8220;|||&#8220; custom_padding__hover=&#8220;|||&#8220;][et_pb_text _builder_version=&#8220;3.27.4&#8243; text_font_size=&#8220;17px&#8220; transform_scale_tablet=&#8220;&#8220; transform_scale_phone=&#8220;&#8220; transform_scale_last_edited=&#8220;on|tablet&#8220; transform_translate_tablet=&#8220;107px|-51px&#8220; transform_translate_phone=&#8220;&#8220; transform_translate_last_edited=&#8220;on|phone&#8220; transform_rotate_tablet=&#8220;&#8220; transform_rotate_phone=&#8220;&#8220; transform_rotate_last_edited=&#8220;on|tablet&#8220; transform_skew_tablet=&#8220;&#8220; transform_skew_phone=&#8220;&#8220; transform_skew_last_edited=&#8220;on|tablet&#8220; transform_origin_tablet=&#8220;&#8220; transform_origin_phone=&#8220;&#8220; transform_origin_last_edited=&#8220;on|tablet&#8220; transform_styles_last_edited=&#8220;on|phone&#8220; text_orientation=&#8220;justify&#8220; width=&#8220;100%&#8220; custom_margin=&#8220;|||-117px||&#8220; custom_padding=&#8220;|0px||0px||&#8220; transform_styles_tablet=&#8220;&#8220; transform_styles_phone=&#8220;&#8220; text_text_align=&#8220;justify&#8220;]<\/p>\n<p>Babylon faszinierte die Menschen von jeher. Unz\u00e4hlige Legenden rankten sich um die einstige Weltstadt und Wiege der Gelehrsamkeit, bis der deutsche Arch\u00e4ologe Robert Koldewey sich vor mehr als 100 Jahren aufmachte, die ber\u00fchmte Stadt am Euphrat auszugraben. Anhand von Zeitdokumenten erz\u00e4hlt das Buch von den Tr\u00e4umen, Hoffnungen und Erfolgen ebenso, wie von den ganz allt\u00e4glichen Problemen der Ausgr\u00e4ber w\u00e4hrend der 18 Jahre dauernden Expedition. Es nimmt den Leser mit auf eine Reise ins faszinierende Zweistromland, den heutigen Irak.<br \/> Die Wende zum 20. Jahrhundert steht kurz bevor, als der deutsche Arch\u00e4ologe Robert Koldewey den Auftrag erh\u00e4lt, Babylon auszugraben. Auf bewegende Weise berichtet Koldewey nicht nur von den spannenden Grabungsergebnissen, sondern auch vom allt\u00e4glichen Leben in einer fremden Kultur. Ein Leben, gepr\u00e4gt von immer neuen Problemen und Herausforderungen sowie von unvergesslichen Erlebnissen.<\/p>\n<p>[\/et_pb_text][\/et_pb_column][\/et_pb_section]<\/p>\n","protected":false},"excerpt":{"rendered":"<p>Nicole Leurpendeur Babylon wird ausgegraben. Robert Koldeweys Expedition nach Mesopotamien 1898 \u2014 1917. Eine fiktive Biografie Format: 13,5 x 20 cm\u00a0\u2014 Broschiert Umfang:\u00a0144 Seiten Leseprobe ISBN: 978-3-935012-24-9 Preis: 9,80 \u20ac \u00a9 AJA-Verlag 2006Babylon faszinierte die Menschen von jeher. Unz\u00e4hlige Legenden rankten sich um die einstige Weltstadt und Wiege der Gelehrsamkeit, bis der deutsche Arch\u00e4ologe Robert [&hellip;]<\/p>\n","protected":false},"author":1,"featured_media":0,"parent":0,"menu_order":0,"comment_status":"closed","ping_status":"closed","template":"","meta":{"_et_pb_use_builder":"on","_et_pb_old_content":"","_et_gb_content_width":"","footnotes":""},"class_list":["post-926","page","type-page","status-publish","hentry"],"_links":{"self":[{"href":"https:\/\/www.pewe-verlag.de\/index.php?rest_route=\/wp\/v2\/pages\/926","targetHints":{"allow":["GET"]}}],"collection":[{"href":"https:\/\/www.pewe-verlag.de\/index.php?rest_route=\/wp\/v2\/pages"}],"about":[{"href":"https:\/\/www.pewe-verlag.de\/index.php?rest_route=\/wp\/v2\/types\/page"}],"author":[{"embeddable":true,"href":"https:\/\/www.pewe-verlag.de\/index.php?rest_route=\/wp\/v2\/users\/1"}],"replies":[{"embeddable":true,"href":"https:\/\/www.pewe-verlag.de\/index.php?rest_route=%2Fwp%2Fv2%2Fcomments&post=926"}],"version-history":[{"count":7,"href":"https:\/\/www.pewe-verlag.de\/index.php?rest_route=\/wp\/v2\/pages\/926\/revisions"}],"predecessor-version":[{"id":2026,"href":"https:\/\/www.pewe-verlag.de\/index.php?rest_route=\/wp\/v2\/pages\/926\/revisions\/2026"}],"wp:attachment":[{"href":"https:\/\/www.pewe-verlag.de\/index.php?rest_route=%2Fwp%2Fv2%2Fmedia&parent=926"}],"curies":[{"name":"wp","href":"https:\/\/api.w.org\/{rel}","templated":true}]}}