{"id":932,"date":"2019-09-26T11:47:18","date_gmt":"2019-09-26T09:47:18","guid":{"rendered":"https:\/\/modern.pewe-verlag.de\/?page_id=932"},"modified":"2019-11-11T09:29:46","modified_gmt":"2019-11-11T08:29:46","slug":"nicole-leurpendeur-auf-der-suche-nach-dem-goldenen-vlies-2","status":"publish","type":"page","link":"https:\/\/www.pewe-verlag.de\/?page_id=932","title":{"rendered":"Nicole Leurpendeur Auf der Suche nach dem Goldenen Vlies."},"content":{"rendered":"<p>[et_pb_section fb_built=&#8220;1&#8243; make_equal=&#8220;on&#8220; use_custom_gutter=&#8220;on&#8220; specialty=&#8220;on&#8220; _builder_version=&#8220;3.27.3&#8243; width=&#8220;100%&#8220;][et_pb_column type=&#8220;1_2&#8243; specialty_columns=&#8220;2&#8243; _builder_version=&#8220;3.25&#8243; custom_padding=&#8220;|||&#8220; custom_padding__hover=&#8220;|||&#8220;][et_pb_row_inner _builder_version=&#8220;3.27.3&#8243;][et_pb_column_inner saved_specialty_column_type=&#8220;1_2&#8243; _builder_version=&#8220;3.27.3&#8243;][et_pb_image src=&#8220;https:\/\/www.pewe-verlag.de\/wp-content\/uploads\/2019\/09\/Nicole-Leurpendeur-Auf-der-Suche-nach-dem-Goldenen-Vlies.png&#8220; _builder_version=&#8220;4.0.6&#8243; hover_enabled=&#8220;0&#8243;][\/et_pb_image][et_pb_text _builder_version=&#8220;4.0.6&#8243; text_font=&#8220;Trebuchet||||||||&#8220; text_font_size=&#8220;15px&#8220; custom_padding=&#8220;|185px||||&#8220;]<\/p>\n<p><strong>Nicole Leurpendeur<\/strong><br \/>\nAuf der Suche nach dem Goldenen Vlies.<br \/>\nNacherz\u00e4hlung mit Zeichnungen von Martin Scheidler nach antiken Motiven<\/p>\n<p>Reihe Mythen der Antike Band 2<br \/>\nf\u00fcr Gro\u00df und Klein ab 10 Jahren<\/p>\n<p>Format:\u00a013,5 x 20 cm \u2014 Broschiert<br \/>\nUmfang:\u00a0144 Seiten<\/p>\n<p><a href=\"https:\/\/www.pewe-verlag.de\/res\/argonauten-argumentum.pdf\" target=\"_blank\" rel=\"noopener noreferrer\">Leseprobe<\/a><\/p>\n<p>ISBN: 978-3-935012-25-6<br \/>\nPreis: 9,80 \u20ac<br \/>\n\u00a9 AJA-Verlag 2007[\/et_pb_text][\/et_pb_column_inner][\/et_pb_row_inner][et_pb_row_inner _builder_version=&#8220;3.27.3&#8243;][et_pb_column_inner saved_specialty_column_type=&#8220;1_2&#8243; _builder_version=&#8220;3.27.3&#8243;][et_pb_button button_url=&#8220;@ET-DC@eyJkeW5hbWljIjp0cnVlLCJjb250ZW50IjoicG9zdF9saW5rX3VybF9wYWdlIiwic2V0dGluZ3MiOnsicG9zdF9pZCI6IjI4NyJ9fQ==@&#8220; url_new_window=&#8220;on&#8220; button_text=&#8220;BUCH ANFRAGEN&#8220; button_alignment=&#8220;left&#8220; _builder_version=&#8220;4.0.6&#8243; _dynamic_attributes=&#8220;button_url&#8220; custom_button=&#8220;on&#8220; button_text_size=&#8220;19px&#8220; button_text_color=&#8220;#349fd8&#8243; button_border_radius=&#8220;12px&#8220; button_font=&#8220;Antic||||||||&#8220; button_icon=&#8220;%%49%%&#8220; button_icon_color=&#8220;#29b71f&#8220; transform_translate=&#8220;-3px|-51px&#8220; filter_saturate=&#8220;110%&#8220; filter_brightness=&#8220;109%&#8220;][\/et_pb_button][\/et_pb_column_inner][\/et_pb_row_inner][\/et_pb_column][et_pb_column type=&#8220;1_2&#8243; _builder_version=&#8220;3.25&#8243; custom_padding=&#8220;|||&#8220; custom_padding__hover=&#8220;|||&#8220;][et_pb_text _builder_version=&#8220;3.27.4&#8243; text_font_size=&#8220;17px&#8220; transform_scale_tablet=&#8220;&#8220; transform_scale_phone=&#8220;&#8220; transform_scale_last_edited=&#8220;on|tablet&#8220; transform_translate_tablet=&#8220;113px|-43px&#8220; transform_translate_phone=&#8220;&#8220; transform_translate_last_edited=&#8220;on|phone&#8220; transform_rotate_tablet=&#8220;&#8220; transform_rotate_phone=&#8220;&#8220; transform_rotate_last_edited=&#8220;on|tablet&#8220; transform_skew_tablet=&#8220;&#8220; transform_skew_phone=&#8220;&#8220; transform_skew_last_edited=&#8220;on|tablet&#8220; transform_origin_tablet=&#8220;&#8220; transform_origin_phone=&#8220;&#8220; transform_origin_last_edited=&#8220;on|tablet&#8220; transform_styles_last_edited=&#8220;on|phone&#8220; text_orientation=&#8220;justify&#8220; width=&#8220;100%&#8220; custom_margin=&#8220;|||-117px||&#8220; custom_padding=&#8220;|0px||0px||&#8220; transform_styles_tablet=&#8220;&#8220; transform_styles_phone=&#8220;&#8220; text_text_align=&#8220;justify&#8220;]<\/p>\n<p>Die Geschichte von Iason und dem Goldenen Vlies birgt einen uralten m\u00e4rchenhaften Kern in sich. Sie erz\u00e4hlt von einem Helden, der auszieht, um in einem fernen unbekannten Land einen Schatz und eine Prinzessin zu gewinnen. Mit Hilfe des sprechenden Zauberschiffes Argo gelingt es ihm, den sagenhaften Ort zu erreichen, wo er gef\u00e4hrliche Abenteuer bestehen muss. Als schlie\u00dflich alles verloren scheint, erh\u00e4lt er pl\u00f6tzlich unerwartet Hilfe &#8230;<br \/> Eine Fahrt \u00fcber das Meer bedeutete zu Iasons Zeiten stets ein Wagnis. Die Angst vor Schiffbruch war allgegenw\u00e4rtig und das Schicksal der Seeleute lag in den H\u00e4nden der unsterblichen G\u00f6tter. Daher verlie\u00df kein Schiff je einen Hafen ohne religi\u00f6se Opferrituale. Iason wird von K\u00f6nig Pelias ausgeschickt, das Goldene Vlies aus Kolchis zu holen. Dazu versammelt er die tapfersten Helden ganz Griechenlands um sich. Gemeinsam machen sich die 50 Argonauten auf den Weg durch das unbekannte Schwarze Meer nach Osten. Ein waghalsiges Unterfangen, wie sich bereits unterwegs herausstellt, denn sowohl zu Wasser als auch zu Land lauern \u00fcberall Gefahren. Die schwierigste Aufgabe jedoch erwartet sie an ihrem Ziel in Kolchis.<\/p>\n<p>[\/et_pb_text][\/et_pb_column][\/et_pb_section]<\/p>\n","protected":false},"excerpt":{"rendered":"<p>Nicole Leurpendeur Auf der Suche nach dem Goldenen Vlies. Nacherz\u00e4hlung mit Zeichnungen von Martin Scheidler nach antiken Motiven Reihe Mythen der Antike Band 2 f\u00fcr Gro\u00df und Klein ab 10 Jahren Format:\u00a013,5 x 20 cm \u2014 Broschiert Umfang:\u00a0144 Seiten Leseprobe ISBN: 978-3-935012-25-6 Preis: 9,80 \u20ac \u00a9 AJA-Verlag 2007Die Geschichte von Iason und dem Goldenen Vlies [&hellip;]<\/p>\n","protected":false},"author":1,"featured_media":0,"parent":0,"menu_order":0,"comment_status":"closed","ping_status":"closed","template":"","meta":{"_et_pb_use_builder":"on","_et_pb_old_content":"","_et_gb_content_width":"","footnotes":""},"class_list":["post-932","page","type-page","status-publish","hentry"],"_links":{"self":[{"href":"https:\/\/www.pewe-verlag.de\/index.php?rest_route=\/wp\/v2\/pages\/932","targetHints":{"allow":["GET"]}}],"collection":[{"href":"https:\/\/www.pewe-verlag.de\/index.php?rest_route=\/wp\/v2\/pages"}],"about":[{"href":"https:\/\/www.pewe-verlag.de\/index.php?rest_route=\/wp\/v2\/types\/page"}],"author":[{"embeddable":true,"href":"https:\/\/www.pewe-verlag.de\/index.php?rest_route=\/wp\/v2\/users\/1"}],"replies":[{"embeddable":true,"href":"https:\/\/www.pewe-verlag.de\/index.php?rest_route=%2Fwp%2Fv2%2Fcomments&post=932"}],"version-history":[{"count":8,"href":"https:\/\/www.pewe-verlag.de\/index.php?rest_route=\/wp\/v2\/pages\/932\/revisions"}],"predecessor-version":[{"id":2025,"href":"https:\/\/www.pewe-verlag.de\/index.php?rest_route=\/wp\/v2\/pages\/932\/revisions\/2025"}],"wp:attachment":[{"href":"https:\/\/www.pewe-verlag.de\/index.php?rest_route=%2Fwp%2Fv2%2Fmedia&parent=932"}],"curies":[{"name":"wp","href":"https:\/\/api.w.org\/{rel}","templated":true}]}}