{"id":937,"date":"2019-09-26T11:57:04","date_gmt":"2019-09-26T09:57:04","guid":{"rendered":"https:\/\/modern.pewe-verlag.de\/?page_id=937"},"modified":"2019-11-11T09:31:44","modified_gmt":"2019-11-11T08:31:44","slug":"nicole-leurpendeur-im-jahr-der-athleten-mit-zeus-bei-den-olympischen-spielen","status":"publish","type":"page","link":"https:\/\/www.pewe-verlag.de\/?page_id=937","title":{"rendered":"Nicole Leurpendeur Im Jahr der Athleten. Mit Zeus bei den Olympischen Spielen"},"content":{"rendered":"<p>[et_pb_section fb_built=&#8220;1&#8243; make_equal=&#8220;on&#8220; use_custom_gutter=&#8220;on&#8220; specialty=&#8220;on&#8220; _builder_version=&#8220;3.27.3&#8243; width=&#8220;100%&#8220;][et_pb_column type=&#8220;1_2&#8243; specialty_columns=&#8220;2&#8243; _builder_version=&#8220;3.25&#8243; custom_padding=&#8220;|||&#8220; custom_padding__hover=&#8220;|||&#8220;][et_pb_row_inner _builder_version=&#8220;3.27.3&#8243;][et_pb_column_inner saved_specialty_column_type=&#8220;1_2&#8243; _builder_version=&#8220;3.27.3&#8243;][et_pb_image src=&#8220;https:\/\/www.pewe-verlag.de\/wp-content\/uploads\/2019\/09\/Nicole-Leurpendeur-Im-Jahr-der-Athleten.png&#8220; _builder_version=&#8220;4.0.6&#8243; hover_enabled=&#8220;0&#8243;][\/et_pb_image][et_pb_text _builder_version=&#8220;4.0.6&#8243; text_font=&#8220;Trebuchet||||||||&#8220; text_font_size=&#8220;15px&#8220; custom_padding=&#8220;|185px||||&#8220;]<\/p>\n<p><strong>Nicole Leurpendeur<\/strong><br \/>\nIm Jahr der Athleten.<br \/>\nMit Zeus bei den Olympischen Spielen<\/p>\n<p>18 farbige Illustrationen von Hana Stepan nach antiken Motiven.<br \/>\nEin Lese- und Bilderbuch f\u00fcr Gross und Klein<\/p>\n<p>Format: 21 x 26 cm\u00a0\u2014 Hardcover, Fadenheftung mit Schutzumschlag<br \/>\nUmfang:\u00a072 Seiten<\/p>\n<p><a href=\"https:\/\/www.pewe-verlag.de\/res\/olympia-argumentum.pdf\" target=\"_blank\" rel=\"noopener noreferrer\">Leseprobe<\/a><\/p>\n<p>ISBN:\u00a0978-3-935012-26-3<br \/>\nPreis: 12,80 \u20ac<br \/>\n\u00a9 AJA-Verlag 2008<\/p>\n<p>[\/et_pb_text][\/et_pb_column_inner][\/et_pb_row_inner][et_pb_row_inner _builder_version=&#8220;3.27.3&#8243;][et_pb_column_inner saved_specialty_column_type=&#8220;1_2&#8243; _builder_version=&#8220;3.27.3&#8243;][et_pb_button button_url=&#8220;@ET-DC@eyJkeW5hbWljIjp0cnVlLCJjb250ZW50IjoicG9zdF9saW5rX3VybF9wYWdlIiwic2V0dGluZ3MiOnsicG9zdF9pZCI6IjI4NyJ9fQ==@&#8220; url_new_window=&#8220;on&#8220; button_text=&#8220;BUCH ANFRAGEN&#8220; button_alignment=&#8220;left&#8220; _builder_version=&#8220;4.0.6&#8243; _dynamic_attributes=&#8220;button_url&#8220; custom_button=&#8220;on&#8220; button_text_size=&#8220;19px&#8220; button_text_color=&#8220;#349fd8&#8243; button_border_radius=&#8220;12px&#8220; button_font=&#8220;Antic||||||||&#8220; button_icon=&#8220;%%49%%&#8220; button_icon_color=&#8220;#29b71f&#8220; transform_translate=&#8220;-3px|-51px&#8220; filter_saturate=&#8220;110%&#8220; filter_brightness=&#8220;109%&#8220;][\/et_pb_button][\/et_pb_column_inner][\/et_pb_row_inner][\/et_pb_column][et_pb_column type=&#8220;1_2&#8243; _builder_version=&#8220;3.25&#8243; custom_padding=&#8220;|||&#8220; custom_padding__hover=&#8220;|||&#8220;][et_pb_text _builder_version=&#8220;3.27.4&#8243; text_font_size=&#8220;17px&#8220; transform_scale_tablet=&#8220;&#8220; transform_scale_phone=&#8220;&#8220; transform_scale_last_edited=&#8220;on|tablet&#8220; transform_translate_tablet=&#8220;108px|-61px&#8220; transform_translate_phone=&#8220;&#8220; transform_translate_last_edited=&#8220;on|tablet&#8220; transform_rotate_tablet=&#8220;&#8220; transform_rotate_phone=&#8220;&#8220; transform_rotate_last_edited=&#8220;on|tablet&#8220; transform_skew_tablet=&#8220;&#8220; transform_skew_phone=&#8220;&#8220; transform_skew_last_edited=&#8220;on|tablet&#8220; transform_origin_tablet=&#8220;&#8220; transform_origin_phone=&#8220;&#8220; transform_origin_last_edited=&#8220;on|tablet&#8220; transform_styles_last_edited=&#8220;on|tablet&#8220; text_orientation=&#8220;justify&#8220; width=&#8220;100%&#8220; custom_margin=&#8220;|||-117px||&#8220; custom_padding=&#8220;|0px||0px||&#8220; transform_styles_tablet=&#8220;&#8220; transform_styles_phone=&#8220;&#8220; text_text_align=&#8220;justify&#8220;]<\/p>\n<p>\u201eWarum sind die Athleten alle nackt? Wozu ist das Diskuswerfen gut? Warum geben die Kampfrichter nicht das Ergebnis bekannt?\u201c Dies sind nur einige der unz\u00e4hligen Fragen, die Ganymend dem gro\u00dfen G\u00f6ttervater Zeus stellt. Gemeinsam beobachten die beiden die Wettk\u00e4mpfe, die alle vier Jahre zu dessen Ehren im Heiligtum von Olympia stattfinden. W\u00e4hrend der G\u00f6ttervater geduldig all die Fragen seines kleinen Mundschenks beantwortet, erf\u00e4hrt der Leser viel Interessantes \u00fcber die Urspr\u00fcnge und den Ablauf der ber\u00fchmten Wettk\u00e4mpfe. Er nimmt teil am g\u00f6ttlichen Zwiegespr\u00e4ch und erlebt so die Olympischen Spiele der Antike.<br \/> Der Arch\u00e4ologin Nicole Leurpendeur gelingt es, auf am\u00fcsante Weise historische Fakten in ein unterhaltsames Zwiegespr\u00e4ch zu packen. Ein Lese- und Bilderbuch das Gross und Klein in die faszinierende Welt der Alten Griechen entf\u00fchrt.<\/p>\n<p>[\/et_pb_text][\/et_pb_column][\/et_pb_section]<\/p>\n","protected":false},"excerpt":{"rendered":"<p>Nicole Leurpendeur Im Jahr der Athleten. Mit Zeus bei den Olympischen Spielen 18 farbige Illustrationen von Hana Stepan nach antiken Motiven. Ein Lese- und Bilderbuch f\u00fcr Gross und Klein Format: 21 x 26 cm\u00a0\u2014 Hardcover, Fadenheftung mit Schutzumschlag Umfang:\u00a072 Seiten Leseprobe ISBN:\u00a0978-3-935012-26-3 Preis: 12,80 \u20ac \u00a9 AJA-Verlag 2008\u201eWarum sind die Athleten alle nackt? Wozu ist [&hellip;]<\/p>\n","protected":false},"author":1,"featured_media":0,"parent":0,"menu_order":0,"comment_status":"closed","ping_status":"closed","template":"","meta":{"_et_pb_use_builder":"on","_et_pb_old_content":"","_et_gb_content_width":"","footnotes":""},"class_list":["post-937","page","type-page","status-publish","hentry"],"_links":{"self":[{"href":"https:\/\/www.pewe-verlag.de\/index.php?rest_route=\/wp\/v2\/pages\/937","targetHints":{"allow":["GET"]}}],"collection":[{"href":"https:\/\/www.pewe-verlag.de\/index.php?rest_route=\/wp\/v2\/pages"}],"about":[{"href":"https:\/\/www.pewe-verlag.de\/index.php?rest_route=\/wp\/v2\/types\/page"}],"author":[{"embeddable":true,"href":"https:\/\/www.pewe-verlag.de\/index.php?rest_route=\/wp\/v2\/users\/1"}],"replies":[{"embeddable":true,"href":"https:\/\/www.pewe-verlag.de\/index.php?rest_route=%2Fwp%2Fv2%2Fcomments&post=937"}],"version-history":[{"count":7,"href":"https:\/\/www.pewe-verlag.de\/index.php?rest_route=\/wp\/v2\/pages\/937\/revisions"}],"predecessor-version":[{"id":2029,"href":"https:\/\/www.pewe-verlag.de\/index.php?rest_route=\/wp\/v2\/pages\/937\/revisions\/2029"}],"wp:attachment":[{"href":"https:\/\/www.pewe-verlag.de\/index.php?rest_route=%2Fwp%2Fv2%2Fmedia&parent=937"}],"curies":[{"name":"wp","href":"https:\/\/api.w.org\/{rel}","templated":true}]}}